{"id":22364,"date":"2025-10-09T15:35:07","date_gmt":"2025-10-09T07:35:07","guid":{"rendered":"https:\/\/staging.kfa2.com\/?page_id=22364"},"modified":"2025-10-14T12:56:55","modified_gmt":"2025-10-14T04:56:55","slug":"the-fast-lane-to-ultimate-gaming-and-prizes-giveaway-terms-conditions-poland","status":"publish","type":"page","link":"https:\/\/staging.kfa2.com\/de\/the-fast-lane-to-ultimate-gaming-and-prizes-giveaway-terms-conditions-poland\/","title":{"rendered":"\"Die \u00dcberholspur zum ultimativen Spiel - und zu den Preisen\". Bedingungen f\u00fcr das Gewinnspiel (Polen)"},"content":{"rendered":"<div data-elementor-type=\"wp-page\" data-elementor-id=\"22364\" class=\"elementor elementor-22364\" data-elementor-post-type=\"page\">\n\t\t\t\t<div class=\"elementor-element elementor-element-dcff137 e-con-full light-background e-flex e-con e-parent\" data-id=\"dcff137\" data-element_type=\"container\" data-e-type=\"container\">\n\t\t\t\t<div class=\"elementor-element elementor-element-3dbbe5a elementor-widget__width-inherit dce_masking-none elementor-widget elementor-widget-image\" data-id=\"3dbbe5a\" data-element_type=\"widget\" data-e-type=\"widget\" data-widget_type=\"image.default\">\n\t\t\t\t\t\t\t\t\t\t\t\t\t\t\t<img fetchpriority=\"high\" decoding=\"async\" width=\"800\" height=\"291\" src=\"https:\/\/staging.kfa2.com\/wp-content\/uploads\/2025\/09\/Artboard-10-1024x373.jpg\" class=\"attachment-large size-large wp-image-22064\" alt=\"\" srcset=\"https:\/\/staging.kfa2.com\/wp-content\/uploads\/2025\/09\/Artboard-10-1024x373.jpg 1024w, https:\/\/staging.kfa2.com\/wp-content\/uploads\/2025\/09\/Artboard-10-500x182.jpg 500w, https:\/\/staging.kfa2.com\/wp-content\/uploads\/2025\/09\/Artboard-10-768x280.jpg 768w, https:\/\/staging.kfa2.com\/wp-content\/uploads\/2025\/09\/Artboard-10-1536x560.jpg 1536w, https:\/\/staging.kfa2.com\/wp-content\/uploads\/2025\/09\/Artboard-10-18x7.jpg 18w, https:\/\/staging.kfa2.com\/wp-content\/uploads\/2025\/09\/Artboard-10-600x219.jpg 600w, https:\/\/staging.kfa2.com\/wp-content\/uploads\/2025\/09\/Artboard-10.jpg 1920w\" sizes=\"(max-width: 800px) 100vw, 800px\" \/>\t\t\t\t\t\t\t\t\t\t\t\t\t\t\t<\/div>\n\t\t\t\t<\/div>\n\t\t<div class=\"elementor-element elementor-element-0b3fce4 e-flex e-con-boxed e-con e-parent\" data-id=\"0b3fce4\" data-element_type=\"container\" data-e-type=\"container\">\n\t\t\t\t\t<div class=\"e-con-inner\">\n\t\t\t\t<div class=\"elementor-element elementor-element-755212b elementor-widget elementor-widget-text-editor\" data-id=\"755212b\" data-element_type=\"widget\" data-e-type=\"widget\" data-widget_type=\"text-editor.default\">\n\t\t\t\t\t\t\t\t\t<h4><strong>\"Die \u00dcberholspur zum ultimativen Spiel - und zu den Preisen\". Bedingungen f\u00fcr das Gewinnspiel<\/strong><\/h4>\t\t\t\t\t\t\t\t<\/div>\n\t\t\t\t\t<\/div>\n\t\t\t\t<\/div>\n\t\t<div class=\"elementor-element elementor-element-39bab59 e-flex e-con-boxed e-con e-parent\" data-id=\"39bab59\" data-element_type=\"container\" data-e-type=\"container\">\n\t\t\t\t\t<div class=\"e-con-inner\">\n\t\t<div class=\"elementor-element elementor-element-209afdc e-con-full e-flex e-con e-child\" data-id=\"209afdc\" data-element_type=\"container\" data-e-type=\"container\">\n\t\t\t\t<div class=\"elementor-element elementor-element-ed442c4 elementor-widget elementor-widget-text-editor\" data-id=\"ed442c4\" data-element_type=\"widget\" data-e-type=\"widget\" data-widget_type=\"text-editor.default\">\n\t\t\t\t\t\t\t\t\t<p><strong>Die \u00dcberholspur zum ultimativen Spiel - und zu Preisen<\/strong><\/p><p>Allgemeine Gesch\u00e4ftsbedingungen - Die \u00dcberholspur zum ultimativen Spiel - und Preise\u00a0\u00a0\u00a0\u00a0\u00a0<\/p><p>Name der Kampagne: \"Die \u00dcberholspur zum ultimativen Spiel - und Preisen\". Gewinnspiel (\"Gewinnspiel\")<\/p><p>Kampagnenzeitraum:<\/p><p>Die Teilnahme am Wettbewerb beginnt am 15. September 2025 und endet am 30. November 2025 (01:00 PM HKT). Der Kaufzeitraum ist der 15. August 2025 bis 15. November 2025 (01:00 PM HKT).<\/p><p>Zugangsvoraussetzung (\"Anforderung\")<\/p><ul><li>Um am Wettbewerb teilzunehmen, m\u00fcssen Teilnehmer mit Wohnsitz in Polen w\u00e4hrend des Aktionszeitraums eine berechtigte Grafikkarte der KFA2 GeForce RTX 50-Serie bei einem offiziellen autorisierten H\u00e4ndler erwerben.<\/li><li>Die Teilnehmer m\u00fcssen die Wettbewerbsseite online besuchen unter <a href=\"https:\/\/kfa2.com\/en\/webform\/the-fast-lane-to-ultimate-gaming-and-prizes\/\">https:\/\/kfa2.com\/en\/webform\/the-fast-lane-to-ultimate-gaming-and-prizes-poland\/<\/a> Beantworten Sie die Frage \"Was reizt Sie am meisten an den HOF Gaming-Grafikkarten?\" und laden Sie einen g\u00fcltigen Kaufnachweis hoch (z. B. eine Quittung von offiziellen Stellen oder H\u00e4ndlern).<\/li><\/ul><ul><li>KFA2 w\u00e4hlt aus den Einsendungen die besten 2 Antworten aus.<\/li><\/ul><div>\u00a0<\/div><ul><li>Nach erfolgreicher \u00dcbermittlung der Antwort, des Kaufnachweises und der pers\u00f6nlichen Daten nehmen die Teilnehmer automatisch am Gewinnspiel teil.<\/li><\/ul><p>Deadline<\/p><ul><li>Der Einsendeschluss ist der 30. November 2025. Anmeldungen, die nach diesem Datum eingehen, werden nicht ber\u00fccksichtigt und sind ung\u00fcltig.<\/li><\/ul><p>Preise<\/p><ul><li>HOF Limited Racing Car Inspired Building Block Set (Schwarz) x 1\u00a0<\/li><li>HOF Limited Racing Car Inspired Building Block Set (Wei\u00df) x 1\u00a0<\/li><\/ul><ul><li>Es werden insgesamt 2 Gewinner ausgew\u00e4hlt. Jeder erh\u00e4lt 1 Preis, die Farben werden nach dem Zufallsprinzip vergeben. Die Auswahl erfolgt aufgrund der Kreativit\u00e4t der Antworten.<\/li><\/ul><ul><li>Die Preise sind nicht \u00fcbertragbar, nicht umtauschbar und k\u00f6nnen nicht gegen Bargeld oder andere Alternativen eingel\u00f6st werden.<\/li><\/ul><ul><li>Der Gewinner wird bis zum 15. Dezember 2025 auf KFA2 Poland Facebook bekannt gegeben.<\/li><\/ul><ul><li>Die Gewinner werden innerhalb von 5 Tagen nach der Verlosung per E-Mail benachrichtigt. Wenn ein Gewinner nicht innerhalb von 5 Tagen mit den erforderlichen Informationen antwortet, verf\u00e4llt der Preis und es kann ein anderer Gewinner ausgew\u00e4hlt werden.<\/li><\/ul><ul><li>Um die Identit\u00e4t und Qualifikation der Gewinner zu \u00fcberpr\u00fcfen, kann KFA2 zus\u00e4tzliche Dokumente von den Gewinnern verlangen. Gewinner, die die erforderlichen Dokumente nicht vorlegen, k\u00f6nnen disqualifiziert werden.\u00a0\u00a0<\/li><\/ul><ul><li>Die Entscheidung der KFA2 ist endg\u00fcltig. Die KFA2 beh\u00e4lt sich das Recht auf eine endg\u00fcltige Entscheidung vor.<\/li><\/ul><p>Zuschussf\u00e4higkeit<\/p><ul><li>Der Wettbewerb ist f\u00fcr Teilnehmer ab 18 Jahren mit Wohnsitz in Polen ge\u00f6ffnet.<\/li><\/ul><ul><li>Pro Teilnehmer wird nur eine Einsendung akzeptiert. Wenn mehrere Beitr\u00e4ge eingereicht werden, z\u00e4hlt nur der letzte g\u00fcltige Beitrag, alle anderen Beitr\u00e4ge sind ung\u00fcltig.<\/li><\/ul><ul><li>Mitarbeiter von KFA2, Hall Of Fame, KFA2 und ihre unmittelbaren Familienangeh\u00f6rigen sind nicht teilnahmeberechtigt.<\/li><\/ul><ul><li>Die Teilnehmer m\u00fcssen alle Teilnahmevoraussetzungen des Wettbewerbs erf\u00fcllen.<\/li><\/ul><p>Disqualifizierung<\/p><ul><li>Einsendungen mit unvollst\u00e4ndigen oder falschen Angaben zur Person werden disqualifiziert und als ung\u00fcltig betrachtet.<\/li><\/ul><ul><li>Jeder Versuch, das Gewinnspiel zu manipulieren oder seinen Ablauf zu st\u00f6ren, f\u00fchrt zur Disqualifikation.<\/li><\/ul><ul><li>KFA2 beh\u00e4lt sich das Recht vor, jeden Teilnehmer zu disqualifizieren, der sich nicht an diese Bedingungen h\u00e4lt.<\/li><\/ul><p>Allgemeine Bedingungen<\/p><ul><li>Mit der Teilnahme erkl\u00e4ren sich die Teilnehmer mit diesen Bedingungen einverstanden.<\/li><\/ul><ul><li>Teilnahmeberechtigte Teilnehmer aus Polen M\u00dcSSEN sich auf der KFA2-Website registrieren. Anmeldungen aus der oben genannten Region, die \u00fcber die GALAX-Website eingereicht werden, werden nicht akzeptiert.<\/li><\/ul><ul><li>KFA2 beh\u00e4lt sich das Recht vor, die Bedingungen zu \u00e4ndern oder den Wettbewerb nach eigenem Ermessen jederzeit abzubrechen, zu beenden oder zu modifizieren.<\/li><\/ul><ul><li>KFA2 beh\u00e4lt sich das Recht vor, die Kampagne zu beenden, wenn Betrug, technische Fehler oder andere Faktoren, die au\u00dferhalb der Kontrolle von KFA2 liegen, die Integrit\u00e4t des Wettbewerbs beeintr\u00e4chtigen und von KFA2 nach eigenem Ermessen bestimmt werden.<\/li><\/ul><ul><li>Wenn diese Kampagne oder eine damit verbundene Website (oder ein Teil davon) besch\u00e4digt wird oder anderweitig die Teilnahme an dem Wettbewerb nicht zul\u00e4sst, oder wenn eine Infektion durch Computerviren, Bugs, Manipulationen, unbefugte Eingriffe, Handlungen von Teilnehmern, Betrug, technische Fehler oder andere Ursachen, die Verwaltung, die Sicherheit, die Fairness, die Integrit\u00e4t oder den ordnungsgem\u00e4\u00dfen Ablauf dieses Wettbewerbs besch\u00e4digen oder beeintr\u00e4chtigen, beh\u00e4lt sich KFA2 das Recht vor, nach eigenem Ermessen jede Person zu disqualifizieren, die in eine solche Aktion verwickelt ist, und\/oder diesen Wettbewerb oder Teile davon abzubrechen, zu beenden, zu \u00e4ndern oder auszusetzen.<\/li><\/ul><ul><li>In keinem Fall sind KFA2 oder seine leitenden Angestellten, Direktoren, Mitarbeiter, Tochtergesellschaften, Werbe-, Promotion-, Fulfillment-, Marketingagenturen, Public-Relations-Firmen, Berater oder Auftragnehmer verantwortlich oder haftbar f\u00fcr Sch\u00e4den oder Verluste jeglicher Art, einschlie\u00dflich, aber nicht beschr\u00e4nkt auf exemplarische, indirekte, zuf\u00e4llige oder strafbare Sch\u00e4den, Folgesch\u00e4den oder Anwaltskosten, die sich aus dieser Aktion und\/oder der Annahme, dem Besitz, der Verwendung, dem Missbrauch oder der Nichtverwendung des in Verbindung mit dieser Aktion verliehenen Preises ergeben, einschlie\u00dflich, aber nicht beschr\u00e4nkt auf, Personen-, Todes- und\/oder Sachsch\u00e4den sowie Anspr\u00fcche aufgrund von Rechten aus der \u00d6ffentlichkeit oder der Verletzung der Privatsph\u00e4re. In keinem Fall \u00fcbersteigt die Gesamthaftung von KFA2 f\u00fcr Anspr\u00fcche, die sich aus dieser Aktion ergeben, den Einzelhandelswert des Preises, der in Verbindung mit dieser Aktion vergeben wird.<\/li><\/ul><ul><li>Haftungsausschluss f\u00fcr soziale Medien und Haftungsfreistellung - Die Aktion wird in keiner Weise von Facebook gesponsert, unterst\u00fctzt oder verwaltet oder steht mit Facebook in Verbindung. Die Teilnehmer entbinden Facebook von jeglicher Haftung f\u00fcr Sch\u00e4den oder Verluste jeglicher Art, einschlie\u00dflich, aber nicht beschr\u00e4nkt auf exemplarische, indirekte, zuf\u00e4llige, Folge- oder Strafsch\u00e4den oder Anwaltskosten, die sich aus dieser Aktion und\/oder der Annahme, dem Besitz, der Verwendung, dem Missbrauch oder der Nichtverwendung des in Verbindung mit dieser Aktion verliehenen Preises ergeben, einschlie\u00dflich, aber nicht beschr\u00e4nkt auf Personen-, Todes- und\/oder Sachsch\u00e4den sowie Anspr\u00fcche aufgrund von Ver\u00f6ffentlichungsrechten oder der Verletzung der Privatsph\u00e4re.<\/li><\/ul><ul><li>Die Entscheidung der KFA2 bez\u00fcglich aller Aspekte des Wettbewerbs ist endg\u00fcltig und bindend.<\/li><\/ul>\t\t\t\t\t\t\t\t<\/div>\n\t\t\t\t<\/div>\n\t\t\t\t\t<\/div>\n\t\t\t\t<\/div>\n\t\t\t\t<\/div>","protected":false},"excerpt":{"rendered":"<p>&#8220;The Fast Lane to Ultimate Gaming\u2014and Prizes.&#8221; Giveaway Terms &amp; Conditions The Fast Lane to Ultimate Gaming \u2013 and Prizes Terms and Conditions &#8211; The Fast Lane to Ultimate Gaming &#8211; and Prizes\u00a0\u00a0\u00a0\u00a0\u00a0 Campaign Name: \u201cThe Fast Lane to Ultimate Gaming\u2014and Prizes.\u201d Contest (\u201cContest\u201d) Campaign Period: The Contest submission begins on 15th September, 2025 and [&hellip;]<\/p>\n","protected":false},"author":249214834,"featured_media":20895,"parent":0,"menu_order":0,"comment_status":"closed","ping_status":"open","template":"elementor_header_footer","meta":{"_acf_changed":false,"footnotes":""},"class_list":["post-22364","page","type-page","status-publish","has-post-thumbnail","hentry"],"acf":[],"_links":{"self":[{"href":"https:\/\/staging.kfa2.com\/de\/wp-json\/wp\/v2\/pages\/22364","targetHints":{"allow":["GET"]}}],"collection":[{"href":"https:\/\/staging.kfa2.com\/de\/wp-json\/wp\/v2\/pages"}],"about":[{"href":"https:\/\/staging.kfa2.com\/de\/wp-json\/wp\/v2\/types\/page"}],"author":[{"embeddable":true,"href":"https:\/\/staging.kfa2.com\/de\/wp-json\/wp\/v2\/users\/249214834"}],"replies":[{"embeddable":true,"href":"https:\/\/staging.kfa2.com\/de\/wp-json\/wp\/v2\/comments?post=22364"}],"version-history":[{"count":3,"href":"https:\/\/staging.kfa2.com\/de\/wp-json\/wp\/v2\/pages\/22364\/revisions"}],"predecessor-version":[{"id":22438,"href":"https:\/\/staging.kfa2.com\/de\/wp-json\/wp\/v2\/pages\/22364\/revisions\/22438"}],"wp:featuredmedia":[{"embeddable":true,"href":"https:\/\/staging.kfa2.com\/de\/wp-json\/wp\/v2\/media\/20895"}],"wp:attachment":[{"href":"https:\/\/staging.kfa2.com\/de\/wp-json\/wp\/v2\/media?parent=22364"}],"curies":[{"name":"wp","href":"https:\/\/api.w.org\/{rel}","templated":true}]}}