{"id":8749,"date":"2024-12-12T15:48:18","date_gmt":"2024-12-12T07:48:18","guid":{"rendered":"https:\/\/staging.kfa2.com\/?page_id=8749"},"modified":"2025-10-09T20:08:34","modified_gmt":"2025-10-09T12:08:34","slug":"ruckgabepolitik","status":"publish","type":"page","link":"https:\/\/staging.kfa2.com\/de\/return-policy\/","title":{"rendered":"R\u00fcckgabepolitik"},"content":{"rendered":"<div data-elementor-type=\"wp-page\" data-elementor-id=\"8749\" class=\"elementor elementor-8749\" data-elementor-post-type=\"page\">\n\t\t\t\t<div class=\"elementor-element elementor-element-6754b98 light-background e-flex e-con-boxed e-con e-parent\" data-id=\"6754b98\" data-element_type=\"container\" data-e-type=\"container\">\n\t\t\t\t\t<div class=\"e-con-inner\">\n\t\t\t\t<div class=\"elementor-element elementor-element-6db3343 elementor-widget elementor-widget-text-editor\" data-id=\"6db3343\" data-element_type=\"widget\" data-e-type=\"widget\" data-widget_type=\"text-editor.default\">\n\t\t\t\t\t\t\t\t\t<p>Im Einklang mit unserer gesch\u00e4tzten Ideologie, den besten Kundenservice und -support zu bieten, freuen wir uns, Folgendes anbieten zu k\u00f6nnen<br \/>\nunseren Kunden das KFA2-Garantieprogramm, das einen schnellen und problemlosen RMA-Austausch f\u00fcr berechtigte<br \/>\ndefekte Produkte. Bitte beachten Sie, dass KFA2 bestrebt ist, die beste eingeschr\u00e4nkte Garantie in der Branche zu gew\u00e4hren, daher haben wir<br \/>\nvorgenommen und werden auch weiterhin \u00c4nderungen vornehmen. Bitte lesen Sie dieses Dokument sorgf\u00e4ltig durch und informieren Sie sich \u00fcber<br \/>\nAktualisierungen.<\/p>\n<p>A) Produkte, die bei KFA2 eingehen, m\u00fcssen im Originalzustand eintreffen, den urspr\u00fcnglichen Spezifikationen entsprechen und<br \/>\nkomplett mit allen Originalteilen, die durch den Schutz abgedeckt werden sollen.<br \/>\nB) Bitte verpacken Sie die Karte mit einer geeigneten Verpackung (z.B. Luftpolsterfolie und Antistatikbeutel), um Sch\u00e4den zu vermeiden.<br \/>\nw\u00e4hrend des Transports des RMA-Produkts zu uns.<br \/>\nC) Bitte senden Sie keine Produkte zur\u00fcck, die nicht zu KFA2 geh\u00f6ren oder keine RMA-Genehmigung erhalten haben. Wir werden<br \/>\ndie beanstandete Sendung nach Erhalt zu entsorgen.<br \/>\nD) Die R\u00fccksendung eines defekten Produkts muss die Paketverfolgung beinhalten. Dar\u00fcber hinaus empfiehlt GALAX die RMA-R\u00fccksendung<br \/>\nversichert sein. GALAX ist nicht verantwortlich f\u00fcr verlorene, gestohlene, besch\u00e4digte Pakete oder besch\u00e4digte Inhalte. Jede offensichtliche<br \/>\nAnzeichen von Sch\u00e4den, die w\u00e4hrend des Transports aufgetreten sein k\u00f6nnten, werden von GALAX \u00fcberpr\u00fcft und die RMA kann<br \/>\nabgelehnt und an den Absender zur\u00fcckgeschickt.<br \/>\nE) Der RMA-Service von GALAX f\u00fcr seine Sub-Wiederverk\u00e4ufer ist begrenzt und wir sind nicht verantwortlich f\u00fcr den Zustand der Produkte.<br \/>\nin den folgenden Situationen:<\/p>\n<p>1. Die Garantiezeit ist abgelaufen.<\/p>\n<p>2. Der urspr\u00fcngliche L\u00fcfter\/K\u00fchler wurde entfernt oder ver\u00e4ndert.<\/p>\n<p>3. Alle Komponenten wurden auf der Karte entfernt\/ge\u00e4ndert\/hinzugef\u00fcgt.<\/p>\n<p>4. Die Karte weist physische Sch\u00e4den auf (siehe unten).<\/p>\n<p>5. RMA-Waren werden auf dem Transportweg durch unsachgem\u00e4\u00dfe Verpackung besch\u00e4digt. In diesem Fall wird die Ware als \"Out of<br \/>\nGarantie\". Um dies zu verhindern, bitten wir unsere Kunden, darauf zu achten, dass RMA-Waren ordnungsgem\u00e4\u00df gepolstert und verpackt werden, wenn<br \/>\nVersand.<\/p>\n<p>Im Folgenden finden Sie Beispiele f\u00fcr Produkte, die als \"au\u00dferhalb der Garantie\" gelten:<\/p>\n<p>PCB besch\u00e4digt<br \/>\nPCB gebogen<br \/>\nPCB zerkratzt<br \/>\nKomponenten verbeult, verbogen oder verzogen<br \/>\nPCB oder Komponenten verbrannt<br \/>\nPCB-Oxidation<\/p>\n\t\t\t\t\t\t\t\t<\/div>\n\t\t\t\t\t<\/div>\n\t\t\t\t<\/div>\n\t\t<div class=\"elementor-element elementor-element-29579bf e-con-full e-flex e-con e-parent\" data-id=\"29579bf\" data-element_type=\"container\" data-e-type=\"container\">\n\t\t\t\t<\/div>\n\t\t\t\t<\/div>","protected":false},"excerpt":{"rendered":"","protected":false},"author":249214822,"featured_media":0,"parent":0,"menu_order":0,"comment_status":"closed","ping_status":"closed","template":"elementor_header_footer","meta":{"_acf_changed":false,"footnotes":""},"class_list":["post-8749","page","type-page","status-publish","hentry"],"acf":[],"_links":{"self":[{"href":"https:\/\/staging.kfa2.com\/de\/wp-json\/wp\/v2\/pages\/8749","targetHints":{"allow":["GET"]}}],"collection":[{"href":"https:\/\/staging.kfa2.com\/de\/wp-json\/wp\/v2\/pages"}],"about":[{"href":"https:\/\/staging.kfa2.com\/de\/wp-json\/wp\/v2\/types\/page"}],"author":[{"embeddable":true,"href":"https:\/\/staging.kfa2.com\/de\/wp-json\/wp\/v2\/users\/249214822"}],"replies":[{"embeddable":true,"href":"https:\/\/staging.kfa2.com\/de\/wp-json\/wp\/v2\/comments?post=8749"}],"version-history":[{"count":0,"href":"https:\/\/staging.kfa2.com\/de\/wp-json\/wp\/v2\/pages\/8749\/revisions"}],"wp:attachment":[{"href":"https:\/\/staging.kfa2.com\/de\/wp-json\/wp\/v2\/media?parent=8749"}],"curies":[{"name":"wp","href":"https:\/\/api.w.org\/{rel}","templated":true}]}}