{"id":1,"date":"2024-08-15T06:53:01","date_gmt":"2024-08-15T06:53:01","guid":{"rendered":"https:\/\/staging.kfa2.com\/?page_id=1"},"modified":"2025-10-27T00:59:39","modified_gmt":"2025-10-26T16:59:39","slug":"a-propos-de","status":"publish","type":"page","link":"https:\/\/staging.kfa2.com\/fr\/about\/","title":{"rendered":"A propos de KFA2"},"content":{"rendered":"<div data-elementor-type=\"wp-page\" data-elementor-id=\"1\" class=\"elementor elementor-1\" data-elementor-post-type=\"page\">\n\t\t\t\t<div class=\"elementor-element elementor-element-dcff137 e-con-full light-background e-flex e-con e-parent\" data-id=\"dcff137\" data-element_type=\"container\" data-e-type=\"container\">\n\t\t\t\t<div class=\"elementor-element elementor-element-3dbbe5a elementor-widget__width-inherit dce_masking-none elementor-widget elementor-widget-image\" data-id=\"3dbbe5a\" data-element_type=\"widget\" data-e-type=\"widget\" data-widget_type=\"image.default\">\n\t\t\t\t\t\t\t\t\t\t\t\t\t\t\t<img fetchpriority=\"high\" decoding=\"async\" width=\"800\" height=\"377\" src=\"https:\/\/staging.kfa2.com\/wp-content\/uploads\/2025\/07\/DoorBanner_B01-1-aboutus-2-1024x482.jpg\" class=\"attachment-large size-large wp-image-20896\" alt=\"\" srcset=\"https:\/\/staging.kfa2.com\/wp-content\/uploads\/2025\/07\/DoorBanner_B01-1-aboutus-2-1024x482.jpg 1024w, https:\/\/staging.kfa2.com\/wp-content\/uploads\/2025\/07\/DoorBanner_B01-1-aboutus-2-500x235.jpg 500w, https:\/\/staging.kfa2.com\/wp-content\/uploads\/2025\/07\/DoorBanner_B01-1-aboutus-2-768x362.jpg 768w, https:\/\/staging.kfa2.com\/wp-content\/uploads\/2025\/07\/DoorBanner_B01-1-aboutus-2-1536x723.jpg 1536w, https:\/\/staging.kfa2.com\/wp-content\/uploads\/2025\/07\/DoorBanner_B01-1-aboutus-2-2048x964.jpg 2048w, https:\/\/staging.kfa2.com\/wp-content\/uploads\/2025\/07\/DoorBanner_B01-1-aboutus-2-18x8.jpg 18w, https:\/\/staging.kfa2.com\/wp-content\/uploads\/2025\/07\/DoorBanner_B01-1-aboutus-2-600x282.jpg 600w\" sizes=\"(max-width: 800px) 100vw, 800px\" \/>\t\t\t\t\t\t\t\t\t\t\t\t\t\t\t<\/div>\n\t\t\t\t<\/div>\n\t\t<div class=\"elementor-element elementor-element-0b3fce4 e-flex e-con-boxed e-con e-parent\" data-id=\"0b3fce4\" data-element_type=\"container\" data-e-type=\"container\">\n\t\t\t\t\t<div class=\"e-con-inner\">\n\t\t\t\t<div class=\"elementor-element elementor-element-755212b elementor-widget elementor-widget-text-editor\" data-id=\"755212b\" data-element_type=\"widget\" data-e-type=\"widget\" data-widget_type=\"text-editor.default\">\n\t\t\t\t\t\t\t\t\t<h2><strong>\u00c0 PROPOS DE NOUS<\/strong><\/h2>\t\t\t\t\t\t\t\t<\/div>\n\t\t\t\t\t<\/div>\n\t\t\t\t<\/div>\n\t\t<div class=\"elementor-element elementor-element-39bab59 e-flex e-con-boxed e-con e-parent\" data-id=\"39bab59\" data-element_type=\"container\" data-e-type=\"container\">\n\t\t\t\t\t<div class=\"e-con-inner\">\n\t\t<div class=\"elementor-element elementor-element-209afdc e-con-full e-flex e-con e-child\" data-id=\"209afdc\" data-element_type=\"container\" data-e-type=\"container\">\n\t\t\t\t<div class=\"elementor-element elementor-element-ed442c4 elementor-widget elementor-widget-text-editor\" data-id=\"ed442c4\" data-element_type=\"widget\" data-e-type=\"widget\" data-widget_type=\"text-editor.default\">\n\t\t\t\t\t\t\t\t\t<p class=\"MsoNormal\">\u00c9tablie en 2011, KFA2 se consacre \u00e0 la fourniture de mat\u00e9riel informatique de pointe qui r\u00e9pond aux exigences d'un march\u00e9 mondial en pleine expansion. En collaborant avec son \u00e9quipe talentueuse de recherche et d\u00e9veloppement, ainsi que de conception, KFA2 s'est forg\u00e9 une solide r\u00e9putation dans la conception de solutions mat\u00e9rielles informatiques de pointe. L'entreprise est sp\u00e9cialis\u00e9e dans les cartes graphiques de milieu et de haut de gamme qui offrent des performances exceptionnelles aux cr\u00e9ateurs de contenu et aux d\u00e9veloppeurs, ainsi que dans une gamme compl\u00e8te d'accessoires pour PC, notamment des bo\u00eetiers pour PC, des refroidisseurs de CPU AIO, des moniteurs, des souris et des casques d'\u00e9coute. Ces produits permettent aux utilisateurs de profiter pleinement de la technologie de pointe de l'IA, r\u00e9volutionnant l'exp\u00e9rience de jeu et les flux de travail gr\u00e2ce \u00e0 des performances et une efficacit\u00e9 in\u00e9gal\u00e9es.<\/p>\t\t\t\t\t\t\t\t<\/div>\n\t\t\t\t<\/div>\n\t\t<div class=\"elementor-element elementor-element-bc7d8b4 e-con-full e-flex e-con e-child\" data-id=\"bc7d8b4\" data-element_type=\"container\" data-e-type=\"container\">\n\t\t\t\t<div class=\"elementor-element elementor-element-b77bf66 dce_masking-none elementor-widget elementor-widget-image\" data-id=\"b77bf66\" data-element_type=\"widget\" data-e-type=\"widget\" data-widget_type=\"image.default\">\n\t\t\t\t\t\t\t\t\t\t\t\t\t\t\t<img decoding=\"async\" width=\"800\" height=\"800\" src=\"https:\/\/staging.kfa2.com\/wp-content\/uploads\/2025\/07\/aboutus-logo.jpg\" class=\"attachment-large size-large wp-image-20924\" alt=\"\" srcset=\"https:\/\/staging.kfa2.com\/wp-content\/uploads\/2025\/07\/aboutus-logo.jpg 1000w, https:\/\/staging.kfa2.com\/wp-content\/uploads\/2025\/07\/aboutus-logo-500x500.jpg 500w, https:\/\/staging.kfa2.com\/wp-content\/uploads\/2025\/07\/aboutus-logo-150x150.jpg 150w, https:\/\/staging.kfa2.com\/wp-content\/uploads\/2025\/07\/aboutus-logo-768x768.jpg 768w, https:\/\/staging.kfa2.com\/wp-content\/uploads\/2025\/07\/aboutus-logo-12x12.jpg 12w, https:\/\/staging.kfa2.com\/wp-content\/uploads\/2025\/07\/aboutus-logo-300x300.jpg 300w, https:\/\/staging.kfa2.com\/wp-content\/uploads\/2025\/07\/aboutus-logo-600x600.jpg 600w, https:\/\/staging.kfa2.com\/wp-content\/uploads\/2025\/07\/aboutus-logo-100x100.jpg 100w\" sizes=\"(max-width: 800px) 100vw, 800px\" \/>\t\t\t\t\t\t\t\t\t\t\t\t\t\t\t<\/div>\n\t\t\t\t<\/div>\n\t\t\t\t\t<\/div>\n\t\t\t\t<\/div>\n\t\t<div class=\"elementor-element elementor-element-e92eb96 e-flex e-con-boxed e-con e-parent\" data-id=\"e92eb96\" data-element_type=\"container\" data-e-type=\"container\">\n\t\t\t\t\t<div class=\"e-con-inner\">\n\t\t\t\t<div class=\"elementor-element elementor-element-9a267a5 dce_masking-none elementor-widget elementor-widget-image\" data-id=\"9a267a5\" data-element_type=\"widget\" data-e-type=\"widget\" data-widget_type=\"image.default\">\n\t\t\t\t\t\t\t\t\t\t\t\t\t\t\t<img decoding=\"async\" width=\"800\" height=\"381\" src=\"https:\/\/staging.kfa2.com\/wp-content\/uploads\/2025\/07\/UKR_4281_2048px-K2-2-1024x488.jpg\" class=\"attachment-large size-large wp-image-20910\" alt=\"\u00e0 propos de nous-xt\" srcset=\"https:\/\/staging.kfa2.com\/wp-content\/uploads\/2025\/07\/UKR_4281_2048px-K2-2-1024x488.jpg 1024w, https:\/\/staging.kfa2.com\/wp-content\/uploads\/2025\/07\/UKR_4281_2048px-K2-2-500x238.jpg 500w, https:\/\/staging.kfa2.com\/wp-content\/uploads\/2025\/07\/UKR_4281_2048px-K2-2-768x366.jpg 768w, https:\/\/staging.kfa2.com\/wp-content\/uploads\/2025\/07\/UKR_4281_2048px-K2-2-1536x731.jpg 1536w, https:\/\/staging.kfa2.com\/wp-content\/uploads\/2025\/07\/UKR_4281_2048px-K2-2-18x9.jpg 18w, https:\/\/staging.kfa2.com\/wp-content\/uploads\/2025\/07\/UKR_4281_2048px-K2-2-600x286.jpg 600w, https:\/\/staging.kfa2.com\/wp-content\/uploads\/2025\/07\/UKR_4281_2048px-K2-2.jpg 2048w\" sizes=\"(max-width: 800px) 100vw, 800px\" \/>\t\t\t\t\t\t\t\t\t\t\t\t\t\t\t<\/div>\n\t\t\t\t<div class=\"elementor-element elementor-element-e594531 elementor-widget elementor-widget-text-editor\" data-id=\"e594531\" data-element_type=\"widget\" data-e-type=\"widget\" data-widget_type=\"text-editor.default\">\n\t\t\t\t\t\t\t\t\t<p class=\"MsoNormal\">Anim\u00e9 par un engagement sans rel\u00e2che \u00e0 fournir \u00e0 ses clients les derni\u00e8res avanc\u00e9es technologiques, KFA2 a mis \u00e0 jour son application Xtreme Tuner pour prendre en charge la personnalisation multi-GPU sans fil via des appareils mobiles. Cette application permet de surveiller les GPU en temps r\u00e9el, d'ajuster la vitesse des ventilateurs \u00e0 distance, de personnaliser les effets ARGB et d'overclocker les GPU gr\u00e2ce \u00e0 la fonction exclusive 1-Click OC, le tout \u00e0 partir d'un smartphone.<\/p>\t\t\t\t\t\t\t\t<\/div>\n\t\t\t\t\t<\/div>\n\t\t\t\t<\/div>\n\t\t<div class=\"elementor-element elementor-element-1771fc4 e-flex e-con-boxed e-con e-parent\" data-id=\"1771fc4\" data-element_type=\"container\" data-e-type=\"container\">\n\t\t\t\t\t<div class=\"e-con-inner\">\n\t\t<div class=\"elementor-element elementor-element-f335528 e-con-full e-flex e-con e-child\" data-id=\"f335528\" data-element_type=\"container\" data-e-type=\"container\">\n\t\t\t\t<div class=\"elementor-element elementor-element-9b5e1b2 dce_masking-none elementor-widget elementor-widget-image\" data-id=\"9b5e1b2\" data-element_type=\"widget\" data-e-type=\"widget\" data-widget_type=\"image.default\">\n\t\t\t\t\t\t\t\t\t\t\t\t\t\t\t<img loading=\"lazy\" decoding=\"async\" width=\"800\" height=\"1000\" src=\"https:\/\/staging.kfa2.com\/wp-content\/uploads\/2025\/07\/aboutus-gpu-819x1024.jpg\" class=\"attachment-large size-large wp-image-20897\" alt=\"\" srcset=\"https:\/\/staging.kfa2.com\/wp-content\/uploads\/2025\/07\/aboutus-gpu-819x1024.jpg 819w, https:\/\/staging.kfa2.com\/wp-content\/uploads\/2025\/07\/aboutus-gpu-400x500.jpg 400w, https:\/\/staging.kfa2.com\/wp-content\/uploads\/2025\/07\/aboutus-gpu-768x960.jpg 768w, https:\/\/staging.kfa2.com\/wp-content\/uploads\/2025\/07\/aboutus-gpu-1229x1536.jpg 1229w, https:\/\/staging.kfa2.com\/wp-content\/uploads\/2025\/07\/aboutus-gpu-10x12.jpg 10w, https:\/\/staging.kfa2.com\/wp-content\/uploads\/2025\/07\/aboutus-gpu-600x750.jpg 600w, https:\/\/staging.kfa2.com\/wp-content\/uploads\/2025\/07\/aboutus-gpu.jpg 1400w\" sizes=\"(max-width: 800px) 100vw, 800px\" \/>\t\t\t\t\t\t\t\t\t\t\t\t\t\t\t<\/div>\n\t\t\t\t<\/div>\n\t\t<div class=\"elementor-element elementor-element-4675174 e-con-full e-flex e-con e-child\" data-id=\"4675174\" data-element_type=\"container\" data-e-type=\"container\">\n\t\t<div class=\"elementor-element elementor-element-1e9b5d5 e-con-full e-flex e-con e-child\" data-id=\"1e9b5d5\" data-element_type=\"container\" data-e-type=\"container\">\n\t\t\t\t<div class=\"elementor-element elementor-element-fd69005 dce_masking-none elementor-widget elementor-widget-image\" data-id=\"fd69005\" data-element_type=\"widget\" data-e-type=\"widget\" data-widget_type=\"image.default\">\n\t\t\t\t\t\t\t\t\t\t\t\t\t\t\t<img loading=\"lazy\" decoding=\"async\" width=\"800\" height=\"533\" src=\"https:\/\/staging.kfa2.com\/wp-content\/uploads\/2025\/07\/aboutus-hof-1024x682.jpg\" class=\"attachment-large size-large wp-image-20919\" alt=\"\" srcset=\"https:\/\/staging.kfa2.com\/wp-content\/uploads\/2025\/07\/aboutus-hof-1024x682.jpg 1024w, https:\/\/staging.kfa2.com\/wp-content\/uploads\/2025\/07\/aboutus-hof-500x333.jpg 500w, https:\/\/staging.kfa2.com\/wp-content\/uploads\/2025\/07\/aboutus-hof-768x512.jpg 768w, https:\/\/staging.kfa2.com\/wp-content\/uploads\/2025\/07\/aboutus-hof-1536x1024.jpg 1536w, https:\/\/staging.kfa2.com\/wp-content\/uploads\/2025\/07\/aboutus-hof-18x12.jpg 18w, https:\/\/staging.kfa2.com\/wp-content\/uploads\/2025\/07\/aboutus-hof-600x400.jpg 600w, https:\/\/staging.kfa2.com\/wp-content\/uploads\/2025\/07\/aboutus-hof.jpg 2000w\" sizes=\"(max-width: 800px) 100vw, 800px\" \/>\t\t\t\t\t\t\t\t\t\t\t\t\t\t\t<\/div>\n\t\t\t\t<\/div>\n\t\t<div class=\"elementor-element elementor-element-0c4d5ca e-con-full e-flex e-con e-child\" data-id=\"0c4d5ca\" data-element_type=\"container\" data-e-type=\"container\">\n\t\t\t\t<div class=\"elementor-element elementor-element-db411b3 elementor-widget elementor-widget-text-editor\" data-id=\"db411b3\" data-element_type=\"widget\" data-e-type=\"widget\" data-widget_type=\"text-editor.default\">\n\t\t\t\t\t\t\t\t\t<p>Alors que KFA2 poursuit sa croissance avec ses partenaires et clients de confiance, ces partenariats ont \u00e9volu\u00e9 vers sa s\u00e9rie phare la plus acclam\u00e9e par la critique et la plus embl\u00e9matique, \"Hall of Fame\". La s\u00e9rie HOF est d\u00e9di\u00e9e aux amateurs d'overclocking et aux hardcore gamers. Depuis ses d\u00e9buts en 2011, la s\u00e9rie \"Hall of Fame\", qui bat les records du monde, a re\u00e7u des r\u00e9compenses prestigieuses dans le monde entier, devenant ainsi l'une des s\u00e9ries de cartes graphiques les plus recommand\u00e9es et les plus fiables par les joueurs et les passionn\u00e9s de construction de PC.<\/p>\t\t\t\t\t\t\t\t<\/div>\n\t\t\t\t<\/div>\n\t\t\t\t<\/div>\n\t\t\t\t\t<\/div>\n\t\t\t\t<\/div>\n\t\t<div class=\"elementor-element elementor-element-f9980eb e-flex e-con-boxed e-con e-parent\" data-id=\"f9980eb\" data-element_type=\"container\" data-e-type=\"container\">\n\t\t\t\t\t<div class=\"e-con-inner\">\n\t\t<div class=\"elementor-element elementor-element-b44e7ed e-con-full e-flex e-con e-child\" data-id=\"b44e7ed\" data-element_type=\"container\" data-e-type=\"container\">\n\t\t\t\t<div class=\"elementor-element elementor-element-cb6342e dce_masking-none elementor-widget elementor-widget-image\" data-id=\"cb6342e\" data-element_type=\"widget\" data-e-type=\"widget\" data-widget_type=\"image.default\">\n\t\t\t\t\t\t\t\t\t\t\t\t\t\t\t<img loading=\"lazy\" decoding=\"async\" width=\"800\" height=\"534\" src=\"https:\/\/staging.kfa2.com\/wp-content\/uploads\/2025\/07\/UKR_4245_2048px-1024x683.jpg\" class=\"attachment-large size-large wp-image-20920\" alt=\"\" srcset=\"https:\/\/staging.kfa2.com\/wp-content\/uploads\/2025\/07\/UKR_4245_2048px-1024x683.jpg 1024w, https:\/\/staging.kfa2.com\/wp-content\/uploads\/2025\/07\/UKR_4245_2048px-500x333.jpg 500w, https:\/\/staging.kfa2.com\/wp-content\/uploads\/2025\/07\/UKR_4245_2048px-768x512.jpg 768w, https:\/\/staging.kfa2.com\/wp-content\/uploads\/2025\/07\/UKR_4245_2048px-1536x1024.jpg 1536w, https:\/\/staging.kfa2.com\/wp-content\/uploads\/2025\/07\/UKR_4245_2048px-18x12.jpg 18w, https:\/\/staging.kfa2.com\/wp-content\/uploads\/2025\/07\/UKR_4245_2048px-600x400.jpg 600w, https:\/\/staging.kfa2.com\/wp-content\/uploads\/2025\/07\/UKR_4245_2048px.jpg 2048w\" sizes=\"(max-width: 800px) 100vw, 800px\" \/>\t\t\t\t\t\t\t\t\t\t\t\t\t\t\t<\/div>\n\t\t\t\t<\/div>\n\t\t<div class=\"elementor-element elementor-element-af7123c e-con-full e-flex e-con e-child\" data-id=\"af7123c\" data-element_type=\"container\" data-e-type=\"container\">\n\t\t\t\t<div class=\"elementor-element elementor-element-ab8e0b6 elementor-widget elementor-widget-text-editor\" data-id=\"ab8e0b6\" data-element_type=\"widget\" data-e-type=\"widget\" data-widget_type=\"text-editor.default\">\n\t\t\t\t\t\t\t\t\t<p>Avec la vision de cr\u00e9er l'exp\u00e9rience de jeu la plus immersive et en collaboration avec des joueurs d'\u00e9lite et des cr\u00e9ateurs de contenu, KFA2 continue d'explorer les possibilit\u00e9s illimit\u00e9es de ce qui est \u00e0 venir dans le monde du jeu et de la technologie de l'IA, en se concentrant sur l'avancement de l'industrie.<\/p>\t\t\t\t\t\t\t\t<\/div>\n\t\t\t\t<\/div>\n\t\t\t\t\t<\/div>\n\t\t\t\t<\/div>\n\t\t<div class=\"elementor-element elementor-element-4b7c18e e-flex e-con-boxed e-con e-parent\" data-id=\"4b7c18e\" data-element_type=\"container\" data-e-type=\"container\">\n\t\t\t\t\t<div class=\"e-con-inner\">\n\t\t<div class=\"elementor-element elementor-element-cdce8ba e-con-full e-flex e-con e-child\" data-id=\"cdce8ba\" data-element_type=\"container\" data-e-type=\"container\">\n\t\t\t\t<div class=\"elementor-element elementor-element-5cfca4a elementor-widget elementor-widget-text-editor\" data-id=\"5cfca4a\" data-element_type=\"widget\" data-e-type=\"widget\" data-widget_type=\"text-editor.default\">\n\t\t\t\t\t\t\t\t\t<p>Lorsque les efforts des entreprises en mati\u00e8re de responsabilit\u00e9 sociale deviennent partie int\u00e9grante de la culture d'entreprise, les employ\u00e9s s'en rendent compte. En tant qu'organisation qui porte la soci\u00e9t\u00e9 au plus profond de son c\u0153ur, notre objectif est de mettre en place des efforts au profit de la soci\u00e9t\u00e9 et d'\u00eatre d\u00e9termin\u00e9s \u00e0 jouer un r\u00f4le de premier plan pour rendre le monde meilleur.<\/p><p>Depuis 2017, KFA2 s'est vu d\u00e9cerner cons\u00e9cutivement le logo Caring Company par le Hong Kong Council of Social Service et en 2022, KFA2 se voit m\u00eame d\u00e9cerner le logo 5 Years Plus Caring Company pour son engagement continu dans la promotion d'une bonne citoyennet\u00e9 d'entreprise et la cr\u00e9ation d'une meilleure communaut\u00e9. En 2023, KFA2 aura d\u00e9j\u00e0 re\u00e7u le Caring Company Certificate pendant 7 ann\u00e9es cons\u00e9cutives. Le Caring Company Scheme (le Scheme) vise \u00e0 renforcer la communication entre les entreprises et les organisations de services sociaux, ce qui cr\u00e9era des espaces de collaboration pour d\u00e9velopper des projets intersectoriels ax\u00e9s sur les besoins de la communaut\u00e9.<\/p>\t\t\t\t\t\t\t\t<\/div>\n\t\t\t\t<\/div>\n\t\t<div class=\"elementor-element elementor-element-7060fa8 e-con-full e-flex e-con e-child\" data-id=\"7060fa8\" data-element_type=\"container\" data-e-type=\"container\">\n\t\t\t\t<div class=\"elementor-element elementor-element-f0e76e5 dce_masking-none elementor-widget elementor-widget-image\" data-id=\"f0e76e5\" data-element_type=\"widget\" data-e-type=\"widget\" data-widget_type=\"image.default\">\n\t\t\t\t\t\t\t\t\t\t\t\t\t\t\t<img loading=\"lazy\" decoding=\"async\" width=\"520\" height=\"261\" src=\"https:\/\/staging.kfa2.com\/wp-content\/uploads\/2025\/10\/caringcompany5plusyears.jpg\" class=\"attachment-large size-large wp-image-22641\" alt=\"\" srcset=\"https:\/\/staging.kfa2.com\/wp-content\/uploads\/2025\/10\/caringcompany5plusyears.jpg 520w, https:\/\/staging.kfa2.com\/wp-content\/uploads\/2025\/10\/caringcompany5plusyears-500x251.jpg 500w, https:\/\/staging.kfa2.com\/wp-content\/uploads\/2025\/10\/caringcompany5plusyears-18x9.jpg 18w\" sizes=\"(max-width: 520px) 100vw, 520px\" \/>\t\t\t\t\t\t\t\t\t\t\t\t\t\t\t<\/div>\n\t\t\t\t<\/div>\n\t\t<div class=\"elementor-element elementor-element-d122473 e-con-full e-flex e-con e-child\" data-id=\"d122473\" data-element_type=\"container\" data-e-type=\"container\">\n\t\t\t\t<div class=\"elementor-element elementor-element-f8a51c9 dce_masking-none elementor-widget elementor-widget-image\" data-id=\"f8a51c9\" data-element_type=\"widget\" data-e-type=\"widget\" data-widget_type=\"image.default\">\n\t\t\t\t\t\t\t\t\t\t\t\t\t\t\t<img loading=\"lazy\" decoding=\"async\" width=\"800\" height=\"584\" src=\"https:\/\/staging.kfa2.com\/wp-content\/uploads\/2025\/10\/GEC_Logo_2020-e1761497800903-1024x748.jpg\" class=\"attachment-large size-large wp-image-22642\" alt=\"\" srcset=\"https:\/\/staging.kfa2.com\/wp-content\/uploads\/2025\/10\/GEC_Logo_2020-e1761497800903-1024x748.jpg 1024w, https:\/\/staging.kfa2.com\/wp-content\/uploads\/2025\/10\/GEC_Logo_2020-e1761497800903-500x365.jpg 500w, https:\/\/staging.kfa2.com\/wp-content\/uploads\/2025\/10\/GEC_Logo_2020-e1761497800903-768x561.jpg 768w, https:\/\/staging.kfa2.com\/wp-content\/uploads\/2025\/10\/GEC_Logo_2020-e1761497800903-1536x1122.jpg 1536w, https:\/\/staging.kfa2.com\/wp-content\/uploads\/2025\/10\/GEC_Logo_2020-e1761497800903-2048x1496.jpg 2048w, https:\/\/staging.kfa2.com\/wp-content\/uploads\/2025\/10\/GEC_Logo_2020-e1761497800903-16x12.jpg 16w, https:\/\/staging.kfa2.com\/wp-content\/uploads\/2025\/10\/GEC_Logo_2020-e1761497800903-600x438.jpg 600w\" sizes=\"(max-width: 800px) 100vw, 800px\" \/>\t\t\t\t\t\t\t\t\t\t\t\t\t\t\t<\/div>\n\t\t\t\t<\/div>\n\t\t<div class=\"elementor-element elementor-element-85a2d21 e-con-full e-flex e-con e-child\" data-id=\"85a2d21\" data-element_type=\"container\" data-e-type=\"container\">\n\t\t\t\t<div class=\"elementor-element elementor-element-f8bd50e elementor-widget elementor-widget-text-editor\" data-id=\"f8bd50e\" data-element_type=\"widget\" data-e-type=\"widget\" data-widget_type=\"text-editor.default\">\n\t\t\t\t\t\t\t\t\t<p>En outre, la KFA2 est \u00e9galement membre de la Charte du bon employeur depuis 2018, dont l'objectif est d'encourager continuellement les employeurs de diff\u00e9rents m\u00e9tiers et de diff\u00e9rentes tailles (y compris les petites et moyennes entreprises) \u00e0 adopter de bonnes pratiques de gestion des ressources humaines progressives et ax\u00e9es sur les employ\u00e9s. Les employeurs devraient \u00e9galement formuler des politiques d'emploi favorables \u00e0 la famille en \u00e9valuant les diff\u00e9rentes responsabilit\u00e9s familiales assum\u00e9es par leurs employ\u00e9s et en les aidant \u00e0 satisfaire simultan\u00e9ment leurs besoins professionnels et familiaux afin de cr\u00e9er un lieu de travail harmonieux et favorable \u00e0 la famille.<\/p>\t\t\t\t\t\t\t\t<\/div>\n\t\t\t\t<\/div>\n\t\t\t\t\t<\/div>\n\t\t\t\t<\/div>\n\t\t\t\t<\/div>","protected":false},"excerpt":{"rendered":"<p>ABOUT US Established in 2011, KFA2 is dedicated to delivering cutting-edge computer hardware that meets the demands of a rapidly expanding global market. By collaborating with its talented research and development, as well as design team, KFA2 has built a strong reputation for crafting advanced computer hardware solutions. The company specializes in mid to high-end [&hellip;]<\/p>\n","protected":false},"author":249214822,"featured_media":20895,"parent":0,"menu_order":0,"comment_status":"closed","ping_status":"open","template":"elementor_header_footer","meta":{"_acf_changed":false,"footnotes":""},"class_list":["post-1","page","type-page","status-publish","has-post-thumbnail","hentry"],"acf":[],"_links":{"self":[{"href":"https:\/\/staging.kfa2.com\/fr\/wp-json\/wp\/v2\/pages\/1","targetHints":{"allow":["GET"]}}],"collection":[{"href":"https:\/\/staging.kfa2.com\/fr\/wp-json\/wp\/v2\/pages"}],"about":[{"href":"https:\/\/staging.kfa2.com\/fr\/wp-json\/wp\/v2\/types\/page"}],"author":[{"embeddable":true,"href":"https:\/\/staging.kfa2.com\/fr\/wp-json\/wp\/v2\/users\/249214822"}],"replies":[{"embeddable":true,"href":"https:\/\/staging.kfa2.com\/fr\/wp-json\/wp\/v2\/comments?post=1"}],"version-history":[{"count":3,"href":"https:\/\/staging.kfa2.com\/fr\/wp-json\/wp\/v2\/pages\/1\/revisions"}],"predecessor-version":[{"id":22645,"href":"https:\/\/staging.kfa2.com\/fr\/wp-json\/wp\/v2\/pages\/1\/revisions\/22645"}],"wp:featuredmedia":[{"embeddable":true,"href":"https:\/\/staging.kfa2.com\/fr\/wp-json\/wp\/v2\/media\/20895"}],"wp:attachment":[{"href":"https:\/\/staging.kfa2.com\/fr\/wp-json\/wp\/v2\/media?parent=1"}],"curies":[{"name":"wp","href":"https:\/\/api.w.org\/{rel}","templated":true}]}}