{"id":22364,"date":"2025-10-09T15:35:07","date_gmt":"2025-10-09T07:35:07","guid":{"rendered":"https:\/\/staging.kfa2.com\/?page_id=22364"},"modified":"2025-10-14T12:56:55","modified_gmt":"2025-10-14T04:56:55","slug":"the-fast-lane-to-ultimate-gaming-and-prizes-giveaway-terms-conditions-poland","status":"publish","type":"page","link":"https:\/\/staging.kfa2.com\/fr\/the-fast-lane-to-ultimate-gaming-and-prizes-giveaway-terms-conditions-poland\/","title":{"rendered":"\"La voie rapide vers le jeu ultime et les prix. Conditions g\u00e9n\u00e9rales du concours (Pologne)"},"content":{"rendered":"<div data-elementor-type=\"wp-page\" data-elementor-id=\"22364\" class=\"elementor elementor-22364\" data-elementor-post-type=\"page\">\n\t\t\t\t<div class=\"elementor-element elementor-element-dcff137 e-con-full light-background e-flex e-con e-parent\" data-id=\"dcff137\" data-element_type=\"container\" data-e-type=\"container\">\n\t\t\t\t<div class=\"elementor-element elementor-element-3dbbe5a elementor-widget__width-inherit dce_masking-none elementor-widget elementor-widget-image\" data-id=\"3dbbe5a\" data-element_type=\"widget\" data-e-type=\"widget\" data-widget_type=\"image.default\">\n\t\t\t\t\t\t\t\t\t\t\t\t\t\t\t<img fetchpriority=\"high\" decoding=\"async\" width=\"800\" height=\"291\" src=\"https:\/\/staging.kfa2.com\/wp-content\/uploads\/2025\/09\/Artboard-10-1024x373.jpg\" class=\"attachment-large size-large wp-image-22064\" alt=\"\" srcset=\"https:\/\/staging.kfa2.com\/wp-content\/uploads\/2025\/09\/Artboard-10-1024x373.jpg 1024w, https:\/\/staging.kfa2.com\/wp-content\/uploads\/2025\/09\/Artboard-10-500x182.jpg 500w, https:\/\/staging.kfa2.com\/wp-content\/uploads\/2025\/09\/Artboard-10-768x280.jpg 768w, https:\/\/staging.kfa2.com\/wp-content\/uploads\/2025\/09\/Artboard-10-1536x560.jpg 1536w, https:\/\/staging.kfa2.com\/wp-content\/uploads\/2025\/09\/Artboard-10-18x7.jpg 18w, https:\/\/staging.kfa2.com\/wp-content\/uploads\/2025\/09\/Artboard-10-600x219.jpg 600w, https:\/\/staging.kfa2.com\/wp-content\/uploads\/2025\/09\/Artboard-10.jpg 1920w\" sizes=\"(max-width: 800px) 100vw, 800px\" \/>\t\t\t\t\t\t\t\t\t\t\t\t\t\t\t<\/div>\n\t\t\t\t<\/div>\n\t\t<div class=\"elementor-element elementor-element-0b3fce4 e-flex e-con-boxed e-con e-parent\" data-id=\"0b3fce4\" data-element_type=\"container\" data-e-type=\"container\">\n\t\t\t\t\t<div class=\"e-con-inner\">\n\t\t\t\t<div class=\"elementor-element elementor-element-755212b elementor-widget elementor-widget-text-editor\" data-id=\"755212b\" data-element_type=\"widget\" data-e-type=\"widget\" data-widget_type=\"text-editor.default\">\n\t\t\t\t\t\t\t\t\t<h4><strong>\"La voie rapide vers le jeu ultime et les prix. Conditions g\u00e9n\u00e9rales du concours<\/strong><\/h4>\t\t\t\t\t\t\t\t<\/div>\n\t\t\t\t\t<\/div>\n\t\t\t\t<\/div>\n\t\t<div class=\"elementor-element elementor-element-39bab59 e-flex e-con-boxed e-con e-parent\" data-id=\"39bab59\" data-element_type=\"container\" data-e-type=\"container\">\n\t\t\t\t\t<div class=\"e-con-inner\">\n\t\t<div class=\"elementor-element elementor-element-209afdc e-con-full e-flex e-con e-child\" data-id=\"209afdc\" data-element_type=\"container\" data-e-type=\"container\">\n\t\t\t\t<div class=\"elementor-element elementor-element-ed442c4 elementor-widget elementor-widget-text-editor\" data-id=\"ed442c4\" data-element_type=\"widget\" data-e-type=\"widget\" data-widget_type=\"text-editor.default\">\n\t\t\t\t\t\t\t\t\t<p><strong>La voie rapide vers le jeu ultime - et les prix<\/strong><\/p><p>Conditions g\u00e9n\u00e9rales - La voie rapide vers le jeu ultime - et les prix\u00a0\u00a0\u00a0\u00a0\u00a0<\/p><p>Nom de la campagne : \"La voie rapide vers le jeu ultime et les prix\". Concours (\"Concours\")<\/p><p>P\u00e9riode de campagne :<\/p><p>Le concours commence le 15 septembre 2025 et se termine le 30 novembre 2025 (01:00 PM HKT). La p\u00e9riode d'achat s'\u00e9tend du 15 ao\u00fbt 2025 au 15 novembre 2025 (01:00 PM HKT).<\/p><p>Conditions d'admission (\"Conditions\")<\/p><ul><li>Pour participer au concours, les participants r\u00e9sidant en Pologne doivent acheter une carte graphique KFA2 GeForce RTX 50 \u00e9ligible aupr\u00e8s d'un d\u00e9taillant officiel autoris\u00e9 pendant la p\u00e9riode de la campagne.<\/li><li>Les participants doivent se rendre sur la page du concours en ligne \u00e0 l'adresse suivante <a href=\"https:\/\/kfa2.com\/en\/webform\/the-fast-lane-to-ultimate-gaming-and-prizes\/\">https:\/\/kfa2.com\/en\/webform\/the-fast-lane-to-ultimate-gaming-and-prizes-poland\/<\/a> pour r\u00e9pondre \u00e0 la question \"Qu'est-ce qui vous enthousiasme le plus dans les cartes graphiques HOF Gaming ?\" et t\u00e9l\u00e9charger une preuve d'achat valide (par exemple, un re\u00e7u provenant de canaux ou de d\u00e9taillants officiels).<\/li><\/ul><ul><li>La KFA2 choisira les deux meilleures r\u00e9ponses parmi les contributions.<\/li><\/ul><div>\u00a0<\/div><ul><li>Apr\u00e8s avoir soumis avec succ\u00e8s la r\u00e9ponse, la preuve d'achat et les donn\u00e9es personnelles, les participants seront automatiquement inscrits au concours.<\/li><\/ul><p>Date limite<\/p><ul><li>La date limite d'inscription est fix\u00e9e au 30 novembre 2025. Les inscriptions re\u00e7ues apr\u00e8s cette date ne seront pas prises en consid\u00e9ration et seront nulles.<\/li><\/ul><p>Prix<\/p><ul><li>Jeu de blocs de construction HOF Limited inspir\u00e9 des voitures de course (noir) x 1\u00a0<\/li><li>Jeu de blocs de construction HOF Limited inspir\u00e9 des voitures de course (blanc) x 1\u00a0<\/li><\/ul><ul><li>Un total de 2 gagnants sera s\u00e9lectionn\u00e9. Chacun recevra un prix, les couleurs \u00e9tant attribu\u00e9es de mani\u00e8re al\u00e9atoire. La s\u00e9lection sera bas\u00e9e sur la cr\u00e9ativit\u00e9 des r\u00e9ponses.<\/li><\/ul><ul><li>Les prix ne sont ni transf\u00e9rables ni \u00e9changeables et ne peuvent \u00eatre \u00e9chang\u00e9s contre de l'argent ou d'autres alternatives.<\/li><\/ul><ul><li>L'annonce du gagnant sera faite sur le Facebook de KFA2 Poland avant le 15 d\u00e9cembre 2025.<\/li><\/ul><ul><li>Les gagnants seront inform\u00e9s par courrier \u00e9lectronique dans les 5 jours suivant le tirage au sort. Si un gagnant ne fournit pas les informations requises dans les 5 jours, le prix sera annul\u00e9 et un autre gagnant pourra \u00eatre s\u00e9lectionn\u00e9.<\/li><\/ul><ul><li>Afin de v\u00e9rifier l'identit\u00e9 et la qualification des gagnants, KFA2 peut demander des documents suppl\u00e9mentaires aux gagnants. Les gagnants qui ne fournissent pas les documents requis peuvent \u00eatre disqualifi\u00e9s.\u00a0\u00a0<\/li><\/ul><ul><li>La d\u00e9cision de la KFA2 est d\u00e9finitive. La KFA2 se r\u00e9serve le droit de prendre la d\u00e9cision finale.<\/li><\/ul><p>\u00c9ligibilit\u00e9<\/p><ul><li>Le concours est ouvert aux participants \u00e2g\u00e9s de 18 ans et plus r\u00e9sidant en Pologne.<\/li><\/ul><ul><li>Une seule inscription par participant sera accept\u00e9e. Si plusieurs bulletins de participation sont envoy\u00e9s, seul le dernier bulletin valide sera pris en compte et tous les autres bulletins seront annul\u00e9s.<\/li><\/ul><ul><li>Les employ\u00e9s de KFA2, Hall Of Fame, KFA2 et leurs familles imm\u00e9diates ne sont pas \u00e9ligibles.<\/li><\/ul><ul><li>Les participants doivent remplir toutes les conditions de participation au concours.<\/li><\/ul><p>Disqualification<\/p><ul><li>Les participations contenant des informations personnelles incompl\u00e8tes ou fausses seront disqualifi\u00e9es et consid\u00e9r\u00e9es comme nulles.<\/li><\/ul><ul><li>Toute tentative de falsification du concours ou de perturbation de son d\u00e9roulement entra\u00eenera la disqualification.<\/li><\/ul><ul><li>KFA2 se r\u00e9serve le droit de disqualifier tout participant qui ne respecterait pas ces conditions.<\/li><\/ul><p>Conditions g\u00e9n\u00e9rales<\/p><ul><li>En s'inscrivant, les participants acceptent d'\u00eatre li\u00e9s par ces conditions g\u00e9n\u00e9rales.<\/li><\/ul><ul><li>Les participants \u00e9ligibles de Pologne DOIVENT s'inscrire sur le site web KFA2. Les inscriptions provenant de la r\u00e9gion susmentionn\u00e9e et soumises via le site web GALAX ne seront pas accept\u00e9es.<\/li><\/ul><ul><li>La KFA2 se r\u00e9serve le droit de modifier les conditions ou d'annuler, de mettre fin ou de modifier le concours \u00e0 sa discr\u00e9tion et \u00e0 tout moment.<\/li><\/ul><ul><li>La KFA2 se r\u00e9serve le droit de mettre fin \u00e0 la campagne en cas de fraude, de d\u00e9faillance technique ou de tout autre facteur \u00e9chappant au contr\u00f4le raisonnable de la KFA2 et portant atteinte \u00e0 l'int\u00e9grit\u00e9 du concours, ce que la KFA2 d\u00e9terminera \u00e0 sa seule discr\u00e9tion.<\/li><\/ul><ul><li>Si cette campagne ou tout site Web associ\u00e9 \u00e0 celle-ci (ou toute partie de celui-ci) est corrompu ou ne permet pas de participer au concours, ou si une infection par un virus informatique, des bogues, une alt\u00e9ration, une intervention non autoris\u00e9e, des actions par les participants, une fraude, des d\u00e9faillances techniques ou toute autre cause, KFA2 se r\u00e9serve le droit, \u00e0 sa seule discr\u00e9tion, de disqualifier toute personne impliqu\u00e9e dans une telle action, et\/ou d'annuler, de r\u00e9silier, de modifier ou de suspendre ce concours ou toute partie de celui-ci.<\/li><\/ul><ul><li>En aucun cas KFA2 ou ses dirigeants, administrateurs, employ\u00e9s, affili\u00e9s, filiales, agences de publicit\u00e9, de promotion, d'ex\u00e9cution, de marketing, de relations publiques, consultants ou entrepreneurs ne seront responsables de dommages ou de pertes de quelque nature que ce soit, y compris, mais sans s'y limiter, de dommages exemplaires, indirects, accessoires ou punitifs, ou de frais d'avocat, d\u00e9coulant de cette promotion et\/ou de l'acceptation, de la possession, de l'utilisation, de la mauvaise utilisation ou de l'incapacit\u00e9 \u00e0 utiliser le prix attribu\u00e9 dans le cadre de cette promotion, dommages indirects, accessoires, cons\u00e9cutifs ou punitifs, ou frais d'avocat, r\u00e9sultant de cette promotion et\/ou de l'acceptation, de la possession, de l'utilisation, de la mauvaise utilisation ou de la non-utilisation du prix attribu\u00e9 dans le cadre de cette promotion, y compris, mais sans s'y limiter, les dommages corporels, le d\u00e9c\u00e8s et\/ou les dommages mat\u00e9riels, ainsi que toute r\u00e9clamation fond\u00e9e sur les droits de publicit\u00e9 ou sur l'atteinte \u00e0 la vie priv\u00e9e. En aucun cas, la responsabilit\u00e9 globale de KFA2 pour les r\u00e9clamations d\u00e9coulant de cette promotion ne d\u00e9passera la valeur au d\u00e9tail du prix attribu\u00e9 dans le cadre de cette promotion.<\/li><\/ul><ul><li>Avis de non-responsabilit\u00e9 concernant les m\u00e9dias sociaux et d\u00e9charge de responsabilit\u00e9 - la promotion n'est en aucun cas parrain\u00e9e, approuv\u00e9e ou administr\u00e9e par Facebook ou associ\u00e9e \u00e0 Facebook. Les participants d\u00e9gagent Facebook de toute responsabilit\u00e9 en cas de dommages ou de pertes de quelque nature que ce soit, y compris, mais sans s'y limiter, les dommages exemplaires, indirects, accessoires, cons\u00e9cutifs ou punitifs, ou les honoraires d'avocat, r\u00e9sultant de cette promotion et\/ou de l'acceptation, de la possession, de l'utilisation, de la mauvaise utilisation ou de la non-utilisation du prix attribu\u00e9 dans le cadre de cette promotion, y compris, mais sans s'y limiter, les dommages corporels, le d\u00e9c\u00e8s et\/ou les dommages mat\u00e9riels, ainsi que toute r\u00e9clamation fond\u00e9e sur les droits de publicit\u00e9 ou sur l'intrusion dans la vie priv\u00e9e.<\/li><\/ul><ul><li>La d\u00e9cision de la KFA2 concernant tous les aspects du concours est d\u00e9finitive et contraignante.<\/li><\/ul>\t\t\t\t\t\t\t\t<\/div>\n\t\t\t\t<\/div>\n\t\t\t\t\t<\/div>\n\t\t\t\t<\/div>\n\t\t\t\t<\/div>","protected":false},"excerpt":{"rendered":"<p>&#8220;The Fast Lane to Ultimate Gaming\u2014and Prizes.&#8221; Giveaway Terms &amp; Conditions The Fast Lane to Ultimate Gaming \u2013 and Prizes Terms and Conditions &#8211; The Fast Lane to Ultimate Gaming &#8211; and Prizes\u00a0\u00a0\u00a0\u00a0\u00a0 Campaign Name: \u201cThe Fast Lane to Ultimate Gaming\u2014and Prizes.\u201d Contest (\u201cContest\u201d) Campaign Period: The Contest submission begins on 15th September, 2025 and [&hellip;]<\/p>\n","protected":false},"author":249214834,"featured_media":20895,"parent":0,"menu_order":0,"comment_status":"closed","ping_status":"open","template":"elementor_header_footer","meta":{"_acf_changed":false,"footnotes":""},"class_list":["post-22364","page","type-page","status-publish","has-post-thumbnail","hentry"],"acf":[],"_links":{"self":[{"href":"https:\/\/staging.kfa2.com\/fr\/wp-json\/wp\/v2\/pages\/22364","targetHints":{"allow":["GET"]}}],"collection":[{"href":"https:\/\/staging.kfa2.com\/fr\/wp-json\/wp\/v2\/pages"}],"about":[{"href":"https:\/\/staging.kfa2.com\/fr\/wp-json\/wp\/v2\/types\/page"}],"author":[{"embeddable":true,"href":"https:\/\/staging.kfa2.com\/fr\/wp-json\/wp\/v2\/users\/249214834"}],"replies":[{"embeddable":true,"href":"https:\/\/staging.kfa2.com\/fr\/wp-json\/wp\/v2\/comments?post=22364"}],"version-history":[{"count":3,"href":"https:\/\/staging.kfa2.com\/fr\/wp-json\/wp\/v2\/pages\/22364\/revisions"}],"predecessor-version":[{"id":22438,"href":"https:\/\/staging.kfa2.com\/fr\/wp-json\/wp\/v2\/pages\/22364\/revisions\/22438"}],"wp:featuredmedia":[{"embeddable":true,"href":"https:\/\/staging.kfa2.com\/fr\/wp-json\/wp\/v2\/media\/20895"}],"wp:attachment":[{"href":"https:\/\/staging.kfa2.com\/fr\/wp-json\/wp\/v2\/media?parent=22364"}],"curies":[{"name":"wp","href":"https:\/\/api.w.org\/{rel}","templated":true}]}}