{"id":22555,"date":"2025-10-24T17:19:06","date_gmt":"2025-10-24T09:19:06","guid":{"rendered":"https:\/\/staging.kfa2.com\/?page_id=22555"},"modified":"2025-10-27T10:03:00","modified_gmt":"2025-10-27T02:03:00","slug":"kfa2-logo-guidelines","status":"publish","type":"page","link":"https:\/\/staging.kfa2.com\/fr\/kfa2-logo-guidelines\/","title":{"rendered":"Lignes directrices pour le logo de la KFA2"},"content":{"rendered":"<div data-elementor-type=\"wp-page\" data-elementor-id=\"22555\" class=\"elementor elementor-22555\" data-elementor-post-type=\"page\">\n\t\t\t\t<div class=\"elementor-element elementor-element-dcff137 e-con-full light-background e-flex e-con e-parent\" data-id=\"dcff137\" data-element_type=\"container\" data-e-type=\"container\">\n\t\t\t\t<div class=\"elementor-element elementor-element-3dbbe5a elementor-widget__width-inherit dce_masking-none elementor-widget elementor-widget-image\" data-id=\"3dbbe5a\" data-element_type=\"widget\" data-e-type=\"widget\" data-widget_type=\"image.default\">\n\t\t\t\t\t\t\t\t\t\t\t\t\t\t\t<img fetchpriority=\"high\" decoding=\"async\" width=\"800\" height=\"377\" src=\"https:\/\/staging.kfa2.com\/wp-content\/uploads\/2025\/07\/DoorBanner_B01-1-aboutus-2-1024x482.jpg\" class=\"attachment-large size-large wp-image-20896\" alt=\"\" srcset=\"https:\/\/staging.kfa2.com\/wp-content\/uploads\/2025\/07\/DoorBanner_B01-1-aboutus-2-1024x482.jpg 1024w, https:\/\/staging.kfa2.com\/wp-content\/uploads\/2025\/07\/DoorBanner_B01-1-aboutus-2-500x235.jpg 500w, https:\/\/staging.kfa2.com\/wp-content\/uploads\/2025\/07\/DoorBanner_B01-1-aboutus-2-768x362.jpg 768w, https:\/\/staging.kfa2.com\/wp-content\/uploads\/2025\/07\/DoorBanner_B01-1-aboutus-2-1536x723.jpg 1536w, https:\/\/staging.kfa2.com\/wp-content\/uploads\/2025\/07\/DoorBanner_B01-1-aboutus-2-2048x964.jpg 2048w, https:\/\/staging.kfa2.com\/wp-content\/uploads\/2025\/07\/DoorBanner_B01-1-aboutus-2-18x8.jpg 18w, https:\/\/staging.kfa2.com\/wp-content\/uploads\/2025\/07\/DoorBanner_B01-1-aboutus-2-600x282.jpg 600w\" sizes=\"(max-width: 800px) 100vw, 800px\" \/>\t\t\t\t\t\t\t\t\t\t\t\t\t\t\t<\/div>\n\t\t\t\t<\/div>\n\t\t<div class=\"elementor-element elementor-element-644b604 e-flex e-con-boxed e-con e-parent\" data-id=\"644b604\" data-element_type=\"container\" data-e-type=\"container\">\n\t\t\t\t\t<div class=\"e-con-inner\">\n\t\t\t\t<div class=\"elementor-element elementor-element-be2a9c3 elementor-widget elementor-widget-text-editor\" data-id=\"be2a9c3\" data-element_type=\"widget\" data-e-type=\"widget\" data-widget_type=\"text-editor.default\">\n\t\t\t\t\t\t\t\t\t<h1>LIGNES DIRECTRICES POUR LE LOGO KFA2<\/h1>\t\t\t\t\t\t\t\t<\/div>\n\t\t<div class=\"elementor-element elementor-element-0610c45 e-con-full e-flex e-con e-child\" data-id=\"0610c45\" data-element_type=\"container\" data-e-type=\"container\" data-settings=\"{&quot;background_background&quot;:&quot;classic&quot;}\">\n\t\t\t\t<div class=\"elementor-element elementor-element-c2ec543 elementor-view-default elementor-widget elementor-widget-icon\" data-id=\"c2ec543\" data-element_type=\"widget\" data-e-type=\"widget\" data-widget_type=\"icon.default\">\n\t\t\t\t\t\t\t<div class=\"elementor-icon-wrapper\">\n\t\t\t<a class=\"elementor-icon\" href=\"https:\/\/drive.google.com\/file\/d\/1zzjoHJ_qLM6-mZGB1gc65OlBm6p4b3kh\/view?usp=drive_link\" rel=\"nofollow noopener\" target=\"_blank\">\n\t\t\t<svg aria-hidden=\"true\" class=\"e-font-icon-svg e-fas-arrow-alt-circle-down\" viewbox=\"0 0 512 512\" xmlns=\"http:\/\/www.w3.org\/2000\/svg\"><path d=\"M504 256c0 137-111 248-248 248S8 393 8 256 119 8 256 8s248 111 248 248zM212 140v116h-70.9c-10.7 0-16.1 13-8.5 20.5l114.9 114.3c4.7 4.7 12.2 4.7 16.9 0l114.9-114.3c7.6-7.6 2.2-20.5-8.5-20.5H300V140c0-6.6-5.4-12-12-12h-64c-6.6 0-12 5.4-12 12z\"><\/path><\/svg>\t\t\t<\/a>\n\t\t<\/div>\n\t\t\t\t\t\t<\/div>\n\t\t\t\t<div class=\"elementor-element elementor-element-ba02698 elementor-widget__width-initial elementor-widget elementor-widget-text-editor\" data-id=\"ba02698\" data-element_type=\"widget\" data-e-type=\"widget\" data-widget_type=\"text-editor.default\">\n\t\t\t\t\t\t\t\t\t<div>Logo KFA2<\/div><div>T\u00e9l\u00e9charger<\/div>\t\t\t\t\t\t\t\t<\/div>\n\t\t\t\t<div class=\"elementor-element elementor-element-f7b42f1 elementor-view-default elementor-widget elementor-widget-icon\" data-id=\"f7b42f1\" data-element_type=\"widget\" data-e-type=\"widget\" data-widget_type=\"icon.default\">\n\t\t\t\t\t\t\t<div class=\"elementor-icon-wrapper\">\n\t\t\t<a class=\"elementor-icon\" href=\"https:\/\/drive.google.com\/file\/d\/1C9lbT_cVEE-HuErQsEx_QqPt9gNEBV-F\/view\" rel=\"nofollow noopener\" target=\"_blank\">\n\t\t\t<svg aria-hidden=\"true\" class=\"e-font-icon-svg e-fas-arrow-alt-circle-down\" viewbox=\"0 0 512 512\" xmlns=\"http:\/\/www.w3.org\/2000\/svg\"><path d=\"M504 256c0 137-111 248-248 248S8 393 8 256 119 8 256 8s248 111 248 248zM212 140v116h-70.9c-10.7 0-16.1 13-8.5 20.5l114.9 114.3c4.7 4.7 12.2 4.7 16.9 0l114.9-114.3c7.6-7.6 2.2-20.5-8.5-20.5H300V140c0-6.6-5.4-12-12-12h-64c-6.6 0-12 5.4-12 12z\"><\/path><\/svg>\t\t\t<\/a>\n\t\t<\/div>\n\t\t\t\t\t\t<\/div>\n\t\t\t\t<div class=\"elementor-element elementor-element-a93e09c elementor-widget elementor-widget-text-editor\" data-id=\"a93e09c\" data-element_type=\"widget\" data-e-type=\"widget\" data-widget_type=\"text-editor.default\">\n\t\t\t\t\t\t\t\t\t<div class=\"desc\">Logo KFA2(.ai)<\/div><div class=\"desc\">T\u00e9l\u00e9charger<\/div>\t\t\t\t\t\t\t\t<\/div>\n\t\t\t\t<\/div>\n\t\t\t\t\t<\/div>\n\t\t\t\t<\/div>\n\t\t<div class=\"elementor-element elementor-element-72e0526 e-flex e-con-boxed e-con e-parent\" data-id=\"72e0526\" data-element_type=\"container\" data-e-type=\"container\">\n\t\t\t\t\t<div class=\"e-con-inner\">\n\t\t<div class=\"elementor-element elementor-element-fa996db e-con-full e-flex e-con e-child\" data-id=\"fa996db\" data-element_type=\"container\" data-e-type=\"container\">\n\t\t\t\t<div class=\"elementor-element elementor-element-22ca495 elementor-widget elementor-widget-text-editor\" data-id=\"22ca495\" data-element_type=\"widget\" data-e-type=\"widget\" data-widget_type=\"text-editor.default\">\n\t\t\t\t\t\t\t\t\t<p>Le logo de la KFA2 marque la pr\u00e9sence de l'entreprise et doit figurer sur tous les supports de communication de l'entreprise. Le respect de ces lignes directrices garantira une utilisation correcte du logo. La position, la taille, la couleur, les proportions et les relations spatiales du logo de la KFA2 ne doivent pas \u00eatre modifi\u00e9es. Utilisez toujours la maquette approuv\u00e9e du logo KFA2. Ne pas redessiner ou recr\u00e9er le logo.<\/p>\t\t\t\t\t\t\t\t<\/div>\n\t\t\t\t<\/div>\n\t\t<div class=\"elementor-element elementor-element-46ba773 e-con-full e-flex e-con e-child\" data-id=\"46ba773\" data-element_type=\"container\" data-e-type=\"container\">\n\t\t\t\t<div class=\"elementor-element elementor-element-af679f9 dce_masking-none elementor-widget elementor-widget-image\" data-id=\"af679f9\" data-element_type=\"widget\" data-e-type=\"widget\" data-widget_type=\"image.default\">\n\t\t\t\t\t\t\t\t\t\t\t\t\t\t\t<img decoding=\"async\" width=\"512\" height=\"285\" src=\"https:\/\/staging.kfa2.com\/wp-content\/uploads\/2025\/10\/Artboard-8@2x.png\" class=\"attachment-full size-full wp-image-22571\" alt=\"\" srcset=\"https:\/\/staging.kfa2.com\/wp-content\/uploads\/2025\/10\/Artboard-8@2x.png 512w, https:\/\/staging.kfa2.com\/wp-content\/uploads\/2025\/10\/Artboard-8@2x-500x278.png 500w, https:\/\/staging.kfa2.com\/wp-content\/uploads\/2025\/10\/Artboard-8@2x-18x10.png 18w\" sizes=\"(max-width: 512px) 100vw, 512px\" \/>\t\t\t\t\t\t\t\t\t\t\t\t\t\t\t<\/div>\n\t\t\t\t<\/div>\n\t\t\t\t\t<\/div>\n\t\t\t\t<\/div>\n\t\t<div class=\"elementor-element elementor-element-7fc7b47 e-flex e-con-boxed e-con e-parent\" data-id=\"7fc7b47\" data-element_type=\"container\" data-e-type=\"container\">\n\t\t\t\t\t<div class=\"e-con-inner\">\n\t\t\t\t<div class=\"elementor-element elementor-element-1098d50 dce_masking-none elementor-widget elementor-widget-image\" data-id=\"1098d50\" data-element_type=\"widget\" data-e-type=\"widget\" data-widget_type=\"image.default\">\n\t\t\t\t\t\t\t\t\t\t\t\t\t\t\t<img decoding=\"async\" width=\"800\" height=\"200\" src=\"https:\/\/staging.kfa2.com\/wp-content\/uploads\/2025\/10\/Artboard-9@2x.png\" class=\"attachment-large size-large wp-image-22572\" alt=\"\" srcset=\"https:\/\/staging.kfa2.com\/wp-content\/uploads\/2025\/10\/Artboard-9@2x.png 888w, https:\/\/staging.kfa2.com\/wp-content\/uploads\/2025\/10\/Artboard-9@2x-500x125.png 500w, https:\/\/staging.kfa2.com\/wp-content\/uploads\/2025\/10\/Artboard-9@2x-768x192.png 768w, https:\/\/staging.kfa2.com\/wp-content\/uploads\/2025\/10\/Artboard-9@2x-18x5.png 18w, https:\/\/staging.kfa2.com\/wp-content\/uploads\/2025\/10\/Artboard-9@2x-600x150.png 600w\" sizes=\"(max-width: 800px) 100vw, 800px\" \/>\t\t\t\t\t\t\t\t\t\t\t\t\t\t\t<\/div>\n\t\t\t\t<div class=\"elementor-element elementor-element-aad35b8 elementor-widget elementor-widget-text-editor\" data-id=\"aad35b8\" data-element_type=\"widget\" data-e-type=\"widget\" data-widget_type=\"text-editor.default\">\n\t\t\t\t\t\t\t\t\t<p>Une version blanche peut \u00e9galement \u00eatre utilis\u00e9e sur un fond d\u00e9grad\u00e9 ou une image, \u00e0 condition que le contraste soit suffisant pour maintenir la lisibilit\u00e9. Dans le cas contraire, il convient d'utiliser le logo unicolore.<\/p>\t\t\t\t\t\t\t\t<\/div>\n\t\t\t\t\t<\/div>\n\t\t\t\t<\/div>\n\t\t<div class=\"elementor-element elementor-element-25ed09f e-flex e-con-boxed e-con e-parent\" data-id=\"25ed09f\" data-element_type=\"container\" data-e-type=\"container\">\n\t\t\t\t\t<div class=\"e-con-inner\">\n\t\t<div class=\"elementor-element elementor-element-a854c1f e-con-full e-flex e-con e-child\" data-id=\"a854c1f\" data-element_type=\"container\" data-e-type=\"container\">\n\t\t\t\t<div class=\"elementor-element elementor-element-6a2fb7c dce_masking-none elementor-widget elementor-widget-image\" data-id=\"6a2fb7c\" data-element_type=\"widget\" data-e-type=\"widget\" data-widget_type=\"image.default\">\n\t\t\t\t\t\t\t\t\t\t\t\t\t\t\t<img loading=\"lazy\" decoding=\"async\" width=\"236\" height=\"130\" src=\"https:\/\/staging.kfa2.com\/wp-content\/uploads\/2025\/10\/Artboard-11@2x.png\" class=\"attachment-large size-large wp-image-22574\" alt=\"\" srcset=\"https:\/\/staging.kfa2.com\/wp-content\/uploads\/2025\/10\/Artboard-11@2x.png 236w, https:\/\/staging.kfa2.com\/wp-content\/uploads\/2025\/10\/Artboard-11@2x-18x10.png 18w\" sizes=\"(max-width: 236px) 100vw, 236px\" \/>\t\t\t\t\t\t\t\t\t\t\t\t\t\t\t<\/div>\n\t\t\t\t<div class=\"elementor-element elementor-element-759d1b6 dce_masking-none elementor-widget elementor-widget-image\" data-id=\"759d1b6\" data-element_type=\"widget\" data-e-type=\"widget\" data-widget_type=\"image.default\">\n\t\t\t\t\t\t\t\t\t\t\t\t\t\t\t<img loading=\"lazy\" decoding=\"async\" width=\"219\" height=\"305\" src=\"https:\/\/staging.kfa2.com\/wp-content\/uploads\/2025\/10\/Artboard-10@2x.png\" class=\"attachment-large size-large wp-image-22573\" alt=\"\" srcset=\"https:\/\/staging.kfa2.com\/wp-content\/uploads\/2025\/10\/Artboard-10@2x.png 219w, https:\/\/staging.kfa2.com\/wp-content\/uploads\/2025\/10\/Artboard-10@2x-9x12.png 9w\" sizes=\"(max-width: 219px) 100vw, 219px\" \/>\t\t\t\t\t\t\t\t\t\t\t\t\t\t\t<\/div>\n\t\t\t\t<\/div>\n\t\t<div class=\"elementor-element elementor-element-26bb6c7 e-con-full e-flex e-con e-child\" data-id=\"26bb6c7\" data-element_type=\"container\" data-e-type=\"container\">\n\t\t<div class=\"elementor-element elementor-element-e2ede3b e-con-full e-flex e-con e-child\" data-id=\"e2ede3b\" data-element_type=\"container\" data-e-type=\"container\">\n\t\t\t\t<div data-dce-title-color=\"#000000\" class=\"elementor-element elementor-element-1cc0667 elementor-widget elementor-widget-heading\" data-id=\"1cc0667\" data-element_type=\"widget\" data-e-type=\"widget\" data-widget_type=\"heading.default\">\n\t\t\t\t\t<h2 class=\"elementor-heading-title elementor-size-default\">Taille minimale<\/h2>\t\t\t\t<\/div>\n\t\t\t\t<div class=\"elementor-element elementor-element-7182731 elementor-widget elementor-widget-text-editor\" data-id=\"7182731\" data-element_type=\"widget\" data-e-type=\"widget\" data-widget_type=\"text-editor.default\">\n\t\t\t\t\t\t\t\t\t<p>Le\u00a0<span style=\"text-align: start;\">KFA2\u00a0<\/span>Le logo peut \u00eatre agrandi \u00e0 volont\u00e9, mais ne doit jamais \u00eatre utilis\u00e9 \u00e0 une hauteur inf\u00e9rieure \u00e0 0,12\u2033 (3 mm ou 15 px).<\/p>\t\t\t\t\t\t\t\t<\/div>\n\t\t\t\t<\/div>\n\t\t\t\t<\/div>\n\t\t\t\t\t<\/div>\n\t\t\t\t<\/div>\n\t\t<div class=\"elementor-element elementor-element-76c2613 e-flex e-con-boxed e-con e-parent\" data-id=\"76c2613\" data-element_type=\"container\" data-e-type=\"container\">\n\t\t\t\t\t<div class=\"e-con-inner\">\n\t\t<div class=\"elementor-element elementor-element-a09a8c9 e-con-full e-flex e-con e-child\" data-id=\"a09a8c9\" data-element_type=\"container\" data-e-type=\"container\">\n\t\t\t\t<div class=\"elementor-element elementor-element-894282b dce_masking-none elementor-widget elementor-widget-image\" data-id=\"894282b\" data-element_type=\"widget\" data-e-type=\"widget\" data-widget_type=\"image.default\">\n\t\t\t\t\t\t\t\t\t\t\t\t\t\t\t<img loading=\"lazy\" decoding=\"async\" width=\"741\" height=\"739\" src=\"https:\/\/staging.kfa2.com\/wp-content\/uploads\/2025\/10\/Artboard-12@2x.png\" class=\"attachment-large size-large wp-image-22575\" alt=\"\" srcset=\"https:\/\/staging.kfa2.com\/wp-content\/uploads\/2025\/10\/Artboard-12@2x.png 741w, https:\/\/staging.kfa2.com\/wp-content\/uploads\/2025\/10\/Artboard-12@2x-500x500.png 500w, https:\/\/staging.kfa2.com\/wp-content\/uploads\/2025\/10\/Artboard-12@2x-150x150.png 150w, https:\/\/staging.kfa2.com\/wp-content\/uploads\/2025\/10\/Artboard-12@2x-12x12.png 12w, https:\/\/staging.kfa2.com\/wp-content\/uploads\/2025\/10\/Artboard-12@2x-300x300.png 300w, https:\/\/staging.kfa2.com\/wp-content\/uploads\/2025\/10\/Artboard-12@2x-600x598.png 600w, https:\/\/staging.kfa2.com\/wp-content\/uploads\/2025\/10\/Artboard-12@2x-100x100.png 100w\" sizes=\"(max-width: 741px) 100vw, 741px\" \/>\t\t\t\t\t\t\t\t\t\t\t\t\t\t\t<\/div>\n\t\t\t\t<\/div>\n\t\t<div class=\"elementor-element elementor-element-797d3ca e-con-full e-flex e-con e-child\" data-id=\"797d3ca\" data-element_type=\"container\" data-e-type=\"container\">\n\t\t\t\t<div data-dce-title-color=\"#000000\" class=\"elementor-element elementor-element-c4a2846 elementor-widget elementor-widget-heading\" data-id=\"c4a2846\" data-element_type=\"widget\" data-e-type=\"widget\" data-widget_type=\"heading.default\">\n\t\t\t\t\t<h2 class=\"elementor-heading-title elementor-size-default\">Exigences en mati\u00e8re d'espace libre pour le logo g\u00e9n\u00e9ral<\/h2>\t\t\t\t<\/div>\n\t\t\t\t<div class=\"elementor-element elementor-element-3b11970 elementor-widget elementor-widget-text-editor\" data-id=\"3b11970\" data-element_type=\"widget\" data-e-type=\"widget\" data-widget_type=\"text-editor.default\">\n\t\t\t\t\t\t\t\t\t<p>si le\u00a0<span style=\"text-align: start;\">KFA2\u00a0<\/span>est utilis\u00e9 en dehors de l'Union europ\u00e9enne.\u00a0<span style=\"text-align: start;\">KFA2<\/span>\u00a0un minimum d'espace libre \u00e9gal \u00e0 la hauteur du caract\u00e8re \"X\".<\/p>\t\t\t\t\t\t\t\t<\/div>\n\t\t\t\t<div class=\"elementor-element elementor-element-1a6c41c elementor-widget elementor-widget-text-editor\" data-id=\"1a6c41c\" data-element_type=\"widget\" data-e-type=\"widget\" data-widget_type=\"text-editor.default\">\n\t\t\t\t\t\t\t\t\t<p>En outre, placez le logo dans un coin de la mise en page lorsque cela est possible.<\/p>\t\t\t\t\t\t\t\t<\/div>\n\t\t\t\t<\/div>\n\t\t\t\t\t<\/div>\n\t\t\t\t<\/div>\n\t\t<div class=\"elementor-element elementor-element-8448acc e-flex e-con-boxed e-con e-parent\" data-id=\"8448acc\" data-element_type=\"container\" data-e-type=\"container\">\n\t\t\t\t\t<div class=\"e-con-inner\">\n\t\t<div class=\"elementor-element elementor-element-3c46cc8 e-con-full e-flex e-con e-child\" data-id=\"3c46cc8\" data-element_type=\"container\" data-e-type=\"container\">\n\t\t\t\t<div class=\"elementor-element elementor-element-fa07f68 dce_masking-none elementor-widget elementor-widget-image\" data-id=\"fa07f68\" data-element_type=\"widget\" data-e-type=\"widget\" data-widget_type=\"image.default\">\n\t\t\t\t\t\t\t\t\t\t\t\t\t\t\t<img loading=\"lazy\" decoding=\"async\" width=\"800\" height=\"741\" src=\"https:\/\/staging.kfa2.com\/wp-content\/uploads\/2025\/10\/Artboard-13@2x-100.jpg\" class=\"attachment-large size-large wp-image-22646\" alt=\"\" srcset=\"https:\/\/staging.kfa2.com\/wp-content\/uploads\/2025\/10\/Artboard-13@2x-100.jpg 900w, https:\/\/staging.kfa2.com\/wp-content\/uploads\/2025\/10\/Artboard-13@2x-100-500x463.jpg 500w, https:\/\/staging.kfa2.com\/wp-content\/uploads\/2025\/10\/Artboard-13@2x-100-768x712.jpg 768w, https:\/\/staging.kfa2.com\/wp-content\/uploads\/2025\/10\/Artboard-13@2x-100-13x12.jpg 13w, https:\/\/staging.kfa2.com\/wp-content\/uploads\/2025\/10\/Artboard-13@2x-100-600x556.jpg 600w\" sizes=\"(max-width: 800px) 100vw, 800px\" \/>\t\t\t\t\t\t\t\t\t\t\t\t\t\t\t<\/div>\n\t\t\t\t<\/div>\n\t\t<div class=\"elementor-element elementor-element-fa84387 e-con-full e-flex e-con e-child\" data-id=\"fa84387\" data-element_type=\"container\" data-e-type=\"container\">\n\t\t<div class=\"elementor-element elementor-element-4c70029 e-con-full e-flex e-con e-child\" data-id=\"4c70029\" data-element_type=\"container\" data-e-type=\"container\">\n\t\t\t\t<div class=\"elementor-element elementor-element-cfa66ef elementor-widget elementor-widget-text-editor\" data-id=\"cfa66ef\" data-element_type=\"widget\" data-e-type=\"widget\" data-widget_type=\"text-editor.default\">\n\t\t\t\t\t\t\t\t\t<p>Lors de l'utilisation du logo KFA2, veuillez respecter les conseils suivants.<\/p>\t\t\t\t\t\t\t\t<\/div>\n\t\t\t\t<\/div>\n\t\t\t\t<\/div>\n\t\t\t\t\t<\/div>\n\t\t\t\t<\/div>\n\t\t<div class=\"elementor-element elementor-element-ada9fe2 e-flex e-con-boxed e-con e-parent\" data-id=\"ada9fe2\" data-element_type=\"container\" data-e-type=\"container\">\n\t\t\t\t\t<div class=\"e-con-inner\">\n\t\t<div class=\"elementor-element elementor-element-363d17d e-con-full e-flex e-con e-child\" data-id=\"363d17d\" data-element_type=\"container\" data-e-type=\"container\">\n\t\t\t\t<div class=\"elementor-element elementor-element-69a5c3e dce_masking-none elementor-widget elementor-widget-image\" data-id=\"69a5c3e\" data-element_type=\"widget\" data-e-type=\"widget\" data-widget_type=\"image.default\">\n\t\t\t\t\t\t\t\t\t\t\t\t\t\t\t<img loading=\"lazy\" decoding=\"async\" width=\"800\" height=\"576\" src=\"https:\/\/staging.kfa2.com\/wp-content\/uploads\/2025\/10\/Artboard-14@2x.png\" class=\"attachment-large size-large wp-image-22577\" alt=\"\" srcset=\"https:\/\/staging.kfa2.com\/wp-content\/uploads\/2025\/10\/Artboard-14@2x.png 909w, https:\/\/staging.kfa2.com\/wp-content\/uploads\/2025\/10\/Artboard-14@2x-500x360.png 500w, https:\/\/staging.kfa2.com\/wp-content\/uploads\/2025\/10\/Artboard-14@2x-768x553.png 768w, https:\/\/staging.kfa2.com\/wp-content\/uploads\/2025\/10\/Artboard-14@2x-18x12.png 18w, https:\/\/staging.kfa2.com\/wp-content\/uploads\/2025\/10\/Artboard-14@2x-600x432.png 600w\" sizes=\"(max-width: 800px) 100vw, 800px\" \/>\t\t\t\t\t\t\t\t\t\t\t\t\t\t\t<\/div>\n\t\t\t\t<\/div>\n\t\t<div class=\"elementor-element elementor-element-a54195f e-con-full e-flex e-con e-child\" data-id=\"a54195f\" data-element_type=\"container\" data-e-type=\"container\">\n\t\t<div class=\"elementor-element elementor-element-071f199 e-con-full e-flex e-con e-child\" data-id=\"071f199\" data-element_type=\"container\" data-e-type=\"container\">\n\t\t\t\t<div class=\"elementor-element elementor-element-e4ff6a8 elementor-widget elementor-widget-text-editor\" data-id=\"e4ff6a8\" data-element_type=\"widget\" data-e-type=\"widget\" data-widget_type=\"text-editor.default\">\n\t\t\t\t\t\t\t\t\t<p>Banni\u00e8re horizontale : le logo doit \u00eatre plac\u00e9 en haut \u00e0 gauche et visible sur au moins 15 pixels.<\/p>\t\t\t\t\t\t\t\t<\/div>\n\t\t\t\t<\/div>\n\t\t\t\t<\/div>\n\t\t\t\t\t<\/div>\n\t\t\t\t<\/div>\n\t\t\t\t<\/div>","protected":false},"excerpt":{"rendered":"<p>KFA2 LOGO GUIDELINES KFA2 LogoDownload KFA2 Logo(.ai)Download The KFA2 logo establishes the company\u2019s presence and should appear on all communication materials from the company. Following these guidelines will guarantee that the logo is used correctly. The position, size, color, proportions, and spatial relationships of the KFA2 logo may not be altered. Always use the approved [&hellip;]<\/p>\n","protected":false},"author":249214840,"featured_media":20895,"parent":0,"menu_order":0,"comment_status":"closed","ping_status":"open","template":"elementor_header_footer","meta":{"_acf_changed":false,"footnotes":""},"class_list":["post-22555","page","type-page","status-publish","has-post-thumbnail","hentry"],"acf":[],"_links":{"self":[{"href":"https:\/\/staging.kfa2.com\/fr\/wp-json\/wp\/v2\/pages\/22555","targetHints":{"allow":["GET"]}}],"collection":[{"href":"https:\/\/staging.kfa2.com\/fr\/wp-json\/wp\/v2\/pages"}],"about":[{"href":"https:\/\/staging.kfa2.com\/fr\/wp-json\/wp\/v2\/types\/page"}],"author":[{"embeddable":true,"href":"https:\/\/staging.kfa2.com\/fr\/wp-json\/wp\/v2\/users\/249214840"}],"replies":[{"embeddable":true,"href":"https:\/\/staging.kfa2.com\/fr\/wp-json\/wp\/v2\/comments?post=22555"}],"version-history":[{"count":3,"href":"https:\/\/staging.kfa2.com\/fr\/wp-json\/wp\/v2\/pages\/22555\/revisions"}],"predecessor-version":[{"id":22649,"href":"https:\/\/staging.kfa2.com\/fr\/wp-json\/wp\/v2\/pages\/22555\/revisions\/22649"}],"wp:featuredmedia":[{"embeddable":true,"href":"https:\/\/staging.kfa2.com\/fr\/wp-json\/wp\/v2\/media\/20895"}],"wp:attachment":[{"href":"https:\/\/staging.kfa2.com\/fr\/wp-json\/wp\/v2\/media?parent=22555"}],"curies":[{"name":"wp","href":"https:\/\/api.w.org\/{rel}","templated":true}]}}