{"id":8778,"date":"2024-12-12T17:13:54","date_gmt":"2024-12-12T09:13:54","guid":{"rendered":"https:\/\/staging.kfa2.com\/?page_id=8778"},"modified":"2025-10-09T20:10:14","modified_gmt":"2025-10-09T12:10:14","slug":"garantie","status":"publish","type":"page","link":"https:\/\/staging.kfa2.com\/fr\/warranty\/","title":{"rendered":"Garantie"},"content":{"rendered":"<div data-elementor-type=\"wp-page\" data-elementor-id=\"8778\" class=\"elementor elementor-8778\" data-elementor-post-type=\"page\">\n\t\t\t\t<div class=\"elementor-element elementor-element-64635ae light-background e-flex e-con-boxed e-con e-parent\" data-id=\"64635ae\" data-element_type=\"container\" data-e-type=\"container\">\n\t\t\t\t\t<div class=\"e-con-inner\">\n\t\t\t\t<div class=\"elementor-element elementor-element-a6069fd elementor-widget elementor-widget-dyncontel-acf\" data-id=\"a6069fd\" data-element_type=\"widget\" data-e-type=\"widget\" data-settings=\"{&quot;acf_field_list&quot;:&quot;subtitle&quot;,&quot;enabled_visibility&quot;:&quot;yes&quot;,&quot;dce_visibility_selected&quot;:&quot;hide&quot;,&quot;acf_type&quot;:&quot;text&quot;}\" data-widget_type=\"dyncontel-acf.default\">\n\t\t\t\t<div class=\"elementor-widget-container\">\n\t\t\t\t\t<span class=\"dynamic-content-for-elementor-acf\">Garantie limit\u00e9e de la carte graphique (Europe)<\/span>\t\t\t\t<\/div>\n\t\t\t\t<\/div>\n\t\t\t\t<div class=\"elementor-element elementor-element-4fc7398 elementor-widget elementor-widget-text-editor\" data-id=\"4fc7398\" data-element_type=\"widget\" data-e-type=\"widget\" data-widget_type=\"text-editor.default\">\n\t\t\t\t\t\t\t\t\t<p>Garantie de la carte graphique KFA2 (Europe) Garantie limit\u00e9e<\/p>\n<p>KFA2 (Galaxy Microsystems Ltd ) (\"KFA2\") garantit par la pr\u00e9sente sa carte graphique pour diff\u00e9rentes r\u00e9gions avec diff\u00e9rentes conditions \u00e0 l'acheteur original (\"Acheteur\") et n'est pas transf\u00e9rable, sous r\u00e9serve de tous les termes et conditions sp\u00e9cifi\u00e9s dans le pr\u00e9sent document. Cette garantie ne s'applique pas aux ventes aux ench\u00e8res, \u00e0 eBay, aux revendeurs non autoris\u00e9s, \u00e0 l'achat de produits d'occasion ou physiquement alt\u00e9r\u00e9s ou modifi\u00e9s. La seule obligation de KFA2 dans le cadre de cette garantie est de remplacer ou, \u00e0 sa discr\u00e9tion, de r\u00e9parer gratuitement toutes les pi\u00e8ces d\u00e9fectueuses du produit.<\/p>\n<p>Ce qui n'est pas couvert par la garantie limit\u00e9e du KFA2 :<\/p>\n<ul>\n<li>N'a pas \u00e9t\u00e9 install\u00e9 conform\u00e9ment aux instructions du KFA2 ;<\/li>\n<li>A \u00e9t\u00e9 endommag\u00e9 lors de l'installation ou du retrait de l'ordinateur ;<\/li>\n<li>a \u00e9t\u00e9 endommag\u00e9 par un logiciel ou du mat\u00e9riel, y compris une incompatibilit\u00e9 de logiciel ou de mat\u00e9riel ;<\/li>\n<li>N'a pas \u00e9t\u00e9 entretenu et utilis\u00e9 dans des conditions normales d'utilisation conform\u00e9ment aux sp\u00e9cifications du KFA2 ;<\/li>\n<li>A \u00e9t\u00e9 endommag\u00e9 par un overclocking ou une modification par quelqu'un d'autre que KFA2.<\/li>\n<li>Vous n'\u00eates pas l'acheteur d'origine et vous avez fourni une preuve d'achat attestant la date d'achat (ticket de caisse ou facture), le lieu d'achat, le prix d'achat, le num\u00e9ro d'article ou l'identifiant, ainsi que l'emballage et les accessoires d'origine.<\/li>\n<li>Les produits modifi\u00e9s en dehors des sp\u00e9cifications d'usine et\/ou qui ne sont pas dans l'\u00e9tat d'origine.<\/li>\n<li>Les produits dont le num\u00e9ro de s\u00e9rie et\/ou les \u00e9tiquettes d'identification de l'usine ont \u00e9t\u00e9 modifi\u00e9s, qu'ils aient \u00e9t\u00e9 enlev\u00e9s, d\u00e9plac\u00e9s, falsifi\u00e9s, d\u00e9grad\u00e9s, endommag\u00e9s, modifi\u00e9s ou rendus illisibles.<\/li>\n<li>Dommages au circuit imprim\u00e9 (PCB), qu'il soit coup\u00e9, ray\u00e9, d\u00e9form\u00e9, pli\u00e9, fissur\u00e9, bossel\u00e9 ou cass\u00e9.<\/li>\n<li>Tout dommage aux composants, au mat\u00e9riel et\/ou \u00e0 l'assemblage des Produits, y compris, mais sans s'y limiter, les dommages caus\u00e9s \u00e0 la suite d'une n\u00e9gligence, d'un abus, d'un accident, d'une mauvaise utilisation ou d'une contrainte physique, \u00e9lectrique ou \u00e9lectrom\u00e9canique inhabituelle (y compris en raison d'une utilisation ininterrompue des Produits, ou d'une utilisation des Produits pour le traitement de la blockchain, le minage de crypto-monnaies, ou \u00e0 des fins similaires).<\/li>\n<li>Tout mat\u00e9riel, composant et\/ou assemblage manquant du produit.<\/li>\n<li>Les dommages cosm\u00e9tiques consid\u00e9r\u00e9s comme ne relevant pas d'une utilisation raisonnable et caus\u00e9s par des rayures profondes, des coupures, des fissures, des bosses, une d\u00e9coloration, une n\u00e9gligence, une chute ou une mauvaise manipulation du produit.<\/li>\n<li>Produits expos\u00e9s \u00e0 des liquides, \u00e0 des r\u00e9sidus de liquides ou \u00e0 des environnements excessivement humides entra\u00eenant de la rouille, de l'humidit\u00e9, des taches, de la corrosion ou des d\u00e9versements de liquides sur les composants, le mat\u00e9riel ou l'\u00e9lectronique. Br\u00fblures ou inflammations de composants \u00e0 la suite d'un accident ou d'un d\u00e9versement de liquide.<\/li>\n<li>Utilisation directe de peinture, immersion de la carte graphique dans l'huile, utilisation d'adh\u00e9sifs ou de colles sur n'importe quelle partie du produit, utilisation de soudure sur le circuit imprim\u00e9, modification de l'\u00e9lectronique et\/ou des composants.<\/li>\n<li>Exposition \u00e0 des r\u00e9sidus de goudron de cigarette, \u00e0 l'humidit\u00e9, au sable, \u00e0 la salet\u00e9 ou \u00e0 des d\u00e9bris excessifs.<\/li>\n<li>Les produits qui ne fonctionnent plus en raison d'un accident, d'une collision avec un objet ou un outil, de l'utilisation d'une force excessive, d'une n\u00e9gligence, d'une exposition au feu ou \u00e0 une chaleur anormale, d'une inondation, de la salet\u00e9, d'une temp\u00eate de vent, de la foudre, d'un tremblement de terre, de conditions m\u00e9t\u00e9orologiques excessives ou d'autres catastrophes naturelles, d'un vol, de fusibles grill\u00e9s, d'une mauvaise utilisation d'une source \u00e9lectrique ou de circuits \u00e9lectriques surcharg\u00e9s.<\/li>\n<li>Les d\u00e9fauts ou dommages r\u00e9sultant de l'utilisation d'un produit tiers en conjonction ou en connexion avec des accessoires, produits, logiciels ou \u00e9quipements p\u00e9riph\u00e9riques secondaires non fournis pour l'utilisation avec le produit ou approuv\u00e9s pour le produit par KFA2.<\/li>\n<li>D\u00e9fauts ou dommages r\u00e9sultant d'un essai, d'un fonctionnement, d'un entretien, d'une installation, d'un service ou d'un r\u00e9glage inappropri\u00e9 non fourni ou approuv\u00e9 par le KFA2.<\/li>\n<li>L'utilisation d'un emballage inad\u00e9quat pour l'exp\u00e9dition ou l'utilisation d'un mat\u00e9riel d'emballage inad\u00e9quat entra\u00eenant des dommages au produit pendant le transport par le service de messagerie de l'acheteur initial.<\/li>\n<li>Toute modification non autoris\u00e9e du BIOS ou du micrologiciel des produits qui ne disposent pas d'une option BIOS multiple peut entra\u00eener la nullit\u00e9 de la pr\u00e9sente garantie.<\/li>\n<li>Les produits achet\u00e9s aupr\u00e8s de revendeurs ou de concessionnaires non autoris\u00e9s, ce qui inclut, sans s'y limiter, les places de march\u00e9 en ligne telles qu'Amazon, eBay, et d'autres sites d'ench\u00e8res en ligne et\/ou de places de march\u00e9. Si vous n'\u00eates pas s\u00fbr qu'un revendeur soit un revendeur agr\u00e9\u00e9, veuillez contacter KFA2 pour confirmation.<\/li>\n<\/ul>\n<p>La garantie ne s'applique pas lorsque le(s) produit(s) est (sont) utilis\u00e9(s) \u00e0 un degr\u00e9 quelconque, en dehors de l'utilisation normale pr\u00e9vue, ce qui inclut mais ne se limite pas au \"MINING\" (par exemple, Cryptocurrency, Data Mining, Mining Farms)\".<\/p>\n<p>Cryptocurrency, Data Mining, fermes mini\u00e8res<br \/>\nLa garantie ne s'applique pas lorsque le(s) produit(s) est (sont) utilis\u00e9(s) \u00e0 un degr\u00e9 quelconque, en dehors de l'utilisation normale pr\u00e9vue. Tout dommage aux composants, au mat\u00e9riel et\/ou \u00e0 l'assemblage des produits, y compris, mais sans s'y limiter, les dommages caus\u00e9s \u00e0 la suite d'une n\u00e9gligence, d'un abus, d'un accident, d'une mauvaise utilisation ou d'une contrainte physique, \u00e9lectrique ou \u00e9lectrom\u00e9canique inhabituelle (y compris en raison d'une utilisation ininterrompue des produits, ou d'une utilisation des produits pour le traitement de la blockchain, le minage de crypto-monnaies, ou \u00e0 des fins similaires).<\/p>\n<p><b>LES PRODUITS KFA2 NE SONT PAS CON\u00c7US, FABRIQU\u00c9S OU DESTIN\u00c9S \u00c0 (I) UNE UTILISATION ININTERROMPUE, OU (II) UNE UTILISATION EN LIEN AVEC LE TRAITEMENT DE LA BLOCKCHAIN, LE MINAGE DE CRYPTO-MONNAIES OU \u00c0 DES FINS SIMILAIRES.<\/b><\/p>\n<p>Toute modification apport\u00e9e au produit doit \u00eatre annul\u00e9e avant d'\u00eatre renvoy\u00e9e \u00e0 KFA2 pour b\u00e9n\u00e9ficier de la garantie. Le produit doit \u00eatre dans son \u00e9tat d'origine pour b\u00e9n\u00e9ficier du service de garantie. La d\u00e9termination des dommages ou des d\u00e9fauts r\u00e9sultant de toute modification ou de l'overclocking par l'acheteur sera \u00e0 la seule discr\u00e9tion de KFA2. Tous les frais li\u00e9s \u00e0 la modification seront \u00e0 la charge de l'acheteur.<\/p>\n<p>Les frais de retour peuvent, \u00e0 la seule discr\u00e9tion de KFA2, \u00eatre \u00e0 la charge de l'acheteur si le produit n'est pas couvert par la garantie.<\/p>\n<p>CETTE GARANTIE REMPLACE TOUTE AUTRE GARANTIE, EXPRESSE OU IMPLICITE, Y COMPRIS, MAIS SANS S'Y LIMITER, TOUTE GARANTIE DE QUALIT\u00c9 MARCHANDE OU D'AD\u00c9QUATION \u00c0 UN USAGE PARTICULIER OU DE TITRE CONTRE LA CONTREFA\u00c7ON, LESQUELLES AUTRES GARANTIES SONT EXPRESS\u00c9MENT EXCLUES ET REJET\u00c9ES. KFA2 NE SERA PAS RESPONSABLE DES PERTES DE B\u00c9N\u00c9FICES OU DES DOMMAGES SP\u00c9CIAUX, ACCESSOIRES, EXEMPLAIRES, CONS\u00c9CUTIFS OU PUNITIFS QUE L'ACHETEUR OU UN TIERS POURRAIT SUBIR, M\u00caME SI KFA2 A \u00c9T\u00c9 INFORM\u00c9E DE LA POSSIBILIT\u00c9 DE TELLES PERTES OU DE TELS DOMMAGES. LA RESPONSABILIT\u00c9 DE KFA2 NE PEUT EN AUCUN CAS D\u00c9PASSER LE PRIX D'ACHAT DU PRODUIT D\u00c9FECTUEUX.<\/p>\n<p>L'acheteur reconna\u00eet que les produits vendus par le KFA2 sont utilis\u00e9s ou incorpor\u00e9s dans d'autres produits ou syst\u00e8mes, et que la s\u00e9curit\u00e9 finale de ces produits ou syst\u00e8mes rel\u00e8ve de la seule responsabilit\u00e9 de l'acheteur. L'acheteur assume tous les risques et toutes les responsabilit\u00e9s li\u00e9s \u00e0 l'utilisation des produits KFA2 dans d'autres produits ou syst\u00e8mes. L'acheteur accepte que lui-m\u00eame et\/ou ses clients sont seuls responsables et acceptent que l'utilisation des produits du KFA2 \u00e0 toute fin li\u00e9e \u00e0 ces services ou autre ne peut en aucune mani\u00e8re \u00eatre contr\u00f4l\u00e9e par le KFA2, et l'acheteur ou ses clients sont responsables de la v\u00e9rification de l'exactitude et de l'exhaustivit\u00e9 de toute information contenue dans les produits du KFA2, introduite ou utilis\u00e9e en relation avec ces derniers. L'acheteur assume tous les risques et toutes les responsabilit\u00e9s li\u00e9s \u00e0 l'utilisation des produits KFA2 dans d'autres produits ou syst\u00e8mes. Les produits et\/ou syst\u00e8mes de tiers, y compris, mais sans s'y limiter, les cartes m\u00e8res et autres composants du syst\u00e8me, ne sont pas couverts par la pr\u00e9sente garantie. En aucun cas, le KFA2 ne sera responsable des dommages de toute nature subis par l'acheteur, tout client de l'acheteur ou d'autres personnes dans le cadre d'un proc\u00e8s, d'une r\u00e9clamation ou d'une demande d\u00e9coulant de l'utilisation des produits du KFA2.<\/p>\n<p>CERTAINS PAYS EUROP\u00c9ENS N'AUTORISENT PAS L'EXCLUSION OU LA LIMITATION DES DOMMAGES ACCESSOIRES OU INDIRECTS, DE SORTE QUE CES LIMITATIONS PEUVENT NE PAS S'APPLIQUER \u00c0 VOUS. CETTE GARANTIE VOUS DONNE DES DROITS L\u00c9GAUX SP\u00c9CIFIQUES ET VOUS POUVEZ \u00c9GALEMENT AVOIR D'AUTRES DROITS QUI VARIENT D'UN PAYS \u00c0 L'AUTRE. CETTE GARANTIE NE PEUT \u00caTRE \u00c9TENDUE, MODIFI\u00c9E OU CHANG\u00c9E QUE PAR UN INSTRUMENT \u00c9CRIT D\u00dbMENT SIGN\u00c9 PAR KFA2.<\/p>\n<p>La couverture de la garantie n\u00e9cessite une preuve d'achat attestant de la date d'achat (ticket de caisse ou facture), du lieu d'achat, du prix d'achat, du num\u00e9ro ou de l'identification de l'article, ainsi que de l'emballage et des accessoires d'origine. Pour obtenir un service de garantie pendant la p\u00e9riode de garantie, contactez le revendeur\/distributeur local.<\/p>\n<p>L'acheteur paie les frais d'exp\u00e9dition du produit \u00e0 KFA2 pour l'application de la garantie. Le client assume le risque de perte (assurance contre la perte ou les dommages) pendant le transport et les produits retourn\u00e9s deviennent la propri\u00e9t\u00e9 exclusive de KFA2. KFA2 garantit que les produits r\u00e9par\u00e9s ou remplac\u00e9s sont exempts de d\u00e9fauts de mat\u00e9riaux ou de fabrication pour le reste de la p\u00e9riode de garantie du produit d'origine.<\/p>\n<p>KFA2 se r\u00e9serve le droit d'inspecter et de v\u00e9rifier la d\u00e9fectuosit\u00e9 de tout produit retourn\u00e9.<\/p>\n<p>Les frais d'exp\u00e9dition pour le retour \u00e0 l'acheteur d'un produit r\u00e9par\u00e9 ou de remplacement sont \u00e0 la charge de KFA2. Les produits r\u00e9par\u00e9s ou de remplacement seront exp\u00e9di\u00e9s par l'interm\u00e9diaire d'un service de messagerie s\u00e9lectionn\u00e9.<\/p>\n<p>La garantie s'applique aux produits achet\u00e9s aupr\u00e8s de revendeurs agr\u00e9\u00e9s<\/p>\n<p>KFA2 se r\u00e9serve le droit de modifier les termes et conditions de cette politique sans pr\u00e9avis. Veuillez marquer cette page d'un signet et la consulter \u00e0 nouveau pour prendre connaissance de la politique de garantie actuelle.<\/p>\n\t\t\t\t\t\t\t\t<\/div>\n\t\t\t\t\t<\/div>\n\t\t\t\t<\/div>\n\t\t<div class=\"elementor-element elementor-element-a6a69aa e-con-full e-flex e-con e-parent\" data-id=\"a6a69aa\" data-element_type=\"container\" data-e-type=\"container\">\n\t\t\t\t<\/div>\n\t\t\t\t<\/div>","protected":false},"excerpt":{"rendered":"<p>Garantie limit\u00e9e de la carte graphique (Europe)<\/p>","protected":false},"author":249214822,"featured_media":0,"parent":0,"menu_order":0,"comment_status":"closed","ping_status":"closed","template":"elementor_header_footer","meta":{"_acf_changed":false,"footnotes":""},"class_list":["post-8778","page","type-page","status-publish","hentry"],"acf":[],"_links":{"self":[{"href":"https:\/\/staging.kfa2.com\/fr\/wp-json\/wp\/v2\/pages\/8778","targetHints":{"allow":["GET"]}}],"collection":[{"href":"https:\/\/staging.kfa2.com\/fr\/wp-json\/wp\/v2\/pages"}],"about":[{"href":"https:\/\/staging.kfa2.com\/fr\/wp-json\/wp\/v2\/types\/page"}],"author":[{"embeddable":true,"href":"https:\/\/staging.kfa2.com\/fr\/wp-json\/wp\/v2\/users\/249214822"}],"replies":[{"embeddable":true,"href":"https:\/\/staging.kfa2.com\/fr\/wp-json\/wp\/v2\/comments?post=8778"}],"version-history":[{"count":0,"href":"https:\/\/staging.kfa2.com\/fr\/wp-json\/wp\/v2\/pages\/8778\/revisions"}],"wp:attachment":[{"href":"https:\/\/staging.kfa2.com\/fr\/wp-json\/wp\/v2\/media?parent=8778"}],"curies":[{"name":"wp","href":"https:\/\/api.w.org\/{rel}","templated":true}]}}