{"id":1,"date":"2024-08-15T06:53:01","date_gmt":"2024-08-15T06:53:01","guid":{"rendered":"https:\/\/staging.kfa2.com\/?page_id=1"},"modified":"2025-10-27T00:59:39","modified_gmt":"2025-10-26T16:59:39","slug":"about","status":"publish","type":"page","link":"https:\/\/staging.kfa2.com\/pl\/about\/","title":{"rendered":"O KFA2"},"content":{"rendered":"<div data-elementor-type=\"wp-page\" data-elementor-id=\"1\" class=\"elementor elementor-1\" data-elementor-post-type=\"page\">\n\t\t\t\t<div class=\"elementor-element elementor-element-dcff137 e-con-full light-background e-flex e-con e-parent\" data-id=\"dcff137\" data-element_type=\"container\" data-e-type=\"container\">\n\t\t\t\t<div class=\"elementor-element elementor-element-3dbbe5a elementor-widget__width-inherit dce_masking-none elementor-widget elementor-widget-image\" data-id=\"3dbbe5a\" data-element_type=\"widget\" data-e-type=\"widget\" data-widget_type=\"image.default\">\n\t\t\t\t\t\t\t\t\t\t\t\t\t\t\t<img fetchpriority=\"high\" decoding=\"async\" width=\"800\" height=\"377\" src=\"https:\/\/staging.kfa2.com\/wp-content\/uploads\/2025\/07\/DoorBanner_B01-1-aboutus-2-1024x482.jpg\" class=\"attachment-large size-large wp-image-20896\" alt=\"\" srcset=\"https:\/\/staging.kfa2.com\/wp-content\/uploads\/2025\/07\/DoorBanner_B01-1-aboutus-2-1024x482.jpg 1024w, https:\/\/staging.kfa2.com\/wp-content\/uploads\/2025\/07\/DoorBanner_B01-1-aboutus-2-500x235.jpg 500w, https:\/\/staging.kfa2.com\/wp-content\/uploads\/2025\/07\/DoorBanner_B01-1-aboutus-2-768x362.jpg 768w, https:\/\/staging.kfa2.com\/wp-content\/uploads\/2025\/07\/DoorBanner_B01-1-aboutus-2-1536x723.jpg 1536w, https:\/\/staging.kfa2.com\/wp-content\/uploads\/2025\/07\/DoorBanner_B01-1-aboutus-2-2048x964.jpg 2048w, https:\/\/staging.kfa2.com\/wp-content\/uploads\/2025\/07\/DoorBanner_B01-1-aboutus-2-18x8.jpg 18w, https:\/\/staging.kfa2.com\/wp-content\/uploads\/2025\/07\/DoorBanner_B01-1-aboutus-2-600x282.jpg 600w\" sizes=\"(max-width: 800px) 100vw, 800px\" \/>\t\t\t\t\t\t\t\t\t\t\t\t\t\t\t<\/div>\n\t\t\t\t<\/div>\n\t\t<div class=\"elementor-element elementor-element-0b3fce4 e-flex e-con-boxed e-con e-parent\" data-id=\"0b3fce4\" data-element_type=\"container\" data-e-type=\"container\">\n\t\t\t\t\t<div class=\"e-con-inner\">\n\t\t\t\t<div class=\"elementor-element elementor-element-755212b elementor-widget elementor-widget-text-editor\" data-id=\"755212b\" data-element_type=\"widget\" data-e-type=\"widget\" data-widget_type=\"text-editor.default\">\n\t\t\t\t\t\t\t\t\t<h2><strong>O NAS<\/strong><\/h2>\t\t\t\t\t\t\t\t<\/div>\n\t\t\t\t\t<\/div>\n\t\t\t\t<\/div>\n\t\t<div class=\"elementor-element elementor-element-39bab59 e-flex e-con-boxed e-con e-parent\" data-id=\"39bab59\" data-element_type=\"container\" data-e-type=\"container\">\n\t\t\t\t\t<div class=\"e-con-inner\">\n\t\t<div class=\"elementor-element elementor-element-209afdc e-con-full e-flex e-con e-child\" data-id=\"209afdc\" data-element_type=\"container\" data-e-type=\"container\">\n\t\t\t\t<div class=\"elementor-element elementor-element-ed442c4 elementor-widget elementor-widget-text-editor\" data-id=\"ed442c4\" data-element_type=\"widget\" data-e-type=\"widget\" data-widget_type=\"text-editor.default\">\n\t\t\t\t\t\t\t\t\t<p class=\"MsoNormal\">Za\u0142o\u017cona w 2011 roku firma KFA2 jest zaanga\u017cowana w dostarczanie najnowocze\u015bniejszego sprz\u0119tu komputerowego, kt\u00f3ry spe\u0142nia wymagania szybko rozwijaj\u0105cego si\u0119 rynku globalnego. Dzi\u0119ki wsp\u00f3\u0142pracy z utalentowanym zespo\u0142em badawczo-rozwojowym i projektowym, KFA2 zbudowa\u0142a siln\u0105 reputacj\u0119 w zakresie tworzenia zaawansowanych rozwi\u0105za\u0144 sprz\u0119towych dla komputer\u00f3w. Firma specjalizuje si\u0119 w kartach graficznych \u015bredniej i wysokiej klasy, kt\u00f3re zapewniaj\u0105 wyj\u0105tkow\u0105 wydajno\u015b\u0107 tw\u00f3rcom tre\u015bci i programistom, a tak\u017ce w szerokiej gamie akcesori\u00f3w komputerowych, w tym obudowach PC, ch\u0142odzeniach procesora AIO, monitorach, myszach i zestawach s\u0142uchawkowych. Produkty te pozwalaj\u0105 u\u017cytkownikom w pe\u0142ni wykorzysta\u0107 najnowocze\u015bniejsz\u0105 technologi\u0119 sztucznej inteligencji, rewolucjonizuj\u0105c wra\u017cenia z gier i przep\u0142ywy pracy dzi\u0119ki niezr\u00f3wnanej wydajno\u015bci i efektywno\u015bci.<\/p>\t\t\t\t\t\t\t\t<\/div>\n\t\t\t\t<\/div>\n\t\t<div class=\"elementor-element elementor-element-bc7d8b4 e-con-full e-flex e-con e-child\" data-id=\"bc7d8b4\" data-element_type=\"container\" data-e-type=\"container\">\n\t\t\t\t<div class=\"elementor-element elementor-element-b77bf66 dce_masking-none elementor-widget elementor-widget-image\" data-id=\"b77bf66\" data-element_type=\"widget\" data-e-type=\"widget\" data-widget_type=\"image.default\">\n\t\t\t\t\t\t\t\t\t\t\t\t\t\t\t<img decoding=\"async\" width=\"800\" height=\"800\" src=\"https:\/\/staging.kfa2.com\/wp-content\/uploads\/2025\/07\/aboutus-logo.jpg\" class=\"attachment-large size-large wp-image-20924\" alt=\"\" srcset=\"https:\/\/staging.kfa2.com\/wp-content\/uploads\/2025\/07\/aboutus-logo.jpg 1000w, https:\/\/staging.kfa2.com\/wp-content\/uploads\/2025\/07\/aboutus-logo-500x500.jpg 500w, https:\/\/staging.kfa2.com\/wp-content\/uploads\/2025\/07\/aboutus-logo-150x150.jpg 150w, https:\/\/staging.kfa2.com\/wp-content\/uploads\/2025\/07\/aboutus-logo-768x768.jpg 768w, https:\/\/staging.kfa2.com\/wp-content\/uploads\/2025\/07\/aboutus-logo-12x12.jpg 12w, https:\/\/staging.kfa2.com\/wp-content\/uploads\/2025\/07\/aboutus-logo-300x300.jpg 300w, https:\/\/staging.kfa2.com\/wp-content\/uploads\/2025\/07\/aboutus-logo-600x600.jpg 600w, https:\/\/staging.kfa2.com\/wp-content\/uploads\/2025\/07\/aboutus-logo-100x100.jpg 100w\" sizes=\"(max-width: 800px) 100vw, 800px\" \/>\t\t\t\t\t\t\t\t\t\t\t\t\t\t\t<\/div>\n\t\t\t\t<\/div>\n\t\t\t\t\t<\/div>\n\t\t\t\t<\/div>\n\t\t<div class=\"elementor-element elementor-element-e92eb96 e-flex e-con-boxed e-con e-parent\" data-id=\"e92eb96\" data-element_type=\"container\" data-e-type=\"container\">\n\t\t\t\t\t<div class=\"e-con-inner\">\n\t\t\t\t<div class=\"elementor-element elementor-element-9a267a5 dce_masking-none elementor-widget elementor-widget-image\" data-id=\"9a267a5\" data-element_type=\"widget\" data-e-type=\"widget\" data-widget_type=\"image.default\">\n\t\t\t\t\t\t\t\t\t\t\t\t\t\t\t<img decoding=\"async\" width=\"800\" height=\"381\" src=\"https:\/\/staging.kfa2.com\/wp-content\/uploads\/2025\/07\/UKR_4281_2048px-K2-2-1024x488.jpg\" class=\"attachment-large size-large wp-image-20910\" alt=\"aboutus-xt\" srcset=\"https:\/\/staging.kfa2.com\/wp-content\/uploads\/2025\/07\/UKR_4281_2048px-K2-2-1024x488.jpg 1024w, https:\/\/staging.kfa2.com\/wp-content\/uploads\/2025\/07\/UKR_4281_2048px-K2-2-500x238.jpg 500w, https:\/\/staging.kfa2.com\/wp-content\/uploads\/2025\/07\/UKR_4281_2048px-K2-2-768x366.jpg 768w, https:\/\/staging.kfa2.com\/wp-content\/uploads\/2025\/07\/UKR_4281_2048px-K2-2-1536x731.jpg 1536w, https:\/\/staging.kfa2.com\/wp-content\/uploads\/2025\/07\/UKR_4281_2048px-K2-2-18x9.jpg 18w, https:\/\/staging.kfa2.com\/wp-content\/uploads\/2025\/07\/UKR_4281_2048px-K2-2-600x286.jpg 600w, https:\/\/staging.kfa2.com\/wp-content\/uploads\/2025\/07\/UKR_4281_2048px-K2-2.jpg 2048w\" sizes=\"(max-width: 800px) 100vw, 800px\" \/>\t\t\t\t\t\t\t\t\t\t\t\t\t\t\t<\/div>\n\t\t\t\t<div class=\"elementor-element elementor-element-e594531 elementor-widget elementor-widget-text-editor\" data-id=\"e594531\" data-element_type=\"widget\" data-e-type=\"widget\" data-widget_type=\"text-editor.default\">\n\t\t\t\t\t\t\t\t\t<p class=\"MsoNormal\">Kieruj\u0105c si\u0119 nieustannym zaanga\u017cowaniem w dostarczanie klientom najnowszych osi\u0105gni\u0119\u0107 technologicznych, firma KFA2 zaktualizowa\u0142a swoj\u0105 aplikacj\u0119 Xtreme Tuner do obs\u0142ugi bezprzewodowej personalizacji wielu procesor\u00f3w graficznych za po\u015brednictwem urz\u0105dze\u0144 mobilnych. Aplikacja ta oferuje monitorowanie GPU w czasie rzeczywistym, zdaln\u0105 regulacj\u0119 pr\u0119dko\u015bci wentylator\u00f3w, dostosowywanie efekt\u00f3w ARGB i podkr\u0119canie GPU za pomoc\u0105 ekskluzywnej funkcji OC 1-Click - wszystko to z poziomu smartfona.<\/p>\t\t\t\t\t\t\t\t<\/div>\n\t\t\t\t\t<\/div>\n\t\t\t\t<\/div>\n\t\t<div class=\"elementor-element elementor-element-1771fc4 e-flex e-con-boxed e-con e-parent\" data-id=\"1771fc4\" data-element_type=\"container\" data-e-type=\"container\">\n\t\t\t\t\t<div class=\"e-con-inner\">\n\t\t<div class=\"elementor-element elementor-element-f335528 e-con-full e-flex e-con e-child\" data-id=\"f335528\" data-element_type=\"container\" data-e-type=\"container\">\n\t\t\t\t<div class=\"elementor-element elementor-element-9b5e1b2 dce_masking-none elementor-widget elementor-widget-image\" data-id=\"9b5e1b2\" data-element_type=\"widget\" data-e-type=\"widget\" data-widget_type=\"image.default\">\n\t\t\t\t\t\t\t\t\t\t\t\t\t\t\t<img loading=\"lazy\" decoding=\"async\" width=\"800\" height=\"1000\" src=\"https:\/\/staging.kfa2.com\/wp-content\/uploads\/2025\/07\/aboutus-gpu-819x1024.jpg\" class=\"attachment-large size-large wp-image-20897\" alt=\"\" srcset=\"https:\/\/staging.kfa2.com\/wp-content\/uploads\/2025\/07\/aboutus-gpu-819x1024.jpg 819w, https:\/\/staging.kfa2.com\/wp-content\/uploads\/2025\/07\/aboutus-gpu-400x500.jpg 400w, https:\/\/staging.kfa2.com\/wp-content\/uploads\/2025\/07\/aboutus-gpu-768x960.jpg 768w, https:\/\/staging.kfa2.com\/wp-content\/uploads\/2025\/07\/aboutus-gpu-1229x1536.jpg 1229w, https:\/\/staging.kfa2.com\/wp-content\/uploads\/2025\/07\/aboutus-gpu-10x12.jpg 10w, https:\/\/staging.kfa2.com\/wp-content\/uploads\/2025\/07\/aboutus-gpu-600x750.jpg 600w, https:\/\/staging.kfa2.com\/wp-content\/uploads\/2025\/07\/aboutus-gpu.jpg 1400w\" sizes=\"(max-width: 800px) 100vw, 800px\" \/>\t\t\t\t\t\t\t\t\t\t\t\t\t\t\t<\/div>\n\t\t\t\t<\/div>\n\t\t<div class=\"elementor-element elementor-element-4675174 e-con-full e-flex e-con e-child\" data-id=\"4675174\" data-element_type=\"container\" data-e-type=\"container\">\n\t\t<div class=\"elementor-element elementor-element-1e9b5d5 e-con-full e-flex e-con e-child\" data-id=\"1e9b5d5\" data-element_type=\"container\" data-e-type=\"container\">\n\t\t\t\t<div class=\"elementor-element elementor-element-fd69005 dce_masking-none elementor-widget elementor-widget-image\" data-id=\"fd69005\" data-element_type=\"widget\" data-e-type=\"widget\" data-widget_type=\"image.default\">\n\t\t\t\t\t\t\t\t\t\t\t\t\t\t\t<img loading=\"lazy\" decoding=\"async\" width=\"800\" height=\"533\" src=\"https:\/\/staging.kfa2.com\/wp-content\/uploads\/2025\/07\/aboutus-hof-1024x682.jpg\" class=\"attachment-large size-large wp-image-20919\" alt=\"\" srcset=\"https:\/\/staging.kfa2.com\/wp-content\/uploads\/2025\/07\/aboutus-hof-1024x682.jpg 1024w, https:\/\/staging.kfa2.com\/wp-content\/uploads\/2025\/07\/aboutus-hof-500x333.jpg 500w, https:\/\/staging.kfa2.com\/wp-content\/uploads\/2025\/07\/aboutus-hof-768x512.jpg 768w, https:\/\/staging.kfa2.com\/wp-content\/uploads\/2025\/07\/aboutus-hof-1536x1024.jpg 1536w, https:\/\/staging.kfa2.com\/wp-content\/uploads\/2025\/07\/aboutus-hof-18x12.jpg 18w, https:\/\/staging.kfa2.com\/wp-content\/uploads\/2025\/07\/aboutus-hof-600x400.jpg 600w, https:\/\/staging.kfa2.com\/wp-content\/uploads\/2025\/07\/aboutus-hof.jpg 2000w\" sizes=\"(max-width: 800px) 100vw, 800px\" \/>\t\t\t\t\t\t\t\t\t\t\t\t\t\t\t<\/div>\n\t\t\t\t<\/div>\n\t\t<div class=\"elementor-element elementor-element-0c4d5ca e-con-full e-flex e-con e-child\" data-id=\"0c4d5ca\" data-element_type=\"container\" data-e-type=\"container\">\n\t\t\t\t<div class=\"elementor-element elementor-element-db411b3 elementor-widget elementor-widget-text-editor\" data-id=\"db411b3\" data-element_type=\"widget\" data-e-type=\"widget\" data-widget_type=\"text-editor.default\">\n\t\t\t\t\t\t\t\t\t<p>W miar\u0119 jak KFA2 kontynuuje rozw\u00f3j wraz ze swoimi zaufanymi partnerami i klientami, partnerstwa te ewoluowa\u0142y w najbardziej uznan\u0105 przez krytyk\u00f3w i kultow\u0105 flagow\u0105 seri\u0119 \"Hall of Fame\". Seria HOF dedykowana jest entuzjastom overclockingu i zapalonym graczom. Od czasu debiutu w 2011 roku, bij\u0105ca \u015bwiatowe rekordy seria \"Hall of Fame\" otrzyma\u0142a presti\u017cowe nagrody z ca\u0142ego \u015bwiata, staj\u0105c si\u0119 jedn\u0105 z najbardziej polecanych i zaufanych serii kart graficznych przez graczy i entuzjast\u00f3w budowy komputer\u00f3w.<\/p>\t\t\t\t\t\t\t\t<\/div>\n\t\t\t\t<\/div>\n\t\t\t\t<\/div>\n\t\t\t\t\t<\/div>\n\t\t\t\t<\/div>\n\t\t<div class=\"elementor-element elementor-element-f9980eb e-flex e-con-boxed e-con e-parent\" data-id=\"f9980eb\" data-element_type=\"container\" data-e-type=\"container\">\n\t\t\t\t\t<div class=\"e-con-inner\">\n\t\t<div class=\"elementor-element elementor-element-b44e7ed e-con-full e-flex e-con e-child\" data-id=\"b44e7ed\" data-element_type=\"container\" data-e-type=\"container\">\n\t\t\t\t<div class=\"elementor-element elementor-element-cb6342e dce_masking-none elementor-widget elementor-widget-image\" data-id=\"cb6342e\" data-element_type=\"widget\" data-e-type=\"widget\" data-widget_type=\"image.default\">\n\t\t\t\t\t\t\t\t\t\t\t\t\t\t\t<img loading=\"lazy\" decoding=\"async\" width=\"800\" height=\"534\" src=\"https:\/\/staging.kfa2.com\/wp-content\/uploads\/2025\/07\/UKR_4245_2048px-1024x683.jpg\" class=\"attachment-large size-large wp-image-20920\" alt=\"\" srcset=\"https:\/\/staging.kfa2.com\/wp-content\/uploads\/2025\/07\/UKR_4245_2048px-1024x683.jpg 1024w, https:\/\/staging.kfa2.com\/wp-content\/uploads\/2025\/07\/UKR_4245_2048px-500x333.jpg 500w, https:\/\/staging.kfa2.com\/wp-content\/uploads\/2025\/07\/UKR_4245_2048px-768x512.jpg 768w, https:\/\/staging.kfa2.com\/wp-content\/uploads\/2025\/07\/UKR_4245_2048px-1536x1024.jpg 1536w, https:\/\/staging.kfa2.com\/wp-content\/uploads\/2025\/07\/UKR_4245_2048px-18x12.jpg 18w, https:\/\/staging.kfa2.com\/wp-content\/uploads\/2025\/07\/UKR_4245_2048px-600x400.jpg 600w, https:\/\/staging.kfa2.com\/wp-content\/uploads\/2025\/07\/UKR_4245_2048px.jpg 2048w\" sizes=\"(max-width: 800px) 100vw, 800px\" \/>\t\t\t\t\t\t\t\t\t\t\t\t\t\t\t<\/div>\n\t\t\t\t<\/div>\n\t\t<div class=\"elementor-element elementor-element-af7123c e-con-full e-flex e-con e-child\" data-id=\"af7123c\" data-element_type=\"container\" data-e-type=\"container\">\n\t\t\t\t<div class=\"elementor-element elementor-element-ab8e0b6 elementor-widget elementor-widget-text-editor\" data-id=\"ab8e0b6\" data-element_type=\"widget\" data-e-type=\"widget\" data-widget_type=\"text-editor.default\">\n\t\t\t\t\t\t\t\t\t<p>Z wizj\u0105 stworzenia najbardziej wci\u0105gaj\u0105cych wra\u017ce\u0144 z gry i wsp\u00f3lnie z elitarnymi graczami i tw\u00f3rcami tre\u015bci, KFA2 nadal bada nieograniczone mo\u017cliwo\u015bci tego, co b\u0119dzie dalej w \u015bwiecie gier i technologii AI, koncentruj\u0105c si\u0119 na rozwoju bran\u017cy.<\/p>\t\t\t\t\t\t\t\t<\/div>\n\t\t\t\t<\/div>\n\t\t\t\t\t<\/div>\n\t\t\t\t<\/div>\n\t\t<div class=\"elementor-element elementor-element-4b7c18e e-flex e-con-boxed e-con e-parent\" data-id=\"4b7c18e\" data-element_type=\"container\" data-e-type=\"container\">\n\t\t\t\t\t<div class=\"e-con-inner\">\n\t\t<div class=\"elementor-element elementor-element-cdce8ba e-con-full e-flex e-con e-child\" data-id=\"cdce8ba\" data-element_type=\"container\" data-e-type=\"container\">\n\t\t\t\t<div class=\"elementor-element elementor-element-5cfca4a elementor-widget elementor-widget-text-editor\" data-id=\"5cfca4a\" data-element_type=\"widget\" data-e-type=\"widget\" data-widget_type=\"text-editor.default\">\n\t\t\t\t\t\t\t\t\t<p>Kiedy wysi\u0142ki firm w zakresie odpowiedzialno\u015bci spo\u0142ecznej staj\u0105 si\u0119 cz\u0119\u015bci\u0105 kultury firmy, pracownicy to zauwa\u017caj\u0105. Jako organizacja, kt\u00f3rej spo\u0142ecze\u0144stwo le\u017cy na sercu, naszym celem jest podejmowanie wysi\u0142k\u00f3w na rzecz spo\u0142ecze\u0144stwa i d\u0105\u017cenie do tego, by by\u0107 liderem w czynieniu \u015bwiata lepszym miejscem.<\/p><p>Od 2017 r. firma KFA2 jest sukcesywnie nagradzana logo Caring Company przez Hong Kong Council of Social Service, a w 2022 r. KFA2 otrzyma\u0142a nawet logo Caring Company 5 Years Plus za ci\u0105g\u0142e zaanga\u017cowanie w promowanie dobrego obywatelstwa korporacyjnego i tworzenie lepszej spo\u0142eczno\u015bci. Od 2023 r. KFA2 otrzyma\u0142a ju\u017c certyfikat Caring Company Certificate na 7 kolejnych lat. Poniewa\u017c program Caring Company Scheme (Program) ma na celu wzmocnienie komunikacji mi\u0119dzy korporacjami a organizacjami \u015bwiadcz\u0105cymi us\u0142ugi spo\u0142eczne, stworzy to przestrze\u0144 do wsp\u00f3\u0142pracy w celu opracowania projekt\u00f3w mi\u0119dzysektorowych, kt\u00f3re koncentruj\u0105 si\u0119 na potrzebach spo\u0142eczno\u015bci.<\/p>\t\t\t\t\t\t\t\t<\/div>\n\t\t\t\t<\/div>\n\t\t<div class=\"elementor-element elementor-element-7060fa8 e-con-full e-flex e-con e-child\" data-id=\"7060fa8\" data-element_type=\"container\" data-e-type=\"container\">\n\t\t\t\t<div class=\"elementor-element elementor-element-f0e76e5 dce_masking-none elementor-widget elementor-widget-image\" data-id=\"f0e76e5\" data-element_type=\"widget\" data-e-type=\"widget\" data-widget_type=\"image.default\">\n\t\t\t\t\t\t\t\t\t\t\t\t\t\t\t<img loading=\"lazy\" decoding=\"async\" width=\"520\" height=\"261\" src=\"https:\/\/staging.kfa2.com\/wp-content\/uploads\/2025\/10\/caringcompany5plusyears.jpg\" class=\"attachment-large size-large wp-image-22641\" alt=\"\" srcset=\"https:\/\/staging.kfa2.com\/wp-content\/uploads\/2025\/10\/caringcompany5plusyears.jpg 520w, https:\/\/staging.kfa2.com\/wp-content\/uploads\/2025\/10\/caringcompany5plusyears-500x251.jpg 500w, https:\/\/staging.kfa2.com\/wp-content\/uploads\/2025\/10\/caringcompany5plusyears-18x9.jpg 18w\" sizes=\"(max-width: 520px) 100vw, 520px\" \/>\t\t\t\t\t\t\t\t\t\t\t\t\t\t\t<\/div>\n\t\t\t\t<\/div>\n\t\t<div class=\"elementor-element elementor-element-d122473 e-con-full e-flex e-con e-child\" data-id=\"d122473\" data-element_type=\"container\" data-e-type=\"container\">\n\t\t\t\t<div class=\"elementor-element elementor-element-f8a51c9 dce_masking-none elementor-widget elementor-widget-image\" data-id=\"f8a51c9\" data-element_type=\"widget\" data-e-type=\"widget\" data-widget_type=\"image.default\">\n\t\t\t\t\t\t\t\t\t\t\t\t\t\t\t<img loading=\"lazy\" decoding=\"async\" width=\"800\" height=\"584\" src=\"https:\/\/staging.kfa2.com\/wp-content\/uploads\/2025\/10\/GEC_Logo_2020-e1761497800903-1024x748.jpg\" class=\"attachment-large size-large wp-image-22642\" alt=\"\" srcset=\"https:\/\/staging.kfa2.com\/wp-content\/uploads\/2025\/10\/GEC_Logo_2020-e1761497800903-1024x748.jpg 1024w, https:\/\/staging.kfa2.com\/wp-content\/uploads\/2025\/10\/GEC_Logo_2020-e1761497800903-500x365.jpg 500w, https:\/\/staging.kfa2.com\/wp-content\/uploads\/2025\/10\/GEC_Logo_2020-e1761497800903-768x561.jpg 768w, https:\/\/staging.kfa2.com\/wp-content\/uploads\/2025\/10\/GEC_Logo_2020-e1761497800903-1536x1122.jpg 1536w, https:\/\/staging.kfa2.com\/wp-content\/uploads\/2025\/10\/GEC_Logo_2020-e1761497800903-2048x1496.jpg 2048w, https:\/\/staging.kfa2.com\/wp-content\/uploads\/2025\/10\/GEC_Logo_2020-e1761497800903-16x12.jpg 16w, https:\/\/staging.kfa2.com\/wp-content\/uploads\/2025\/10\/GEC_Logo_2020-e1761497800903-600x438.jpg 600w\" sizes=\"(max-width: 800px) 100vw, 800px\" \/>\t\t\t\t\t\t\t\t\t\t\t\t\t\t\t<\/div>\n\t\t\t\t<\/div>\n\t\t<div class=\"elementor-element elementor-element-85a2d21 e-con-full e-flex e-con e-child\" data-id=\"85a2d21\" data-element_type=\"container\" data-e-type=\"container\">\n\t\t\t\t<div class=\"elementor-element elementor-element-f8bd50e elementor-widget elementor-widget-text-editor\" data-id=\"f8bd50e\" data-element_type=\"widget\" data-e-type=\"widget\" data-widget_type=\"text-editor.default\">\n\t\t\t\t\t\t\t\t\t<p>Co wi\u0119cej, KFA2 jest r\u00f3wnie\u017c cz\u0142onkiem Karty Dobrego Pracodawcy od 2018 roku, kt\u00f3rej celem jest ci\u0105g\u0142e zach\u0119canie pracodawc\u00f3w r\u00f3\u017cnych bran\u017c i skali (w tym ma\u0142ych i \u015brednich przedsi\u0119biorstw) do przyjmowania zorientowanych na pracownik\u00f3w i post\u0119powych dobrych praktyk zarz\u0105dzania zasobami ludzkimi. Pracodawcy powinni r\u00f3wnie\u017c formu\u0142owa\u0107 polityk\u0119 zatrudnienia przyjazn\u0105 rodzinie, oceniaj\u0105c r\u00f3\u017cne obowi\u0105zki rodzinne ponoszone przez swoich pracownik\u00f3w i pomaga\u0107 im w jednoczesnym zaspokajaniu potrzeb zawodowych i rodzinnych, aby stworzy\u0107 przyjazne rodzinie, harmonijne miejsce pracy.<\/p>\t\t\t\t\t\t\t\t<\/div>\n\t\t\t\t<\/div>\n\t\t\t\t\t<\/div>\n\t\t\t\t<\/div>\n\t\t\t\t<\/div>","protected":false},"excerpt":{"rendered":"<p>ABOUT US Established in 2011, KFA2 is dedicated to delivering cutting-edge computer hardware that meets the demands of a rapidly expanding global market. By collaborating with its talented research and development, as well as design team, KFA2 has built a strong reputation for crafting advanced computer hardware solutions. The company specializes in mid to high-end [&hellip;]<\/p>\n","protected":false},"author":249214822,"featured_media":20895,"parent":0,"menu_order":0,"comment_status":"closed","ping_status":"open","template":"elementor_header_footer","meta":{"_acf_changed":false,"footnotes":""},"class_list":["post-1","page","type-page","status-publish","has-post-thumbnail","hentry"],"acf":[],"_links":{"self":[{"href":"https:\/\/staging.kfa2.com\/pl\/wp-json\/wp\/v2\/pages\/1","targetHints":{"allow":["GET"]}}],"collection":[{"href":"https:\/\/staging.kfa2.com\/pl\/wp-json\/wp\/v2\/pages"}],"about":[{"href":"https:\/\/staging.kfa2.com\/pl\/wp-json\/wp\/v2\/types\/page"}],"author":[{"embeddable":true,"href":"https:\/\/staging.kfa2.com\/pl\/wp-json\/wp\/v2\/users\/249214822"}],"replies":[{"embeddable":true,"href":"https:\/\/staging.kfa2.com\/pl\/wp-json\/wp\/v2\/comments?post=1"}],"version-history":[{"count":3,"href":"https:\/\/staging.kfa2.com\/pl\/wp-json\/wp\/v2\/pages\/1\/revisions"}],"predecessor-version":[{"id":22645,"href":"https:\/\/staging.kfa2.com\/pl\/wp-json\/wp\/v2\/pages\/1\/revisions\/22645"}],"wp:featuredmedia":[{"embeddable":true,"href":"https:\/\/staging.kfa2.com\/pl\/wp-json\/wp\/v2\/media\/20895"}],"wp:attachment":[{"href":"https:\/\/staging.kfa2.com\/pl\/wp-json\/wp\/v2\/media?parent=1"}],"curies":[{"name":"wp","href":"https:\/\/api.w.org\/{rel}","templated":true}]}}