{"id":22364,"date":"2025-10-09T15:35:07","date_gmt":"2025-10-09T07:35:07","guid":{"rendered":"https:\/\/staging.kfa2.com\/?page_id=22364"},"modified":"2025-10-14T12:56:55","modified_gmt":"2025-10-14T04:56:55","slug":"the-fast-lane-to-ultimate-gaming-and-prizes-giveaway-terms-conditions-poland","status":"publish","type":"page","link":"https:\/\/staging.kfa2.com\/pl\/the-fast-lane-to-ultimate-gaming-and-prizes-giveaway-terms-conditions-poland\/","title":{"rendered":"\"Szybka droga do najlepszych gier i nagr\u00f3d\". Regulamin konkursu (Polska)"},"content":{"rendered":"<div data-elementor-type=\"wp-page\" data-elementor-id=\"22364\" class=\"elementor elementor-22364\" data-elementor-post-type=\"page\">\n\t\t\t\t<div class=\"elementor-element elementor-element-dcff137 e-con-full light-background e-flex e-con e-parent\" data-id=\"dcff137\" data-element_type=\"container\" data-e-type=\"container\">\n\t\t\t\t<div class=\"elementor-element elementor-element-3dbbe5a elementor-widget__width-inherit dce_masking-none elementor-widget elementor-widget-image\" data-id=\"3dbbe5a\" data-element_type=\"widget\" data-e-type=\"widget\" data-widget_type=\"image.default\">\n\t\t\t\t\t\t\t\t\t\t\t\t\t\t\t<img fetchpriority=\"high\" decoding=\"async\" width=\"800\" height=\"291\" src=\"https:\/\/staging.kfa2.com\/wp-content\/uploads\/2025\/09\/Artboard-10-1024x373.jpg\" class=\"attachment-large size-large wp-image-22064\" alt=\"\" srcset=\"https:\/\/staging.kfa2.com\/wp-content\/uploads\/2025\/09\/Artboard-10-1024x373.jpg 1024w, https:\/\/staging.kfa2.com\/wp-content\/uploads\/2025\/09\/Artboard-10-500x182.jpg 500w, https:\/\/staging.kfa2.com\/wp-content\/uploads\/2025\/09\/Artboard-10-768x280.jpg 768w, https:\/\/staging.kfa2.com\/wp-content\/uploads\/2025\/09\/Artboard-10-1536x560.jpg 1536w, https:\/\/staging.kfa2.com\/wp-content\/uploads\/2025\/09\/Artboard-10-18x7.jpg 18w, https:\/\/staging.kfa2.com\/wp-content\/uploads\/2025\/09\/Artboard-10-600x219.jpg 600w, https:\/\/staging.kfa2.com\/wp-content\/uploads\/2025\/09\/Artboard-10.jpg 1920w\" sizes=\"(max-width: 800px) 100vw, 800px\" \/>\t\t\t\t\t\t\t\t\t\t\t\t\t\t\t<\/div>\n\t\t\t\t<\/div>\n\t\t<div class=\"elementor-element elementor-element-0b3fce4 e-flex e-con-boxed e-con e-parent\" data-id=\"0b3fce4\" data-element_type=\"container\" data-e-type=\"container\">\n\t\t\t\t\t<div class=\"e-con-inner\">\n\t\t\t\t<div class=\"elementor-element elementor-element-755212b elementor-widget elementor-widget-text-editor\" data-id=\"755212b\" data-element_type=\"widget\" data-e-type=\"widget\" data-widget_type=\"text-editor.default\">\n\t\t\t\t\t\t\t\t\t<h4><strong>\"Szybka droga do najlepszych gier i nagr\u00f3d\". Regulamin konkursu<\/strong><\/h4>\t\t\t\t\t\t\t\t<\/div>\n\t\t\t\t\t<\/div>\n\t\t\t\t<\/div>\n\t\t<div class=\"elementor-element elementor-element-39bab59 e-flex e-con-boxed e-con e-parent\" data-id=\"39bab59\" data-element_type=\"container\" data-e-type=\"container\">\n\t\t\t\t\t<div class=\"e-con-inner\">\n\t\t<div class=\"elementor-element elementor-element-209afdc e-con-full e-flex e-con e-child\" data-id=\"209afdc\" data-element_type=\"container\" data-e-type=\"container\">\n\t\t\t\t<div class=\"elementor-element elementor-element-ed442c4 elementor-widget elementor-widget-text-editor\" data-id=\"ed442c4\" data-element_type=\"widget\" data-e-type=\"widget\" data-widget_type=\"text-editor.default\">\n\t\t\t\t\t\t\t\t\t<p><strong>Szybka droga do najlepszych gier - i nagr\u00f3d<\/strong><\/p><p>Regulamin - Szybka droga do najlepszych gier i nagr\u00f3d\u00a0\u00a0\u00a0\u00a0\u00a0<\/p><p>Nazwa kampanii: \"Szybka droga do najlepszych gier i nagr\u00f3d\". Konkurs (\"Konkurs\")<\/p><p>Okres kampanii:<\/p><p>Zg\u0142oszenia do Konkursu rozpoczynaj\u0105 si\u0119 15 wrze\u015bnia 2025 r. i ko\u0144cz\u0105 30 listopada 2025 r. (o godz. 01:00 czasu HKT). Okres zakupu trwa od 15 sierpnia 2025 r. do 15 listopada 2025 r. (godz. 01:00 czasu HKT).<\/p><p>Wymagania wst\u0119pne (\"Wymagania\")<\/p><ul><li>Aby wzi\u0105\u0107 udzia\u0142 w Konkursie, uczestnicy mieszkaj\u0105cy w Polsce musz\u0105 zakupi\u0107 kwalifikuj\u0105c\u0105 si\u0119 kart\u0119 graficzn\u0105 KFA2 GeForce RTX z serii 50 od oficjalnego autoryzowanego sprzedawcy w Okresie trwania Konkursu.<\/li><li>Uczestnicy musz\u0105 odwiedzi\u0107 stron\u0119 Konkursu online pod adresem <a href=\"https:\/\/kfa2.com\/en\/webform\/the-fast-lane-to-ultimate-gaming-and-prizes\/\">https:\/\/kfa2.com\/en\/webform\/the-fast-lane-to-ultimate-gaming-and-prizes-poland\/<\/a> odpowiedzie\u0107 na pytanie \"Co najbardziej ekscytuje Ci\u0119 w kartach graficznych HOF Gaming?\" i przes\u0142a\u0107 wa\u017cny dow\u00f3d zakupu (np. paragon z oficjalnych kana\u0142\u00f3w lub sprzedawc\u00f3w detalicznych).<\/li><\/ul><ul><li>KFA2 wybierze 2 najlepsze odpowiedzi spo\u015br\u00f3d zg\u0142osze\u0144.<\/li><\/ul><div>\u00a0<\/div><ul><li>Po pomy\u015blnym przes\u0142aniu odpowiedzi, dowodu zakupu i danych osobowych uczestnicy zostan\u0105 automatycznie w\u0142\u0105czeni do Konkursu.<\/li><\/ul><p>Termin<\/p><ul><li>Termin zg\u0142osze\u0144 up\u0142ywa 30 listopada 2025 roku. Zg\u0142oszenia otrzymane po tym terminie nie b\u0119d\u0105 brane pod uwag\u0119 i zostan\u0105 uniewa\u017cnione.<\/li><\/ul><p>Nagrody<\/p><ul><li>Zestaw klock\u00f3w HOF Limited inspirowany samochodami wy\u015bcigowymi (czarny) x 1\u00a0<\/li><li>Zestaw klock\u00f3w HOF Limited inspirowany samochodami wy\u015bcigowymi (bia\u0142y) x 1\u00a0<\/li><\/ul><ul><li>\u0141\u0105cznie wy\u0142onionych zostanie 2 zwyci\u0119zc\u00f3w. Ka\u017cdy z nich otrzyma 1 nagrod\u0119, kolory zostan\u0105 przydzielone losowo. Wyb\u00f3r b\u0119dzie oparty na kreatywno\u015bci odpowiedzi.<\/li><\/ul><ul><li>Nagrody s\u0105 niezbywalne, niewymienialne i nie mog\u0105 by\u0107 wymienione na got\u00f3wk\u0119 lub inne alternatywy.<\/li><\/ul><ul><li>Zwyci\u0119zca zostanie og\u0142oszony na Facebooku KFA2 Poland do 15 grudnia 2025 roku.<\/li><\/ul><ul><li>Zwyci\u0119zcy zostan\u0105 powiadomieni poczt\u0105 elektroniczn\u0105 w ci\u0105gu 5 dni od losowania. Je\u015bli zwyci\u0119zca nie prze\u015ble wymaganych informacji w ci\u0105gu 5 dni, nagroda przepadnie i mo\u017ce zosta\u0107 wybrany inny zwyci\u0119zca.<\/li><\/ul><ul><li>W celu weryfikacji to\u017csamo\u015bci i kwalifikacji zwyci\u0119zc\u00f3w, KFA2 mo\u017ce poprosi\u0107 zwyci\u0119zc\u00f3w o dodatkowe dokumenty. Zwyci\u0119zca, kt\u00f3ry nie dostarczy wymaganych dokument\u00f3w, mo\u017ce zosta\u0107 zdyskwalifikowany.\u00a0\u00a0<\/li><\/ul><ul><li>Decyzja KFA2 jest ostateczna. KFA2 zastrzega sobie prawo do podj\u0119cia ostatecznej decyzji.<\/li><\/ul><p>Kwalifikowalno\u015b\u0107<\/p><ul><li>W Konkursie mog\u0105 wzi\u0105\u0107 udzia\u0142 osoby, kt\u00f3re uko\u0144czy\u0142y 18 lat i mieszkaj\u0105 w Polsce.<\/li><\/ul><ul><li>Akceptowane b\u0119dzie tylko jedno zg\u0142oszenie na uczestnika. W przypadku przes\u0142ania kilku zg\u0142osze\u0144, liczy si\u0119 tylko ostatnie prawid\u0142owe zg\u0142oszenie, a wszelkie inne zg\u0142oszenia s\u0105 niewa\u017cne.<\/li><\/ul><ul><li>Pracownicy KFA2, Hall Of Fame, KFA2 i ich najbli\u017csze rodziny nie kwalifikuj\u0105 si\u0119.<\/li><\/ul><ul><li>Uczestnicy musz\u0105 spe\u0142ni\u0107 wszystkie warunki udzia\u0142u w Konkursie.<\/li><\/ul><p>Dyskwalifikacja<\/p><ul><li>Zg\u0142oszenia zawieraj\u0105ce niekompletne lub nieprawdziwe dane osobowe zostan\u0105 zdyskwalifikowane i uznane za niewa\u017cne.<\/li><\/ul><ul><li>Wszelkie pr\u00f3by manipulowania Konkursem lub zak\u0142\u00f3cania jego przebiegu b\u0119d\u0105 skutkowa\u0107 dyskwalifikacj\u0105.<\/li><\/ul><ul><li>KFA2 zastrzega sobie prawo do dyskwalifikacji ka\u017cdego uczestnika, kt\u00f3ry nie przestrzega niniejszych Warunk\u00f3w.<\/li><\/ul><p>Warunki og\u00f3lne<\/p><ul><li>Bior\u0105c udzia\u0142 w konkursie, uczestnicy wyra\u017caj\u0105 zgod\u0119 na przestrzeganie niniejszego Regulaminu.<\/li><\/ul><ul><li>Kwalifikuj\u0105cy si\u0119 uczestnicy z Polski MUSZ\u0104 zarejestrowa\u0107 si\u0119 na stronie KFA2. Zg\u0142oszenia z wy\u017cej wymienionego regionu przes\u0142ane za po\u015brednictwem strony GALAX nie b\u0119d\u0105 przyjmowane.<\/li><\/ul><ul><li>KFA2 zastrzega sobie prawo do zmiany Regulaminu lub anulowania, zako\u0144czenia lub modyfikacji Konkursu wed\u0142ug w\u0142asnego uznania w dowolnym momencie.<\/li><\/ul><ul><li>KFA2 zastrzega sobie prawo do zako\u0144czenia kampanii, je\u015bli oszustwo, awarie techniczne lub jakiekolwiek inne czynniki pozostaj\u0105ce poza uzasadnion\u0105 kontrol\u0105 KFA2 wp\u0142yn\u0105 na integralno\u015b\u0107 konkursu i zostan\u0105 okre\u015blone przez KFA2 wed\u0142ug w\u0142asnego uznania.<\/li><\/ul><ul><li>Je\u015bli ta kampania lub jakakolwiek strona internetowa z ni\u0105 zwi\u0105zana (lub jakakolwiek jej cz\u0119\u015b\u0107) zostanie uszkodzona lub w inny spos\u00f3b nie pozwoli na udzia\u0142 w Konkursie, lub je\u015bli infekcja wirusem komputerowym, robakami, manipulacj\u0105, nieautoryzowan\u0105 interwencj\u0105, dzia\u0142aniami uczestnik\u00f3w, oszustwem, awariami technicznymi lub innymi przyczynami, w wy\u0142\u0105cznej opinii KFA2, naruszaj\u0105 lub wp\u0142ywaj\u0105 na administracj\u0119, bezpiecze\u0144stwo, uczciwo\u015b\u0107, integralno\u015b\u0107 lub prawid\u0142owe dzia\u0142anie tego konkursu, KFA2 zastrzega sobie prawo, wed\u0142ug w\u0142asnego uznania, do zdyskwalifikowania ka\u017cdej osoby zamieszanej w takie dzia\u0142anie i \/ lub do anulowania, zako\u0144czenia, modyfikacji lub zawieszenia tego Konkursu lub jakiejkolwiek jego cz\u0119\u015bci.<\/li><\/ul><ul><li>W \u017cadnym wypadku KFA2 ani jej kierownictwo, dyrektorzy, pracownicy, podmioty stowarzyszone, podmioty zale\u017cne, agencje reklamowe, promocyjne, realizacyjne, marketingowe, firmy public relations, konsultanci lub wykonawcy nie b\u0119d\u0105 odpowiedzialni za jakiekolwiek szkody lub straty jakiegokolwiek rodzaju, w tym mi\u0119dzy innymi za szkody przyk\u0142adowe, po\u015brednie, przypadkowe, szkody wynikowe lub karne, lub honoraria prawnik\u00f3w, wynikaj\u0105ce z niniejszej promocji i\/lub przyj\u0119cia, posiadania, wykorzystania, niew\u0142a\u015bciwego wykorzystania lub niewykorzystania nagrody przyznanej w zwi\u0105zku z niniejsz\u0105 promocj\u0105, w tym mi\u0119dzy innymi obra\u017cenia cia\u0142a, \u015bmier\u0107 i\/lub uszkodzenie mienia, a tak\u017ce wszelkie roszczenia oparte na prawach do reklamy lub naruszeniu prywatno\u015bci. w \u017cadnym wypadku \u0142\u0105czna odpowiedzialno\u015b\u0107 KFA2 za roszczenia wynikaj\u0105ce z niniejszej promocji nie przekroczy warto\u015bci detalicznej nagrody, kt\u00f3ra zostanie przyznana w zwi\u0105zku z niniejsz\u0105 promocj\u0105.<\/li><\/ul><ul><li>Zastrze\u017cenie dotycz\u0105ce medi\u00f3w spo\u0142eczno\u015bciowych i zwolnienie z odpowiedzialno\u015bci - promocja nie jest w \u017caden spos\u00f3b sponsorowana, wspierana ani administrowana przez serwis Facebook ani z nim powi\u0105zana. Uczestnicy zwalniaj\u0105 Facebook z wszelkiej odpowiedzialno\u015bci za jakiekolwiek szkody lub straty jakiegokolwiek rodzaju, w tym mi\u0119dzy innymi za szkody przyk\u0142adowe, po\u015brednie, przypadkowe, wynikowe lub karne, lub koszty obs\u0142ugi prawnej, wynikaj\u0105ce z niniejszej promocji i\/lub przyj\u0119cia, posiadania, wykorzystania, niew\u0142a\u015bciwego wykorzystania lub niewykorzystania nagrody przyznanej w zwi\u0105zku z niniejsz\u0105 promocj\u0105, w tym mi\u0119dzy innymi za obra\u017cenia cia\u0142a, \u015bmier\u0107 i\/lub uszkodzenie mienia, a tak\u017ce wszelkie roszczenia oparte na prawach do reklamy lub naruszeniu prywatno\u015bci.<\/li><\/ul><ul><li>Decyzja KFA2 dotycz\u0105ca wszystkich aspekt\u00f3w Konkursu jest ostateczna i wi\u0105\u017c\u0105ca.<\/li><\/ul>\t\t\t\t\t\t\t\t<\/div>\n\t\t\t\t<\/div>\n\t\t\t\t\t<\/div>\n\t\t\t\t<\/div>\n\t\t\t\t<\/div>","protected":false},"excerpt":{"rendered":"<p>&#8220;The Fast Lane to Ultimate Gaming\u2014and Prizes.&#8221; Giveaway Terms &amp; Conditions The Fast Lane to Ultimate Gaming \u2013 and Prizes Terms and Conditions &#8211; The Fast Lane to Ultimate Gaming &#8211; and Prizes\u00a0\u00a0\u00a0\u00a0\u00a0 Campaign Name: \u201cThe Fast Lane to Ultimate Gaming\u2014and Prizes.\u201d Contest (\u201cContest\u201d) Campaign Period: The Contest submission begins on 15th September, 2025 and [&hellip;]<\/p>\n","protected":false},"author":249214834,"featured_media":20895,"parent":0,"menu_order":0,"comment_status":"closed","ping_status":"open","template":"elementor_header_footer","meta":{"_acf_changed":false,"footnotes":""},"class_list":["post-22364","page","type-page","status-publish","has-post-thumbnail","hentry"],"acf":[],"_links":{"self":[{"href":"https:\/\/staging.kfa2.com\/pl\/wp-json\/wp\/v2\/pages\/22364","targetHints":{"allow":["GET"]}}],"collection":[{"href":"https:\/\/staging.kfa2.com\/pl\/wp-json\/wp\/v2\/pages"}],"about":[{"href":"https:\/\/staging.kfa2.com\/pl\/wp-json\/wp\/v2\/types\/page"}],"author":[{"embeddable":true,"href":"https:\/\/staging.kfa2.com\/pl\/wp-json\/wp\/v2\/users\/249214834"}],"replies":[{"embeddable":true,"href":"https:\/\/staging.kfa2.com\/pl\/wp-json\/wp\/v2\/comments?post=22364"}],"version-history":[{"count":3,"href":"https:\/\/staging.kfa2.com\/pl\/wp-json\/wp\/v2\/pages\/22364\/revisions"}],"predecessor-version":[{"id":22438,"href":"https:\/\/staging.kfa2.com\/pl\/wp-json\/wp\/v2\/pages\/22364\/revisions\/22438"}],"wp:featuredmedia":[{"embeddable":true,"href":"https:\/\/staging.kfa2.com\/pl\/wp-json\/wp\/v2\/media\/20895"}],"wp:attachment":[{"href":"https:\/\/staging.kfa2.com\/pl\/wp-json\/wp\/v2\/media?parent=22364"}],"curies":[{"name":"wp","href":"https:\/\/api.w.org\/{rel}","templated":true}]}}