{"id":8749,"date":"2024-12-12T15:48:18","date_gmt":"2024-12-12T07:48:18","guid":{"rendered":"https:\/\/staging.kfa2.com\/?page_id=8749"},"modified":"2025-10-09T20:08:34","modified_gmt":"2025-10-09T12:08:34","slug":"return-policy","status":"publish","type":"page","link":"https:\/\/staging.kfa2.com\/pl\/return-policy\/","title":{"rendered":"Polityka zwrot\u00f3w"},"content":{"rendered":"<div data-elementor-type=\"wp-page\" data-elementor-id=\"8749\" class=\"elementor elementor-8749\" data-elementor-post-type=\"page\">\n\t\t\t\t<div class=\"elementor-element elementor-element-6754b98 light-background e-flex e-con-boxed e-con e-parent\" data-id=\"6754b98\" data-element_type=\"container\" data-e-type=\"container\">\n\t\t\t\t\t<div class=\"e-con-inner\">\n\t\t\t\t<div class=\"elementor-element elementor-element-6db3343 elementor-widget elementor-widget-text-editor\" data-id=\"6db3343\" data-element_type=\"widget\" data-e-type=\"widget\" data-widget_type=\"text-editor.default\">\n\t\t\t\t\t\t\t\t\t<p>Zgodnie z nasz\u0105 cenion\u0105 ideologi\u0105 zapewniania najlepszej obs\u0142ugi klienta i wsparcia, mamy przyjemno\u015b\u0107 zaoferowa\u0107<br \/>\nnaszym klientom program gwarancyjny KFA2, kt\u00f3ry gwarantuje szybk\u0105, bezproblemow\u0105 wymian\u0119 RMA dla kwalifikuj\u0105cych si\u0119<br \/>\nwadliwe produkty. Nale\u017cy pami\u0119ta\u0107, \u017ce poniewa\u017c KFA2 stara si\u0119 honorowa\u0107 najlepsz\u0105 ograniczon\u0105 gwarancj\u0119 w bran\u017cy, mamy<br \/>\nwprowadzili\u015bmy i b\u0119dziemy nadal wprowadza\u0107 zmiany w polityce. Upewnij si\u0119, \u017ce uwa\u017cnie przeczyta\u0142e\u015b ten dokument i sprawdzaj ponownie<br \/>\naktualizacje.<\/p>\n<p>A) Produkty otrzymane przez KFA2 musz\u0105 by\u0107 dostarczone w oryginalnym stanie, dzia\u0142a\u0107 zgodnie z oryginaln\u0105 specyfikacj\u0105 i by\u0107<br \/>\nwraz ze wszystkimi oryginalnymi komponentami, kt\u00f3re maj\u0105 by\u0107 obj\u0119te ochron\u0105.<br \/>\nB) Kart\u0119 nale\u017cy zapakowa\u0107 w odpowiednie opakowanie (np. foli\u0119 b\u0105belkow\u0105 i worek antystatyczny), aby zapobiec jej uszkodzeniu.<br \/>\npodczas transportu produktu RMA do nas.<br \/>\nC) Nie zwracaj \u017cadnych produkt\u00f3w, kt\u00f3re nie nale\u017c\u0105 do KFA2 lub nie otrzyma\u0142y zatwierdzenia RMA. B\u0119dziemy<br \/>\npozby\u0107 si\u0119 odrzuconego przedmiotu po jego otrzymaniu.<br \/>\nD) Zwracany wadliwy produkt musi zawiera\u0107 numer przesy\u0142ki. Ponadto GALAX zaleca, aby zwrot RMA<br \/>\nby\u0107 ubezpieczone. GALAX nie ponosi odpowiedzialno\u015bci za zagubione, skradzione, uszkodzone paczki, uszkodzon\u0105 zawarto\u015b\u0107. Wszelkie oczywiste<br \/>\noznaki uszkodze\u0144, kt\u00f3re mog\u0142y powsta\u0107 podczas wysy\u0142ki, zostan\u0105 zweryfikowane przez GALAX, a RMA mo\u017ce by\u0107<br \/>\nodrzucone i zwr\u00f3cone do nadawcy.<br \/>\nE) Us\u0142uga RMA \u015bwiadczona przez GALAX na rzecz jej odsprzedawcy jest ograniczona i nie ponosimy odpowiedzialno\u015bci za stan produkt\u00f3w.<br \/>\nw nast\u0119puj\u0105cych sytuacjach:<\/p>\n<p>1. Okres gwarancji wygas\u0142.<\/p>\n<p>2. Oryginalny wentylator\/ch\u0142odnica zosta\u0142y usuni\u0119te lub zmodyfikowane.<\/p>\n<p>3. Wszelkie komponenty zosta\u0142y usuni\u0119te \/ zmodyfikowane \/ dodane na karcie.<\/p>\n<p>4. Karta jest fizycznie uszkodzona (patrz poni\u017cej).<\/p>\n<p>5. Towary RMA zosta\u0142y uszkodzone podczas transportu w wyniku niew\u0142a\u015bciwego zapakowania. W takim przypadku b\u0119dzie on traktowany jako \"Out of<br \/>\ngwarancja\". Aby temu zapobiec, prosimy klient\u00f3w o zadbanie o prawid\u0142owe wy\u015bcie\u0142anie i pakowanie towar\u00f3w RMA, gdy<br \/>\nwysy\u0142ka.<\/p>\n<p>Poni\u017cej znajduj\u0105 si\u0119 przyk\u0142ady produkt\u00f3w, kt\u00f3re mo\u017cna uzna\u0107 za \"nieobj\u0119te gwarancj\u0105\":<\/p>\n<p>Uszkodzona p\u0142ytka drukowana<br \/>\nWygi\u0119ta p\u0142ytka drukowana<br \/>\nPorysowana p\u0142ytka drukowana<br \/>\nUderzone, wygi\u0119te lub wypaczone komponenty<br \/>\nSpalona p\u0142ytka drukowana lub komponenty<br \/>\nUtlenianie PCB<\/p>\n\t\t\t\t\t\t\t\t<\/div>\n\t\t\t\t\t<\/div>\n\t\t\t\t<\/div>\n\t\t<div class=\"elementor-element elementor-element-29579bf e-con-full e-flex e-con e-parent\" data-id=\"29579bf\" data-element_type=\"container\" data-e-type=\"container\">\n\t\t\t\t<\/div>\n\t\t\t\t<\/div>","protected":false},"excerpt":{"rendered":"","protected":false},"author":249214822,"featured_media":0,"parent":0,"menu_order":0,"comment_status":"closed","ping_status":"closed","template":"elementor_header_footer","meta":{"_acf_changed":false,"footnotes":""},"class_list":["post-8749","page","type-page","status-publish","hentry"],"acf":[],"_links":{"self":[{"href":"https:\/\/staging.kfa2.com\/pl\/wp-json\/wp\/v2\/pages\/8749","targetHints":{"allow":["GET"]}}],"collection":[{"href":"https:\/\/staging.kfa2.com\/pl\/wp-json\/wp\/v2\/pages"}],"about":[{"href":"https:\/\/staging.kfa2.com\/pl\/wp-json\/wp\/v2\/types\/page"}],"author":[{"embeddable":true,"href":"https:\/\/staging.kfa2.com\/pl\/wp-json\/wp\/v2\/users\/249214822"}],"replies":[{"embeddable":true,"href":"https:\/\/staging.kfa2.com\/pl\/wp-json\/wp\/v2\/comments?post=8749"}],"version-history":[{"count":0,"href":"https:\/\/staging.kfa2.com\/pl\/wp-json\/wp\/v2\/pages\/8749\/revisions"}],"wp:attachment":[{"href":"https:\/\/staging.kfa2.com\/pl\/wp-json\/wp\/v2\/media?parent=8749"}],"curies":[{"name":"wp","href":"https:\/\/api.w.org\/{rel}","templated":true}]}}