{"id":8778,"date":"2024-12-12T17:13:54","date_gmt":"2024-12-12T09:13:54","guid":{"rendered":"https:\/\/staging.kfa2.com\/?page_id=8778"},"modified":"2025-10-09T20:10:14","modified_gmt":"2025-10-09T12:10:14","slug":"warranty","status":"publish","type":"page","link":"https:\/\/staging.kfa2.com\/pl\/warranty\/","title":{"rendered":"Gwarancja"},"content":{"rendered":"<div data-elementor-type=\"wp-page\" data-elementor-id=\"8778\" class=\"elementor elementor-8778\" data-elementor-post-type=\"page\">\n\t\t\t\t<div class=\"elementor-element elementor-element-64635ae light-background e-flex e-con-boxed e-con e-parent\" data-id=\"64635ae\" data-element_type=\"container\" data-e-type=\"container\">\n\t\t\t\t\t<div class=\"e-con-inner\">\n\t\t\t\t<div class=\"elementor-element elementor-element-a6069fd elementor-widget elementor-widget-dyncontel-acf\" data-id=\"a6069fd\" data-element_type=\"widget\" data-e-type=\"widget\" data-settings=\"{&quot;acf_field_list&quot;:&quot;subtitle&quot;,&quot;enabled_visibility&quot;:&quot;yes&quot;,&quot;dce_visibility_selected&quot;:&quot;hide&quot;,&quot;acf_type&quot;:&quot;text&quot;}\" data-widget_type=\"dyncontel-acf.default\">\n\t\t\t\t<div class=\"elementor-widget-container\">\n\t\t\t\t\t<span class=\"dynamic-content-for-elementor-acf\">Ograniczona gwarancja na kart\u0119 graficzn\u0105 (Europa)<\/span>\t\t\t\t<\/div>\n\t\t\t\t<\/div>\n\t\t\t\t<div class=\"elementor-element elementor-element-4fc7398 elementor-widget elementor-widget-text-editor\" data-id=\"4fc7398\" data-element_type=\"widget\" data-e-type=\"widget\" data-widget_type=\"text-editor.default\">\n\t\t\t\t\t\t\t\t\t<p>Gwarancja na kart\u0119 graficzn\u0105 KFA2 (Europa) Ograniczona gwarancja<\/p>\n<p>KFA2 (Galaxy Microsystems Ltd) (\"KFA2\") niniejszym udziela gwarancji na swoj\u0105 kart\u0119 graficzn\u0105 dla r\u00f3\u017cnych region\u00f3w na r\u00f3\u017cnych warunkach dla pierwotnego nabywcy (\"Nabywca\") i nie podlega przeniesieniu, z zastrze\u017ceniem wszystkich warunk\u00f3w okre\u015blonych w niniejszym dokumencie. Niniejsza gwarancja nie ma zastosowania do aukcji, eBay, nieautoryzowanych sprzedawc\u00f3w, zakupu produkt\u00f3w z drugiej r\u0119ki lub fizycznie zmienionych lub zmodyfikowanych. Jedynym zobowi\u0105zaniem KFA2 w ramach niniejszej gwarancji jest wymiana lub, wed\u0142ug w\u0142asnego uznania, bezp\u0142atna naprawa wszystkich wadliwych cz\u0119\u015bci produktu.<\/p>\n<p>Czego nie obejmuje ograniczona gwarancja KFA2:<\/p>\n<ul>\n<li>Nie zosta\u0142 zainstalowany zgodnie z instrukcjami KFA2;<\/li>\n<li>Zosta\u0142 uszkodzony podczas instalacji lub usuwania z komputera;<\/li>\n<li>Zosta\u0142 uszkodzony przez oprogramowanie lub sprz\u0119t, w tym niekompatybilno\u015b\u0107 oprogramowania lub sprz\u0119tu;<\/li>\n<li>Nie by\u0142 konserwowany i obs\u0142ugiwany w warunkach normalnego u\u017cytkowania zgodnie ze specyfikacjami KFA2;<\/li>\n<li>Zosta\u0142 uszkodzony w wyniku podkr\u0119cania lub modyfikacji przez kogo\u015b innego ni\u017c KFA2.<\/li>\n<li>U\u017cytkownik nie jest pierwotnym nabywc\u0105 i dostarczy\u0142 dow\u00f3d zakupu potwierdzaj\u0105cy dat\u0119 zakupu (paragon lub faktura), miejsce zakupu, cen\u0119 zakupu, numer lub identyfikator przedmiotu oraz oryginalne opakowanie i akcesoria.<\/li>\n<li>Produkty, kt\u00f3re zosta\u0142y zmodyfikowane poza specyfikacjami fabrycznymi i\/lub nie s\u0105 w stanie fabrycznym.<\/li>\n<li>Produkty, w kt\u00f3rych dokonano modyfikacji numeru seryjnego i\/lub fabrycznych etykiet identyfikacyjnych, niezale\u017cnie od tego, czy zosta\u0142y one usuni\u0119te, przeniesione, sfa\u0142szowane, zniszczone, uszkodzone, zmienione lub nieczytelne.<\/li>\n<li>Uszkodzenia p\u0142ytki drukowanej (PCB), niezale\u017cnie od tego, czy jest przeci\u0119ta, porysowana, wypaczona, wygi\u0119ta, p\u0119kni\u0119ta, wgnieciona lub z\u0142amana.<\/li>\n<li>Wszelkie uszkodzenia komponent\u00f3w, sprz\u0119tu i\/lub monta\u017cu Produkt\u00f3w, w tym mi\u0119dzy innymi uszkodzenia spowodowane zaniedbaniem, nadu\u017cyciem, wypadkami, niew\u0142a\u015bciwym u\u017cytkowaniem lub nietypowym obci\u0105\u017ceniem fizycznym, elektrycznym lub elektromechanicznym (w tym z powodu nieprzerwanego korzystania z Produkt\u00f3w lub korzystania z Produkt\u00f3w do przetwarzania blockchain, wydobywania kryptowalut lub podobnych cel\u00f3w).<\/li>\n<li>Brakuj\u0105cy sprz\u0119t, komponenty i\/lub zespo\u0142y Produktu.<\/li>\n<li>Uszkodzenia kosmetyczne uznane za wykraczaj\u0105ce poza rozs\u0105dne u\u017cytkowanie spowodowane g\u0142\u0119bokimi zadrapaniami, naci\u0119ciami, p\u0119kni\u0119ciami, wgnieceniami, odbarwieniami, zaniedbaniem, upuszczeniem lub niew\u0142a\u015bciw\u0105 obs\u0142ug\u0105 Produktu.<\/li>\n<li>Produkty, kt\u00f3re s\u0105 nara\u017cone na dzia\u0142anie cieczy, pozosta\u0142o\u015bci cieczy lub nadmiernie wilgotnego \u015brodowiska, co skutkuje rdz\u0105, wilgoci\u0105, plamami, korozj\u0105 lub wyciekami cieczy na komponenty, sprz\u0119t lub elektronik\u0119. Oparzenia lub zapalenie si\u0119 podzespo\u0142\u00f3w w wyniku wypadku lub rozlania cieczy.<\/li>\n<li>Bezpo\u015brednie u\u017cycie farby, zanurzenie karty graficznej w oleju, u\u017cycie klej\u00f3w lub spoiw na jakiejkolwiek cz\u0119\u015bci Produktu, u\u017cycie lutu na PCB, modyfikacja elektroniki i\/lub komponent\u00f3w.<\/li>\n<li>Nara\u017cenie na pozosta\u0142o\u015bci smo\u0142y papierosowej, wilgo\u0107, piasek, brud lub nadmierne zanieczyszczenia.<\/li>\n<li>Produkty, kt\u00f3re utraci\u0142y funkcjonalno\u015b\u0107 w wyniku wypadku, kolizji z przedmiotem lub narz\u0119dziem, u\u017cycia nadmiernej si\u0142y, zaniedbania opieki, nara\u017cenia na dzia\u0142anie ognia lub nadmiernego ciep\u0142a, powodzi, zabrudzenia, wichury, uderzenia pioruna, trz\u0119sienia ziemi, nadmiernych warunk\u00f3w pogodowych lub innych zdarze\u0144 losowych, kradzie\u017cy, przepalenia bezpiecznik\u00f3w, niew\u0142a\u015bciwego u\u017cycia dowolnego \u017ar\u00f3d\u0142a energii elektrycznej lub przeci\u0105\u017cenia obwod\u00f3w elektrycznych.<\/li>\n<li>Wady lub uszkodzenia wynikaj\u0105ce z u\u017cycia produktu strony trzeciej w po\u0142\u0105czeniu z akcesoriami, produktami, oprogramowaniem lub dodatkowym sprz\u0119tem peryferyjnym, kt\u00f3re nie zosta\u0142y dostarczone do u\u017cytku z Produktem lub zatwierdzone przez KFA2.<\/li>\n<li>Wady lub uszkodzenia wynikaj\u0105ce z niew\u0142a\u015bciwego testowania, obs\u0142ugi, konserwacji, instalacji, serwisu lub regulacji, kt\u00f3re nie zosta\u0142y dostarczone lub zatwierdzone przez KFA2.<\/li>\n<li>U\u017cycie nieodpowiedniego opakowania przesy\u0142ki lub u\u017cycie nieodpowiedniego materia\u0142u opakowaniowego skutkuj\u0105ce uszkodzeniem Produktu podczas transportu przez kuriera Pierwotnego Nabywcy.<\/li>\n<li>Nieautoryzowane zmiany w systemie BIOS lub oprogramowaniu uk\u0142adowym w produktach, kt\u00f3re nie maj\u0105 opcji Multiple BIOS, mog\u0105 spowodowa\u0107 uniewa\u017cnienie niniejszej gwarancji.<\/li>\n<li>Produkty zakupione od nieautoryzowanych odsprzedawc\u00f3w lub dealer\u00f3w, kt\u00f3re obejmuj\u0105 mi\u0119dzy innymi rynki internetowe, takie jak Amazon, eBay i inne internetowe witryny aukcyjne i\/lub rynkowe. W przypadku braku pewno\u015bci, czy dany sprzedawca jest autoryzowanym sprzedawc\u0105, nale\u017cy skontaktowa\u0107 si\u0119 z KFA2 w celu uzyskania potwierdzenia.<\/li>\n<\/ul>\n<p>Gwarancja nie ma zastosowania w przypadku, gdy produkt(y) s\u0105 u\u017cywane w jakimkolwiek stopniu, poza normalnym przeznaczeniem, co obejmuje mi\u0119dzy innymi \"MINING\" (np. kryptowaluty, Data Mining, farmy g\u00f3rnicze)\".<\/p>\n<p>Kryptowaluta, eksploracja danych, farmy wydobywcze<br \/>\nGwarancja nie ma zastosowania w przypadku, gdy produkt(y) s\u0105 u\u017cywane w jakimkolwiek stopniu, poza normalnym przeznaczeniem. Wszelkie uszkodzenia komponent\u00f3w, sprz\u0119tu i\/lub monta\u017cu Produkt\u00f3w, w tym mi\u0119dzy innymi uszkodzenia spowodowane zaniedbaniem, nadu\u017cyciem, wypadkami, niew\u0142a\u015bciwym u\u017cytkowaniem lub nietypowym obci\u0105\u017ceniem fizycznym, elektrycznym lub elektromechanicznym (w tym z powodu nieprzerwanego korzystania z Produkt\u00f3w lub korzystania z Produkt\u00f3w do przetwarzania blockchain, wydobywania kryptowalut lub podobnych cel\u00f3w).<\/p>\n<p><b>PRODUKTY KFA2 NIE ZOSTA\u0141Y ZAPROJEKTOWANE, WYPRODUKOWANE ANI PRZEZNACZONE DO (I) NIEPRZERWANEGO U\u017bYTKOWANIA LUB (II) U\u017bYTKOWANIA W ZWI\u0104ZKU Z PRZETWARZANIEM BLOCKCHAIN, WYDOBYWANIEM KRYPTOWALUT LUB PODOBNYMI CELAMI.<\/b><\/p>\n<p>Wszelkie modyfikacje Produktu musz\u0105 zosta\u0107 wycofane przed odes\u0142aniem go do KFA2 w celu skorzystania z serwisu gwarancyjnego. Produkt musi by\u0107 w oryginalnym stanie fabrycznym, aby m\u00f3g\u0142 zosta\u0107 obj\u0119ty serwisem gwarancyjnym. Okre\u015blenie uszkodzenia lub wady w wyniku jakichkolwiek modyfikacji lub podkr\u0119cania przez nabywc\u0119 zale\u017cy wy\u0142\u0105cznie od uznania KFA2. Wszelkie op\u0142aty wynikaj\u0105ce z modyfikacji b\u0119d\u0105 ponoszone przez Nabywc\u0119.<\/p>\n<p>Wszelkie op\u0142aty za przesy\u0142k\u0119 zwrotn\u0105 mog\u0105, wed\u0142ug wy\u0142\u0105cznego uznania KFA2, spoczywa\u0107 na Nabywcy, je\u015bli produkt nie jest obj\u0119ty gwarancj\u0105.<\/p>\n<p>NINIEJSZA GWARANCJA ZAST\u0118PUJE WSZELKIE INNE GWARANCJE, WYRA\u0179NE LUB DOROZUMIANE, W TYM BEZ OGRANICZE\u0143 WSZELKIE GWARANCJE PRZYDATNO\u015aCI HANDLOWEJ LUB PRZYDATNO\u015aCI DO OKRE\u015aLONEGO CELU LUB TYTU\u0141U PRAWNEGO PRZED NARUSZENIEM, KT\u00d3RE TO INNE GWARANCJE S\u0104 WYRA\u0179NIE WY\u0141\u0104CZONE I ZRZECZONE. KFA2 NIE PONOSI ODPOWIEDZIALNO\u015aCI ZA UTRAT\u0118 ZYSK\u00d3W LUB JAKIEKOLWIEK SZCZEG\u00d3LNE, PRZYPADKOWE, PRZYK\u0141ADOWE, WYNIKOWE LUB KARNE SZKODY, KT\u00d3RE MO\u017bE PONIE\u015a\u0106 NABYWCA LUB STRONA TRZECIA, NAWET JE\u015aLI KFA2 ZOSTA\u0141A POINFORMOWANA O MO\u017bLIWO\u015aCI WYST\u0104PIENIA TAKICH STRAT LUB SZK\u00d3D. W \u017bADNYM WYPADKU ODPOWIEDZIALNO\u015a\u0106 KFA2 NIE PRZEKROCZY CENY ZAKUPU WADLIWEGO PRODUKTU.<\/p>\n<p>Nabywca przyjmuje do wiadomo\u015bci, \u017ce towary sprzedawane przez KFA2 s\u0105 u\u017cywane lub w\u0142\u0105czane do innych produkt\u00f3w lub system\u00f3w, a za ostateczne bezpiecze\u0144stwo tych produkt\u00f3w lub system\u00f3w odpowiada wy\u0142\u0105cznie Nabywca. Nabywca przyjmuje na siebie wszelkie ryzyko i odpowiedzialno\u015b\u0107 zwi\u0105zan\u0105 z u\u017cyciem produkt\u00f3w KFA2 w innych produktach lub systemach. Nabywca zgadza si\u0119, \u017ce on i \/ lub jego klienci ponosz\u0105 wy\u0142\u0105czn\u0105 odpowiedzialno\u015b\u0107 i zgadza si\u0119, \u017ce korzystanie z produkt\u00f3w KFA2 w jakimkolwiek celu zwi\u0105zanym z takimi us\u0142ugami lub w inny spos\u00f3b nie mo\u017ce by\u0107 w \u017caden spos\u00f3b kontrolowane przez KFA2, a Nabywca lub jego klienci s\u0105 odpowiedzialni za weryfikacj\u0119 dok\u0142adno\u015bci i kompletno\u015bci wszelkich informacji zawartych, wprowadzonych lub wykorzystanych w zwi\u0105zku z produktami KFA2. Nabywca ponosi wszelkie ryzyko i odpowiedzialno\u015b\u0107 za wykorzystanie produkt\u00f3w KFA2 w innych produktach lub systemach. Niniejsza gwarancja nie obejmuje produkt\u00f3w i\/lub system\u00f3w innych firm, w tym mi\u0119dzy innymi p\u0142yt g\u0142\u00f3wnych i innych element\u00f3w systemu. W \u017cadnym wypadku KFA2 nie ponosi odpowiedzialno\u015bci za jakiekolwiek szkody poniesione przez Nabywc\u0119, jakiegokolwiek klienta Nabywcy lub inne osoby w zwi\u0105zku z jakimkolwiek pozwem, roszczeniem lub \u017c\u0105daniem wynikaj\u0105cym z u\u017cytkowania produkt\u00f3w KFA2.<\/p>\n<p>NIEKT\u00d3RE KRAJE EUROPEJSKIE NIE ZEZWALAJ\u0104 NA WY\u0141\u0104CZENIE LUB OGRANICZENIE SZK\u00d3D PRZYPADKOWYCH LUB WYNIKOWYCH, WI\u0118C OGRANICZENIA TE MOG\u0104 NIE MIE\u0106 ZASTOSOWANIA DO U\u017bYTKOWNIKA. NINIEJSZA GWARANCJA DAJE U\u017bYTKOWNIKOWI OKRE\u015aLONE PRAWA, A U\u017bYTKOWNIK MO\u017bE MIE\u0106 R\u00d3WNIE\u017b INNE PRAWA, KT\u00d3RE R\u00d3\u017bNI\u0104 SI\u0118 W ZALE\u017bNO\u015aCI OD KRAJU. NINIEJSZA GWARANCJA NIE MO\u017bE ZOSTA\u0106 ROZSZERZONA, ZMIENIONA ANI UROZMAICONA, CHYBA \u017bE NA PODSTAWIE PISEMNEGO DOKUMENTU NALE\u017bYCIE PODPISANEGO PRZEZ KFA2.<\/p>\n<p>Obj\u0119cie gwarancj\u0105 wymaga dowodu zakupu potwierdzaj\u0105cego dat\u0119 zakupu (paragon lub faktura), miejsce zakupu, cen\u0119 zakupu, numer artyku\u0142u lub identyfikator oraz oryginalne opakowanie i akcesoria. Aby uzyska\u0107 serwis gwarancyjny w okresie gwarancyjnym, nale\u017cy skontaktowa\u0107 si\u0119 z lokalnym sprzedawc\u0105 \/ dystrybutorem.<\/p>\n<p>Nabywca p\u0142aci za wysy\u0142k\u0119 produktu do KFA2 w celu uzyskania gwarancji. Klient przyjmuje ryzyko utraty (ubezpieczenie od utraty lub uszkodzenia) w transporcie, a zwr\u00f3cone Produkty staj\u0105 si\u0119 wy\u0142\u0105czn\u0105 w\u0142asno\u015bci\u0105 KFA2. KFA2 gwarantuje, \u017ce naprawione lub wymienione Produkty b\u0119d\u0105 wolne od wad materia\u0142owych lub wykonawczych przez pozosta\u0142y okres gwarancji oryginalnego produktu.<\/p>\n<p>KFA2 zastrzega sobie prawo do sprawdzenia i weryfikacji wadliwo\u015bci ka\u017cdego zwr\u00f3conego produktu.<\/p>\n<p>Koszty wysy\u0142ki naprawionego lub wymienionego produktu zostan\u0105 pokryte przez KFA2. Naprawione lub wymienione produkty zostan\u0105 wys\u0142ane za po\u015brednictwem wybranego kuriera.<\/p>\n<p>Gwarancja dotyczy produkt\u00f3w zakupionych od autoryzowanych sprzedawc\u00f3w<\/p>\n<p>KFA2 zastrzega sobie prawo do zmiany warunk\u00f3w niniejszej polityki bez wcze\u015bniejszego powiadomienia. Prosimy o odwiedzenie tej strony w celu zapoznania si\u0119 z aktualn\u0105 polityk\u0105 gwarancyjn\u0105.<\/p>\n\t\t\t\t\t\t\t\t<\/div>\n\t\t\t\t\t<\/div>\n\t\t\t\t<\/div>\n\t\t<div class=\"elementor-element elementor-element-a6a69aa e-con-full e-flex e-con e-parent\" data-id=\"a6a69aa\" data-element_type=\"container\" data-e-type=\"container\">\n\t\t\t\t<\/div>\n\t\t\t\t<\/div>","protected":false},"excerpt":{"rendered":"<p>Ograniczona gwarancja na kart\u0119 graficzn\u0105 (Europa)<\/p>","protected":false},"author":249214822,"featured_media":0,"parent":0,"menu_order":0,"comment_status":"closed","ping_status":"closed","template":"elementor_header_footer","meta":{"_acf_changed":false,"footnotes":""},"class_list":["post-8778","page","type-page","status-publish","hentry"],"acf":[],"_links":{"self":[{"href":"https:\/\/staging.kfa2.com\/pl\/wp-json\/wp\/v2\/pages\/8778","targetHints":{"allow":["GET"]}}],"collection":[{"href":"https:\/\/staging.kfa2.com\/pl\/wp-json\/wp\/v2\/pages"}],"about":[{"href":"https:\/\/staging.kfa2.com\/pl\/wp-json\/wp\/v2\/types\/page"}],"author":[{"embeddable":true,"href":"https:\/\/staging.kfa2.com\/pl\/wp-json\/wp\/v2\/users\/249214822"}],"replies":[{"embeddable":true,"href":"https:\/\/staging.kfa2.com\/pl\/wp-json\/wp\/v2\/comments?post=8778"}],"version-history":[{"count":0,"href":"https:\/\/staging.kfa2.com\/pl\/wp-json\/wp\/v2\/pages\/8778\/revisions"}],"wp:attachment":[{"href":"https:\/\/staging.kfa2.com\/pl\/wp-json\/wp\/v2\/media?parent=8778"}],"curies":[{"name":"wp","href":"https:\/\/api.w.org\/{rel}","templated":true}]}}