{"id":1,"date":"2024-08-15T06:53:01","date_gmt":"2024-08-15T06:53:01","guid":{"rendered":"https:\/\/staging.kfa2.com\/?page_id=1"},"modified":"2025-10-27T00:59:39","modified_gmt":"2025-10-26T16:59:39","slug":"about","status":"publish","type":"page","link":"https:\/\/staging.kfa2.com\/pt\/about\/","title":{"rendered":"Sobre a KFA2"},"content":{"rendered":"<div data-elementor-type=\"wp-page\" data-elementor-id=\"1\" class=\"elementor elementor-1\" data-elementor-post-type=\"page\">\n\t\t\t\t<div class=\"elementor-element elementor-element-dcff137 e-con-full light-background e-flex e-con e-parent\" data-id=\"dcff137\" data-element_type=\"container\" data-e-type=\"container\">\n\t\t\t\t<div class=\"elementor-element elementor-element-3dbbe5a elementor-widget__width-inherit dce_masking-none elementor-widget elementor-widget-image\" data-id=\"3dbbe5a\" data-element_type=\"widget\" data-e-type=\"widget\" data-widget_type=\"image.default\">\n\t\t\t\t\t\t\t\t\t\t\t\t\t\t\t<img fetchpriority=\"high\" decoding=\"async\" width=\"800\" height=\"377\" src=\"https:\/\/staging.kfa2.com\/wp-content\/uploads\/2025\/07\/DoorBanner_B01-1-aboutus-2-1024x482.jpg\" class=\"attachment-large size-large wp-image-20896\" alt=\"\" srcset=\"https:\/\/staging.kfa2.com\/wp-content\/uploads\/2025\/07\/DoorBanner_B01-1-aboutus-2-1024x482.jpg 1024w, https:\/\/staging.kfa2.com\/wp-content\/uploads\/2025\/07\/DoorBanner_B01-1-aboutus-2-500x235.jpg 500w, https:\/\/staging.kfa2.com\/wp-content\/uploads\/2025\/07\/DoorBanner_B01-1-aboutus-2-768x362.jpg 768w, https:\/\/staging.kfa2.com\/wp-content\/uploads\/2025\/07\/DoorBanner_B01-1-aboutus-2-1536x723.jpg 1536w, https:\/\/staging.kfa2.com\/wp-content\/uploads\/2025\/07\/DoorBanner_B01-1-aboutus-2-2048x964.jpg 2048w, https:\/\/staging.kfa2.com\/wp-content\/uploads\/2025\/07\/DoorBanner_B01-1-aboutus-2-18x8.jpg 18w, https:\/\/staging.kfa2.com\/wp-content\/uploads\/2025\/07\/DoorBanner_B01-1-aboutus-2-600x282.jpg 600w\" sizes=\"(max-width: 800px) 100vw, 800px\" \/>\t\t\t\t\t\t\t\t\t\t\t\t\t\t\t<\/div>\n\t\t\t\t<\/div>\n\t\t<div class=\"elementor-element elementor-element-0b3fce4 e-flex e-con-boxed e-con e-parent\" data-id=\"0b3fce4\" data-element_type=\"container\" data-e-type=\"container\">\n\t\t\t\t\t<div class=\"e-con-inner\">\n\t\t\t\t<div class=\"elementor-element elementor-element-755212b elementor-widget elementor-widget-text-editor\" data-id=\"755212b\" data-element_type=\"widget\" data-e-type=\"widget\" data-widget_type=\"text-editor.default\">\n\t\t\t\t\t\t\t\t\t<h2><strong>SOBRE N\u00d3S<\/strong><\/h2>\t\t\t\t\t\t\t\t<\/div>\n\t\t\t\t\t<\/div>\n\t\t\t\t<\/div>\n\t\t<div class=\"elementor-element elementor-element-39bab59 e-flex e-con-boxed e-con e-parent\" data-id=\"39bab59\" data-element_type=\"container\" data-e-type=\"container\">\n\t\t\t\t\t<div class=\"e-con-inner\">\n\t\t<div class=\"elementor-element elementor-element-209afdc e-con-full e-flex e-con e-child\" data-id=\"209afdc\" data-element_type=\"container\" data-e-type=\"container\">\n\t\t\t\t<div class=\"elementor-element elementor-element-ed442c4 elementor-widget elementor-widget-text-editor\" data-id=\"ed442c4\" data-element_type=\"widget\" data-e-type=\"widget\" data-widget_type=\"text-editor.default\">\n\t\t\t\t\t\t\t\t\t<p class=\"MsoNormal\">Fundada em 2011, a KFA2 se dedica a fornecer hardware de computador de ponta que atenda \u00e0s demandas de um mercado global em r\u00e1pida expans\u00e3o. Ao colaborar com sua talentosa equipe de pesquisa e desenvolvimento, bem como com a equipe de design, a KFA2 construiu uma s\u00f3lida reputa\u00e7\u00e3o na cria\u00e7\u00e3o de solu\u00e7\u00f5es avan\u00e7adas de hardware de computador. A empresa \u00e9 especializada em placas de v\u00eddeo de m\u00e9dio a alto n\u00edvel que proporcionam desempenho excepcional para criadores e desenvolvedores de conte\u00fado, al\u00e9m de uma ampla gama de acess\u00f3rios para PC, incluindo gabinete para PC, cooler AIO para CPU, monitor, mouses e fones de ouvido. Esses produtos permitem que os usu\u00e1rios adotem totalmente a tecnologia de IA de ponta, revolucionando a experi\u00eancia de jogos e os fluxos de trabalho com desempenho e efici\u00eancia inigual\u00e1veis.<\/p>\t\t\t\t\t\t\t\t<\/div>\n\t\t\t\t<\/div>\n\t\t<div class=\"elementor-element elementor-element-bc7d8b4 e-con-full e-flex e-con e-child\" data-id=\"bc7d8b4\" data-element_type=\"container\" data-e-type=\"container\">\n\t\t\t\t<div class=\"elementor-element elementor-element-b77bf66 dce_masking-none elementor-widget elementor-widget-image\" data-id=\"b77bf66\" data-element_type=\"widget\" data-e-type=\"widget\" data-widget_type=\"image.default\">\n\t\t\t\t\t\t\t\t\t\t\t\t\t\t\t<img decoding=\"async\" width=\"800\" height=\"800\" src=\"https:\/\/staging.kfa2.com\/wp-content\/uploads\/2025\/07\/aboutus-logo.jpg\" class=\"attachment-large size-large wp-image-20924\" alt=\"\" srcset=\"https:\/\/staging.kfa2.com\/wp-content\/uploads\/2025\/07\/aboutus-logo.jpg 1000w, https:\/\/staging.kfa2.com\/wp-content\/uploads\/2025\/07\/aboutus-logo-500x500.jpg 500w, https:\/\/staging.kfa2.com\/wp-content\/uploads\/2025\/07\/aboutus-logo-150x150.jpg 150w, https:\/\/staging.kfa2.com\/wp-content\/uploads\/2025\/07\/aboutus-logo-768x768.jpg 768w, https:\/\/staging.kfa2.com\/wp-content\/uploads\/2025\/07\/aboutus-logo-12x12.jpg 12w, https:\/\/staging.kfa2.com\/wp-content\/uploads\/2025\/07\/aboutus-logo-300x300.jpg 300w, https:\/\/staging.kfa2.com\/wp-content\/uploads\/2025\/07\/aboutus-logo-600x600.jpg 600w, https:\/\/staging.kfa2.com\/wp-content\/uploads\/2025\/07\/aboutus-logo-100x100.jpg 100w\" sizes=\"(max-width: 800px) 100vw, 800px\" \/>\t\t\t\t\t\t\t\t\t\t\t\t\t\t\t<\/div>\n\t\t\t\t<\/div>\n\t\t\t\t\t<\/div>\n\t\t\t\t<\/div>\n\t\t<div class=\"elementor-element elementor-element-e92eb96 e-flex e-con-boxed e-con e-parent\" data-id=\"e92eb96\" data-element_type=\"container\" data-e-type=\"container\">\n\t\t\t\t\t<div class=\"e-con-inner\">\n\t\t\t\t<div class=\"elementor-element elementor-element-9a267a5 dce_masking-none elementor-widget elementor-widget-image\" data-id=\"9a267a5\" data-element_type=\"widget\" data-e-type=\"widget\" data-widget_type=\"image.default\">\n\t\t\t\t\t\t\t\t\t\t\t\t\t\t\t<img decoding=\"async\" width=\"800\" height=\"381\" src=\"https:\/\/staging.kfa2.com\/wp-content\/uploads\/2025\/07\/UKR_4281_2048px-K2-2-1024x488.jpg\" class=\"attachment-large size-large wp-image-20910\" alt=\"sobre n\u00f3s-xt\" srcset=\"https:\/\/staging.kfa2.com\/wp-content\/uploads\/2025\/07\/UKR_4281_2048px-K2-2-1024x488.jpg 1024w, https:\/\/staging.kfa2.com\/wp-content\/uploads\/2025\/07\/UKR_4281_2048px-K2-2-500x238.jpg 500w, https:\/\/staging.kfa2.com\/wp-content\/uploads\/2025\/07\/UKR_4281_2048px-K2-2-768x366.jpg 768w, https:\/\/staging.kfa2.com\/wp-content\/uploads\/2025\/07\/UKR_4281_2048px-K2-2-1536x731.jpg 1536w, https:\/\/staging.kfa2.com\/wp-content\/uploads\/2025\/07\/UKR_4281_2048px-K2-2-18x9.jpg 18w, https:\/\/staging.kfa2.com\/wp-content\/uploads\/2025\/07\/UKR_4281_2048px-K2-2-600x286.jpg 600w, https:\/\/staging.kfa2.com\/wp-content\/uploads\/2025\/07\/UKR_4281_2048px-K2-2.jpg 2048w\" sizes=\"(max-width: 800px) 100vw, 800px\" \/>\t\t\t\t\t\t\t\t\t\t\t\t\t\t\t<\/div>\n\t\t\t\t<div class=\"elementor-element elementor-element-e594531 elementor-widget elementor-widget-text-editor\" data-id=\"e594531\" data-element_type=\"widget\" data-e-type=\"widget\" data-widget_type=\"text-editor.default\">\n\t\t\t\t\t\t\t\t\t<p class=\"MsoNormal\">Impulsionada por um compromisso incans\u00e1vel de oferecer aos clientes os mais recentes avan\u00e7os tecnol\u00f3gicos, a KFA2 atualizou seu aplicativo Xtreme Tuner para oferecer suporte \u00e0 personaliza\u00e7\u00e3o sem fio de v\u00e1rias GPUs por meio de dispositivos m\u00f3veis. Esse aplicativo oferece monitoramento da GPU em tempo real, ajustes remotos da velocidade da ventoinha, personaliza\u00e7\u00e3o do efeito ARGB e overclocking da GPU por meio do exclusivo recurso 1-Click OC - tudo com a conveni\u00eancia de um smartphone.<\/p>\t\t\t\t\t\t\t\t<\/div>\n\t\t\t\t\t<\/div>\n\t\t\t\t<\/div>\n\t\t<div class=\"elementor-element elementor-element-1771fc4 e-flex e-con-boxed e-con e-parent\" data-id=\"1771fc4\" data-element_type=\"container\" data-e-type=\"container\">\n\t\t\t\t\t<div class=\"e-con-inner\">\n\t\t<div class=\"elementor-element elementor-element-f335528 e-con-full e-flex e-con e-child\" data-id=\"f335528\" data-element_type=\"container\" data-e-type=\"container\">\n\t\t\t\t<div class=\"elementor-element elementor-element-9b5e1b2 dce_masking-none elementor-widget elementor-widget-image\" data-id=\"9b5e1b2\" data-element_type=\"widget\" data-e-type=\"widget\" data-widget_type=\"image.default\">\n\t\t\t\t\t\t\t\t\t\t\t\t\t\t\t<img loading=\"lazy\" decoding=\"async\" width=\"800\" height=\"1000\" src=\"https:\/\/staging.kfa2.com\/wp-content\/uploads\/2025\/07\/aboutus-gpu-819x1024.jpg\" class=\"attachment-large size-large wp-image-20897\" alt=\"\" srcset=\"https:\/\/staging.kfa2.com\/wp-content\/uploads\/2025\/07\/aboutus-gpu-819x1024.jpg 819w, https:\/\/staging.kfa2.com\/wp-content\/uploads\/2025\/07\/aboutus-gpu-400x500.jpg 400w, https:\/\/staging.kfa2.com\/wp-content\/uploads\/2025\/07\/aboutus-gpu-768x960.jpg 768w, https:\/\/staging.kfa2.com\/wp-content\/uploads\/2025\/07\/aboutus-gpu-1229x1536.jpg 1229w, https:\/\/staging.kfa2.com\/wp-content\/uploads\/2025\/07\/aboutus-gpu-10x12.jpg 10w, https:\/\/staging.kfa2.com\/wp-content\/uploads\/2025\/07\/aboutus-gpu-600x750.jpg 600w, https:\/\/staging.kfa2.com\/wp-content\/uploads\/2025\/07\/aboutus-gpu.jpg 1400w\" sizes=\"(max-width: 800px) 100vw, 800px\" \/>\t\t\t\t\t\t\t\t\t\t\t\t\t\t\t<\/div>\n\t\t\t\t<\/div>\n\t\t<div class=\"elementor-element elementor-element-4675174 e-con-full e-flex e-con e-child\" data-id=\"4675174\" data-element_type=\"container\" data-e-type=\"container\">\n\t\t<div class=\"elementor-element elementor-element-1e9b5d5 e-con-full e-flex e-con e-child\" data-id=\"1e9b5d5\" data-element_type=\"container\" data-e-type=\"container\">\n\t\t\t\t<div class=\"elementor-element elementor-element-fd69005 dce_masking-none elementor-widget elementor-widget-image\" data-id=\"fd69005\" data-element_type=\"widget\" data-e-type=\"widget\" data-widget_type=\"image.default\">\n\t\t\t\t\t\t\t\t\t\t\t\t\t\t\t<img loading=\"lazy\" decoding=\"async\" width=\"800\" height=\"533\" src=\"https:\/\/staging.kfa2.com\/wp-content\/uploads\/2025\/07\/aboutus-hof-1024x682.jpg\" class=\"attachment-large size-large wp-image-20919\" alt=\"\" srcset=\"https:\/\/staging.kfa2.com\/wp-content\/uploads\/2025\/07\/aboutus-hof-1024x682.jpg 1024w, https:\/\/staging.kfa2.com\/wp-content\/uploads\/2025\/07\/aboutus-hof-500x333.jpg 500w, https:\/\/staging.kfa2.com\/wp-content\/uploads\/2025\/07\/aboutus-hof-768x512.jpg 768w, https:\/\/staging.kfa2.com\/wp-content\/uploads\/2025\/07\/aboutus-hof-1536x1024.jpg 1536w, https:\/\/staging.kfa2.com\/wp-content\/uploads\/2025\/07\/aboutus-hof-18x12.jpg 18w, https:\/\/staging.kfa2.com\/wp-content\/uploads\/2025\/07\/aboutus-hof-600x400.jpg 600w, https:\/\/staging.kfa2.com\/wp-content\/uploads\/2025\/07\/aboutus-hof.jpg 2000w\" sizes=\"(max-width: 800px) 100vw, 800px\" \/>\t\t\t\t\t\t\t\t\t\t\t\t\t\t\t<\/div>\n\t\t\t\t<\/div>\n\t\t<div class=\"elementor-element elementor-element-0c4d5ca e-con-full e-flex e-con e-child\" data-id=\"0c4d5ca\" data-element_type=\"container\" data-e-type=\"container\">\n\t\t\t\t<div class=\"elementor-element elementor-element-db411b3 elementor-widget elementor-widget-text-editor\" data-id=\"db411b3\" data-element_type=\"widget\" data-e-type=\"widget\" data-widget_type=\"text-editor.default\">\n\t\t\t\t\t\t\t\t\t<p>\u00c0 medida que a KFA2 continua seu crescimento com seus parceiros e clientes confi\u00e1veis, essas parcerias evolu\u00edram para a s\u00e9rie emblem\u00e1tica mais aclamada pela cr\u00edtica e ic\u00f4nica, a \"Hall of Fame\". A s\u00e9rie HOF \u00e9 dedicada aos entusiastas do overclocking e aos jogadores hardcore. Desde sua estreia em 2011, a s\u00e9rie \"Hall of Fame\", que quebrou recordes mundiais, recebeu pr\u00eamios de prest\u00edgio em todo o mundo, tornando-se uma das s\u00e9ries de placas de v\u00eddeo mais recomendadas e confi\u00e1veis para jogadores e entusiastas da constru\u00e7\u00e3o de PCs.<\/p>\t\t\t\t\t\t\t\t<\/div>\n\t\t\t\t<\/div>\n\t\t\t\t<\/div>\n\t\t\t\t\t<\/div>\n\t\t\t\t<\/div>\n\t\t<div class=\"elementor-element elementor-element-f9980eb e-flex e-con-boxed e-con e-parent\" data-id=\"f9980eb\" data-element_type=\"container\" data-e-type=\"container\">\n\t\t\t\t\t<div class=\"e-con-inner\">\n\t\t<div class=\"elementor-element elementor-element-b44e7ed e-con-full e-flex e-con e-child\" data-id=\"b44e7ed\" data-element_type=\"container\" data-e-type=\"container\">\n\t\t\t\t<div class=\"elementor-element elementor-element-cb6342e dce_masking-none elementor-widget elementor-widget-image\" data-id=\"cb6342e\" data-element_type=\"widget\" data-e-type=\"widget\" data-widget_type=\"image.default\">\n\t\t\t\t\t\t\t\t\t\t\t\t\t\t\t<img loading=\"lazy\" decoding=\"async\" width=\"800\" height=\"534\" src=\"https:\/\/staging.kfa2.com\/wp-content\/uploads\/2025\/07\/UKR_4245_2048px-1024x683.jpg\" class=\"attachment-large size-large wp-image-20920\" alt=\"\" srcset=\"https:\/\/staging.kfa2.com\/wp-content\/uploads\/2025\/07\/UKR_4245_2048px-1024x683.jpg 1024w, https:\/\/staging.kfa2.com\/wp-content\/uploads\/2025\/07\/UKR_4245_2048px-500x333.jpg 500w, https:\/\/staging.kfa2.com\/wp-content\/uploads\/2025\/07\/UKR_4245_2048px-768x512.jpg 768w, https:\/\/staging.kfa2.com\/wp-content\/uploads\/2025\/07\/UKR_4245_2048px-1536x1024.jpg 1536w, https:\/\/staging.kfa2.com\/wp-content\/uploads\/2025\/07\/UKR_4245_2048px-18x12.jpg 18w, https:\/\/staging.kfa2.com\/wp-content\/uploads\/2025\/07\/UKR_4245_2048px-600x400.jpg 600w, https:\/\/staging.kfa2.com\/wp-content\/uploads\/2025\/07\/UKR_4245_2048px.jpg 2048w\" sizes=\"(max-width: 800px) 100vw, 800px\" \/>\t\t\t\t\t\t\t\t\t\t\t\t\t\t\t<\/div>\n\t\t\t\t<\/div>\n\t\t<div class=\"elementor-element elementor-element-af7123c e-con-full e-flex e-con e-child\" data-id=\"af7123c\" data-element_type=\"container\" data-e-type=\"container\">\n\t\t\t\t<div class=\"elementor-element elementor-element-ab8e0b6 elementor-widget elementor-widget-text-editor\" data-id=\"ab8e0b6\" data-element_type=\"widget\" data-e-type=\"widget\" data-widget_type=\"text-editor.default\">\n\t\t\t\t\t\t\t\t\t<p>Com a vis\u00e3o de criar a experi\u00eancia de jogo mais imersiva e junto com jogadores de elite e criadores de conte\u00fado, a KFA2 continua a explorar a possibilidade ilimitada do que est\u00e1 por vir no mundo dos jogos e da tecnologia de IA, com foco no avan\u00e7o do setor.<\/p>\t\t\t\t\t\t\t\t<\/div>\n\t\t\t\t<\/div>\n\t\t\t\t\t<\/div>\n\t\t\t\t<\/div>\n\t\t<div class=\"elementor-element elementor-element-4b7c18e e-flex e-con-boxed e-con e-parent\" data-id=\"4b7c18e\" data-element_type=\"container\" data-e-type=\"container\">\n\t\t\t\t\t<div class=\"e-con-inner\">\n\t\t<div class=\"elementor-element elementor-element-cdce8ba e-con-full e-flex e-con e-child\" data-id=\"cdce8ba\" data-element_type=\"container\" data-e-type=\"container\">\n\t\t\t\t<div class=\"elementor-element elementor-element-5cfca4a elementor-widget elementor-widget-text-editor\" data-id=\"5cfca4a\" data-element_type=\"widget\" data-e-type=\"widget\" data-widget_type=\"text-editor.default\">\n\t\t\t\t\t\t\t\t\t<p>Quando os esfor\u00e7os de responsabilidade social das empresas se tornam parte da cultura da empresa, os funcion\u00e1rios percebem. Como uma organiza\u00e7\u00e3o que leva a sociedade no fundo do cora\u00e7\u00e3o, nossos objetivos s\u00e3o colocar em pr\u00e1tica os esfor\u00e7os para beneficiar a sociedade e estar determinados a liderar a tarefa de tornar o mundo um lugar melhor.<\/p><p>Desde 2017, a KFA2 tem sido premiada consecutivamente com o logotipo de Empresa Solid\u00e1ria pelo Conselho de Servi\u00e7o Social de Hong Kong e, em 2022, a KFA2 foi premiada com o logotipo de Empresa Solid\u00e1ria por mais 5 anos por seu compromisso cont\u00ednuo em promover a boa cidadania corporativa e criar uma comunidade melhor. A partir de 2023, a KFA2 j\u00e1 foi premiada com o Certificado de Empresa Solid\u00e1ria por 7 anos consecutivos. Como o Caring Company Scheme (o Scheme) tem como objetivo ajudar a fortalecer a comunica\u00e7\u00e3o entre as empresas e as organiza\u00e7\u00f5es de servi\u00e7os sociais, isso criar\u00e1 espa\u00e7os para o trabalho conjunto no desenvolvimento de projetos intersetoriais com foco nas necessidades da comunidade.<\/p>\t\t\t\t\t\t\t\t<\/div>\n\t\t\t\t<\/div>\n\t\t<div class=\"elementor-element elementor-element-7060fa8 e-con-full e-flex e-con e-child\" data-id=\"7060fa8\" data-element_type=\"container\" data-e-type=\"container\">\n\t\t\t\t<div class=\"elementor-element elementor-element-f0e76e5 dce_masking-none elementor-widget elementor-widget-image\" data-id=\"f0e76e5\" data-element_type=\"widget\" data-e-type=\"widget\" data-widget_type=\"image.default\">\n\t\t\t\t\t\t\t\t\t\t\t\t\t\t\t<img loading=\"lazy\" decoding=\"async\" width=\"520\" height=\"261\" src=\"https:\/\/staging.kfa2.com\/wp-content\/uploads\/2025\/10\/caringcompany5plusyears.jpg\" class=\"attachment-large size-large wp-image-22641\" alt=\"\" srcset=\"https:\/\/staging.kfa2.com\/wp-content\/uploads\/2025\/10\/caringcompany5plusyears.jpg 520w, https:\/\/staging.kfa2.com\/wp-content\/uploads\/2025\/10\/caringcompany5plusyears-500x251.jpg 500w, https:\/\/staging.kfa2.com\/wp-content\/uploads\/2025\/10\/caringcompany5plusyears-18x9.jpg 18w\" sizes=\"(max-width: 520px) 100vw, 520px\" \/>\t\t\t\t\t\t\t\t\t\t\t\t\t\t\t<\/div>\n\t\t\t\t<\/div>\n\t\t<div class=\"elementor-element elementor-element-d122473 e-con-full e-flex e-con e-child\" data-id=\"d122473\" data-element_type=\"container\" data-e-type=\"container\">\n\t\t\t\t<div class=\"elementor-element elementor-element-f8a51c9 dce_masking-none elementor-widget elementor-widget-image\" data-id=\"f8a51c9\" data-element_type=\"widget\" data-e-type=\"widget\" data-widget_type=\"image.default\">\n\t\t\t\t\t\t\t\t\t\t\t\t\t\t\t<img loading=\"lazy\" decoding=\"async\" width=\"800\" height=\"584\" src=\"https:\/\/staging.kfa2.com\/wp-content\/uploads\/2025\/10\/GEC_Logo_2020-e1761497800903-1024x748.jpg\" class=\"attachment-large size-large wp-image-22642\" alt=\"\" srcset=\"https:\/\/staging.kfa2.com\/wp-content\/uploads\/2025\/10\/GEC_Logo_2020-e1761497800903-1024x748.jpg 1024w, https:\/\/staging.kfa2.com\/wp-content\/uploads\/2025\/10\/GEC_Logo_2020-e1761497800903-500x365.jpg 500w, https:\/\/staging.kfa2.com\/wp-content\/uploads\/2025\/10\/GEC_Logo_2020-e1761497800903-768x561.jpg 768w, https:\/\/staging.kfa2.com\/wp-content\/uploads\/2025\/10\/GEC_Logo_2020-e1761497800903-1536x1122.jpg 1536w, https:\/\/staging.kfa2.com\/wp-content\/uploads\/2025\/10\/GEC_Logo_2020-e1761497800903-2048x1496.jpg 2048w, https:\/\/staging.kfa2.com\/wp-content\/uploads\/2025\/10\/GEC_Logo_2020-e1761497800903-16x12.jpg 16w, https:\/\/staging.kfa2.com\/wp-content\/uploads\/2025\/10\/GEC_Logo_2020-e1761497800903-600x438.jpg 600w\" sizes=\"(max-width: 800px) 100vw, 800px\" \/>\t\t\t\t\t\t\t\t\t\t\t\t\t\t\t<\/div>\n\t\t\t\t<\/div>\n\t\t<div class=\"elementor-element elementor-element-85a2d21 e-con-full e-flex e-con e-child\" data-id=\"85a2d21\" data-element_type=\"container\" data-e-type=\"container\">\n\t\t\t\t<div class=\"elementor-element elementor-element-f8bd50e elementor-widget elementor-widget-text-editor\" data-id=\"f8bd50e\" data-element_type=\"widget\" data-e-type=\"widget\" data-widget_type=\"text-editor.default\">\n\t\t\t\t\t\t\t\t\t<p>Al\u00e9m disso, a KFA2 tamb\u00e9m \u00e9 membro da Good Employer Charter desde 2018, cujo objetivo \u00e9 incentivar continuamente os empregadores de diferentes setores e escalas (incluindo pequenas e m\u00e9dias empresas) a adotar boas pr\u00e1ticas de gest\u00e3o de recursos humanos progressivas e voltadas para os funcion\u00e1rios. Os empregadores tamb\u00e9m devem formular pol\u00edticas de emprego favor\u00e1veis \u00e0 fam\u00edlia, avaliando as diferentes responsabilidades familiares assumidas por seus funcion\u00e1rios e ajudando-os a atender \u00e0s suas necessidades profissionais e familiares simultaneamente para criar um local de trabalho harmonioso e favor\u00e1vel \u00e0 fam\u00edlia.<\/p>\t\t\t\t\t\t\t\t<\/div>\n\t\t\t\t<\/div>\n\t\t\t\t\t<\/div>\n\t\t\t\t<\/div>\n\t\t\t\t<\/div>","protected":false},"excerpt":{"rendered":"<p>ABOUT US Established in 2011, KFA2 is dedicated to delivering cutting-edge computer hardware that meets the demands of a rapidly expanding global market. By collaborating with its talented research and development, as well as design team, KFA2 has built a strong reputation for crafting advanced computer hardware solutions. The company specializes in mid to high-end [&hellip;]<\/p>\n","protected":false},"author":249214822,"featured_media":20895,"parent":0,"menu_order":0,"comment_status":"closed","ping_status":"open","template":"elementor_header_footer","meta":{"_acf_changed":false,"footnotes":""},"class_list":["post-1","page","type-page","status-publish","has-post-thumbnail","hentry"],"acf":[],"_links":{"self":[{"href":"https:\/\/staging.kfa2.com\/pt\/wp-json\/wp\/v2\/pages\/1","targetHints":{"allow":["GET"]}}],"collection":[{"href":"https:\/\/staging.kfa2.com\/pt\/wp-json\/wp\/v2\/pages"}],"about":[{"href":"https:\/\/staging.kfa2.com\/pt\/wp-json\/wp\/v2\/types\/page"}],"author":[{"embeddable":true,"href":"https:\/\/staging.kfa2.com\/pt\/wp-json\/wp\/v2\/users\/249214822"}],"replies":[{"embeddable":true,"href":"https:\/\/staging.kfa2.com\/pt\/wp-json\/wp\/v2\/comments?post=1"}],"version-history":[{"count":3,"href":"https:\/\/staging.kfa2.com\/pt\/wp-json\/wp\/v2\/pages\/1\/revisions"}],"predecessor-version":[{"id":22645,"href":"https:\/\/staging.kfa2.com\/pt\/wp-json\/wp\/v2\/pages\/1\/revisions\/22645"}],"wp:featuredmedia":[{"embeddable":true,"href":"https:\/\/staging.kfa2.com\/pt\/wp-json\/wp\/v2\/media\/20895"}],"wp:attachment":[{"href":"https:\/\/staging.kfa2.com\/pt\/wp-json\/wp\/v2\/media?parent=1"}],"curies":[{"name":"wp","href":"https:\/\/api.w.org\/{rel}","templated":true}]}}