{"id":22364,"date":"2025-10-09T15:35:07","date_gmt":"2025-10-09T07:35:07","guid":{"rendered":"https:\/\/staging.kfa2.com\/?page_id=22364"},"modified":"2025-10-14T12:56:55","modified_gmt":"2025-10-14T04:56:55","slug":"the-fast-lane-to-ultimate-gaming-and-prizes-giveaway-terms-conditions-poland","status":"publish","type":"page","link":"https:\/\/staging.kfa2.com\/pt\/the-fast-lane-to-ultimate-gaming-and-prizes-giveaway-terms-conditions-poland\/","title":{"rendered":"\"A via r\u00e1pida para o melhor jogo - e pr\u00eamios\". Termos e Condi\u00e7\u00f5es do Giveaway (Pol\u00f4nia)"},"content":{"rendered":"<div data-elementor-type=\"wp-page\" data-elementor-id=\"22364\" class=\"elementor elementor-22364\" data-elementor-post-type=\"page\">\n\t\t\t\t<div class=\"elementor-element elementor-element-dcff137 e-con-full light-background e-flex e-con e-parent\" data-id=\"dcff137\" data-element_type=\"container\" data-e-type=\"container\">\n\t\t\t\t<div class=\"elementor-element elementor-element-3dbbe5a elementor-widget__width-inherit dce_masking-none elementor-widget elementor-widget-image\" data-id=\"3dbbe5a\" data-element_type=\"widget\" data-e-type=\"widget\" data-widget_type=\"image.default\">\n\t\t\t\t\t\t\t\t\t\t\t\t\t\t\t<img fetchpriority=\"high\" decoding=\"async\" width=\"800\" height=\"291\" src=\"https:\/\/staging.kfa2.com\/wp-content\/uploads\/2025\/09\/Artboard-10-1024x373.jpg\" class=\"attachment-large size-large wp-image-22064\" alt=\"\" srcset=\"https:\/\/staging.kfa2.com\/wp-content\/uploads\/2025\/09\/Artboard-10-1024x373.jpg 1024w, https:\/\/staging.kfa2.com\/wp-content\/uploads\/2025\/09\/Artboard-10-500x182.jpg 500w, https:\/\/staging.kfa2.com\/wp-content\/uploads\/2025\/09\/Artboard-10-768x280.jpg 768w, https:\/\/staging.kfa2.com\/wp-content\/uploads\/2025\/09\/Artboard-10-1536x560.jpg 1536w, https:\/\/staging.kfa2.com\/wp-content\/uploads\/2025\/09\/Artboard-10-18x7.jpg 18w, https:\/\/staging.kfa2.com\/wp-content\/uploads\/2025\/09\/Artboard-10-600x219.jpg 600w, https:\/\/staging.kfa2.com\/wp-content\/uploads\/2025\/09\/Artboard-10.jpg 1920w\" sizes=\"(max-width: 800px) 100vw, 800px\" \/>\t\t\t\t\t\t\t\t\t\t\t\t\t\t\t<\/div>\n\t\t\t\t<\/div>\n\t\t<div class=\"elementor-element elementor-element-0b3fce4 e-flex e-con-boxed e-con e-parent\" data-id=\"0b3fce4\" data-element_type=\"container\" data-e-type=\"container\">\n\t\t\t\t\t<div class=\"e-con-inner\">\n\t\t\t\t<div class=\"elementor-element elementor-element-755212b elementor-widget elementor-widget-text-editor\" data-id=\"755212b\" data-element_type=\"widget\" data-e-type=\"widget\" data-widget_type=\"text-editor.default\">\n\t\t\t\t\t\t\t\t\t<h4><strong>\"A via r\u00e1pida para o melhor jogo - e pr\u00eamios\". Termos e condi\u00e7\u00f5es do pr\u00eamio<\/strong><\/h4>\t\t\t\t\t\t\t\t<\/div>\n\t\t\t\t\t<\/div>\n\t\t\t\t<\/div>\n\t\t<div class=\"elementor-element elementor-element-39bab59 e-flex e-con-boxed e-con e-parent\" data-id=\"39bab59\" data-element_type=\"container\" data-e-type=\"container\">\n\t\t\t\t\t<div class=\"e-con-inner\">\n\t\t<div class=\"elementor-element elementor-element-209afdc e-con-full e-flex e-con e-child\" data-id=\"209afdc\" data-element_type=\"container\" data-e-type=\"container\">\n\t\t\t\t<div class=\"elementor-element elementor-element-ed442c4 elementor-widget elementor-widget-text-editor\" data-id=\"ed442c4\" data-element_type=\"widget\" data-e-type=\"widget\" data-widget_type=\"text-editor.default\">\n\t\t\t\t\t\t\t\t\t<p><strong>A via r\u00e1pida para o jogo definitivo - e pr\u00eamios<\/strong><\/p><p>Termos e condi\u00e7\u00f5es - A via r\u00e1pida para o jogo definitivo - e pr\u00eamios\u00a0\u00a0\u00a0\u00a0\u00a0<\/p><p>Nome da campanha: \"A via r\u00e1pida para o melhor jogo - e pr\u00eamios\". Concurso (\"Concurso\")<\/p><p>Per\u00edodo da campanha:<\/p><p>O envio da Competi\u00e7\u00e3o come\u00e7a em 15 de setembro de 2025 e termina em 30 de novembro de 2025 (01:00 PM HKT). O per\u00edodo de compra \u00e9 de 15 de agosto de 2025 a 15 de novembro de 2025 (01:00 PM HKT).<\/p><p>Requisito de entrada (\"Requisito\")<\/p><ul><li>Para participar do Concurso, os participantes residentes na Pol\u00f4nia devem comprar uma placa de v\u00eddeo KFA2 GeForce RTX s\u00e9rie 50 eleg\u00edvel de um revendedor oficial autorizado durante o Per\u00edodo da Campanha.<\/li><li>Os participantes devem acessar a p\u00e1gina do concurso on-line em <a href=\"https:\/\/kfa2.com\/en\/webform\/the-fast-lane-to-ultimate-gaming-and-prizes\/\">https:\/\/kfa2.com\/en\/webform\/the-fast-lane-to-ultimate-gaming-and-prizes-poland\/<\/a> para responder \u00e0 pergunta \"O que mais o entusiasma nas placas de v\u00eddeo da HOF Gaming?\" e carregar um comprovante de compra v\u00e1lido (por exemplo, recibo de canais oficiais ou varejistas).<\/li><\/ul><ul><li>A KFA2 escolher\u00e1 as duas melhores respostas entre os participantes.<\/li><\/ul><div>\u00a0<\/div><ul><li>Ap\u00f3s o envio bem-sucedido da resposta, do comprovante de compra e dos dados pessoais, os participantes ser\u00e3o automaticamente inscritos no Concurso.<\/li><\/ul><p>Prazo final<\/p><ul><li>O prazo de inscri\u00e7\u00e3o \u00e9 30 de novembro de 2025. As inscri\u00e7\u00f5es recebidas ap\u00f3s essa data n\u00e3o ser\u00e3o consideradas e ser\u00e3o anuladas.<\/li><\/ul><p>Pr\u00eamios<\/p><ul><li>Conjunto de blocos de montar inspirado no carro de corrida da HOF Limited (preto) x 1\u00a0<\/li><li>Conjunto de blocos de montar inspirado no carro de corrida da HOF Limited (branco) x 1\u00a0<\/li><\/ul><ul><li>No total, ser\u00e3o selecionados 2 vencedores. Cada um receber\u00e1 1 pr\u00eamio, e as cores ser\u00e3o alocadas aleatoriamente. A sele\u00e7\u00e3o ser\u00e1 baseada na criatividade de suas respostas.<\/li><\/ul><ul><li>Os pr\u00eamios s\u00e3o intransfer\u00edveis, n\u00e3o podem ser trocados e n\u00e3o podem ser trocados por dinheiro ou outras alternativas.<\/li><\/ul><ul><li>O an\u00fancio do vencedor ser\u00e1 feito no Facebook da KFA2 Pol\u00f4nia at\u00e9 15 de dezembro de 2025.<\/li><\/ul><ul><li>Os vencedores ser\u00e3o notificados por e-mail em at\u00e9 5 dias ap\u00f3s o sorteio. Se o vencedor n\u00e3o responder com as informa\u00e7\u00f5es solicitadas dentro de 5 dias, o pr\u00eamio ser\u00e1 perdido e outro vencedor poder\u00e1 ser selecionado.<\/li><\/ul><ul><li>A fim de verificar a identidade e a qualifica\u00e7\u00e3o dos vencedores, a KFA2 poder\u00e1 solicitar documentos adicionais aos vencedores. O vencedor que n\u00e3o fornecer os documentos exigidos poder\u00e1 ser desqualificado.\u00a0\u00a0<\/li><\/ul><ul><li>A decis\u00e3o da KFA2 \u00e9 final. A KFA2 se reserva o direito de tomar a decis\u00e3o final.<\/li><\/ul><p>Elegibilidade<\/p><ul><li>O Concurso est\u00e1 aberto a participantes com 18 anos ou mais que residam na Pol\u00f4nia.<\/li><\/ul><ul><li>Ser\u00e1 aceita apenas uma inscri\u00e7\u00e3o por participante. Se v\u00e1rias inscri\u00e7\u00f5es forem enviadas, apenas a \u00faltima inscri\u00e7\u00e3o v\u00e1lida ser\u00e1 considerada, e todas as outras inscri\u00e7\u00f5es ser\u00e3o anuladas.<\/li><\/ul><ul><li>Os funcion\u00e1rios da KFA2, Hall Of Fame, KFA2 e seus familiares diretos n\u00e3o s\u00e3o eleg\u00edveis.<\/li><\/ul><ul><li>Os participantes devem atender a todos os requisitos de inscri\u00e7\u00e3o do Concurso.<\/li><\/ul><p>Desqualifica\u00e7\u00e3o<\/p><ul><li>As inscri\u00e7\u00f5es que contiverem informa\u00e7\u00f5es pessoais incompletas ou falsas ser\u00e3o desqualificadas e consideradas nulas.<\/li><\/ul><ul><li>Qualquer tentativa de adulterar o Concurso ou interromper seu processo resultar\u00e1 em desqualifica\u00e7\u00e3o.<\/li><\/ul><ul><li>A KFA2 se reserva o direito de desqualificar qualquer participante que n\u00e3o cumpra estes Termos.<\/li><\/ul><p>Condi\u00e7\u00f5es gerais<\/p><ul><li>Ao se inscreverem, os participantes concordam em obedecer a estes Termos e Condi\u00e7\u00f5es.<\/li><\/ul><ul><li>Os participantes eleg\u00edveis da Pol\u00f4nia DEVEM se inscrever no site da KFA2. As inscri\u00e7\u00f5es da regi\u00e3o listada acima enviadas pelo site da GALAX n\u00e3o ser\u00e3o aceitas.<\/li><\/ul><ul><li>A KFA2 se reserva o direito de alterar os Termos ou cancelar, encerrar ou modificar o Concurso a seu crit\u00e9rio e a qualquer momento.<\/li><\/ul><ul><li>A KFA2 se reserva o direito de encerrar a campanha em caso de fraude, falhas t\u00e9cnicas ou quaisquer outros fatores al\u00e9m do controle razo\u00e1vel da KFA2 que prejudiquem a integridade do concurso e que sejam determinados pela KFA2 a seu exclusivo crit\u00e9rio.<\/li><\/ul><ul><li>Se esta campanha ou qualquer site associado a ela (ou qualquer parte dele) for corrompido ou n\u00e3o permitir a participa\u00e7\u00e3o no Concurso, ou se a infec\u00e7\u00e3o por v\u00edrus de computador, bugs, adultera\u00e7\u00e3o, interven\u00e7\u00e3o n\u00e3o autorizada, a\u00e7\u00f5es dos participantes, fraude, falhas t\u00e9cnicas ou quaisquer outras causas, Na opini\u00e3o exclusiva da KFA2, corromper ou afetar a administra\u00e7\u00e3o, seguran\u00e7a, justi\u00e7a, integridade ou opera\u00e7\u00e3o adequada deste concurso, a KFA2 se reserva o direito, a seu crit\u00e9rio exclusivo, de desqualificar qualquer indiv\u00edduo implicado em tal a\u00e7\u00e3o e\/ou cancelar, encerrar, modificar ou suspender este Concurso ou qualquer parte dele.<\/li><\/ul><ul><li>Em nenhuma circunst\u00e2ncia a KFA2 ou seus executivos, diretores, funcion\u00e1rios, afiliados, subsidi\u00e1rios, ag\u00eancias de publicidade, promo\u00e7\u00e3o, atendimento, marketing, empresas de rela\u00e7\u00f5es p\u00fablicas, consultores ou contratados ser\u00e3o respons\u00e1veis por quaisquer danos ou perdas de qualquer tipo, incluindo, sem limita\u00e7\u00e3o, danos exemplares, indiretos, incidentais ou punitivos, ou honor\u00e1rios advocat\u00edcios, decorrentes desta promo\u00e7\u00e3o e\/ou de qualquer aceita\u00e7\u00e3o, morte e\/ou danos pessoais, posse, uso indevido ou falha no uso do pr\u00eamio concedido em conex\u00e3o com esta promo\u00e7\u00e3o, incluindo, sem limita\u00e7\u00e3o, danos pessoais, morte e\/ou danos indiretos, incidentais ou punitivos, ou honor\u00e1rios advocat\u00edcios, danos consequenciais ou punitivos, ou honor\u00e1rios advocat\u00edcios, decorrentes desta promo\u00e7\u00e3o e\/ou de qualquer aceita\u00e7\u00e3o, posse, uso, uso indevido ou falha no uso do pr\u00eamio concedido em conex\u00e3o com esta promo\u00e7\u00e3o, incluindo, sem limita\u00e7\u00e3o, danos pessoais, morte e\/ou danos \u00e0 propriedade, bem como quaisquer reivindica\u00e7\u00f5es baseadas em direitos de publicidade ou invas\u00e3o de privacidade. Em nenhuma hip\u00f3tese, a responsabilidade agregada da KFA2 por reclama\u00e7\u00f5es decorrentes desta promo\u00e7\u00e3o exceder\u00e1 o valor de varejo do pr\u00eamio a ser concedido em conex\u00e3o com esta promo\u00e7\u00e3o.<\/li><\/ul><ul><li>Isen\u00e7\u00e3o de responsabilidade de m\u00eddia social e libera\u00e7\u00e3o de responsabilidade - a promo\u00e7\u00e3o n\u00e3o \u00e9, de forma alguma, patrocinada, endossada ou administrada por, ou associada ao Facebook. Os participantes isentam o Facebook de qualquer responsabilidade por quaisquer danos ou perdas de qualquer tipo, incluindo, sem limita\u00e7\u00e3o, danos exemplares, indiretos, incidentais, consequenciais ou punitivos, ou honor\u00e1rios advocat\u00edcios, decorrentes desta promo\u00e7\u00e3o e\/ou de qualquer aceita\u00e7\u00e3o, posse, uso, uso indevido ou falha no uso do pr\u00eamio concedido em conex\u00e3o com esta promo\u00e7\u00e3o, incluindo, sem limita\u00e7\u00e3o, danos pessoais, morte e\/ou danos \u00e0 propriedade, bem como quaisquer reivindica\u00e7\u00f5es baseadas em direitos de publicidade ou invas\u00e3o de privacidade.<\/li><\/ul><ul><li>A decis\u00e3o da KFA2 com rela\u00e7\u00e3o a todos os aspectos do Concurso \u00e9 final e vinculante.<\/li><\/ul>\t\t\t\t\t\t\t\t<\/div>\n\t\t\t\t<\/div>\n\t\t\t\t\t<\/div>\n\t\t\t\t<\/div>\n\t\t\t\t<\/div>","protected":false},"excerpt":{"rendered":"<p>&#8220;The Fast Lane to Ultimate Gaming\u2014and Prizes.&#8221; Giveaway Terms &amp; Conditions The Fast Lane to Ultimate Gaming \u2013 and Prizes Terms and Conditions &#8211; The Fast Lane to Ultimate Gaming &#8211; and Prizes\u00a0\u00a0\u00a0\u00a0\u00a0 Campaign Name: \u201cThe Fast Lane to Ultimate Gaming\u2014and Prizes.\u201d Contest (\u201cContest\u201d) Campaign Period: The Contest submission begins on 15th September, 2025 and [&hellip;]<\/p>\n","protected":false},"author":249214834,"featured_media":20895,"parent":0,"menu_order":0,"comment_status":"closed","ping_status":"open","template":"elementor_header_footer","meta":{"_acf_changed":false,"footnotes":""},"class_list":["post-22364","page","type-page","status-publish","has-post-thumbnail","hentry"],"acf":[],"_links":{"self":[{"href":"https:\/\/staging.kfa2.com\/pt\/wp-json\/wp\/v2\/pages\/22364","targetHints":{"allow":["GET"]}}],"collection":[{"href":"https:\/\/staging.kfa2.com\/pt\/wp-json\/wp\/v2\/pages"}],"about":[{"href":"https:\/\/staging.kfa2.com\/pt\/wp-json\/wp\/v2\/types\/page"}],"author":[{"embeddable":true,"href":"https:\/\/staging.kfa2.com\/pt\/wp-json\/wp\/v2\/users\/249214834"}],"replies":[{"embeddable":true,"href":"https:\/\/staging.kfa2.com\/pt\/wp-json\/wp\/v2\/comments?post=22364"}],"version-history":[{"count":3,"href":"https:\/\/staging.kfa2.com\/pt\/wp-json\/wp\/v2\/pages\/22364\/revisions"}],"predecessor-version":[{"id":22438,"href":"https:\/\/staging.kfa2.com\/pt\/wp-json\/wp\/v2\/pages\/22364\/revisions\/22438"}],"wp:featuredmedia":[{"embeddable":true,"href":"https:\/\/staging.kfa2.com\/pt\/wp-json\/wp\/v2\/media\/20895"}],"wp:attachment":[{"href":"https:\/\/staging.kfa2.com\/pt\/wp-json\/wp\/v2\/media?parent=22364"}],"curies":[{"name":"wp","href":"https:\/\/api.w.org\/{rel}","templated":true}]}}