{"id":8778,"date":"2024-12-12T17:13:54","date_gmt":"2024-12-12T09:13:54","guid":{"rendered":"https:\/\/staging.kfa2.com\/?page_id=8778"},"modified":"2025-10-09T20:10:14","modified_gmt":"2025-10-09T12:10:14","slug":"warranty","status":"publish","type":"page","link":"https:\/\/staging.kfa2.com\/pt\/warranty\/","title":{"rendered":"Garantia"},"content":{"rendered":"<div data-elementor-type=\"wp-page\" data-elementor-id=\"8778\" class=\"elementor elementor-8778\" data-elementor-post-type=\"page\">\n\t\t\t\t<div class=\"elementor-element elementor-element-64635ae light-background e-flex e-con-boxed e-con e-parent\" data-id=\"64635ae\" data-element_type=\"container\" data-e-type=\"container\">\n\t\t\t\t\t<div class=\"e-con-inner\">\n\t\t\t\t<div class=\"elementor-element elementor-element-a6069fd elementor-widget elementor-widget-dyncontel-acf\" data-id=\"a6069fd\" data-element_type=\"widget\" data-e-type=\"widget\" data-settings=\"{&quot;acf_field_list&quot;:&quot;subtitle&quot;,&quot;enabled_visibility&quot;:&quot;yes&quot;,&quot;dce_visibility_selected&quot;:&quot;hide&quot;,&quot;acf_type&quot;:&quot;text&quot;}\" data-widget_type=\"dyncontel-acf.default\">\n\t\t\t\t<div class=\"elementor-widget-container\">\n\t\t\t\t\t<span class=\"dynamic-content-for-elementor-acf\">Garantia limitada da placa gr\u00e1fica (Europa)<\/span>\t\t\t\t<\/div>\n\t\t\t\t<\/div>\n\t\t\t\t<div class=\"elementor-element elementor-element-4fc7398 elementor-widget elementor-widget-text-editor\" data-id=\"4fc7398\" data-element_type=\"widget\" data-e-type=\"widget\" data-widget_type=\"text-editor.default\">\n\t\t\t\t\t\t\t\t\t<p>Garantia da placa gr\u00e1fica KFA2 (Europa) Garantia limitada<\/p>\n<p>A KFA2 (Galaxy Microsystems Ltd.) (\"KFA2\") garante sua placa gr\u00e1fica para diferentes regi\u00f5es com diferentes termos para o comprador original (\"Comprador\") e n\u00e3o \u00e9 transfer\u00edvel, sujeita a todos os termos e condi\u00e7\u00f5es especificados neste documento. Esta garantia n\u00e3o se aplica a leil\u00f5es, eBay, revendedores n\u00e3o autorizados, compra de produtos de segunda m\u00e3o ou fisicamente alterados ou emendados. A \u00fanica obriga\u00e7\u00e3o da KFA2 nos termos desta garantia \u00e9 substituir ou, a seu crit\u00e9rio, consertar, gratuitamente, todas as pe\u00e7as defeituosas do produto.<\/p>\n<p>O que n\u00e3o \u00e9 coberto pela Garantia Limitada KFA2:<\/p>\n<ul>\n<li>N\u00e3o foi instalado de acordo com as instru\u00e7\u00f5es do KFA2;<\/li>\n<li>Foi danificado durante a instala\u00e7\u00e3o ou remo\u00e7\u00e3o do computador;<\/li>\n<li>Foi danificado por software ou hardware, incluindo incompatibilidade de software ou hardware;<\/li>\n<li>N\u00e3o foi mantido e operado em condi\u00e7\u00f5es normais de uso, de acordo com as especifica\u00e7\u00f5es da KFA2;<\/li>\n<li>Foi danificado por overclocking ou modifica\u00e7\u00e3o por outra pessoa que n\u00e3o a KFA2.<\/li>\n<li>Voc\u00ea n\u00e3o \u00e9 o comprador original e forneceu um comprovante de compra que evidencia a data da compra (recibo de venda ou fatura), o local da compra, o pre\u00e7o da compra, o n\u00famero ou a identifica\u00e7\u00e3o do item e a embalagem e os acess\u00f3rios originais.<\/li>\n<li>Produtos modificados fora das especifica\u00e7\u00f5es de f\u00e1brica e\/ou que n\u00e3o estejam em condi\u00e7\u00f5es de f\u00e1brica.<\/li>\n<li>Produtos com modifica\u00e7\u00f5es no n\u00famero de s\u00e9rie e\/ou nas etiquetas de identifica\u00e7\u00e3o de f\u00e1brica, sejam elas removidas, realocadas, falsificadas, desfiguradas, danificadas, alteradas ou tornadas ileg\u00edveis.<\/li>\n<li>Danos \u00e0 PCB (placa de circuito impresso), seja cortada, arranhada, deformada, dobrada, rachada, amassada ou quebrada<\/li>\n<li>Quaisquer danos aos componentes, ao hardware e\/ou \u00e0 montagem dos Produtos, incluindo, entre outros, danos causados como resultado de neglig\u00eancia, abuso, acidentes, uso indevido ou estresse f\u00edsico, el\u00e9trico ou eletromec\u00e2nico incomum (inclusive devido ao uso ininterrupto dos Produtos ou ao uso dos Produtos para processamento de blockchain, minera\u00e7\u00e3o de criptomoedas ou fins semelhantes)<\/li>\n<li>Qualquer hardware, componente e\/ou conjunto do Produto que esteja faltando.<\/li>\n<li>Danos cosm\u00e9ticos considerados fora do uso razo\u00e1vel causados por arranh\u00f5es profundos, cortes, rachaduras, amassados, descolora\u00e7\u00e3o, neglig\u00eancia, queda ou manuseio incorreto do Produto<\/li>\n<li>Produtos que s\u00e3o expostos a l\u00edquidos, res\u00edduos de l\u00edquidos ou ambientes excessivamente \u00famidos, resultando em ferrugem, umidade, manchas, corros\u00e3o ou derramamento de l\u00edquidos em componentes, hardware ou eletr\u00f4nicos. Queimaduras ou explos\u00e3o de componentes como resultado de um acidente ou derramamento de l\u00edquido<\/li>\n<li>Uso direto de tinta, submers\u00e3o da placa gr\u00e1fica em \u00f3leo, uso de adesivos ou colas em qualquer parte do Produto, uso de solda na PCB, modifica\u00e7\u00e3o de componentes eletr\u00f4nicos e\/ou componentes<\/li>\n<li>Exposi\u00e7\u00e3o a res\u00edduos de alcatr\u00e3o de cigarro, umidade, areia, sujeira ou detritos excessivos.<\/li>\n<li>Produtos que se tornaram n\u00e3o funcionais devido a um acidente, colis\u00e3o com um objeto ou ferramenta, uso de for\u00e7a excessiva, neglig\u00eancia de cuidados, exposi\u00e7\u00e3o a fogo ou calor anormal, inunda\u00e7\u00e3o, sujeira, tempestades de vento, raios, terremotos, condi\u00e7\u00f5es clim\u00e1ticas excessivas ou outros atos de Deus, roubo, fus\u00edveis queimados, uso inadequado de qualquer fonte el\u00e9trica ou circuitos el\u00e9tricos sobrecarregados.<\/li>\n<li>Defeitos ou danos resultantes do uso de um produto de terceiros em conjunto ou conex\u00e3o com acess\u00f3rios, produtos, software ou equipamentos perif\u00e9ricos secund\u00e1rios n\u00e3o fornecidos para uso com o Produto ou aprovados para ele pela KFA2.<\/li>\n<li>Defeitos ou danos resultantes de testes, opera\u00e7\u00e3o, manuten\u00e7\u00e3o, instala\u00e7\u00e3o, servi\u00e7o ou ajuste inadequados n\u00e3o fornecidos ou aprovados pela KFA2.<\/li>\n<li>O uso de embalagem de remessa inadequada ou o uso de material de embalagem inadequado que resulte em danos ao Produto enquanto estiver em tr\u00e2nsito com a transportadora de remessa do Comprador Original.<\/li>\n<li>Altera\u00e7\u00f5es n\u00e3o autorizadas no BIOS ou no firmware de produtos que n\u00e3o tenham a op\u00e7\u00e3o de BIOS m\u00faltiplo podem tornar esta garantia nula e sem efeito.<\/li>\n<li>Produtos adquiridos de revendedores ou distribuidores n\u00e3o autorizados, o que inclui, sem limita\u00e7\u00e3o, mercados on-line como Amazon, eBay e outros sites de leil\u00e3o e\/ou mercado on-line. Se n\u00e3o tiver certeza de que um revendedor \u00e9 um Revendedor Autorizado, entre em contato com a KFA2 para confirma\u00e7\u00e3o.<\/li>\n<\/ul>\n<p>A garantia n\u00e3o se aplica quando o(s) produto(s) \u00e9(s\u00e3o) usado(s) em qualquer grau, fora do uso normal pretendido, o que deve incluir, mas n\u00e3o se limitar a \"MINERA\u00c7\u00c3O\" (por exemplo, criptomoeda, minera\u00e7\u00e3o de dados, fazendas de minera\u00e7\u00e3o).\"<\/p>\n<p>Criptomoeda, minera\u00e7\u00e3o de dados, fazendas de minera\u00e7\u00e3o<br \/>\nA garantia n\u00e3o se aplica quando o(s) produto(s) for(em) usado(s) em qualquer grau, fora do uso normal pretendido. Quaisquer danos aos componentes, hardware e\/ou montagem dos Produtos, incluindo, entre outros, danos causados como resultado de neglig\u00eancia, abuso, acidentes, uso indevido ou estresse f\u00edsico, el\u00e9trico ou eletromec\u00e2nico incomum (inclusive devido ao uso ininterrupto dos Produtos ou ao uso dos Produtos para processamento de blockchain, minera\u00e7\u00e3o de criptomoedas ou fins semelhantes).<\/p>\n<p><b>OS PRODUTOS KFA2 N\u00c3O S\u00c3O PROJETADOS, FABRICADOS OU DESTINADOS (I) AO USO ININTERRUPTO OU (II) AO USO EM CONEX\u00c3O COM O PROCESSAMENTO DE BLOCKCHAIN, MINERA\u00c7\u00c3O DE CRIPTOMOEDAS OU FINALIDADES SEMELHANTES.<\/b><\/p>\n<p>Qualquer modifica\u00e7\u00e3o feita no Produto deve ser revertida antes do envio de volta \u00e0 KFA2 para o servi\u00e7o de garantia. O produto deve estar nas condi\u00e7\u00f5es originais de f\u00e1brica para receber o servi\u00e7o de garantia. A determina\u00e7\u00e3o de dano ou defeito, como resultado de qualquer modifica\u00e7\u00e3o ou overclocking feito pelo comprador, ficar\u00e1 a crit\u00e9rio exclusivo da KFA2. Quaisquer encargos decorrentes de modifica\u00e7\u00f5es ser\u00e3o de responsabilidade do comprador.<\/p>\n<p>Quaisquer taxas de envio de devolu\u00e7\u00e3o poder\u00e3o, a crit\u00e9rio exclusivo da KFA2, ser de responsabilidade do Comprador se o produto n\u00e3o estiver coberto pela garantia.<\/p>\n<p>ESTA GARANTIA SUBSTITUI QUAISQUER OUTRAS GARANTIAS, EXPRESSAS OU IMPL\u00cdCITAS, INCLUINDO, SEM LIMITA\u00c7\u00c3O, QUAISQUER GARANTIAS DE COMERCIALIZA\u00c7\u00c3O OU ADEQUA\u00c7\u00c3O A UMA FINALIDADE ESPEC\u00cdFICA OU T\u00cdTULO CONTRA INFRA\u00c7\u00c3O, CUJAS OUTRAS GARANTIAS S\u00c3O EXPRESSAMENTE EXCLU\u00cdDAS E RENUNCIADAS. A KFA2 N\u00c3O SER\u00c1 RESPONS\u00c1VEL PELA PERDA DE LUCROS OU POR QUAISQUER DANOS ESPECIAIS, INCIDENTAIS, EXEMPLARES, CONSEQUENCIAIS OU PUNITIVOS QUE O COMPRADOR OU TERCEIROS POSSAM SOFRER, MESMO QUE A KFA2 TENHA SIDO AVISADA DA POSSIBILIDADE DE TAIS PERDAS OU DANOS. EM NENHUMA HIP\u00d3TESE A RESPONSABILIDADE DA KFA2 EXCEDER\u00c1 O PRE\u00c7O DE COMPRA DO PRODUTO DEFEITUOSO.<\/p>\n<p>O Comprador reconhece que os produtos vendidos pela KFA2 est\u00e3o sendo usados ou incorporados a outros produtos ou sistemas, e a seguran\u00e7a final desses produtos ou sistemas \u00e9 de responsabilidade exclusiva do Comprador. O Comprador assume todos os riscos e responsabilidades do uso dos produtos da KFA2 em outros produtos ou sistemas. O Comprador concorda que ele e\/ou seus clientes s\u00e3o os \u00fanicos respons\u00e1veis e concorda que o uso dos produtos KFA2 para qualquer finalidade relacionada a esses servi\u00e7os ou de outra forma n\u00e3o pode ser controlado de forma alguma pela KFA2, e o Comprador ou seus clientes s\u00e3o respons\u00e1veis por verificar a precis\u00e3o e a integridade de qualquer informa\u00e7\u00e3o contida, inserida ou usada em conex\u00e3o com os produtos KFA2. O Comprador assume todos os riscos e responsabilidades pelo uso dos produtos KFA2 em outros produtos ou sistemas. Produtos e\/ou sistemas de terceiros, incluindo, mas n\u00e3o se limitando a, placas-m\u00e3e e outros componentes do sistema, n\u00e3o s\u00e3o cobertos por esta garantia. Em nenhum caso a KFA2 ser\u00e1 respons\u00e1vel por quaisquer danos de qualquer tipo sofridos pelo Comprador, por qualquer cliente do Comprador ou por outros por qualquer a\u00e7\u00e3o, reclama\u00e7\u00e3o ou demanda decorrente do uso dos produtos KFA2.<\/p>\n<p>ALGUNS PA\u00cdSES EUROPEUS N\u00c3O PERMITEM A EXCLUS\u00c3O OU LIMITA\u00c7\u00c3O DE DANOS INCIDENTAIS OU CONSEQUENCIAIS, PORTANTO, ESSAS LIMITA\u00c7\u00d5ES PODEM N\u00c3O SE APLICAR AO SEU CASO. ESTA GARANTIA LHE D\u00c1 DIREITOS LEGAIS ESPEC\u00cdFICOS E VOC\u00ca TAMB\u00c9M PODE TER OUTROS DIREITOS QUE VARIAM DE PA\u00cdS PARA PA\u00cdS. ESTA GARANTIA N\u00c3O DEVER\u00c1 SER ESTENDIDA, ALTERADA OU VARIADA, EXCETO POR UM INSTRUMENTO ESCRITO DEVIDAMENTE ASSINADO PELA KFA2.<\/p>\n<p>A cobertura da garantia exige a comprova\u00e7\u00e3o da documenta\u00e7\u00e3o de compra, evidenciando a data de compra (recibo de venda ou fatura), o local de compra, o pre\u00e7o de compra, o n\u00famero ou a identifica\u00e7\u00e3o do item e a embalagem e os acess\u00f3rios originais. Para obter servi\u00e7o de garantia durante o per\u00edodo de garantia, entre em contato com o revendedor\/distribuidor local.<\/p>\n<p>O comprador paga pelo envio do produto \u00e0 KFA2 para garantia. O Cliente assume o risco de perda (seguro contra perda ou dano) em tr\u00e2nsito e os Produtos devolvidos se tornar\u00e3o propriedade exclusiva da KFA2. A KFA2 garante que os Produtos reparados ou substitu\u00eddos estar\u00e3o livres de defeitos de material ou de m\u00e3o de obra pelo restante do prazo de garantia do produto original.<\/p>\n<p>A KFA2 se reserva o direito de inspecionar e verificar a qualidade defeituosa de qualquer produto devolvido.<\/p>\n<p>As taxas de remessa de devolu\u00e7\u00e3o ao comprador para produtos reparados ou de substitui\u00e7\u00e3o ser\u00e3o pagas pela KFA2. Os produtos reparados ou de substitui\u00e7\u00e3o ser\u00e3o enviados por meio de uma transportadora selecionada.<\/p>\n<p>A garantia se aplica a produtos adquiridos de revendedores autorizados<\/p>\n<p>A KFA2 se reserva o direito de alterar os termos e as condi\u00e7\u00f5es desta pol\u00edtica sem aviso pr\u00e9vio. Favor marcar e visitar esta p\u00e1gina para ver a pol\u00edtica de garantia atual.<\/p>\n\t\t\t\t\t\t\t\t<\/div>\n\t\t\t\t\t<\/div>\n\t\t\t\t<\/div>\n\t\t<div class=\"elementor-element elementor-element-a6a69aa e-con-full e-flex e-con e-parent\" data-id=\"a6a69aa\" data-element_type=\"container\" data-e-type=\"container\">\n\t\t\t\t<\/div>\n\t\t\t\t<\/div>","protected":false},"excerpt":{"rendered":"<p>Garantia limitada da placa gr\u00e1fica (Europa)<\/p>","protected":false},"author":249214822,"featured_media":0,"parent":0,"menu_order":0,"comment_status":"closed","ping_status":"closed","template":"elementor_header_footer","meta":{"_acf_changed":false,"footnotes":""},"class_list":["post-8778","page","type-page","status-publish","hentry"],"acf":[],"_links":{"self":[{"href":"https:\/\/staging.kfa2.com\/pt\/wp-json\/wp\/v2\/pages\/8778","targetHints":{"allow":["GET"]}}],"collection":[{"href":"https:\/\/staging.kfa2.com\/pt\/wp-json\/wp\/v2\/pages"}],"about":[{"href":"https:\/\/staging.kfa2.com\/pt\/wp-json\/wp\/v2\/types\/page"}],"author":[{"embeddable":true,"href":"https:\/\/staging.kfa2.com\/pt\/wp-json\/wp\/v2\/users\/249214822"}],"replies":[{"embeddable":true,"href":"https:\/\/staging.kfa2.com\/pt\/wp-json\/wp\/v2\/comments?post=8778"}],"version-history":[{"count":0,"href":"https:\/\/staging.kfa2.com\/pt\/wp-json\/wp\/v2\/pages\/8778\/revisions"}],"wp:attachment":[{"href":"https:\/\/staging.kfa2.com\/pt\/wp-json\/wp\/v2\/media?parent=8778"}],"curies":[{"name":"wp","href":"https:\/\/api.w.org\/{rel}","templated":true}]}}