{"id":22364,"date":"2025-10-09T15:35:07","date_gmt":"2025-10-09T07:35:07","guid":{"rendered":"https:\/\/staging.kfa2.com\/?page_id=22364"},"modified":"2025-10-14T12:56:55","modified_gmt":"2025-10-14T04:56:55","slug":"the-fast-lane-to-ultimate-gaming-and-prizes-giveaway-terms-conditions-poland","status":"publish","type":"page","link":"https:\/\/staging.kfa2.com\/sv\/the-fast-lane-to-ultimate-gaming-and-prizes-giveaway-terms-conditions-poland\/","title":{"rendered":"\"Snabbfilen till ultimat spelande - och priser.\" Villkor och best\u00e4mmelser f\u00f6r t\u00e4vlingen (Polen)"},"content":{"rendered":"<div data-elementor-type=\"wp-page\" data-elementor-id=\"22364\" class=\"elementor elementor-22364\" data-elementor-post-type=\"page\">\n\t\t\t\t<div class=\"elementor-element elementor-element-dcff137 e-con-full light-background e-flex e-con e-parent\" data-id=\"dcff137\" data-element_type=\"container\" data-e-type=\"container\">\n\t\t\t\t<div class=\"elementor-element elementor-element-3dbbe5a elementor-widget__width-inherit dce_masking-none elementor-widget elementor-widget-image\" data-id=\"3dbbe5a\" data-element_type=\"widget\" data-e-type=\"widget\" data-widget_type=\"image.default\">\n\t\t\t\t\t\t\t\t\t\t\t\t\t\t\t<img fetchpriority=\"high\" decoding=\"async\" width=\"800\" height=\"291\" src=\"https:\/\/staging.kfa2.com\/wp-content\/uploads\/2025\/09\/Artboard-10-1024x373.jpg\" class=\"attachment-large size-large wp-image-22064\" alt=\"\" srcset=\"https:\/\/staging.kfa2.com\/wp-content\/uploads\/2025\/09\/Artboard-10-1024x373.jpg 1024w, https:\/\/staging.kfa2.com\/wp-content\/uploads\/2025\/09\/Artboard-10-500x182.jpg 500w, https:\/\/staging.kfa2.com\/wp-content\/uploads\/2025\/09\/Artboard-10-768x280.jpg 768w, https:\/\/staging.kfa2.com\/wp-content\/uploads\/2025\/09\/Artboard-10-1536x560.jpg 1536w, https:\/\/staging.kfa2.com\/wp-content\/uploads\/2025\/09\/Artboard-10-18x7.jpg 18w, https:\/\/staging.kfa2.com\/wp-content\/uploads\/2025\/09\/Artboard-10-600x219.jpg 600w, https:\/\/staging.kfa2.com\/wp-content\/uploads\/2025\/09\/Artboard-10.jpg 1920w\" sizes=\"(max-width: 800px) 100vw, 800px\" \/>\t\t\t\t\t\t\t\t\t\t\t\t\t\t\t<\/div>\n\t\t\t\t<\/div>\n\t\t<div class=\"elementor-element elementor-element-0b3fce4 e-flex e-con-boxed e-con e-parent\" data-id=\"0b3fce4\" data-element_type=\"container\" data-e-type=\"container\">\n\t\t\t\t\t<div class=\"e-con-inner\">\n\t\t\t\t<div class=\"elementor-element elementor-element-755212b elementor-widget elementor-widget-text-editor\" data-id=\"755212b\" data-element_type=\"widget\" data-e-type=\"widget\" data-widget_type=\"text-editor.default\">\n\t\t\t\t\t\t\t\t\t<h4><strong>\"Snabbfilen till ultimat spelande - och priser.\" Villkor och best\u00e4mmelser f\u00f6r Giveaway<\/strong><\/h4>\t\t\t\t\t\t\t\t<\/div>\n\t\t\t\t\t<\/div>\n\t\t\t\t<\/div>\n\t\t<div class=\"elementor-element elementor-element-39bab59 e-flex e-con-boxed e-con e-parent\" data-id=\"39bab59\" data-element_type=\"container\" data-e-type=\"container\">\n\t\t\t\t\t<div class=\"e-con-inner\">\n\t\t<div class=\"elementor-element elementor-element-209afdc e-con-full e-flex e-con e-child\" data-id=\"209afdc\" data-element_type=\"container\" data-e-type=\"container\">\n\t\t\t\t<div class=\"elementor-element elementor-element-ed442c4 elementor-widget elementor-widget-text-editor\" data-id=\"ed442c4\" data-element_type=\"widget\" data-e-type=\"widget\" data-widget_type=\"text-editor.default\">\n\t\t\t\t\t\t\t\t\t<p><strong>Snabbfilen till ultimat spelande - och priser<\/strong><\/p><p>Villkor och best\u00e4mmelser - Snabbfilen till ultimat spelande - och priser\u00a0\u00a0\u00a0\u00a0\u00a0<\/p><p>Kampanjnamn: \"Snabbfilen till ultimat spelande - och priser.\" T\u00e4vling (\"T\u00e4vling\")<\/p><p>Kampanjperiod:<\/p><p>T\u00e4vlingsinl\u00e4mningen b\u00f6rjar den 15 september 2025 och slutar den 30 november 2025 (kl. 01:00 HKT). Ink\u00f6psperioden \u00e4r 15 augusti 2025 till 15 november 2025 (kl. 01.00 HKT).<\/p><p>Intr\u00e4deskrav (\"Krav\")<\/p><ul><li>F\u00f6r att delta i t\u00e4vlingen m\u00e5ste deltagare bosatta i Polen k\u00f6pa ett kvalificerat KFA2 GeForce RTX 50-serie grafikkort fr\u00e5n en officiell auktoriserad \u00e5terf\u00f6rs\u00e4ljare under kampanjperioden.<\/li><li>Deltagarna m\u00e5ste bes\u00f6ka t\u00e4vlingssidan online p\u00e5 <a href=\"https:\/\/kfa2.com\/en\/webform\/the-fast-lane-to-ultimate-gaming-and-prizes\/\">https:\/\/kfa2.com\/en\/webform\/the-fast-lane-to-ultimate-gaming-and-prizes-poland\/<\/a> svara p\u00e5 fr\u00e5gan \"Vad tycker du \u00e4r mest sp\u00e4nnande med grafikkorten fr\u00e5n HOF Gaming?\" och ladda upp ett giltigt ink\u00f6psbevis (t.ex. kvitto fr\u00e5n officiella kanaler eller \u00e5terf\u00f6rs\u00e4ljare).<\/li><\/ul><ul><li>KFA2 kommer att v\u00e4lja ut de 2 b\u00e4sta svaren bland bidragen.<\/li><\/ul><div>\u00a0<\/div><ul><li>Efter att framg\u00e5ngsrikt ha skickat in svaret, ink\u00f6psbeviset och personuppgifter kommer deltagarna automatiskt att delta i t\u00e4vlingen.<\/li><\/ul><p>Deadline<\/p><ul><li>Sista anm\u00e4lningsdag \u00e4r den 30 november 2025. Anm\u00e4lningar som inkommer efter detta datum kommer inte att beaktas och \u00e4r ogiltiga.<\/li><\/ul><p>Priser<\/p><ul><li>HOF Limited Racing Car inspirerad byggklossupps\u00e4ttning (svart) x 1\u00a0<\/li><li>HOF Limited Racing Car-inspirerad byggklossupps\u00e4ttning (vit) x 1\u00a0<\/li><\/ul><ul><li>Totalt 2 vinnare kommer att v\u00e4ljas ut. Var och en kommer att f\u00e5 1 pris, f\u00e4rger tilldelas slumpm\u00e4ssigt. Urvalet kommer att baseras p\u00e5 kreativiteten i deras svar.<\/li><\/ul><ul><li>Priserna kan inte \u00f6verl\u00e5tas eller bytas ut och kan inte l\u00f6sas in mot kontanter eller andra alternativ.<\/li><\/ul><ul><li>Vinnaren kommer att tillk\u00e4nnages p\u00e5 KFA2 Poland Facebook senast den 15 december, 2025.<\/li><\/ul><ul><li>Vinnarna kommer att meddelas via e-post inom 5 dagar efter dragningen. Om en vinnare inte svarar med den information som kr\u00e4vs inom 5 dagar kommer priset att f\u00f6rverkas och en annan vinnare kan komma att v\u00e4ljas ut.<\/li><\/ul><ul><li>F\u00f6r att verifiera vinnarnas identitet och kvalifikationer kan KFA2 be om ytterligare dokument fr\u00e5n vinnarna. Vinnare som inte tillhandah\u00e5ller n\u00f6dv\u00e4ndiga dokument kan diskvalificeras.\u00a0\u00a0<\/li><\/ul><ul><li>KFA2:s beslut \u00e4r slutgiltigt. KFA2 f\u00f6rbeh\u00e5ller sig r\u00e4tten till slutligt beslut.<\/li><\/ul><p>Beh\u00f6righet<\/p><ul><li>T\u00e4vlingen \u00e4r \u00f6ppen f\u00f6r deltagare som \u00e4r 18 \u00e5r eller \u00e4ldre och som \u00e4r bosatta i Polen.<\/li><\/ul><ul><li>Endast ett bidrag per deltagare kommer att accepteras. Om flera bidrag skickas in kommer endast det sista giltiga bidraget att r\u00e4knas och alla andra bidrag \u00e4r ogiltiga.<\/li><\/ul><ul><li>Anst\u00e4llda p\u00e5 KFA2, Hall Of Fame, KFA2 och deras n\u00e4rmaste familjer \u00e4r inte ber\u00e4ttigade.<\/li><\/ul><ul><li>Deltagare m\u00e5ste uppfylla alla t\u00e4vlingens anm\u00e4lningskrav.<\/li><\/ul><p>Diskvalificering<\/p><ul><li>Bidrag som inneh\u00e5ller ofullst\u00e4ndig eller falsk personlig information kommer att diskvalificeras och betraktas som ogiltiga.<\/li><\/ul><ul><li>Alla f\u00f6rs\u00f6k att manipulera T\u00e4vlingen eller st\u00f6ra dess process kommer att leda till diskvalificering.<\/li><\/ul><ul><li>KFA2 f\u00f6rbeh\u00e5ller sig r\u00e4tten att diskvalificera deltagare som inte f\u00f6ljer dessa Villkor.<\/li><\/ul><p>Allm\u00e4nna villkor<\/p><ul><li>Genom att delta samtycker deltagarna till att vara bundna av dessa villkor.<\/li><\/ul><ul><li>Ber\u00e4ttigade deltagare fr\u00e5n Polen M\u00c5STE registrera sig p\u00e5 KFA2:s webbplats. Anm\u00e4lningar fr\u00e5n ovan n\u00e4mnda region som skickas in via GALAX webbplats kommer inte att godtas.<\/li><\/ul><ul><li>KFA2 f\u00f6rbeh\u00e5ller sig r\u00e4tten att n\u00e4r som helst \u00e4ndra Villkoren eller avbryta, avsluta eller modifiera T\u00e4vlingen efter eget gottfinnande.<\/li><\/ul><ul><li>KFA2 f\u00f6rbeh\u00e5ller sig r\u00e4tten att avsluta kampanjen om bedr\u00e4geri, tekniska fel eller andra faktorer utanf\u00f6r KFA2:s rimliga kontroll f\u00f6rs\u00e4mrar t\u00e4vlingens integritet och avg\u00f6rs av KFA2 efter eget gottfinnande.<\/li><\/ul><ul><li>Om denna kampanj eller n\u00e5gon webbplats som \u00e4r associerad med den (eller n\u00e5gon del d\u00e4rav) blir skadad eller p\u00e5 annat s\u00e4tt inte till\u00e5ter deltagande i t\u00e4vlingen, eller om infektion av datavirus, buggar, manipulering, obeh\u00f6rigt ingripande, \u00e5tg\u00e4rder av deltagare, bedr\u00e4geri, tekniska fel eller andra orsaker, enligt KFA2:s egen bed\u00f6mning, korrumperar eller p\u00e5verkar administrationen, s\u00e4kerheten, r\u00e4ttvisan, integriteten eller den korrekta driften av denna t\u00e4vling, f\u00f6rbeh\u00e5ller sig KFA2 r\u00e4tten att efter eget gottfinnande diskvalificera varje person som \u00e4r inblandad i en s\u00e5dan \u00e5tg\u00e4rd och\/eller att avbryta, avsluta, modifiera eller upph\u00e4va denna t\u00e4vling eller n\u00e5gon del d\u00e4rav.<\/li><\/ul><ul><li>Under inga omst\u00e4ndigheter kommer KFA2 eller dess tj\u00e4nstem\u00e4n, direkt\u00f6rer, anst\u00e4llda, dotterbolag, dotterbolag, reklam, marknadsf\u00f6ring, uppfyllande, marknadsf\u00f6ringsbyr\u00e5er, PR-f\u00f6retag, konsulter eller entrepren\u00f6rer att vara ansvariga eller ansvariga f\u00f6r n\u00e5gra skador eller f\u00f6rluster av n\u00e5got slag, inklusive utan begr\u00e4nsning, exemplifierande, indirekta, tillf\u00e4lliga, f\u00f6ljdskador eller straffskador, eller advokatarvoden, som uppst\u00e5r p\u00e5 grund av denna kampanj och\/eller acceptans, innehav, anv\u00e4ndning, missbruk eller underl\u00e5tenhet att anv\u00e4nda priset som tilldelas i samband med denna kampanj, inklusive utan begr\u00e4nsning, personskada, d\u00f6dsfall och\/eller egendomsskada, samt eventuella anspr\u00e5k baserade p\u00e5 publicitetsr\u00e4ttigheter eller intr\u00e5ng i privatlivet. KFA2:s sammanlagda ansvar f\u00f6r anspr\u00e5k som uppst\u00e5r till f\u00f6ljd av denna kampanj ska under inga omst\u00e4ndigheter \u00f6verstiga detaljhandelsv\u00e4rdet f\u00f6r det pris som ska delas ut i samband med denna kampanj.<\/li><\/ul><ul><li>Ansvarsfriskrivning f\u00f6r sociala medier och ansvarsfriskrivning - kampanjen \u00e4r inte p\u00e5 n\u00e5got s\u00e4tt sponsrad, godk\u00e4nd eller administrerad av eller associerad med Facebook. Deltagare friskriver Facebook fr\u00e5n allt ansvar f\u00f6r skador eller f\u00f6rluster av n\u00e5got slag, inklusive utan begr\u00e4nsning, exemplifierande, indirekta, tillf\u00e4lliga, f\u00f6ljdskador eller straffskador, eller advokatkostnader, som uppst\u00e5r till f\u00f6ljd av denna kampanj och\/eller godk\u00e4nnande, innehav, anv\u00e4ndning, missbruk eller underl\u00e5tenhet att anv\u00e4nda priset som delas ut i samband med denna kampanj, inklusive utan begr\u00e4nsning, personskada, d\u00f6dsfall och\/eller egendomsskada, samt eventuella anspr\u00e5k baserade p\u00e5 publicitetsr\u00e4ttigheter eller intr\u00e5ng i privatlivet.<\/li><\/ul><ul><li>KFA2:s beslut avseende alla aspekter av T\u00e4vlingen \u00e4r slutgiltigt och bindande.<\/li><\/ul>\t\t\t\t\t\t\t\t<\/div>\n\t\t\t\t<\/div>\n\t\t\t\t\t<\/div>\n\t\t\t\t<\/div>\n\t\t\t\t<\/div>","protected":false},"excerpt":{"rendered":"<p>&#8220;The Fast Lane to Ultimate Gaming\u2014and Prizes.&#8221; Giveaway Terms &amp; Conditions The Fast Lane to Ultimate Gaming \u2013 and Prizes Terms and Conditions &#8211; The Fast Lane to Ultimate Gaming &#8211; and Prizes\u00a0\u00a0\u00a0\u00a0\u00a0 Campaign Name: \u201cThe Fast Lane to Ultimate Gaming\u2014and Prizes.\u201d Contest (\u201cContest\u201d) Campaign Period: The Contest submission begins on 15th September, 2025 and [&hellip;]<\/p>\n","protected":false},"author":249214834,"featured_media":20895,"parent":0,"menu_order":0,"comment_status":"closed","ping_status":"open","template":"elementor_header_footer","meta":{"_acf_changed":false,"footnotes":""},"class_list":["post-22364","page","type-page","status-publish","has-post-thumbnail","hentry"],"acf":[],"_links":{"self":[{"href":"https:\/\/staging.kfa2.com\/sv\/wp-json\/wp\/v2\/pages\/22364","targetHints":{"allow":["GET"]}}],"collection":[{"href":"https:\/\/staging.kfa2.com\/sv\/wp-json\/wp\/v2\/pages"}],"about":[{"href":"https:\/\/staging.kfa2.com\/sv\/wp-json\/wp\/v2\/types\/page"}],"author":[{"embeddable":true,"href":"https:\/\/staging.kfa2.com\/sv\/wp-json\/wp\/v2\/users\/249214834"}],"replies":[{"embeddable":true,"href":"https:\/\/staging.kfa2.com\/sv\/wp-json\/wp\/v2\/comments?post=22364"}],"version-history":[{"count":3,"href":"https:\/\/staging.kfa2.com\/sv\/wp-json\/wp\/v2\/pages\/22364\/revisions"}],"predecessor-version":[{"id":22438,"href":"https:\/\/staging.kfa2.com\/sv\/wp-json\/wp\/v2\/pages\/22364\/revisions\/22438"}],"wp:featuredmedia":[{"embeddable":true,"href":"https:\/\/staging.kfa2.com\/sv\/wp-json\/wp\/v2\/media\/20895"}],"wp:attachment":[{"href":"https:\/\/staging.kfa2.com\/sv\/wp-json\/wp\/v2\/media?parent=22364"}],"curies":[{"name":"wp","href":"https:\/\/api.w.org\/{rel}","templated":true}]}}