{"id":22555,"date":"2025-10-24T17:19:06","date_gmt":"2025-10-24T09:19:06","guid":{"rendered":"https:\/\/staging.kfa2.com\/?page_id=22555"},"modified":"2025-10-27T10:03:00","modified_gmt":"2025-10-27T02:03:00","slug":"kfa2-logo-guidelines","status":"publish","type":"page","link":"https:\/\/staging.kfa2.com\/sv\/kfa2-logo-guidelines\/","title":{"rendered":"Riktlinjer f\u00f6r KFA2:s logotyp"},"content":{"rendered":"<div data-elementor-type=\"wp-page\" data-elementor-id=\"22555\" class=\"elementor elementor-22555\" data-elementor-post-type=\"page\">\n\t\t\t\t<div class=\"elementor-element elementor-element-dcff137 e-con-full light-background e-flex e-con e-parent\" data-id=\"dcff137\" data-element_type=\"container\" data-e-type=\"container\">\n\t\t\t\t<div class=\"elementor-element elementor-element-3dbbe5a elementor-widget__width-inherit dce_masking-none elementor-widget elementor-widget-image\" data-id=\"3dbbe5a\" data-element_type=\"widget\" data-e-type=\"widget\" data-widget_type=\"image.default\">\n\t\t\t\t\t\t\t\t\t\t\t\t\t\t\t<img fetchpriority=\"high\" decoding=\"async\" width=\"800\" height=\"377\" src=\"https:\/\/staging.kfa2.com\/wp-content\/uploads\/2025\/07\/DoorBanner_B01-1-aboutus-2-1024x482.jpg\" class=\"attachment-large size-large wp-image-20896\" alt=\"\" srcset=\"https:\/\/staging.kfa2.com\/wp-content\/uploads\/2025\/07\/DoorBanner_B01-1-aboutus-2-1024x482.jpg 1024w, https:\/\/staging.kfa2.com\/wp-content\/uploads\/2025\/07\/DoorBanner_B01-1-aboutus-2-500x235.jpg 500w, https:\/\/staging.kfa2.com\/wp-content\/uploads\/2025\/07\/DoorBanner_B01-1-aboutus-2-768x362.jpg 768w, https:\/\/staging.kfa2.com\/wp-content\/uploads\/2025\/07\/DoorBanner_B01-1-aboutus-2-1536x723.jpg 1536w, https:\/\/staging.kfa2.com\/wp-content\/uploads\/2025\/07\/DoorBanner_B01-1-aboutus-2-2048x964.jpg 2048w, https:\/\/staging.kfa2.com\/wp-content\/uploads\/2025\/07\/DoorBanner_B01-1-aboutus-2-18x8.jpg 18w, https:\/\/staging.kfa2.com\/wp-content\/uploads\/2025\/07\/DoorBanner_B01-1-aboutus-2-600x282.jpg 600w\" sizes=\"(max-width: 800px) 100vw, 800px\" \/>\t\t\t\t\t\t\t\t\t\t\t\t\t\t\t<\/div>\n\t\t\t\t<\/div>\n\t\t<div class=\"elementor-element elementor-element-644b604 e-flex e-con-boxed e-con e-parent\" data-id=\"644b604\" data-element_type=\"container\" data-e-type=\"container\">\n\t\t\t\t\t<div class=\"e-con-inner\">\n\t\t\t\t<div class=\"elementor-element elementor-element-be2a9c3 elementor-widget elementor-widget-text-editor\" data-id=\"be2a9c3\" data-element_type=\"widget\" data-e-type=\"widget\" data-widget_type=\"text-editor.default\">\n\t\t\t\t\t\t\t\t\t<h1>RIKTLINJER F\u00d6R KFA2:S LOGOTYP<\/h1>\t\t\t\t\t\t\t\t<\/div>\n\t\t<div class=\"elementor-element elementor-element-0610c45 e-con-full e-flex e-con e-child\" data-id=\"0610c45\" data-element_type=\"container\" data-e-type=\"container\" data-settings=\"{&quot;background_background&quot;:&quot;classic&quot;}\">\n\t\t\t\t<div class=\"elementor-element elementor-element-c2ec543 elementor-view-default elementor-widget elementor-widget-icon\" data-id=\"c2ec543\" data-element_type=\"widget\" data-e-type=\"widget\" data-widget_type=\"icon.default\">\n\t\t\t\t\t\t\t<div class=\"elementor-icon-wrapper\">\n\t\t\t<a class=\"elementor-icon\" href=\"https:\/\/drive.google.com\/file\/d\/1zzjoHJ_qLM6-mZGB1gc65OlBm6p4b3kh\/view?usp=drive_link\" rel=\"nofollow noopener\" target=\"_blank\">\n\t\t\t<svg aria-hidden=\"true\" class=\"e-font-icon-svg e-fas-arrow-alt-circle-down\" viewbox=\"0 0 512 512\" xmlns=\"http:\/\/www.w3.org\/2000\/svg\"><path d=\"M504 256c0 137-111 248-248 248S8 393 8 256 119 8 256 8s248 111 248 248zM212 140v116h-70.9c-10.7 0-16.1 13-8.5 20.5l114.9 114.3c4.7 4.7 12.2 4.7 16.9 0l114.9-114.3c7.6-7.6 2.2-20.5-8.5-20.5H300V140c0-6.6-5.4-12-12-12h-64c-6.6 0-12 5.4-12 12z\"><\/path><\/svg>\t\t\t<\/a>\n\t\t<\/div>\n\t\t\t\t\t\t<\/div>\n\t\t\t\t<div class=\"elementor-element elementor-element-ba02698 elementor-widget__width-initial elementor-widget elementor-widget-text-editor\" data-id=\"ba02698\" data-element_type=\"widget\" data-e-type=\"widget\" data-widget_type=\"text-editor.default\">\n\t\t\t\t\t\t\t\t\t<div>KFA2:s logotyp<\/div><div>Nedladdningar<\/div>\t\t\t\t\t\t\t\t<\/div>\n\t\t\t\t<div class=\"elementor-element elementor-element-f7b42f1 elementor-view-default elementor-widget elementor-widget-icon\" data-id=\"f7b42f1\" data-element_type=\"widget\" data-e-type=\"widget\" data-widget_type=\"icon.default\">\n\t\t\t\t\t\t\t<div class=\"elementor-icon-wrapper\">\n\t\t\t<a class=\"elementor-icon\" href=\"https:\/\/drive.google.com\/file\/d\/1C9lbT_cVEE-HuErQsEx_QqPt9gNEBV-F\/view\" rel=\"nofollow noopener\" target=\"_blank\">\n\t\t\t<svg aria-hidden=\"true\" class=\"e-font-icon-svg e-fas-arrow-alt-circle-down\" viewbox=\"0 0 512 512\" xmlns=\"http:\/\/www.w3.org\/2000\/svg\"><path d=\"M504 256c0 137-111 248-248 248S8 393 8 256 119 8 256 8s248 111 248 248zM212 140v116h-70.9c-10.7 0-16.1 13-8.5 20.5l114.9 114.3c4.7 4.7 12.2 4.7 16.9 0l114.9-114.3c7.6-7.6 2.2-20.5-8.5-20.5H300V140c0-6.6-5.4-12-12-12h-64c-6.6 0-12 5.4-12 12z\"><\/path><\/svg>\t\t\t<\/a>\n\t\t<\/div>\n\t\t\t\t\t\t<\/div>\n\t\t\t\t<div class=\"elementor-element elementor-element-a93e09c elementor-widget elementor-widget-text-editor\" data-id=\"a93e09c\" data-element_type=\"widget\" data-e-type=\"widget\" data-widget_type=\"text-editor.default\">\n\t\t\t\t\t\t\t\t\t<div class=\"desc\">KFA2-logotyp(.ai)<\/div><div class=\"desc\">Nedladdningar<\/div>\t\t\t\t\t\t\t\t<\/div>\n\t\t\t\t<\/div>\n\t\t\t\t\t<\/div>\n\t\t\t\t<\/div>\n\t\t<div class=\"elementor-element elementor-element-72e0526 e-flex e-con-boxed e-con e-parent\" data-id=\"72e0526\" data-element_type=\"container\" data-e-type=\"container\">\n\t\t\t\t\t<div class=\"e-con-inner\">\n\t\t<div class=\"elementor-element elementor-element-fa996db e-con-full e-flex e-con e-child\" data-id=\"fa996db\" data-element_type=\"container\" data-e-type=\"container\">\n\t\t\t\t<div class=\"elementor-element elementor-element-22ca495 elementor-widget elementor-widget-text-editor\" data-id=\"22ca495\" data-element_type=\"widget\" data-e-type=\"widget\" data-widget_type=\"text-editor.default\">\n\t\t\t\t\t\t\t\t\t<p>KFA2-logotypen markerar f\u00f6retagets n\u00e4rvaro och ska finnas med p\u00e5 allt kommunikationsmaterial fr\u00e5n f\u00f6retaget. Genom att f\u00f6lja dessa riktlinjer garanteras att logotypen anv\u00e4nds p\u00e5 r\u00e4tt s\u00e4tt. KFA2-logotypens position, storlek, f\u00e4rg, proportioner och rumsliga relationer f\u00e5r inte \u00e4ndras. Anv\u00e4nd alltid den godk\u00e4nda KFA2-logotypen. Rita inte om eller \u00e5terskapa logotypen.<\/p>\t\t\t\t\t\t\t\t<\/div>\n\t\t\t\t<\/div>\n\t\t<div class=\"elementor-element elementor-element-46ba773 e-con-full e-flex e-con e-child\" data-id=\"46ba773\" data-element_type=\"container\" data-e-type=\"container\">\n\t\t\t\t<div class=\"elementor-element elementor-element-af679f9 dce_masking-none elementor-widget elementor-widget-image\" data-id=\"af679f9\" data-element_type=\"widget\" data-e-type=\"widget\" data-widget_type=\"image.default\">\n\t\t\t\t\t\t\t\t\t\t\t\t\t\t\t<img decoding=\"async\" width=\"512\" height=\"285\" src=\"https:\/\/staging.kfa2.com\/wp-content\/uploads\/2025\/10\/Artboard-8@2x.png\" class=\"attachment-full size-full wp-image-22571\" alt=\"\" srcset=\"https:\/\/staging.kfa2.com\/wp-content\/uploads\/2025\/10\/Artboard-8@2x.png 512w, https:\/\/staging.kfa2.com\/wp-content\/uploads\/2025\/10\/Artboard-8@2x-500x278.png 500w, https:\/\/staging.kfa2.com\/wp-content\/uploads\/2025\/10\/Artboard-8@2x-18x10.png 18w\" sizes=\"(max-width: 512px) 100vw, 512px\" \/>\t\t\t\t\t\t\t\t\t\t\t\t\t\t\t<\/div>\n\t\t\t\t<\/div>\n\t\t\t\t\t<\/div>\n\t\t\t\t<\/div>\n\t\t<div class=\"elementor-element elementor-element-7fc7b47 e-flex e-con-boxed e-con e-parent\" data-id=\"7fc7b47\" data-element_type=\"container\" data-e-type=\"container\">\n\t\t\t\t\t<div class=\"e-con-inner\">\n\t\t\t\t<div class=\"elementor-element elementor-element-1098d50 dce_masking-none elementor-widget elementor-widget-image\" data-id=\"1098d50\" data-element_type=\"widget\" data-e-type=\"widget\" data-widget_type=\"image.default\">\n\t\t\t\t\t\t\t\t\t\t\t\t\t\t\t<img decoding=\"async\" width=\"800\" height=\"200\" src=\"https:\/\/staging.kfa2.com\/wp-content\/uploads\/2025\/10\/Artboard-9@2x.png\" class=\"attachment-large size-large wp-image-22572\" alt=\"\" srcset=\"https:\/\/staging.kfa2.com\/wp-content\/uploads\/2025\/10\/Artboard-9@2x.png 888w, https:\/\/staging.kfa2.com\/wp-content\/uploads\/2025\/10\/Artboard-9@2x-500x125.png 500w, https:\/\/staging.kfa2.com\/wp-content\/uploads\/2025\/10\/Artboard-9@2x-768x192.png 768w, https:\/\/staging.kfa2.com\/wp-content\/uploads\/2025\/10\/Artboard-9@2x-18x5.png 18w, https:\/\/staging.kfa2.com\/wp-content\/uploads\/2025\/10\/Artboard-9@2x-600x150.png 600w\" sizes=\"(max-width: 800px) 100vw, 800px\" \/>\t\t\t\t\t\t\t\t\t\t\t\t\t\t\t<\/div>\n\t\t\t\t<div class=\"elementor-element elementor-element-aad35b8 elementor-widget elementor-widget-text-editor\" data-id=\"aad35b8\" data-element_type=\"widget\" data-e-type=\"widget\" data-widget_type=\"text-editor.default\">\n\t\t\t\t\t\t\t\t\t<p>En vit version kan ocks\u00e5 anv\u00e4ndas p\u00e5 en bakgrund med lutning eller bild, f\u00f6rutsatt att kontrasten \u00e4r tillr\u00e4cklig f\u00f6r att bibeh\u00e5lla l\u00e4sbarheten. Anv\u00e4nd annars den enf\u00e4rgade logotypen.<\/p>\t\t\t\t\t\t\t\t<\/div>\n\t\t\t\t\t<\/div>\n\t\t\t\t<\/div>\n\t\t<div class=\"elementor-element elementor-element-25ed09f e-flex e-con-boxed e-con e-parent\" data-id=\"25ed09f\" data-element_type=\"container\" data-e-type=\"container\">\n\t\t\t\t\t<div class=\"e-con-inner\">\n\t\t<div class=\"elementor-element elementor-element-a854c1f e-con-full e-flex e-con e-child\" data-id=\"a854c1f\" data-element_type=\"container\" data-e-type=\"container\">\n\t\t\t\t<div class=\"elementor-element elementor-element-6a2fb7c dce_masking-none elementor-widget elementor-widget-image\" data-id=\"6a2fb7c\" data-element_type=\"widget\" data-e-type=\"widget\" data-widget_type=\"image.default\">\n\t\t\t\t\t\t\t\t\t\t\t\t\t\t\t<img loading=\"lazy\" decoding=\"async\" width=\"236\" height=\"130\" src=\"https:\/\/staging.kfa2.com\/wp-content\/uploads\/2025\/10\/Artboard-11@2x.png\" class=\"attachment-large size-large wp-image-22574\" alt=\"\" srcset=\"https:\/\/staging.kfa2.com\/wp-content\/uploads\/2025\/10\/Artboard-11@2x.png 236w, https:\/\/staging.kfa2.com\/wp-content\/uploads\/2025\/10\/Artboard-11@2x-18x10.png 18w\" sizes=\"(max-width: 236px) 100vw, 236px\" \/>\t\t\t\t\t\t\t\t\t\t\t\t\t\t\t<\/div>\n\t\t\t\t<div class=\"elementor-element elementor-element-759d1b6 dce_masking-none elementor-widget elementor-widget-image\" data-id=\"759d1b6\" data-element_type=\"widget\" data-e-type=\"widget\" data-widget_type=\"image.default\">\n\t\t\t\t\t\t\t\t\t\t\t\t\t\t\t<img loading=\"lazy\" decoding=\"async\" width=\"219\" height=\"305\" src=\"https:\/\/staging.kfa2.com\/wp-content\/uploads\/2025\/10\/Artboard-10@2x.png\" class=\"attachment-large size-large wp-image-22573\" alt=\"\" srcset=\"https:\/\/staging.kfa2.com\/wp-content\/uploads\/2025\/10\/Artboard-10@2x.png 219w, https:\/\/staging.kfa2.com\/wp-content\/uploads\/2025\/10\/Artboard-10@2x-9x12.png 9w\" sizes=\"(max-width: 219px) 100vw, 219px\" \/>\t\t\t\t\t\t\t\t\t\t\t\t\t\t\t<\/div>\n\t\t\t\t<\/div>\n\t\t<div class=\"elementor-element elementor-element-26bb6c7 e-con-full e-flex e-con e-child\" data-id=\"26bb6c7\" data-element_type=\"container\" data-e-type=\"container\">\n\t\t<div class=\"elementor-element elementor-element-e2ede3b e-con-full e-flex e-con e-child\" data-id=\"e2ede3b\" data-element_type=\"container\" data-e-type=\"container\">\n\t\t\t\t<div data-dce-title-color=\"#000000\" class=\"elementor-element elementor-element-1cc0667 elementor-widget elementor-widget-heading\" data-id=\"1cc0667\" data-element_type=\"widget\" data-e-type=\"widget\" data-widget_type=\"heading.default\">\n\t\t\t\t\t<h2 class=\"elementor-heading-title elementor-size-default\">Minsta storlek<\/h2>\t\t\t\t<\/div>\n\t\t\t\t<div class=\"elementor-element elementor-element-7182731 elementor-widget elementor-widget-text-editor\" data-id=\"7182731\" data-element_type=\"widget\" data-e-type=\"widget\" data-widget_type=\"text-editor.default\">\n\t\t\t\t\t\t\t\t\t<p>Den\u00a0<span style=\"text-align: start;\">KFA2\u00a0<\/span>Logotypen kan skalas upp s\u00e5 mycket som \u00f6nskas men b\u00f6r aldrig anv\u00e4ndas mindre \u00e4n 0,12\u2033 h\u00f6jd (3 mm eller 15 px).<\/p>\t\t\t\t\t\t\t\t<\/div>\n\t\t\t\t<\/div>\n\t\t\t\t<\/div>\n\t\t\t\t\t<\/div>\n\t\t\t\t<\/div>\n\t\t<div class=\"elementor-element elementor-element-76c2613 e-flex e-con-boxed e-con e-parent\" data-id=\"76c2613\" data-element_type=\"container\" data-e-type=\"container\">\n\t\t\t\t\t<div class=\"e-con-inner\">\n\t\t<div class=\"elementor-element elementor-element-a09a8c9 e-con-full e-flex e-con e-child\" data-id=\"a09a8c9\" data-element_type=\"container\" data-e-type=\"container\">\n\t\t\t\t<div class=\"elementor-element elementor-element-894282b dce_masking-none elementor-widget elementor-widget-image\" data-id=\"894282b\" data-element_type=\"widget\" data-e-type=\"widget\" data-widget_type=\"image.default\">\n\t\t\t\t\t\t\t\t\t\t\t\t\t\t\t<img loading=\"lazy\" decoding=\"async\" width=\"741\" height=\"739\" src=\"https:\/\/staging.kfa2.com\/wp-content\/uploads\/2025\/10\/Artboard-12@2x.png\" class=\"attachment-large size-large wp-image-22575\" alt=\"\" srcset=\"https:\/\/staging.kfa2.com\/wp-content\/uploads\/2025\/10\/Artboard-12@2x.png 741w, https:\/\/staging.kfa2.com\/wp-content\/uploads\/2025\/10\/Artboard-12@2x-500x500.png 500w, https:\/\/staging.kfa2.com\/wp-content\/uploads\/2025\/10\/Artboard-12@2x-150x150.png 150w, https:\/\/staging.kfa2.com\/wp-content\/uploads\/2025\/10\/Artboard-12@2x-12x12.png 12w, https:\/\/staging.kfa2.com\/wp-content\/uploads\/2025\/10\/Artboard-12@2x-300x300.png 300w, https:\/\/staging.kfa2.com\/wp-content\/uploads\/2025\/10\/Artboard-12@2x-600x598.png 600w, https:\/\/staging.kfa2.com\/wp-content\/uploads\/2025\/10\/Artboard-12@2x-100x100.png 100w\" sizes=\"(max-width: 741px) 100vw, 741px\" \/>\t\t\t\t\t\t\t\t\t\t\t\t\t\t\t<\/div>\n\t\t\t\t<\/div>\n\t\t<div class=\"elementor-element elementor-element-797d3ca e-con-full e-flex e-con e-child\" data-id=\"797d3ca\" data-element_type=\"container\" data-e-type=\"container\">\n\t\t\t\t<div data-dce-title-color=\"#000000\" class=\"elementor-element elementor-element-c4a2846 elementor-widget elementor-widget-heading\" data-id=\"c4a2846\" data-element_type=\"widget\" data-e-type=\"widget\" data-widget_type=\"heading.default\">\n\t\t\t\t\t<h2 class=\"elementor-heading-title elementor-size-default\">Krav p\u00e5 fritt utrymme f\u00f6r allm\u00e4n logotyp<\/h2>\t\t\t\t<\/div>\n\t\t\t\t<div class=\"elementor-element elementor-element-3b11970 elementor-widget elementor-widget-text-editor\" data-id=\"3b11970\" data-element_type=\"widget\" data-e-type=\"widget\" data-widget_type=\"text-editor.default\">\n\t\t\t\t\t\t\t\t\t<p>om\u00a0<span style=\"text-align: start;\">KFA2\u00a0<\/span>logotypen anv\u00e4nds utanf\u00f6r\u00a0<span style=\"text-align: start;\">KFA2<\/span>\u00a0designsystem, ett minimalt fritt utrymme som motsvarar h\u00f6jden p\u00e5 tecknet \"X\".<\/p>\t\t\t\t\t\t\t\t<\/div>\n\t\t\t\t<div class=\"elementor-element elementor-element-1a6c41c elementor-widget elementor-widget-text-editor\" data-id=\"1a6c41c\" data-element_type=\"widget\" data-e-type=\"widget\" data-widget_type=\"text-editor.default\">\n\t\t\t\t\t\t\t\t\t<p>Placera dessutom logotypen i ett h\u00f6rn av layouten n\u00e4r det \u00e4r m\u00f6jligt.<\/p>\t\t\t\t\t\t\t\t<\/div>\n\t\t\t\t<\/div>\n\t\t\t\t\t<\/div>\n\t\t\t\t<\/div>\n\t\t<div class=\"elementor-element elementor-element-8448acc e-flex e-con-boxed e-con e-parent\" data-id=\"8448acc\" data-element_type=\"container\" data-e-type=\"container\">\n\t\t\t\t\t<div class=\"e-con-inner\">\n\t\t<div class=\"elementor-element elementor-element-3c46cc8 e-con-full e-flex e-con e-child\" data-id=\"3c46cc8\" data-element_type=\"container\" data-e-type=\"container\">\n\t\t\t\t<div class=\"elementor-element elementor-element-fa07f68 dce_masking-none elementor-widget elementor-widget-image\" data-id=\"fa07f68\" data-element_type=\"widget\" data-e-type=\"widget\" data-widget_type=\"image.default\">\n\t\t\t\t\t\t\t\t\t\t\t\t\t\t\t<img loading=\"lazy\" decoding=\"async\" width=\"800\" height=\"741\" src=\"https:\/\/staging.kfa2.com\/wp-content\/uploads\/2025\/10\/Artboard-13@2x-100.jpg\" class=\"attachment-large size-large wp-image-22646\" alt=\"\" srcset=\"https:\/\/staging.kfa2.com\/wp-content\/uploads\/2025\/10\/Artboard-13@2x-100.jpg 900w, https:\/\/staging.kfa2.com\/wp-content\/uploads\/2025\/10\/Artboard-13@2x-100-500x463.jpg 500w, https:\/\/staging.kfa2.com\/wp-content\/uploads\/2025\/10\/Artboard-13@2x-100-768x712.jpg 768w, https:\/\/staging.kfa2.com\/wp-content\/uploads\/2025\/10\/Artboard-13@2x-100-13x12.jpg 13w, https:\/\/staging.kfa2.com\/wp-content\/uploads\/2025\/10\/Artboard-13@2x-100-600x556.jpg 600w\" sizes=\"(max-width: 800px) 100vw, 800px\" \/>\t\t\t\t\t\t\t\t\t\t\t\t\t\t\t<\/div>\n\t\t\t\t<\/div>\n\t\t<div class=\"elementor-element elementor-element-fa84387 e-con-full e-flex e-con e-child\" data-id=\"fa84387\" data-element_type=\"container\" data-e-type=\"container\">\n\t\t<div class=\"elementor-element elementor-element-4c70029 e-con-full e-flex e-con e-child\" data-id=\"4c70029\" data-element_type=\"container\" data-e-type=\"container\">\n\t\t\t\t<div class=\"elementor-element elementor-element-cfa66ef elementor-widget elementor-widget-text-editor\" data-id=\"cfa66ef\" data-element_type=\"widget\" data-e-type=\"widget\" data-widget_type=\"text-editor.default\">\n\t\t\t\t\t\t\t\t\t<p>Vid anv\u00e4ndning av KFA2-logotypen ska f\u00f6ljande riktlinjer f\u00f6ljas.<\/p>\t\t\t\t\t\t\t\t<\/div>\n\t\t\t\t<\/div>\n\t\t\t\t<\/div>\n\t\t\t\t\t<\/div>\n\t\t\t\t<\/div>\n\t\t<div class=\"elementor-element elementor-element-ada9fe2 e-flex e-con-boxed e-con e-parent\" data-id=\"ada9fe2\" data-element_type=\"container\" data-e-type=\"container\">\n\t\t\t\t\t<div class=\"e-con-inner\">\n\t\t<div class=\"elementor-element elementor-element-363d17d e-con-full e-flex e-con e-child\" data-id=\"363d17d\" data-element_type=\"container\" data-e-type=\"container\">\n\t\t\t\t<div class=\"elementor-element elementor-element-69a5c3e dce_masking-none elementor-widget elementor-widget-image\" data-id=\"69a5c3e\" data-element_type=\"widget\" data-e-type=\"widget\" data-widget_type=\"image.default\">\n\t\t\t\t\t\t\t\t\t\t\t\t\t\t\t<img loading=\"lazy\" decoding=\"async\" width=\"800\" height=\"576\" src=\"https:\/\/staging.kfa2.com\/wp-content\/uploads\/2025\/10\/Artboard-14@2x.png\" class=\"attachment-large size-large wp-image-22577\" alt=\"\" srcset=\"https:\/\/staging.kfa2.com\/wp-content\/uploads\/2025\/10\/Artboard-14@2x.png 909w, https:\/\/staging.kfa2.com\/wp-content\/uploads\/2025\/10\/Artboard-14@2x-500x360.png 500w, https:\/\/staging.kfa2.com\/wp-content\/uploads\/2025\/10\/Artboard-14@2x-768x553.png 768w, https:\/\/staging.kfa2.com\/wp-content\/uploads\/2025\/10\/Artboard-14@2x-18x12.png 18w, https:\/\/staging.kfa2.com\/wp-content\/uploads\/2025\/10\/Artboard-14@2x-600x432.png 600w\" sizes=\"(max-width: 800px) 100vw, 800px\" \/>\t\t\t\t\t\t\t\t\t\t\t\t\t\t\t<\/div>\n\t\t\t\t<\/div>\n\t\t<div class=\"elementor-element elementor-element-a54195f e-con-full e-flex e-con e-child\" data-id=\"a54195f\" data-element_type=\"container\" data-e-type=\"container\">\n\t\t<div class=\"elementor-element elementor-element-071f199 e-con-full e-flex e-con e-child\" data-id=\"071f199\" data-element_type=\"container\" data-e-type=\"container\">\n\t\t\t\t<div class=\"elementor-element elementor-element-e4ff6a8 elementor-widget elementor-widget-text-editor\" data-id=\"e4ff6a8\" data-element_type=\"widget\" data-e-type=\"widget\" data-widget_type=\"text-editor.default\">\n\t\t\t\t\t\t\t\t\t<p>Horisontell banner: logotypen m\u00e5ste placeras l\u00e4ngst upp till v\u00e4nster och vara synlig i minst 15 pixlar.<\/p>\t\t\t\t\t\t\t\t<\/div>\n\t\t\t\t<\/div>\n\t\t\t\t<\/div>\n\t\t\t\t\t<\/div>\n\t\t\t\t<\/div>\n\t\t\t\t<\/div>","protected":false},"excerpt":{"rendered":"<p>KFA2 LOGO GUIDELINES KFA2 LogoDownload KFA2 Logo(.ai)Download The KFA2 logo establishes the company\u2019s presence and should appear on all communication materials from the company. Following these guidelines will guarantee that the logo is used correctly. The position, size, color, proportions, and spatial relationships of the KFA2 logo may not be altered. Always use the approved [&hellip;]<\/p>\n","protected":false},"author":249214840,"featured_media":20895,"parent":0,"menu_order":0,"comment_status":"closed","ping_status":"open","template":"elementor_header_footer","meta":{"_acf_changed":false,"footnotes":""},"class_list":["post-22555","page","type-page","status-publish","has-post-thumbnail","hentry"],"acf":[],"_links":{"self":[{"href":"https:\/\/staging.kfa2.com\/sv\/wp-json\/wp\/v2\/pages\/22555","targetHints":{"allow":["GET"]}}],"collection":[{"href":"https:\/\/staging.kfa2.com\/sv\/wp-json\/wp\/v2\/pages"}],"about":[{"href":"https:\/\/staging.kfa2.com\/sv\/wp-json\/wp\/v2\/types\/page"}],"author":[{"embeddable":true,"href":"https:\/\/staging.kfa2.com\/sv\/wp-json\/wp\/v2\/users\/249214840"}],"replies":[{"embeddable":true,"href":"https:\/\/staging.kfa2.com\/sv\/wp-json\/wp\/v2\/comments?post=22555"}],"version-history":[{"count":3,"href":"https:\/\/staging.kfa2.com\/sv\/wp-json\/wp\/v2\/pages\/22555\/revisions"}],"predecessor-version":[{"id":22649,"href":"https:\/\/staging.kfa2.com\/sv\/wp-json\/wp\/v2\/pages\/22555\/revisions\/22649"}],"wp:featuredmedia":[{"embeddable":true,"href":"https:\/\/staging.kfa2.com\/sv\/wp-json\/wp\/v2\/media\/20895"}],"wp:attachment":[{"href":"https:\/\/staging.kfa2.com\/sv\/wp-json\/wp\/v2\/media?parent=22555"}],"curies":[{"name":"wp","href":"https:\/\/api.w.org\/{rel}","templated":true}]}}