{"id":8749,"date":"2024-12-12T15:48:18","date_gmt":"2024-12-12T07:48:18","guid":{"rendered":"https:\/\/staging.kfa2.com\/?page_id=8749"},"modified":"2025-10-09T20:08:34","modified_gmt":"2025-10-09T12:08:34","slug":"return-policy","status":"publish","type":"page","link":"https:\/\/staging.kfa2.com\/sv\/return-policy\/","title":{"rendered":"Returpolicy"},"content":{"rendered":"<div data-elementor-type=\"wp-page\" data-elementor-id=\"8749\" class=\"elementor elementor-8749\" data-elementor-post-type=\"page\">\n\t\t\t\t<div class=\"elementor-element elementor-element-6754b98 light-background e-flex e-con-boxed e-con e-parent\" data-id=\"6754b98\" data-element_type=\"container\" data-e-type=\"container\">\n\t\t\t\t\t<div class=\"e-con-inner\">\n\t\t\t\t<div class=\"elementor-element elementor-element-6db3343 elementor-widget elementor-widget-text-editor\" data-id=\"6db3343\" data-element_type=\"widget\" data-e-type=\"widget\" data-widget_type=\"text-editor.default\">\n\t\t\t\t\t\t\t\t\t<p>I enlighet med v\u00e5r ideologi att tillhandah\u00e5lla b\u00e4sta m\u00f6jliga kundservice och support \u00e4r vi glada att kunna erbjuda<br \/>\nv\u00e5ra kunder KFA2-garantiprogrammet som garanterar snabb, problemfri RMA-ers\u00e4ttning f\u00f6r ber\u00e4ttigade<br \/>\ndefekta produkter. Observera att eftersom KFA2 str\u00e4var efter att uppfylla den b\u00e4sta begr\u00e4nsade garantin i branschen, har vi<br \/>\ngjort och kommer att forts\u00e4tta att g\u00f6ra policy\u00e4ndringar. L\u00e4s igenom detta dokument noggrant och kom tillbaka f\u00f6r<br \/>\nuppdateringar.<\/p>\n<p>A) Produkter som tas emot av KFA2 m\u00e5ste anl\u00e4nda i originalskick, fungera enligt originalspecifikationen och vara<br \/>\nkomplett med alla originalkomponenter som ska omfattas av skyddet.<br \/>\nB) F\u00f6rpacka kortet med l\u00e4mpligt emballage (t.ex. bubbelplast och antistatisk p\u00e5se) f\u00f6r att f\u00f6rhindra skador<br \/>\nunder transport av RMA-produkten till oss.<br \/>\nC) V\u00e4nligen returnera inte n\u00e5gon produkt som inte tillh\u00f6r KFA2 eller som inte har f\u00e5tt RMA-godk\u00e4nnande. Vi kommer att<br \/>\nkassera det avvisade f\u00f6rem\u00e5let vid mottagandet.<br \/>\nD) Returnerad defekt produkt m\u00e5ste inkludera sp\u00e5rning av paketet. Dessutom rekommenderar GALAX att RMA-returen<br \/>\nvara f\u00f6rs\u00e4krade. GALAX ansvarar inte f\u00f6r f\u00f6rlorade, stulna, skadade paket eller skadat inneh\u00e5ll. Alla uppenbara<br \/>\ntecken p\u00e5 skador som kan ha uppst\u00e5tt under transporten kommer att granskas av GALAX och RMA kan komma att utf\u00e4rdas<br \/>\navvisas och returneras till avs\u00e4ndaren.<br \/>\nE) GALAX RMA-service till dess under\u00e5terf\u00f6rs\u00e4ljare \u00e4r begr\u00e4nsad och vi ansvarar inte f\u00f6r produkternas skick.<br \/>\ni f\u00f6ljande situationer:<\/p>\n<p>1. Garantitiden har l\u00f6pt ut.<\/p>\n<p>2. Den ursprungliga fl\u00e4kten\/kylaren har tagits bort eller modifierats.<\/p>\n<p>3. N\u00e5gra komponenter har tagits bort \/ modifierats \/ lagts till p\u00e5 kortet.<\/p>\n<p>4. Det finns fysiska skador p\u00e5 kortet (se nedan).<\/p>\n<p>5. RMA-varor skadas under transport p\u00e5 grund av felaktig f\u00f6rpackning. I det h\u00e4r fallet kommer det att behandlas som \"Out of<br \/>\ngaranti\". F\u00f6r att f\u00f6rhindra detta ber vi kunderna att se till att RMA-varorna \u00e4r ordentligt stoppade och f\u00f6rpackade n\u00e4r<br \/>\nfrakt.<\/p>\n<p>F\u00f6ljande \u00e4r exempel p\u00e5 produkter som kan anses vara \"Utan garanti\":<\/p>\n<p>PCB skadad<br \/>\nPCB b\u00f6jd<br \/>\nRepat kretskort<br \/>\nKomponenterna \u00e4r st\u00f6tda, b\u00f6jda eller skeva<br \/>\nPCB eller komponenter br\u00e4nda<br \/>\nOxidation av PCB<\/p>\n\t\t\t\t\t\t\t\t<\/div>\n\t\t\t\t\t<\/div>\n\t\t\t\t<\/div>\n\t\t<div class=\"elementor-element elementor-element-29579bf e-con-full e-flex e-con e-parent\" data-id=\"29579bf\" data-element_type=\"container\" data-e-type=\"container\">\n\t\t\t\t<\/div>\n\t\t\t\t<\/div>","protected":false},"excerpt":{"rendered":"","protected":false},"author":249214822,"featured_media":0,"parent":0,"menu_order":0,"comment_status":"closed","ping_status":"closed","template":"elementor_header_footer","meta":{"_acf_changed":false,"footnotes":""},"class_list":["post-8749","page","type-page","status-publish","hentry"],"acf":[],"_links":{"self":[{"href":"https:\/\/staging.kfa2.com\/sv\/wp-json\/wp\/v2\/pages\/8749","targetHints":{"allow":["GET"]}}],"collection":[{"href":"https:\/\/staging.kfa2.com\/sv\/wp-json\/wp\/v2\/pages"}],"about":[{"href":"https:\/\/staging.kfa2.com\/sv\/wp-json\/wp\/v2\/types\/page"}],"author":[{"embeddable":true,"href":"https:\/\/staging.kfa2.com\/sv\/wp-json\/wp\/v2\/users\/249214822"}],"replies":[{"embeddable":true,"href":"https:\/\/staging.kfa2.com\/sv\/wp-json\/wp\/v2\/comments?post=8749"}],"version-history":[{"count":0,"href":"https:\/\/staging.kfa2.com\/sv\/wp-json\/wp\/v2\/pages\/8749\/revisions"}],"wp:attachment":[{"href":"https:\/\/staging.kfa2.com\/sv\/wp-json\/wp\/v2\/media?parent=8749"}],"curies":[{"name":"wp","href":"https:\/\/api.w.org\/{rel}","templated":true}]}}