{"id":8778,"date":"2024-12-12T17:13:54","date_gmt":"2024-12-12T09:13:54","guid":{"rendered":"https:\/\/staging.kfa2.com\/?page_id=8778"},"modified":"2025-10-09T20:10:14","modified_gmt":"2025-10-09T12:10:14","slug":"warranty","status":"publish","type":"page","link":"https:\/\/staging.kfa2.com\/sv\/warranty\/","title":{"rendered":"Garanti"},"content":{"rendered":"<div data-elementor-type=\"wp-page\" data-elementor-id=\"8778\" class=\"elementor elementor-8778\" data-elementor-post-type=\"page\">\n\t\t\t\t<div class=\"elementor-element elementor-element-64635ae light-background e-flex e-con-boxed e-con e-parent\" data-id=\"64635ae\" data-element_type=\"container\" data-e-type=\"container\">\n\t\t\t\t\t<div class=\"e-con-inner\">\n\t\t\t\t<div class=\"elementor-element elementor-element-a6069fd elementor-widget elementor-widget-dyncontel-acf\" data-id=\"a6069fd\" data-element_type=\"widget\" data-e-type=\"widget\" data-settings=\"{&quot;acf_field_list&quot;:&quot;subtitle&quot;,&quot;enabled_visibility&quot;:&quot;yes&quot;,&quot;dce_visibility_selected&quot;:&quot;hide&quot;,&quot;acf_type&quot;:&quot;text&quot;}\" data-widget_type=\"dyncontel-acf.default\">\n\t\t\t\t<div class=\"elementor-widget-container\">\n\t\t\t\t\t<span class=\"dynamic-content-for-elementor-acf\">Begr\u00e4nsad garanti f\u00f6r grafikkort (Europa)<\/span>\t\t\t\t<\/div>\n\t\t\t\t<\/div>\n\t\t\t\t<div class=\"elementor-element elementor-element-4fc7398 elementor-widget elementor-widget-text-editor\" data-id=\"4fc7398\" data-element_type=\"widget\" data-e-type=\"widget\" data-widget_type=\"text-editor.default\">\n\t\t\t\t\t\t\t\t\t<p>KFA2 Grafikkort Garanti (Europa) Begr\u00e4nsad garanti<\/p>\n<p>KFA2 (Galaxy Microsystems Ltd ) (\"KFA2\") garanterar h\u00e4rmed sina grafikkort f\u00f6r olika regioner med olika villkor till den ursprungliga k\u00f6paren (\"K\u00f6paren\") och \u00e4r inte \u00f6verf\u00f6rbar, med f\u00f6rbeh\u00e5ll f\u00f6r alla villkor som anges h\u00e4r. Denna garanti g\u00e4ller inte f\u00f6r auktioner, eBay, obeh\u00f6riga \u00e5terf\u00f6rs\u00e4ljare, andrahandsk\u00f6p av produkter eller fysiskt f\u00f6r\u00e4ndrade eller \u00e4ndrade produkter. KFA2:s enda skyldighet enligt denna garanti \u00e4r att kostnadsfritt byta ut eller, efter eget val, reparera alla produktens defekta delar.<\/p>\n<p>Vad t\u00e4cks inte av KFA2:s begr\u00e4nsade garanti:<\/p>\n<ul>\n<li>Installerades inte enligt KFA2:s instruktioner;<\/li>\n<li>Har skadats under installation eller borttagning fr\u00e5n datorn;<\/li>\n<li>Skadades av programvara eller maskinvara, inklusive inkompatibilitet mellan programvara eller maskinvara;<\/li>\n<li>Har inte underh\u00e5llits och anv\u00e4nts under normala anv\u00e4ndningsf\u00f6rh\u00e5llanden i enlighet med KFA2:s specifikationer;<\/li>\n<li>Har skadats av \u00f6verklockning eller modifiering av n\u00e5gon annan \u00e4n KFA2.<\/li>\n<li>Du \u00e4r inte den ursprungliga k\u00f6paren och har tillhandah\u00e5llit ett ink\u00f6psbevis som visar ink\u00f6psdatum (kvitto eller faktura), ink\u00f6psst\u00e4lle, ink\u00f6pspris, artikelnummer eller ID samt originalf\u00f6rpackning och tillbeh\u00f6r.<\/li>\n<li>Produkter som modifierats utanf\u00f6r fabriksspecifikationerna och\/eller inte \u00e4r i fabriksskick.<\/li>\n<li>Produkter med modifiering av serienummer och\/eller fabriksidentifieringsetiketter, oavsett om de har avl\u00e4gsnats, flyttats, f\u00f6rfalskats, f\u00f6rst\u00f6rts, skadats, \u00e4ndrats eller gjorts ol\u00e4sliga.<\/li>\n<li>Skador p\u00e5 PCB (Printed Circuit Board), vare sig det \u00e4r skuret, repat, skevt, b\u00f6jt, sprucket, buckligt eller trasigt<\/li>\n<li>Eventuella skador p\u00e5 produkternas komponenter, h\u00e5rdvara och\/eller montering, inklusive men inte begr\u00e4nsat till skador som orsakats till f\u00f6ljd av f\u00f6rsummelse, missbruk, olyckor, felaktig anv\u00e4ndning eller ovanlig fysisk, elektrisk eller elektromekanisk stress (inklusive p\u00e5 grund av oavbruten anv\u00e4ndning av produkterna eller anv\u00e4ndning av produkterna f\u00f6r blockchain-behandling, kryptovalutautvinning eller liknande \u00e4ndam\u00e5l).<\/li>\n<li>Eventuella saknade h\u00e5rdvaror, komponenter och\/eller sammans\u00e4ttningar av Produkten.<\/li>\n<li>Kosmetiska skador som anses ligga utanf\u00f6r rimlig anv\u00e4ndning och som orsakats av djupa repor, sk\u00e4rs\u00e5r, sprickor, bucklor, missf\u00e4rgning, f\u00f6rsummelse, tapp eller felaktig hantering av produkten<\/li>\n<li>Produkter som uts\u00e4tts f\u00f6r v\u00e4tska, v\u00e4tskerester eller alltf\u00f6r fuktiga milj\u00f6er, vilket leder till rost, fukt, fuktskador, fl\u00e4ckar, korrosion eller v\u00e4tskespill p\u00e5 komponenter, h\u00e5rdvara eller elektronik. Br\u00e4nnskador eller uppflamning av komponenter till f\u00f6ljd av v\u00e4tskeolycka eller v\u00e4tskespill<\/li>\n<li>Direkt anv\u00e4ndning av f\u00e4rg, neds\u00e4nkning av grafikkortet i olja, anv\u00e4ndning av lim eller klister p\u00e5 n\u00e5gon del av produkten, anv\u00e4ndning av l\u00f6dning p\u00e5 kretskortet, modifiering av elektronik och\/eller komponenter<\/li>\n<li>Exponering f\u00f6r rester av cigarettj\u00e4ra, fukt, sand, smuts eller \u00f6verdriven nedsmutsning.<\/li>\n<li>Produkter som blivit funktionsodugliga p\u00e5 grund av olycka, kollision med f\u00f6rem\u00e5l eller verktyg, anv\u00e4ndning av \u00f6verdrivet v\u00e5ld, f\u00f6rsummelse av sk\u00f6tsel, exponering f\u00f6r eld eller onormal v\u00e4rme, \u00f6versv\u00e4mning, smuts, storm, blixtnedslag, jordb\u00e4vning, extrema v\u00e4derf\u00f6rh\u00e5llanden eller andra naturkatastrofer, st\u00f6ld, utl\u00f6sta s\u00e4kringar, felaktig anv\u00e4ndning av elektrisk k\u00e4lla eller \u00f6verbelastade elektriska kretsar.<\/li>\n<li>Defekter eller skador till f\u00f6ljd av anv\u00e4ndning av en tredjepartsprodukt i samband med eller i anslutning till tillbeh\u00f6r, produkter, programvara eller sekund\u00e4r kringutrustning som inte \u00e4r avsedd f\u00f6r anv\u00e4ndning med eller godk\u00e4nd f\u00f6r produkten av KFA2.<\/li>\n<li>Defekter eller skador till f\u00f6ljd av felaktig testning, drift, underh\u00e5ll, installation, service eller justering som inte levererats eller godk\u00e4nts av KFA2.<\/li>\n<li>Anv\u00e4ndning av otillr\u00e4ckligt transportf\u00f6rpackningsmaterial eller anv\u00e4ndning av otillr\u00e4ckligt f\u00f6rpackningsmaterial som leder till skador p\u00e5 Produkten under transport med Originalk\u00f6parens transportf\u00f6retag.<\/li>\n<li>Otill\u00e5tna \u00e4ndringar av BIOS eller Firmware p\u00e5 produkter som inte har Multiple BIOS-alternativet kan leda till att garantin blir ogiltig.<\/li>\n<li>Produkter som k\u00f6pts fr\u00e5n obeh\u00f6riga \u00e5terf\u00f6rs\u00e4ljare eller \u00e5terf\u00f6rs\u00e4ljare, vilket inkluderar, utan begr\u00e4nsning, online-marknadsplatser som Amazon, eBay och andra online-auktions- och\/eller marknadsplatswebbplatser. Om du \u00e4r os\u00e4ker p\u00e5 om en \u00e5terf\u00f6rs\u00e4ljare \u00e4r en auktoriserad \u00e5terf\u00f6rs\u00e4ljare, v\u00e4nligen kontakta KFA2 f\u00f6r bekr\u00e4ftelse.<\/li>\n<\/ul>\n<p>Garantin ska inte g\u00e4lla om produkten\/produkterna anv\u00e4nds i n\u00e5gon grad utanf\u00f6r normal avsedd anv\u00e4ndning, vilket inkluderar men inte begr\u00e4nsas till \"MINING\" (t.ex. kryptovaluta, datautvinning, gruvg\u00e5rdar).\"<\/p>\n<p>Kryptovaluta, Data Mining, Mining Farms<br \/>\nGarantin ska inte g\u00e4lla om produkten\/produkterna anv\u00e4nds i n\u00e5gon grad utanf\u00f6r normal avsedd anv\u00e4ndning. Eventuella skador p\u00e5 produkternas komponenter, h\u00e5rdvara och\/eller montering, inklusive men inte begr\u00e4nsat till skador som orsakats till f\u00f6ljd av f\u00f6rsummelse, missbruk, olyckor, felaktig anv\u00e4ndning eller ovanlig fysisk, elektrisk eller elektromekanisk stress (inklusive p\u00e5 grund av oavbruten anv\u00e4ndning av produkterna eller anv\u00e4ndning av produkterna f\u00f6r blockchain-bearbetning, kryptovalutautvinning eller liknande \u00e4ndam\u00e5l).<\/p>\n<p><b>KFA2-PRODUKTER \u00c4R INTE UTFORMADE, TILLVERKADE ELLER AVSEDDA F\u00d6R (I) OAVBRUTEN ANV\u00c4NDNING ELLER (II) ANV\u00c4NDNING I SAMBAND MED BLOCKCHAIN-BEHANDLING, KRYPTOVALUTAUTVINNING ELLER LIKNANDE \u00c4NDAM\u00c5L.<\/b><\/p>\n<p>Alla \u00e4ndringar som gjorts p\u00e5 produkten m\u00e5ste \u00e5terst\u00e4llas innan den skickas tillbaka till KFA2 f\u00f6r garantiservice. Produkten m\u00e5ste vara i ursprungligt fabriksskick f\u00f6r att erh\u00e5lla garantiservice. Fastst\u00e4llande av skada eller defekt, som ett resultat av eventuella modifieringar eller \u00f6verklockning av k\u00f6paren, kommer att ske enligt KFA2:s eget gottfinnande. Eventuella avgifter som uppst\u00e5r p\u00e5 grund av modifiering kommer att vara k\u00f6parens ansvar.<\/p>\n<p>Eventuella returfraktkostnader kan, enligt KFA2:s eget gottfinnande, vara k\u00f6parens ansvar om produkten inte omfattas av garantin.<\/p>\n<p>DENNA GARANTI ERS\u00c4TTER ALLA ANDRA GARANTIER, UTTRYCKLIGA ELLER UNDERF\u00d6RST\u00c5DDA, INKLUSIVE MEN INTE BEGR\u00c4NSAT TILL GARANTIER F\u00d6R S\u00c4LJBARHET ELLER L\u00c4MPLIGHET F\u00d6R ETT VISST \u00c4NDAM\u00c5L ELLER R\u00c4TT TILL INTR\u00c5NG, VILKA ANDRA GARANTIER UTTRYCKLIGEN UTESLUTS OCH FR\u00c5NS\u00c4GS. KFA2 SKA INTE H\u00c5LLAS ANSVARIGT F\u00d6R UTEBLIVEN VINST ELLER N\u00c5GRA S\u00c4RSKILDA, TILLF\u00c4LLIGA, EXEMPLIFIERANDE, F\u00d6LJD- ELLER STRAFFSKADEST\u00c5ND SOM K\u00d6PAREN ELLER TREDJE PART KAN DRABBAS AV, \u00c4VEN OM KFA2 HAR INFORMERATS OM M\u00d6JLIGHETEN TILL S\u00c5DANA F\u00d6RLUSTER ELLER SKADOR. KFA2:S ANSVAR SKA UNDER INGA OMST\u00c4NDIGHETER \u00d6VERSTIGA INK\u00d6PSPRISET F\u00d6R DEN DEFEKTA PRODUKTEN.<\/p>\n<p>K\u00f6paren bekr\u00e4ftar att de varor som s\u00e4ljs av KFA2 anv\u00e4nds eller inf\u00f6rlivas i andra produkter eller system, och att den slutliga s\u00e4kerheten f\u00f6r dessa produkter eller system \u00e4r K\u00f6parens enda ansvar. K\u00f6paren tar p\u00e5 sig alla risker och allt ansvar f\u00f6r anv\u00e4ndning av KFA2-produkter i andra produkter eller system. K\u00f6paren samtycker till att denne och\/eller dess kunder \u00e4r ensamt ansvariga och samtycker till att anv\u00e4ndningen av KFA2-produkter f\u00f6r n\u00e5got \u00e4ndam\u00e5l som \u00e4r relaterat till s\u00e5dana tj\u00e4nster eller p\u00e5 annat s\u00e4tt inte p\u00e5 n\u00e5got s\u00e4tt kan kontrolleras av KFA2, och K\u00f6paren eller dess kunder \u00e4r ansvariga f\u00f6r att verifiera riktigheten och fullst\u00e4ndigheten av all information som finns i, ing\u00e5s i eller anv\u00e4nds i samband med KFA2-produkter. K\u00f6paren tar p\u00e5 sig alla risker och allt ansvar f\u00f6r anv\u00e4ndning av KFA2-produkter i andra produkter eller system. Produkter och\/eller system fr\u00e5n tredje part, inklusive men inte begr\u00e4nsat till moderkort och andra systemkomponenter, omfattas inte av denna garanti. KFA2 ska under inga omst\u00e4ndigheter h\u00e5llas ansvarigt f\u00f6r skador av n\u00e5got slag som \u00e5samkats k\u00f6paren, n\u00e5gon av k\u00f6parens kunder eller andra f\u00f6r n\u00e5gon st\u00e4mning eller n\u00e5got anspr\u00e5k eller krav som uppkommit genom anv\u00e4ndning av KFA2-produkter.<\/p>\n<p>VISSA EUROPEISKA L\u00c4NDER TILL\u00c5TER INTE UTESLUTNING ELLER BEGR\u00c4NSNING AV OF\u00d6RUTSEDDA SKADOR ELLER F\u00d6LJDSKADOR, S\u00c5 DESSA BEGR\u00c4NSNINGAR KANSKE INTE G\u00c4LLER DIG.DENNA GARANTI GER DIG SPECIFIKA JURIDISKA R\u00c4TTIGHETER OCH DU KAN OCKS\u00c5 HA ANDRA R\u00c4TTIGHETER SOM VARIERAR FR\u00c5N LAND TILL LAND. DENNA GARANTI SKA INTE F\u00d6RL\u00c4NGAS, \u00c4NDRAS ELLER VARIERAS ANNAT \u00c4N GENOM ETT SKRIFTLIGT INSTRUMENT SOM VEDERB\u00d6RLIGEN UNDERTECKNATS AV KFA2.<\/p>\n<p>F\u00f6r att garantin ska g\u00e4lla kr\u00e4vs ink\u00f6psbevis som styrker ink\u00f6psdatum (kvitto eller faktura), ink\u00f6psst\u00e4lle, ink\u00f6pspris, artikelnummer eller ID samt originalf\u00f6rpackning och tillbeh\u00f6r. F\u00f6r att f\u00e5 garantiservice under garantiperioden, kontakta den lokala \u00e5terf\u00f6rs\u00e4ljaren\/distribut\u00f6ren.<\/p>\n<p>K\u00f6paren betalar f\u00f6r frakt av produkten till KFA2 f\u00f6r garanti. Kunden tar p\u00e5 sig risken f\u00f6r f\u00f6rlust (f\u00f6rs\u00e4kring mot f\u00f6rlust eller skada) under transporten och de returnerade produkterna blir KFA2:s egendom. KFA2 garanterar att de reparerade eller utbytta produkterna \u00e4r fria fr\u00e5n defekter i material eller utf\u00f6rande under \u00e5terstoden av den ursprungliga produktens garantitid.<\/p>\n<p>KFA2 f\u00f6rbeh\u00e5ller sig r\u00e4tten att inspektera och verifiera att en returnerad produkt \u00e4r defekt.<\/p>\n<p>Fraktkostnader f\u00f6r retur till k\u00f6paren f\u00f6r reparerad produkt eller ers\u00e4ttningsprodukt betalas av KFA2. Reparerade eller utbytta produkter kommer att skickas via en utvald kurir.<\/p>\n<p>Garantin g\u00e4ller f\u00f6r produkter som k\u00f6pts fr\u00e5n auktoriserade \u00e5terf\u00f6rs\u00e4ljare<\/p>\n<p>KFA2 f\u00f6rbeh\u00e5ller sig r\u00e4tten att \u00e4ndra villkoren i denna policy utan f\u00f6reg\u00e5ende meddelande. Bes\u00f6k g\u00e4rna denna sida med ett bokm\u00e4rke f\u00f6r att se den aktuella garantipolicyn.<\/p>\n\t\t\t\t\t\t\t\t<\/div>\n\t\t\t\t\t<\/div>\n\t\t\t\t<\/div>\n\t\t<div class=\"elementor-element elementor-element-a6a69aa e-con-full e-flex e-con e-parent\" data-id=\"a6a69aa\" data-element_type=\"container\" data-e-type=\"container\">\n\t\t\t\t<\/div>\n\t\t\t\t<\/div>","protected":false},"excerpt":{"rendered":"<p>Begr\u00e4nsad garanti f\u00f6r grafikkort (Europa)<\/p>","protected":false},"author":249214822,"featured_media":0,"parent":0,"menu_order":0,"comment_status":"closed","ping_status":"closed","template":"elementor_header_footer","meta":{"_acf_changed":false,"footnotes":""},"class_list":["post-8778","page","type-page","status-publish","hentry"],"acf":[],"_links":{"self":[{"href":"https:\/\/staging.kfa2.com\/sv\/wp-json\/wp\/v2\/pages\/8778","targetHints":{"allow":["GET"]}}],"collection":[{"href":"https:\/\/staging.kfa2.com\/sv\/wp-json\/wp\/v2\/pages"}],"about":[{"href":"https:\/\/staging.kfa2.com\/sv\/wp-json\/wp\/v2\/types\/page"}],"author":[{"embeddable":true,"href":"https:\/\/staging.kfa2.com\/sv\/wp-json\/wp\/v2\/users\/249214822"}],"replies":[{"embeddable":true,"href":"https:\/\/staging.kfa2.com\/sv\/wp-json\/wp\/v2\/comments?post=8778"}],"version-history":[{"count":0,"href":"https:\/\/staging.kfa2.com\/sv\/wp-json\/wp\/v2\/pages\/8778\/revisions"}],"wp:attachment":[{"href":"https:\/\/staging.kfa2.com\/sv\/wp-json\/wp\/v2\/media?parent=8778"}],"curies":[{"name":"wp","href":"https:\/\/api.w.org\/{rel}","templated":true}]}}