{"id":1,"date":"2024-08-15T06:53:01","date_gmt":"2024-08-15T06:53:01","guid":{"rendered":"https:\/\/staging.kfa2.com\/?page_id=1"},"modified":"2025-10-27T00:59:39","modified_gmt":"2025-10-26T16:59:39","slug":"about","status":"publish","type":"page","link":"https:\/\/staging.kfa2.com\/tr\/about\/","title":{"rendered":"KFA2 Hakk\u0131nda"},"content":{"rendered":"<div data-elementor-type=\"wp-page\" data-elementor-id=\"1\" class=\"elementor elementor-1\" data-elementor-post-type=\"page\">\n\t\t\t\t<div class=\"elementor-element elementor-element-dcff137 e-con-full light-background e-flex e-con e-parent\" data-id=\"dcff137\" data-element_type=\"container\" data-e-type=\"container\">\n\t\t\t\t<div class=\"elementor-element elementor-element-3dbbe5a elementor-widget__width-inherit dce_masking-none elementor-widget elementor-widget-image\" data-id=\"3dbbe5a\" data-element_type=\"widget\" data-e-type=\"widget\" data-widget_type=\"image.default\">\n\t\t\t\t\t\t\t\t\t\t\t\t\t\t\t<img fetchpriority=\"high\" decoding=\"async\" width=\"800\" height=\"377\" src=\"https:\/\/staging.kfa2.com\/wp-content\/uploads\/2025\/07\/DoorBanner_B01-1-aboutus-2-1024x482.jpg\" class=\"attachment-large size-large wp-image-20896\" alt=\"\" srcset=\"https:\/\/staging.kfa2.com\/wp-content\/uploads\/2025\/07\/DoorBanner_B01-1-aboutus-2-1024x482.jpg 1024w, https:\/\/staging.kfa2.com\/wp-content\/uploads\/2025\/07\/DoorBanner_B01-1-aboutus-2-500x235.jpg 500w, https:\/\/staging.kfa2.com\/wp-content\/uploads\/2025\/07\/DoorBanner_B01-1-aboutus-2-768x362.jpg 768w, https:\/\/staging.kfa2.com\/wp-content\/uploads\/2025\/07\/DoorBanner_B01-1-aboutus-2-1536x723.jpg 1536w, https:\/\/staging.kfa2.com\/wp-content\/uploads\/2025\/07\/DoorBanner_B01-1-aboutus-2-2048x964.jpg 2048w, https:\/\/staging.kfa2.com\/wp-content\/uploads\/2025\/07\/DoorBanner_B01-1-aboutus-2-18x8.jpg 18w, https:\/\/staging.kfa2.com\/wp-content\/uploads\/2025\/07\/DoorBanner_B01-1-aboutus-2-600x282.jpg 600w\" sizes=\"(max-width: 800px) 100vw, 800px\" \/>\t\t\t\t\t\t\t\t\t\t\t\t\t\t\t<\/div>\n\t\t\t\t<\/div>\n\t\t<div class=\"elementor-element elementor-element-0b3fce4 e-flex e-con-boxed e-con e-parent\" data-id=\"0b3fce4\" data-element_type=\"container\" data-e-type=\"container\">\n\t\t\t\t\t<div class=\"e-con-inner\">\n\t\t\t\t<div class=\"elementor-element elementor-element-755212b elementor-widget elementor-widget-text-editor\" data-id=\"755212b\" data-element_type=\"widget\" data-e-type=\"widget\" data-widget_type=\"text-editor.default\">\n\t\t\t\t\t\t\t\t\t<h2><strong>HAKKIMIZDA<\/strong><\/h2>\t\t\t\t\t\t\t\t<\/div>\n\t\t\t\t\t<\/div>\n\t\t\t\t<\/div>\n\t\t<div class=\"elementor-element elementor-element-39bab59 e-flex e-con-boxed e-con e-parent\" data-id=\"39bab59\" data-element_type=\"container\" data-e-type=\"container\">\n\t\t\t\t\t<div class=\"e-con-inner\">\n\t\t<div class=\"elementor-element elementor-element-209afdc e-con-full e-flex e-con e-child\" data-id=\"209afdc\" data-element_type=\"container\" data-e-type=\"container\">\n\t\t\t\t<div class=\"elementor-element elementor-element-ed442c4 elementor-widget elementor-widget-text-editor\" data-id=\"ed442c4\" data-element_type=\"widget\" data-e-type=\"widget\" data-widget_type=\"text-editor.default\">\n\t\t\t\t\t\t\t\t\t<p class=\"MsoNormal\">2011 y\u0131l\u0131nda kurulan KFA2, h\u0131zla geni\u015fleyen k\u00fcresel pazar\u0131n taleplerini kar\u015f\u0131layan son teknoloji bilgisayar donan\u0131mlar\u0131 sunmaya kendini adam\u0131\u015ft\u0131r. KFA2, yetenekli ara\u015ft\u0131rma ve geli\u015ftirme ve tasar\u0131m ekibiyle i\u015fbirli\u011fi yaparak, geli\u015fmi\u015f bilgisayar donan\u0131m\u0131 \u00e7\u00f6z\u00fcmleri \u00fcretme konusunda g\u00fc\u00e7l\u00fc bir itibar kazanm\u0131\u015ft\u0131r. \u015eirket, i\u00e7erik olu\u015fturucular ve geli\u015ftiriciler i\u00e7in ola\u011fan\u00fcst\u00fc performans sa\u011flayan orta ve \u00fcst d\u00fczey grafik kartlar\u0131n\u0131n yan\u0131 s\u0131ra PC kasas\u0131, AIO CPU So\u011futucu, monit\u00f6r, fare ve kulakl\u0131k gibi kapsaml\u0131 bir PC aksesuarlar\u0131 yelpazesinde uzmanla\u015fm\u0131\u015ft\u0131r. Bu \u00fcr\u00fcnler, kullan\u0131c\u0131lar\u0131n en son yapay zeka teknolojisini tam olarak benimsemelerini sa\u011flayarak benzersiz performans ve verimlilikle oyun deneyimi ve i\u015f ak\u0131\u015flar\u0131nda devrim yarat\u0131yor.<\/p>\t\t\t\t\t\t\t\t<\/div>\n\t\t\t\t<\/div>\n\t\t<div class=\"elementor-element elementor-element-bc7d8b4 e-con-full e-flex e-con e-child\" data-id=\"bc7d8b4\" data-element_type=\"container\" data-e-type=\"container\">\n\t\t\t\t<div class=\"elementor-element elementor-element-b77bf66 dce_masking-none elementor-widget elementor-widget-image\" data-id=\"b77bf66\" data-element_type=\"widget\" data-e-type=\"widget\" data-widget_type=\"image.default\">\n\t\t\t\t\t\t\t\t\t\t\t\t\t\t\t<img decoding=\"async\" width=\"800\" height=\"800\" src=\"https:\/\/staging.kfa2.com\/wp-content\/uploads\/2025\/07\/aboutus-logo.jpg\" class=\"attachment-large size-large wp-image-20924\" alt=\"\" srcset=\"https:\/\/staging.kfa2.com\/wp-content\/uploads\/2025\/07\/aboutus-logo.jpg 1000w, https:\/\/staging.kfa2.com\/wp-content\/uploads\/2025\/07\/aboutus-logo-500x500.jpg 500w, https:\/\/staging.kfa2.com\/wp-content\/uploads\/2025\/07\/aboutus-logo-150x150.jpg 150w, https:\/\/staging.kfa2.com\/wp-content\/uploads\/2025\/07\/aboutus-logo-768x768.jpg 768w, https:\/\/staging.kfa2.com\/wp-content\/uploads\/2025\/07\/aboutus-logo-12x12.jpg 12w, https:\/\/staging.kfa2.com\/wp-content\/uploads\/2025\/07\/aboutus-logo-300x300.jpg 300w, https:\/\/staging.kfa2.com\/wp-content\/uploads\/2025\/07\/aboutus-logo-600x600.jpg 600w, https:\/\/staging.kfa2.com\/wp-content\/uploads\/2025\/07\/aboutus-logo-100x100.jpg 100w\" sizes=\"(max-width: 800px) 100vw, 800px\" \/>\t\t\t\t\t\t\t\t\t\t\t\t\t\t\t<\/div>\n\t\t\t\t<\/div>\n\t\t\t\t\t<\/div>\n\t\t\t\t<\/div>\n\t\t<div class=\"elementor-element elementor-element-e92eb96 e-flex e-con-boxed e-con e-parent\" data-id=\"e92eb96\" data-element_type=\"container\" data-e-type=\"container\">\n\t\t\t\t\t<div class=\"e-con-inner\">\n\t\t\t\t<div class=\"elementor-element elementor-element-9a267a5 dce_masking-none elementor-widget elementor-widget-image\" data-id=\"9a267a5\" data-element_type=\"widget\" data-e-type=\"widget\" data-widget_type=\"image.default\">\n\t\t\t\t\t\t\t\t\t\t\t\t\t\t\t<img decoding=\"async\" width=\"800\" height=\"381\" src=\"https:\/\/staging.kfa2.com\/wp-content\/uploads\/2025\/07\/UKR_4281_2048px-K2-2-1024x488.jpg\" class=\"attachment-large size-large wp-image-20910\" alt=\"aboutus-xt\" srcset=\"https:\/\/staging.kfa2.com\/wp-content\/uploads\/2025\/07\/UKR_4281_2048px-K2-2-1024x488.jpg 1024w, https:\/\/staging.kfa2.com\/wp-content\/uploads\/2025\/07\/UKR_4281_2048px-K2-2-500x238.jpg 500w, https:\/\/staging.kfa2.com\/wp-content\/uploads\/2025\/07\/UKR_4281_2048px-K2-2-768x366.jpg 768w, https:\/\/staging.kfa2.com\/wp-content\/uploads\/2025\/07\/UKR_4281_2048px-K2-2-1536x731.jpg 1536w, https:\/\/staging.kfa2.com\/wp-content\/uploads\/2025\/07\/UKR_4281_2048px-K2-2-18x9.jpg 18w, https:\/\/staging.kfa2.com\/wp-content\/uploads\/2025\/07\/UKR_4281_2048px-K2-2-600x286.jpg 600w, https:\/\/staging.kfa2.com\/wp-content\/uploads\/2025\/07\/UKR_4281_2048px-K2-2.jpg 2048w\" sizes=\"(max-width: 800px) 100vw, 800px\" \/>\t\t\t\t\t\t\t\t\t\t\t\t\t\t\t<\/div>\n\t\t\t\t<div class=\"elementor-element elementor-element-e594531 elementor-widget elementor-widget-text-editor\" data-id=\"e594531\" data-element_type=\"widget\" data-e-type=\"widget\" data-widget_type=\"text-editor.default\">\n\t\t\t\t\t\t\t\t\t<p class=\"MsoNormal\">M\u00fc\u015fterilerine en son teknolojik geli\u015fmeleri sunma konusundaki kararl\u0131l\u0131\u011f\u0131yla hareket eden KFA2, Xtreme Tuner Uygulamas\u0131n\u0131 mobil cihazlar \u00fczerinden kablosuz \u00e7oklu GPU \u00f6zelle\u015ftirmesini destekleyecek \u015fekilde y\u00fckseltti. Bu uygulama, ger\u00e7ek zamanl\u0131 GPU izleme, uzaktan fan h\u0131z\u0131 ayarlamalar\u0131, ARGB efekti \u00f6zelle\u015ftirme ve \u00f6zel 1-Click OC \u00f6zelli\u011fi arac\u0131l\u0131\u011f\u0131yla GPU h\u0131z a\u015f\u0131rtma imkan\u0131 sunuyor.<\/p>\t\t\t\t\t\t\t\t<\/div>\n\t\t\t\t\t<\/div>\n\t\t\t\t<\/div>\n\t\t<div class=\"elementor-element elementor-element-1771fc4 e-flex e-con-boxed e-con e-parent\" data-id=\"1771fc4\" data-element_type=\"container\" data-e-type=\"container\">\n\t\t\t\t\t<div class=\"e-con-inner\">\n\t\t<div class=\"elementor-element elementor-element-f335528 e-con-full e-flex e-con e-child\" data-id=\"f335528\" data-element_type=\"container\" data-e-type=\"container\">\n\t\t\t\t<div class=\"elementor-element elementor-element-9b5e1b2 dce_masking-none elementor-widget elementor-widget-image\" data-id=\"9b5e1b2\" data-element_type=\"widget\" data-e-type=\"widget\" data-widget_type=\"image.default\">\n\t\t\t\t\t\t\t\t\t\t\t\t\t\t\t<img loading=\"lazy\" decoding=\"async\" width=\"800\" height=\"1000\" src=\"https:\/\/staging.kfa2.com\/wp-content\/uploads\/2025\/07\/aboutus-gpu-819x1024.jpg\" class=\"attachment-large size-large wp-image-20897\" alt=\"\" srcset=\"https:\/\/staging.kfa2.com\/wp-content\/uploads\/2025\/07\/aboutus-gpu-819x1024.jpg 819w, https:\/\/staging.kfa2.com\/wp-content\/uploads\/2025\/07\/aboutus-gpu-400x500.jpg 400w, https:\/\/staging.kfa2.com\/wp-content\/uploads\/2025\/07\/aboutus-gpu-768x960.jpg 768w, https:\/\/staging.kfa2.com\/wp-content\/uploads\/2025\/07\/aboutus-gpu-1229x1536.jpg 1229w, https:\/\/staging.kfa2.com\/wp-content\/uploads\/2025\/07\/aboutus-gpu-10x12.jpg 10w, https:\/\/staging.kfa2.com\/wp-content\/uploads\/2025\/07\/aboutus-gpu-600x750.jpg 600w, https:\/\/staging.kfa2.com\/wp-content\/uploads\/2025\/07\/aboutus-gpu.jpg 1400w\" sizes=\"(max-width: 800px) 100vw, 800px\" \/>\t\t\t\t\t\t\t\t\t\t\t\t\t\t\t<\/div>\n\t\t\t\t<\/div>\n\t\t<div class=\"elementor-element elementor-element-4675174 e-con-full e-flex e-con e-child\" data-id=\"4675174\" data-element_type=\"container\" data-e-type=\"container\">\n\t\t<div class=\"elementor-element elementor-element-1e9b5d5 e-con-full e-flex e-con e-child\" data-id=\"1e9b5d5\" data-element_type=\"container\" data-e-type=\"container\">\n\t\t\t\t<div class=\"elementor-element elementor-element-fd69005 dce_masking-none elementor-widget elementor-widget-image\" data-id=\"fd69005\" data-element_type=\"widget\" data-e-type=\"widget\" data-widget_type=\"image.default\">\n\t\t\t\t\t\t\t\t\t\t\t\t\t\t\t<img loading=\"lazy\" decoding=\"async\" width=\"800\" height=\"533\" src=\"https:\/\/staging.kfa2.com\/wp-content\/uploads\/2025\/07\/aboutus-hof-1024x682.jpg\" class=\"attachment-large size-large wp-image-20919\" alt=\"\" srcset=\"https:\/\/staging.kfa2.com\/wp-content\/uploads\/2025\/07\/aboutus-hof-1024x682.jpg 1024w, https:\/\/staging.kfa2.com\/wp-content\/uploads\/2025\/07\/aboutus-hof-500x333.jpg 500w, https:\/\/staging.kfa2.com\/wp-content\/uploads\/2025\/07\/aboutus-hof-768x512.jpg 768w, https:\/\/staging.kfa2.com\/wp-content\/uploads\/2025\/07\/aboutus-hof-1536x1024.jpg 1536w, https:\/\/staging.kfa2.com\/wp-content\/uploads\/2025\/07\/aboutus-hof-18x12.jpg 18w, https:\/\/staging.kfa2.com\/wp-content\/uploads\/2025\/07\/aboutus-hof-600x400.jpg 600w, https:\/\/staging.kfa2.com\/wp-content\/uploads\/2025\/07\/aboutus-hof.jpg 2000w\" sizes=\"(max-width: 800px) 100vw, 800px\" \/>\t\t\t\t\t\t\t\t\t\t\t\t\t\t\t<\/div>\n\t\t\t\t<\/div>\n\t\t<div class=\"elementor-element elementor-element-0c4d5ca e-con-full e-flex e-con e-child\" data-id=\"0c4d5ca\" data-element_type=\"container\" data-e-type=\"container\">\n\t\t\t\t<div class=\"elementor-element elementor-element-db411b3 elementor-widget elementor-widget-text-editor\" data-id=\"db411b3\" data-element_type=\"widget\" data-e-type=\"widget\" data-widget_type=\"text-editor.default\">\n\t\t\t\t\t\t\t\t\t<p>KFA2 g\u00fcvenilir ortaklar\u0131 ve m\u00fc\u015fterileriyle b\u00fcy\u00fcmeye devam ederken, bu ortakl\u0131klar en \u00e7ok be\u011fenilen ve ikonik amiral gemisi serisi olan \"Hall of Fame\" e d\u00f6n\u00fc\u015ft\u00fc. HOF serisi h\u0131z a\u015f\u0131rtma merakl\u0131lar\u0131na ve s\u0131k\u0131 oyunculara adanm\u0131\u015ft\u0131r. D\u00fcnya rekoru k\u0131ran \"Hall of Fame\" serisi, 2011'deki ilk \u00e7\u0131k\u0131\u015f\u0131ndan bu yana d\u00fcnyan\u0131n d\u00f6rt bir yan\u0131ndan prestijli \u00f6d\u00fcllere lay\u0131k g\u00f6r\u00fclm\u00fc\u015f, b\u00f6ylece oyuncular ve bilgisayar yap\u0131m merakl\u0131lar\u0131 taraf\u0131ndan en \u00e7ok tavsiye edilen ve g\u00fcvenilen ekran kart\u0131 serilerinden biri haline gelmi\u015ftir.<\/p>\t\t\t\t\t\t\t\t<\/div>\n\t\t\t\t<\/div>\n\t\t\t\t<\/div>\n\t\t\t\t\t<\/div>\n\t\t\t\t<\/div>\n\t\t<div class=\"elementor-element elementor-element-f9980eb e-flex e-con-boxed e-con e-parent\" data-id=\"f9980eb\" data-element_type=\"container\" data-e-type=\"container\">\n\t\t\t\t\t<div class=\"e-con-inner\">\n\t\t<div class=\"elementor-element elementor-element-b44e7ed e-con-full e-flex e-con e-child\" data-id=\"b44e7ed\" data-element_type=\"container\" data-e-type=\"container\">\n\t\t\t\t<div class=\"elementor-element elementor-element-cb6342e dce_masking-none elementor-widget elementor-widget-image\" data-id=\"cb6342e\" data-element_type=\"widget\" data-e-type=\"widget\" data-widget_type=\"image.default\">\n\t\t\t\t\t\t\t\t\t\t\t\t\t\t\t<img loading=\"lazy\" decoding=\"async\" width=\"800\" height=\"534\" src=\"https:\/\/staging.kfa2.com\/wp-content\/uploads\/2025\/07\/UKR_4245_2048px-1024x683.jpg\" class=\"attachment-large size-large wp-image-20920\" alt=\"\" srcset=\"https:\/\/staging.kfa2.com\/wp-content\/uploads\/2025\/07\/UKR_4245_2048px-1024x683.jpg 1024w, https:\/\/staging.kfa2.com\/wp-content\/uploads\/2025\/07\/UKR_4245_2048px-500x333.jpg 500w, https:\/\/staging.kfa2.com\/wp-content\/uploads\/2025\/07\/UKR_4245_2048px-768x512.jpg 768w, https:\/\/staging.kfa2.com\/wp-content\/uploads\/2025\/07\/UKR_4245_2048px-1536x1024.jpg 1536w, https:\/\/staging.kfa2.com\/wp-content\/uploads\/2025\/07\/UKR_4245_2048px-18x12.jpg 18w, https:\/\/staging.kfa2.com\/wp-content\/uploads\/2025\/07\/UKR_4245_2048px-600x400.jpg 600w, https:\/\/staging.kfa2.com\/wp-content\/uploads\/2025\/07\/UKR_4245_2048px.jpg 2048w\" sizes=\"(max-width: 800px) 100vw, 800px\" \/>\t\t\t\t\t\t\t\t\t\t\t\t\t\t\t<\/div>\n\t\t\t\t<\/div>\n\t\t<div class=\"elementor-element elementor-element-af7123c e-con-full e-flex e-con e-child\" data-id=\"af7123c\" data-element_type=\"container\" data-e-type=\"container\">\n\t\t\t\t<div class=\"elementor-element elementor-element-ab8e0b6 elementor-widget elementor-widget-text-editor\" data-id=\"ab8e0b6\" data-element_type=\"widget\" data-e-type=\"widget\" data-widget_type=\"text-editor.default\">\n\t\t\t\t\t\t\t\t\t<p>En s\u00fcr\u00fckleyici oyun deneyimini yaratma vizyonuyla ve se\u00e7kin oyuncular ve i\u00e7erik olu\u015fturucularla birlikte KFA2, sekt\u00f6r\u00fc ileriye ta\u015f\u0131maya odaklanarak oyun ve yapay zeka teknolojisi d\u00fcnyas\u0131nda bir sonraki ad\u0131m\u0131n s\u0131n\u0131rs\u0131z olas\u0131l\u0131\u011f\u0131n\u0131 ke\u015ffetmeye devam ediyor.<\/p>\t\t\t\t\t\t\t\t<\/div>\n\t\t\t\t<\/div>\n\t\t\t\t\t<\/div>\n\t\t\t\t<\/div>\n\t\t<div class=\"elementor-element elementor-element-4b7c18e e-flex e-con-boxed e-con e-parent\" data-id=\"4b7c18e\" data-element_type=\"container\" data-e-type=\"container\">\n\t\t\t\t\t<div class=\"e-con-inner\">\n\t\t<div class=\"elementor-element elementor-element-cdce8ba e-con-full e-flex e-con e-child\" data-id=\"cdce8ba\" data-element_type=\"container\" data-e-type=\"container\">\n\t\t\t\t<div class=\"elementor-element elementor-element-5cfca4a elementor-widget elementor-widget-text-editor\" data-id=\"5cfca4a\" data-element_type=\"widget\" data-e-type=\"widget\" data-widget_type=\"text-editor.default\">\n\t\t\t\t\t\t\t\t\t<p>\u0130\u015fletmelerin sosyal sorumluluk \u00e7al\u0131\u015fmalar\u0131 \u015firket k\u00fclt\u00fcr\u00fcn\u00fcn bir par\u00e7as\u0131 haline geldi\u011finde, \u00e7al\u0131\u015fanlar da bunu fark eder. Toplumu kalbimizin derinliklerine alan bir kurulu\u015f olarak hedeflerimiz, topluma fayda sa\u011flamak i\u00e7in \u00e7aba sarf etmek ve d\u00fcnyay\u0131 daha iyi bir yer haline getirme konusunda \u00f6nc\u00fc olmaya kararl\u0131 olmakt\u0131r.<\/p><p>2017 y\u0131l\u0131ndan bu yana KFA2, Hong Kong Sosyal Hizmet Konseyi taraf\u0131ndan art arda Caring Company logosu ile \u00f6d\u00fcllendirilmi\u015ftir. 2022 y\u0131l\u0131nda KFA2, iyi kurumsal vatanda\u015fl\u0131\u011f\u0131 te\u015fvik etme ve daha iyi bir toplum yaratma konusundaki s\u00fcrekli kararl\u0131l\u0131\u011f\u0131 i\u00e7in 5 Y\u0131l Art\u0131 Caring Company Logosu ile \u00f6d\u00fcllendirilmi\u015ftir. KFA2, 2023 y\u0131l\u0131 itibariyle halihaz\u0131rda 7 y\u0131l \u00fcst \u00fcste \u0130lgili \u015eirket Sertifikas\u0131 ile \u00f6d\u00fcllendirilmi\u015ftir. Duyarl\u0131 \u015eirket Program\u0131 (Program), \u015firketler ve sosyal hizmet kurulu\u015flar\u0131 aras\u0131ndaki ileti\u015fimin g\u00fc\u00e7lendirilmesine yard\u0131mc\u0131 olmay\u0131 ama\u00e7lad\u0131\u011f\u0131ndan, toplumun ihtiya\u00e7lar\u0131na odaklanan sekt\u00f6rler aras\u0131 projeler geli\u015ftirmek i\u00e7in birlikte \u00e7al\u0131\u015fma alanlar\u0131 yaratacakt\u0131r.<\/p>\t\t\t\t\t\t\t\t<\/div>\n\t\t\t\t<\/div>\n\t\t<div class=\"elementor-element elementor-element-7060fa8 e-con-full e-flex e-con e-child\" data-id=\"7060fa8\" data-element_type=\"container\" data-e-type=\"container\">\n\t\t\t\t<div class=\"elementor-element elementor-element-f0e76e5 dce_masking-none elementor-widget elementor-widget-image\" data-id=\"f0e76e5\" data-element_type=\"widget\" data-e-type=\"widget\" data-widget_type=\"image.default\">\n\t\t\t\t\t\t\t\t\t\t\t\t\t\t\t<img loading=\"lazy\" decoding=\"async\" width=\"520\" height=\"261\" src=\"https:\/\/staging.kfa2.com\/wp-content\/uploads\/2025\/10\/caringcompany5plusyears.jpg\" class=\"attachment-large size-large wp-image-22641\" alt=\"\" srcset=\"https:\/\/staging.kfa2.com\/wp-content\/uploads\/2025\/10\/caringcompany5plusyears.jpg 520w, https:\/\/staging.kfa2.com\/wp-content\/uploads\/2025\/10\/caringcompany5plusyears-500x251.jpg 500w, https:\/\/staging.kfa2.com\/wp-content\/uploads\/2025\/10\/caringcompany5plusyears-18x9.jpg 18w\" sizes=\"(max-width: 520px) 100vw, 520px\" \/>\t\t\t\t\t\t\t\t\t\t\t\t\t\t\t<\/div>\n\t\t\t\t<\/div>\n\t\t<div class=\"elementor-element elementor-element-d122473 e-con-full e-flex e-con e-child\" data-id=\"d122473\" data-element_type=\"container\" data-e-type=\"container\">\n\t\t\t\t<div class=\"elementor-element elementor-element-f8a51c9 dce_masking-none elementor-widget elementor-widget-image\" data-id=\"f8a51c9\" data-element_type=\"widget\" data-e-type=\"widget\" data-widget_type=\"image.default\">\n\t\t\t\t\t\t\t\t\t\t\t\t\t\t\t<img loading=\"lazy\" decoding=\"async\" width=\"800\" height=\"584\" src=\"https:\/\/staging.kfa2.com\/wp-content\/uploads\/2025\/10\/GEC_Logo_2020-e1761497800903-1024x748.jpg\" class=\"attachment-large size-large wp-image-22642\" alt=\"\" srcset=\"https:\/\/staging.kfa2.com\/wp-content\/uploads\/2025\/10\/GEC_Logo_2020-e1761497800903-1024x748.jpg 1024w, https:\/\/staging.kfa2.com\/wp-content\/uploads\/2025\/10\/GEC_Logo_2020-e1761497800903-500x365.jpg 500w, https:\/\/staging.kfa2.com\/wp-content\/uploads\/2025\/10\/GEC_Logo_2020-e1761497800903-768x561.jpg 768w, https:\/\/staging.kfa2.com\/wp-content\/uploads\/2025\/10\/GEC_Logo_2020-e1761497800903-1536x1122.jpg 1536w, https:\/\/staging.kfa2.com\/wp-content\/uploads\/2025\/10\/GEC_Logo_2020-e1761497800903-2048x1496.jpg 2048w, https:\/\/staging.kfa2.com\/wp-content\/uploads\/2025\/10\/GEC_Logo_2020-e1761497800903-16x12.jpg 16w, https:\/\/staging.kfa2.com\/wp-content\/uploads\/2025\/10\/GEC_Logo_2020-e1761497800903-600x438.jpg 600w\" sizes=\"(max-width: 800px) 100vw, 800px\" \/>\t\t\t\t\t\t\t\t\t\t\t\t\t\t\t<\/div>\n\t\t\t\t<\/div>\n\t\t<div class=\"elementor-element elementor-element-85a2d21 e-con-full e-flex e-con e-child\" data-id=\"85a2d21\" data-element_type=\"container\" data-e-type=\"container\">\n\t\t\t\t<div class=\"elementor-element elementor-element-f8bd50e elementor-widget elementor-widget-text-editor\" data-id=\"f8bd50e\" data-element_type=\"widget\" data-e-type=\"widget\" data-widget_type=\"text-editor.default\">\n\t\t\t\t\t\t\t\t\t<p>Bunun yan\u0131 s\u0131ra KFA2, 2018 y\u0131l\u0131ndan bu yana, farkl\u0131 meslek ve \u00f6l\u00e7ekteki i\u015fverenleri (k\u00fc\u00e7\u00fck ve orta \u00f6l\u00e7ekli i\u015fletmeler de dahil olmak \u00fczere) \u00e7al\u0131\u015fan odakl\u0131 ve ilerici iyi insan kaynaklar\u0131 y\u00f6netimi uygulamalar\u0131n\u0131 benimsemeye s\u00fcrekli olarak te\u015fvik etmeyi ama\u00e7layan \u0130yi \u0130\u015fveren \u015eart\u0131'n\u0131n da \u00fcyesidir. \u0130\u015fverenler ayr\u0131ca, \u00e7al\u0131\u015fanlar\u0131n\u0131n \u00fcstlendi\u011fi farkl\u0131 aile sorumluluklar\u0131n\u0131 de\u011ferlendirerek aile dostu istihdam politikalar\u0131 olu\u015fturmal\u0131 ve aile dostu uyumlu bir i\u015fyeri yaratmak i\u00e7in i\u015f ve aile ihtiya\u00e7lar\u0131n\u0131 ayn\u0131 anda kar\u015f\u0131lamalar\u0131na yard\u0131mc\u0131 olmal\u0131d\u0131r.<\/p>\t\t\t\t\t\t\t\t<\/div>\n\t\t\t\t<\/div>\n\t\t\t\t\t<\/div>\n\t\t\t\t<\/div>\n\t\t\t\t<\/div>","protected":false},"excerpt":{"rendered":"<p>ABOUT US Established in 2011, KFA2 is dedicated to delivering cutting-edge computer hardware that meets the demands of a rapidly expanding global market. By collaborating with its talented research and development, as well as design team, KFA2 has built a strong reputation for crafting advanced computer hardware solutions. The company specializes in mid to high-end [&hellip;]<\/p>\n","protected":false},"author":249214822,"featured_media":20895,"parent":0,"menu_order":0,"comment_status":"closed","ping_status":"open","template":"elementor_header_footer","meta":{"_acf_changed":false,"footnotes":""},"class_list":["post-1","page","type-page","status-publish","has-post-thumbnail","hentry"],"acf":[],"_links":{"self":[{"href":"https:\/\/staging.kfa2.com\/tr\/wp-json\/wp\/v2\/pages\/1","targetHints":{"allow":["GET"]}}],"collection":[{"href":"https:\/\/staging.kfa2.com\/tr\/wp-json\/wp\/v2\/pages"}],"about":[{"href":"https:\/\/staging.kfa2.com\/tr\/wp-json\/wp\/v2\/types\/page"}],"author":[{"embeddable":true,"href":"https:\/\/staging.kfa2.com\/tr\/wp-json\/wp\/v2\/users\/249214822"}],"replies":[{"embeddable":true,"href":"https:\/\/staging.kfa2.com\/tr\/wp-json\/wp\/v2\/comments?post=1"}],"version-history":[{"count":3,"href":"https:\/\/staging.kfa2.com\/tr\/wp-json\/wp\/v2\/pages\/1\/revisions"}],"predecessor-version":[{"id":22645,"href":"https:\/\/staging.kfa2.com\/tr\/wp-json\/wp\/v2\/pages\/1\/revisions\/22645"}],"wp:featuredmedia":[{"embeddable":true,"href":"https:\/\/staging.kfa2.com\/tr\/wp-json\/wp\/v2\/media\/20895"}],"wp:attachment":[{"href":"https:\/\/staging.kfa2.com\/tr\/wp-json\/wp\/v2\/media?parent=1"}],"curies":[{"name":"wp","href":"https:\/\/api.w.org\/{rel}","templated":true}]}}