{"id":22364,"date":"2025-10-09T15:35:07","date_gmt":"2025-10-09T07:35:07","guid":{"rendered":"https:\/\/staging.kfa2.com\/?page_id=22364"},"modified":"2025-10-14T12:56:55","modified_gmt":"2025-10-14T04:56:55","slug":"the-fast-lane-to-ultimate-gaming-and-prizes-giveaway-terms-conditions-poland","status":"publish","type":"page","link":"https:\/\/staging.kfa2.com\/tr\/the-fast-lane-to-ultimate-gaming-and-prizes-giveaway-terms-conditions-poland\/","title":{"rendered":"\"En \u0130yi Oyunlara ve \u00d6d\u00fcllere Giden H\u0131zl\u0131 Yol.\" \u00c7ekili\u015f \u015eartlar\u0131 ve Ko\u015fullar\u0131 (Polonya)"},"content":{"rendered":"<div data-elementor-type=\"wp-page\" data-elementor-id=\"22364\" class=\"elementor elementor-22364\" data-elementor-post-type=\"page\">\n\t\t\t\t<div class=\"elementor-element elementor-element-dcff137 e-con-full light-background e-flex e-con e-parent\" data-id=\"dcff137\" data-element_type=\"container\" data-e-type=\"container\">\n\t\t\t\t<div class=\"elementor-element elementor-element-3dbbe5a elementor-widget__width-inherit dce_masking-none elementor-widget elementor-widget-image\" data-id=\"3dbbe5a\" data-element_type=\"widget\" data-e-type=\"widget\" data-widget_type=\"image.default\">\n\t\t\t\t\t\t\t\t\t\t\t\t\t\t\t<img fetchpriority=\"high\" decoding=\"async\" width=\"800\" height=\"291\" src=\"https:\/\/staging.kfa2.com\/wp-content\/uploads\/2025\/09\/Artboard-10-1024x373.jpg\" class=\"attachment-large size-large wp-image-22064\" alt=\"\" srcset=\"https:\/\/staging.kfa2.com\/wp-content\/uploads\/2025\/09\/Artboard-10-1024x373.jpg 1024w, https:\/\/staging.kfa2.com\/wp-content\/uploads\/2025\/09\/Artboard-10-500x182.jpg 500w, https:\/\/staging.kfa2.com\/wp-content\/uploads\/2025\/09\/Artboard-10-768x280.jpg 768w, https:\/\/staging.kfa2.com\/wp-content\/uploads\/2025\/09\/Artboard-10-1536x560.jpg 1536w, https:\/\/staging.kfa2.com\/wp-content\/uploads\/2025\/09\/Artboard-10-18x7.jpg 18w, https:\/\/staging.kfa2.com\/wp-content\/uploads\/2025\/09\/Artboard-10-600x219.jpg 600w, https:\/\/staging.kfa2.com\/wp-content\/uploads\/2025\/09\/Artboard-10.jpg 1920w\" sizes=\"(max-width: 800px) 100vw, 800px\" \/>\t\t\t\t\t\t\t\t\t\t\t\t\t\t\t<\/div>\n\t\t\t\t<\/div>\n\t\t<div class=\"elementor-element elementor-element-0b3fce4 e-flex e-con-boxed e-con e-parent\" data-id=\"0b3fce4\" data-element_type=\"container\" data-e-type=\"container\">\n\t\t\t\t\t<div class=\"e-con-inner\">\n\t\t\t\t<div class=\"elementor-element elementor-element-755212b elementor-widget elementor-widget-text-editor\" data-id=\"755212b\" data-element_type=\"widget\" data-e-type=\"widget\" data-widget_type=\"text-editor.default\">\n\t\t\t\t\t\t\t\t\t<h4><strong>\"En \u0130yi Oyunlara ve \u00d6d\u00fcllere Giden H\u0131zl\u0131 Yol.\" \u00c7ekili\u015f \u015eartlar\u0131 ve Ko\u015fullar\u0131<\/strong><\/h4>\t\t\t\t\t\t\t\t<\/div>\n\t\t\t\t\t<\/div>\n\t\t\t\t<\/div>\n\t\t<div class=\"elementor-element elementor-element-39bab59 e-flex e-con-boxed e-con e-parent\" data-id=\"39bab59\" data-element_type=\"container\" data-e-type=\"container\">\n\t\t\t\t\t<div class=\"e-con-inner\">\n\t\t<div class=\"elementor-element elementor-element-209afdc e-con-full e-flex e-con e-child\" data-id=\"209afdc\" data-element_type=\"container\" data-e-type=\"container\">\n\t\t\t\t<div class=\"elementor-element elementor-element-ed442c4 elementor-widget elementor-widget-text-editor\" data-id=\"ed442c4\" data-element_type=\"widget\" data-e-type=\"widget\" data-widget_type=\"text-editor.default\">\n\t\t\t\t\t\t\t\t\t<p><strong>En \u0130yi Oyunlara ve \u00d6d\u00fcllere Giden H\u0131zl\u0131 Yol<\/strong><\/p><p>\u015eartlar ve Ko\u015fullar - En \u0130yi Oyunlara ve \u00d6d\u00fcllere Giden H\u0131zl\u0131 Yol\u00a0\u00a0\u00a0\u00a0\u00a0<\/p><p>Kampanya Ad\u0131: \"En \u0130yi Oyunlara ve \u00d6d\u00fcllere Giden H\u0131zl\u0131 Yol.\" Yar\u0131\u015fma (\"Yar\u0131\u015fma\")<\/p><p>Kampanya D\u00f6nemi:<\/p><p>Yar\u0131\u015fma ba\u015fvurusu 15 Eyl\u00fcl 2025 tarihinde ba\u015flar ve 30 Kas\u0131m 2025 (01:00 HKT) tarihinde sona erer. Sat\u0131n alma d\u00f6nemi 15 A\u011fustos 2025 - 15 Kas\u0131m 2025 (01:00 HKT) tarihleri aras\u0131ndad\u0131r.<\/p><p>Giri\u015f Gereksinimi (\"Gereksinim\")<\/p><ul><li>Yar\u0131\u015fmaya kat\u0131lmak i\u00e7in Polonya'da ikamet eden kat\u0131l\u0131mc\u0131lar\u0131n, Kampanya D\u00f6nemi boyunca resmi bir yetkili sat\u0131c\u0131dan uygun bir KFA2 GeForce RTX 50 serisi ekran kart\u0131 sat\u0131n almalar\u0131 gerekmektedir.<\/li><li>Kat\u0131l\u0131mc\u0131lar Yar\u0131\u015fma sayfas\u0131n\u0131 \u00e7evrimi\u00e7i olarak \u015fu adresten ziyaret etmelidir <a href=\"https:\/\/kfa2.com\/en\/webform\/the-fast-lane-to-ultimate-gaming-and-prizes\/\">https:\/\/kfa2.com\/en\/webform\/the-fast-lane-to-ultimate-gaming-and-prizes-poland\/<\/a> \"HOF Gaming grafik kartlar\u0131 hakk\u0131nda sizi en \u00e7ok heyecanland\u0131ran \u015fey nedir?\" sorusunu yan\u0131tlamak ve ge\u00e7erli bir sat\u0131n alma belgesi (\u00f6rne\u011fin, resmi kanallardan veya perakendecilerden al\u0131nan makbuz) y\u00fcklemek i\u00e7in.<\/li><\/ul><ul><li>KFA2, ba\u015fvurular aras\u0131ndan en iyi 2 cevab\u0131 se\u00e7ecektir.<\/li><\/ul><div>\u00a0<\/div><ul><li>Cevab\u0131, sat\u0131n alma belgesini ve ki\u015fisel bilgileri ba\u015far\u0131yla g\u00f6nderdikten sonra kat\u0131l\u0131mc\u0131lar otomatik olarak Yar\u0131\u015fmaya kat\u0131lm\u0131\u015f olacaklard\u0131r.<\/li><\/ul><p>Son teslim tarihi<\/p><ul><li>Son kat\u0131l\u0131m tarihi 30 Kas\u0131m 2025'tir. Bu tarihten sonra yap\u0131lan ba\u015fvurular dikkate al\u0131nmayacak ve ge\u00e7ersiz say\u0131lacakt\u0131r.<\/li><\/ul><p>\u00d6d\u00fcller<\/p><ul><li>HOF Limited Yar\u0131\u015f Arabas\u0131ndan Esinlenen Yap\u0131 Ta\u015f\u0131 Seti (Siyah) x 1\u00a0<\/li><li>HOF Limited Yar\u0131\u015f Arabas\u0131ndan Esinlenen Yap\u0131 Ta\u015f\u0131 Seti (Beyaz) x 1\u00a0<\/li><\/ul><ul><li>Toplam 2 kazanan se\u00e7ilecektir. Her biri 1 \u00f6d\u00fcl alacak, renkler rastgele da\u011f\u0131t\u0131lacakt\u0131r. Se\u00e7im, cevaplar\u0131n\u0131n yarat\u0131c\u0131l\u0131\u011f\u0131na g\u00f6re yap\u0131lacakt\u0131r.<\/li><\/ul><ul><li>\u00d6d\u00fcller devredilemez, de\u011fi\u015ftirilemez ve nakit veya ba\u015fka alternatifler i\u00e7in kullan\u0131lamaz.<\/li><\/ul><ul><li>Kazananlar\u0131n duyurusu 15 Aral\u0131k 2025 tarihine kadar KFA2 Polonya Facebook sayfas\u0131nda yap\u0131lacakt\u0131r.<\/li><\/ul><ul><li>Kazananlar \u00e7ekili\u015ften sonraki 5 g\u00fcn i\u00e7inde e-posta yoluyla bilgilendirilecektir. Bir kazanan 5 g\u00fcn i\u00e7inde gerekli bilgilerle yan\u0131t vermezse, \u00f6d\u00fcl kaybedilecek ve ba\u015fka bir kazanan se\u00e7ilebilecektir.<\/li><\/ul><ul><li>Kazananlar\u0131n kimliklerini ve yeterliliklerini do\u011frulamak i\u00e7in KFA2 kazananlardan ek belge isteyebilir. Gerekli belgeleri sa\u011flayamayan kazananlar diskalifiye edilebilir.\u00a0\u00a0<\/li><\/ul><ul><li>KFA2 karar\u0131 nihaidir. KFA2 nihai karar hakk\u0131n\u0131 sakl\u0131 tutar.<\/li><\/ul><p>Uygunluk<\/p><ul><li>Yar\u0131\u015fma, Polonya'da ikamet eden 18 ya\u015f ve \u00fczeri kat\u0131l\u0131mc\u0131lara a\u00e7\u0131kt\u0131r.<\/li><\/ul><ul><li>Kat\u0131l\u0131mc\u0131 ba\u015f\u0131na sadece bir giri\u015f kabul edilecektir. Birden fazla giri\u015f yap\u0131l\u0131rsa, yaln\u0131zca son ge\u00e7erli giri\u015f say\u0131lacak ve di\u011fer t\u00fcm giri\u015fler ge\u00e7ersiz olacakt\u0131r.<\/li><\/ul><ul><li>KFA2, Hall Of Fame, KFA2 \u00e7al\u0131\u015fanlar\u0131 ve onlar\u0131n birinci dereceden yak\u0131nlar\u0131 kat\u0131lamaz.<\/li><\/ul><ul><li>Kat\u0131l\u0131mc\u0131lar Yar\u0131\u015fman\u0131n t\u00fcm giri\u015f Ko\u015fullar\u0131n\u0131 kar\u015f\u0131lamal\u0131d\u0131r.<\/li><\/ul><p>Diskalifiye<\/p><ul><li>Eksik veya yanl\u0131\u015f ki\u015fisel bilgi i\u00e7eren kat\u0131l\u0131mlar diskalifiye edilecek ve ge\u00e7ersiz say\u0131lacakt\u0131r.<\/li><\/ul><ul><li>Yar\u0131\u015fmay\u0131 kurcalamaya veya s\u00fcrecini bozmaya y\u00f6nelik her t\u00fcrl\u00fc giri\u015fim diskalifiye ile sonu\u00e7lanacakt\u0131r.<\/li><\/ul><ul><li>KFA2, bu \u015eartlara uymayan herhangi bir kat\u0131l\u0131mc\u0131y\u0131 diskalifiye etme hakk\u0131n\u0131 sakl\u0131 tutar.<\/li><\/ul><p>Genel Ko\u015fullar<\/p><ul><li>Kat\u0131l\u0131mc\u0131lar, giri\u015f yaparak bu H\u00fck\u00fcm ve Ko\u015fullara tabi olmay\u0131 kabul ederler.<\/li><\/ul><ul><li>Polonya'dan uygun kat\u0131l\u0131mc\u0131lar KFA2 web sitesine kay\u0131t OLMALIDIR. Yukar\u0131da listelenen b\u00f6lgeden GALAX web sitesi arac\u0131l\u0131\u011f\u0131yla g\u00f6nderilen giri\u015fler kabul edilmeyecektir.<\/li><\/ul><ul><li>KFA2 herhangi bir zamanda kendi takdirine ba\u011fl\u0131 olarak \u015eartlar\u0131 de\u011fi\u015ftirme veya Yar\u0131\u015fmay\u0131 iptal etme, sonland\u0131rma veya de\u011fi\u015ftirme hakk\u0131n\u0131 sakl\u0131 tutar.<\/li><\/ul><ul><li>KFA2, doland\u0131r\u0131c\u0131l\u0131k, teknik ar\u0131zalar veya KFA2'nin makul kontrol\u00fc d\u0131\u015f\u0131ndaki di\u011fer fakt\u00f6rlerin yar\u0131\u015fman\u0131n b\u00fct\u00fcnl\u00fc\u011f\u00fcn\u00fc bozmas\u0131 ve KFA2 taraf\u0131ndan tamamen kendi takdirine ba\u011fl\u0131 olarak belirlenmesi durumunda kampanyay\u0131 sona erdirme hakk\u0131n\u0131 sakl\u0131 tutar.<\/li><\/ul><ul><li>Bu kampanya veya bununla ili\u015fkili herhangi bir web sitesi (veya herhangi bir k\u0131sm\u0131) bozulursa veya ba\u015fka bir \u015fekilde Yar\u0131\u015fmaya kat\u0131lmaya izin vermezse veya bilgisayar vir\u00fcs\u00fc, b\u00f6cek, kurcalama, yetkisiz m\u00fcdahale, kat\u0131l\u0131mc\u0131lar taraf\u0131ndan yap\u0131lan eylemler, doland\u0131r\u0131c\u0131l\u0131k, teknik ar\u0131zalar veya di\u011fer nedenlerle bula\u015f\u0131rsa, KFA2'nin tek g\u00f6r\u00fc\u015f\u00fcne g\u00f6re, bu yar\u0131\u015fman\u0131n y\u00f6netimini, g\u00fcvenli\u011fini, adaletini, b\u00fct\u00fcnl\u00fc\u011f\u00fcn\u00fc veya d\u00fczg\u00fcn \u00e7al\u0131\u015fmas\u0131n\u0131 bozan veya etkileyen, KFA2, tamamen kendi takdirine ba\u011fl\u0131 olarak, bu t\u00fcr bir eyleme kar\u0131\u015fan herhangi bir ki\u015fiyi diskalifiye etme ve\/veya bu Yar\u0131\u015fmay\u0131 veya herhangi bir b\u00f6l\u00fcm\u00fcn\u00fc iptal etme, sonland\u0131rma, de\u011fi\u015ftirme veya ask\u0131ya alma hakk\u0131n\u0131 sakl\u0131 tutar.<\/li><\/ul><ul><li>KFA2 veya yetkilileri, y\u00f6neticileri, \u00e7al\u0131\u015fanlar\u0131, ba\u011fl\u0131 kurulu\u015flar\u0131, i\u015ftirakleri, reklam, tan\u0131t\u0131m, yerine getirme, pazarlama ajanslar\u0131, halkla ili\u015fkiler firmalar\u0131, dan\u0131\u015fmanlar\u0131 veya y\u00fcklenicileri hi\u00e7bir durumda \u00f6rnek niteli\u011finde, dolayl\u0131, ar\u0131zi dahil ancak bunlarla s\u0131n\u0131rl\u0131 olmamak \u00fczere herhangi bir zarar veya kay\u0131ptan sorumlu veya y\u00fck\u00fcml\u00fc olmayacakt\u0131r, Bu promosyondan ve\/veya bu promosyonla ba\u011flant\u0131l\u0131 olarak verilen \u00f6d\u00fcl\u00fcn kabul edilmesi, bulundurulmas\u0131, kullan\u0131lmas\u0131, k\u00f6t\u00fcye kullan\u0131lmas\u0131 veya kullan\u0131lmamas\u0131ndan kaynaklanan, ki\u015fisel yaralanma, \u00f6l\u00fcm ve\/veya maddi hasar\u0131n yan\u0131 s\u0131ra tan\u0131t\u0131m haklar\u0131na veya mahremiyetin ihlaline dayal\u0131 iddialar da dahil ancak bunlarla s\u0131n\u0131rl\u0131 olmamak \u00fczere, dolayl\u0131 veya cezai zararlar veya avukatl\u0131k \u00fccretleri. KFA2'nin bu promosyondan kaynaklanan talepler i\u00e7in toplam sorumlulu\u011fu hi\u00e7bir durumda bu promosyonla ba\u011flant\u0131l\u0131 olarak verilecek \u00f6d\u00fcl\u00fcn perakende de\u011ferini a\u015fmayacakt\u0131r.<\/li><\/ul><ul><li>Sosyal medya feragatnamesi ve sorumluluktan muafiyet - promosyon hi\u00e7bir \u015fekilde Facebook taraf\u0131ndan desteklenmez, onaylanmaz veya y\u00f6netilmez veya Facebook ile ili\u015fkili de\u011fildir. Kat\u0131l\u0131mc\u0131lar, bu promosyondan ve\/veya bu promosyonla ba\u011flant\u0131l\u0131 olarak verilen \u00f6d\u00fcl\u00fcn kabul edilmesi, bulundurulmas\u0131, kullan\u0131lmas\u0131, k\u00f6t\u00fcye kullan\u0131lmas\u0131 veya kullan\u0131lmamas\u0131ndan kaynaklanan, \u00f6rnek te\u015fkil eden, dolayl\u0131, ar\u0131zi, sonu\u00e7 olarak ortaya \u00e7\u0131kan veya cezai zararlar veya avukatl\u0131k \u00fccretleri dahil ancak bunlarla s\u0131n\u0131rl\u0131 olmamak \u00fczere, ki\u015fisel yaralanma, \u00f6l\u00fcm ve\/veya maddi hasar ve ayr\u0131ca tan\u0131t\u0131m haklar\u0131na veya mahremiyetin ihlaline dayal\u0131 her t\u00fcrl\u00fc talep dahil ancak bunlarla s\u0131n\u0131rl\u0131 olmamak \u00fczere her t\u00fcrl\u00fc zarar veya kay\u0131p i\u00e7in Facebook'u sorumlu tutmaz.<\/li><\/ul><ul><li>KFA2'nin Yar\u0131\u015fman\u0131n t\u00fcm y\u00f6nleriyle ilgili karar\u0131 nihai ve ba\u011flay\u0131c\u0131d\u0131r.<\/li><\/ul>\t\t\t\t\t\t\t\t<\/div>\n\t\t\t\t<\/div>\n\t\t\t\t\t<\/div>\n\t\t\t\t<\/div>\n\t\t\t\t<\/div>","protected":false},"excerpt":{"rendered":"<p>&#8220;The Fast Lane to Ultimate Gaming\u2014and Prizes.&#8221; Giveaway Terms &amp; Conditions The Fast Lane to Ultimate Gaming \u2013 and Prizes Terms and Conditions &#8211; The Fast Lane to Ultimate Gaming &#8211; and Prizes\u00a0\u00a0\u00a0\u00a0\u00a0 Campaign Name: \u201cThe Fast Lane to Ultimate Gaming\u2014and Prizes.\u201d Contest (\u201cContest\u201d) Campaign Period: The Contest submission begins on 15th September, 2025 and [&hellip;]<\/p>\n","protected":false},"author":249214834,"featured_media":20895,"parent":0,"menu_order":0,"comment_status":"closed","ping_status":"open","template":"elementor_header_footer","meta":{"_acf_changed":false,"footnotes":""},"class_list":["post-22364","page","type-page","status-publish","has-post-thumbnail","hentry"],"acf":[],"_links":{"self":[{"href":"https:\/\/staging.kfa2.com\/tr\/wp-json\/wp\/v2\/pages\/22364","targetHints":{"allow":["GET"]}}],"collection":[{"href":"https:\/\/staging.kfa2.com\/tr\/wp-json\/wp\/v2\/pages"}],"about":[{"href":"https:\/\/staging.kfa2.com\/tr\/wp-json\/wp\/v2\/types\/page"}],"author":[{"embeddable":true,"href":"https:\/\/staging.kfa2.com\/tr\/wp-json\/wp\/v2\/users\/249214834"}],"replies":[{"embeddable":true,"href":"https:\/\/staging.kfa2.com\/tr\/wp-json\/wp\/v2\/comments?post=22364"}],"version-history":[{"count":3,"href":"https:\/\/staging.kfa2.com\/tr\/wp-json\/wp\/v2\/pages\/22364\/revisions"}],"predecessor-version":[{"id":22438,"href":"https:\/\/staging.kfa2.com\/tr\/wp-json\/wp\/v2\/pages\/22364\/revisions\/22438"}],"wp:featuredmedia":[{"embeddable":true,"href":"https:\/\/staging.kfa2.com\/tr\/wp-json\/wp\/v2\/media\/20895"}],"wp:attachment":[{"href":"https:\/\/staging.kfa2.com\/tr\/wp-json\/wp\/v2\/media?parent=22364"}],"curies":[{"name":"wp","href":"https:\/\/api.w.org\/{rel}","templated":true}]}}