{"id":8652,"date":"2024-12-12T13:26:38","date_gmt":"2024-12-12T05:26:38","guid":{"rendered":"https:\/\/staging.kfa2.com\/?page_id=8652"},"modified":"2025-10-27T00:31:21","modified_gmt":"2025-10-26T16:31:21","slug":"support","status":"publish","type":"page","link":"https:\/\/staging.kfa2.com\/tr\/support\/","title":{"rendered":"M\u00fc\u015fteri Deste\u011fi"},"content":{"rendered":"<div data-elementor-type=\"wp-page\" data-elementor-id=\"8652\" class=\"elementor elementor-8652\" data-elementor-post-type=\"page\">\n\t\t\t\t<div data-dce-background-image-url=\"https:\/\/staging.kfa2.com\/wp-content\/uploads\/2024\/12\/support-header.jpg\" class=\"elementor-element elementor-element-ada127b e-con-full e-flex e-con e-parent\" data-id=\"ada127b\" data-element_type=\"container\" data-e-type=\"container\" data-settings=\"{&quot;background_background&quot;:&quot;classic&quot;}\">\n\t\t<div class=\"elementor-element elementor-element-68afea6 e-flex e-con-boxed e-con e-child\" data-id=\"68afea6\" data-element_type=\"container\" data-e-type=\"container\">\n\t\t\t\t\t<div class=\"e-con-inner\">\n\t\t\t\t<div class=\"elementor-element elementor-element-bef5566 elementor-widget elementor-widget-dyncontel-acf\" data-id=\"bef5566\" data-element_type=\"widget\" data-e-type=\"widget\" data-settings=\"{&quot;acf_field_list&quot;:&quot;page_title&quot;,&quot;acf_type&quot;:&quot;text&quot;}\" data-widget_type=\"dyncontel-acf.default\">\n\t\t\t\t<div class=\"elementor-widget-container\">\n\t\t\t\t\t<h2 class=\"dynamic-content-for-elementor-acf\">M\u00fc\u015fteri<br \/>\r\nDestek<\/h2>\t\t\t\t<\/div>\n\t\t\t\t<\/div>\n\t\t\t\t\t<\/div>\n\t\t\t\t<\/div>\n\t\t\t\t<\/div>\n\t\t<div class=\"elementor-element elementor-element-c329adf e-flex e-con-boxed e-con e-parent\" data-id=\"c329adf\" data-element_type=\"container\" data-e-type=\"container\">\n\t\t\t\t\t<div class=\"e-con-inner\">\n\t\t\t\t<div class=\"dce-fix-background-loop elementor-element elementor-element-96097a8 elementor-widget elementor-widget-dce-acf-repeater-v2\" data-id=\"96097a8\" data-element_type=\"widget\" data-e-type=\"widget\" data-settings=\"{&quot;dce_acf_repeater_format&quot;:&quot;masonry&quot;}\" data-widget_type=\"dce-acf-repeater-v2.default\">\n\t\t\t\t<div class=\"elementor-widget-container\">\n\t\t\t\t\t<div class=\"dce-acf-repeater\"><div class=\"dce-acf-repeater-masonry\"><div class=\"dce-acf-repeater-item\">\t\t<div data-elementor-type=\"section\" data-elementor-id=\"8670\" class=\"elementor elementor-8670 dce-elementor-rendering-id-1\" data-elementor-post-type=\"elementor_library\">\n\t\t\t<div class=\"elementor-element elementor-element-f553a0b e-con-full e-flex e-con e-parent\" data-id=\"f553a0b\" data-element_type=\"container\" data-e-type=\"container\" data-settings=\"{&quot;background_background&quot;:&quot;classic&quot;}\">\n\t\t\t\t<div class=\"elementor-element elementor-element-b886427 elementor-widget elementor-widget-dyncontel-acf\" data-id=\"b886427\" data-element_type=\"widget\" data-e-type=\"widget\" data-settings=\"{&quot;acf_field_list&quot;:&quot;title&quot;,&quot;acf_type&quot;:&quot;text&quot;}\" data-widget_type=\"dyncontel-acf.default\">\n\t\t\t\t<div class=\"elementor-widget-container\">\n\t\t\t\t\t<div class=\"dynamic-content-for-elementor-acf\">Sipari\u015f Deste\u011fi<\/div>\t\t\t\t<\/div>\n\t\t\t\t<\/div>\n\t\t\t\t<div class=\"elementor-element elementor-element-415e8a9 elementor-widget elementor-widget-text-editor\" data-id=\"415e8a9\" data-element_type=\"widget\" data-e-type=\"widget\" data-widget_type=\"text-editor.default\">\n\t\t\t\t\t\t\t\t\t<p>Teknik destek, m\u00fc\u015fteri hizmetleri veya<br \/>\ngenel sorular i\u0307\u00e7i\u0307n l\u00fctfen bi\u0307zi\u0307mle i\u0307leti\u0307\u015fi\u0307me ge\u00e7i\u0307ni\u0307z<br \/>\ne-posta g\u00f6nderme<\/p>\n<p><a href=\"mailto:eurosupport@kfa2.com\"><strong>eurosupport@kfa2.com<\/strong><\/a><\/p>\n\t\t\t\t\t\t\t\t<\/div>\n\t\t\t\t<\/div>\n\t\t\t\t<\/div>\n\t\t<\/div><div class=\"dce-acf-repeater-item\">\t\t<div data-elementor-type=\"section\" data-elementor-id=\"8670\" class=\"elementor elementor-8670 dce-elementor-rendering-id-2\" data-elementor-post-type=\"elementor_library\">\n\t\t\t<div class=\"elementor-element elementor-element-f553a0b e-con-full e-flex e-con e-parent\" data-id=\"f553a0b\" data-element_type=\"container\" data-e-type=\"container\" data-settings=\"{&quot;background_background&quot;:&quot;classic&quot;}\">\n\t\t\t\t<div class=\"elementor-element elementor-element-b886427 elementor-widget elementor-widget-dyncontel-acf\" data-id=\"b886427\" data-element_type=\"widget\" data-e-type=\"widget\" data-settings=\"{&quot;acf_field_list&quot;:&quot;title&quot;,&quot;acf_type&quot;:&quot;text&quot;}\" data-widget_type=\"dyncontel-acf.default\">\n\t\t\t\t<div class=\"elementor-widget-container\">\n\t\t\t\t\t<div class=\"dynamic-content-for-elementor-acf\">\u00dcr\u00fcn Deste\u011fi<\/div>\t\t\t\t<\/div>\n\t\t\t\t<\/div>\n\t\t\t\t<div class=\"elementor-element elementor-element-415e8a9 elementor-widget elementor-widget-text-editor\" data-id=\"415e8a9\" data-element_type=\"widget\" data-e-type=\"widget\" data-widget_type=\"text-editor.default\">\n\t\t\t\t\t\t\t\t\t<p><a href=\"https:\/\/staging.kfa2.com\/tr\/product-support\/\">\u00dcr\u00fcn Deste\u011fi<\/a><\/p>\n<p><a href=\"https:\/\/staging.kfa2.com\/tr\/archive-manuals\/\">Ar\u015fiv &amp; K\u0131lavuzlar<\/a><\/p>\n<p><a href=\"https:\/\/staging.kfa2.com\/tr\/warranty\/\">Garanti<\/a><\/p>\n<p><a href=\"https:\/\/staging.kfa2.com\/tr\/return-policy\/\">\u0130ade Politikas\u0131<\/a><\/p>\n\t\t\t\t\t\t\t\t<\/div>\n\t\t\t\t<\/div>\n\t\t\t\t<\/div>\n\t\t<\/div><div class=\"dce-acf-repeater-item\">\t\t<div data-elementor-type=\"section\" data-elementor-id=\"8670\" class=\"elementor elementor-8670 dce-elementor-rendering-id-3\" data-elementor-post-type=\"elementor_library\">\n\t\t\t<div class=\"elementor-element elementor-element-f553a0b e-con-full e-flex e-con e-parent\" data-id=\"f553a0b\" data-element_type=\"container\" data-e-type=\"container\" data-settings=\"{&quot;background_background&quot;:&quot;classic&quot;}\">\n\t\t\t\t<div class=\"elementor-element elementor-element-b886427 elementor-widget elementor-widget-dyncontel-acf\" data-id=\"b886427\" data-element_type=\"widget\" data-e-type=\"widget\" data-settings=\"{&quot;acf_field_list&quot;:&quot;title&quot;,&quot;acf_type&quot;:&quot;text&quot;}\" data-widget_type=\"dyncontel-acf.default\">\n\t\t\t\t<div class=\"elementor-widget-container\">\n\t\t\t\t\t<div class=\"dynamic-content-for-elementor-acf\">Yaz\u0131l\u0131m G\u00fcncellemesi<\/div>\t\t\t\t<\/div>\n\t\t\t\t<\/div>\n\t\t\t\t<div class=\"elementor-element elementor-element-415e8a9 elementor-widget elementor-widget-text-editor\" data-id=\"415e8a9\" data-element_type=\"widget\" data-e-type=\"widget\" data-widget_type=\"text-editor.default\">\n\t\t\t\t\t\t\t\t\t<p><a href=\"https:\/\/www.nvidia.com\/en-gb\/geforce\/drivers\/\" target=\"_blank\" rel=\"noopener nofollow\">NVIDIA s\u00fcr\u00fcc\u00fcs\u00fc<\/a><\/p>\n<p><a href=\"https:\/\/staging.kfa2.com\/tr\/software\/xtreme-tuner-app\/\">Xtreme Tuner Plus<\/a><\/p>\n<p><a href=\"https:\/\/staging.kfa2.com\/tr\/software\/hof-ai\/\">HOF AI<\/a><\/p>\n\t\t\t\t\t\t\t\t<\/div>\n\t\t\t\t<\/div>\n\t\t\t\t<\/div>\n\t\t<\/div><div class=\"dce-acf-repeater-item\">\t\t<div data-elementor-type=\"section\" data-elementor-id=\"8670\" class=\"elementor elementor-8670 dce-elementor-rendering-id-4\" data-elementor-post-type=\"elementor_library\">\n\t\t\t<div class=\"elementor-element elementor-element-f553a0b e-con-full e-flex e-con e-parent\" data-id=\"f553a0b\" data-element_type=\"container\" data-e-type=\"container\" data-settings=\"{&quot;background_background&quot;:&quot;classic&quot;}\">\n\t\t\t\t<div class=\"elementor-element elementor-element-b886427 elementor-widget elementor-widget-dyncontel-acf\" data-id=\"b886427\" data-element_type=\"widget\" data-e-type=\"widget\" data-settings=\"{&quot;acf_field_list&quot;:&quot;title&quot;,&quot;acf_type&quot;:&quot;text&quot;}\" data-widget_type=\"dyncontel-acf.default\">\n\t\t\t\t<div class=\"elementor-widget-container\">\n\t\t\t\t\t<div class=\"dynamic-content-for-elementor-acf\">Logo \u0130ndir<\/div>\t\t\t\t<\/div>\n\t\t\t\t<\/div>\n\t\t\t\t<div class=\"elementor-element elementor-element-415e8a9 elementor-widget elementor-widget-text-editor\" data-id=\"415e8a9\" data-element_type=\"widget\" data-e-type=\"widget\" data-widget_type=\"text-editor.default\">\n\t\t\t\t\t\t\t\t\t<p><a href=\"https:\/\/staging.kfa2.com\/tr\/kfa2-logo-guidelines\/\">Logo \u0130ndir<\/a><\/p>\n\t\t\t\t\t\t\t\t<\/div>\n\t\t\t\t<\/div>\n\t\t\t\t<\/div>\n\t\t<\/div><\/div><\/div>\t\t\t\t<\/div>\n\t\t\t\t<\/div>\n\t\t\t\t\t<\/div>\n\t\t\t\t<\/div>\n\t\t\t\t<\/div>","protected":false},"excerpt":{"rendered":"<p>M\u00fc\u015fteri Deste\u011fi<\/p>","protected":false},"author":249214822,"featured_media":0,"parent":0,"menu_order":0,"comment_status":"closed","ping_status":"closed","template":"elementor_header_footer","meta":{"_acf_changed":false,"footnotes":""},"class_list":["post-8652","page","type-page","status-publish","hentry"],"acf":[],"_links":{"self":[{"href":"https:\/\/staging.kfa2.com\/tr\/wp-json\/wp\/v2\/pages\/8652","targetHints":{"allow":["GET"]}}],"collection":[{"href":"https:\/\/staging.kfa2.com\/tr\/wp-json\/wp\/v2\/pages"}],"about":[{"href":"https:\/\/staging.kfa2.com\/tr\/wp-json\/wp\/v2\/types\/page"}],"author":[{"embeddable":true,"href":"https:\/\/staging.kfa2.com\/tr\/wp-json\/wp\/v2\/users\/249214822"}],"replies":[{"embeddable":true,"href":"https:\/\/staging.kfa2.com\/tr\/wp-json\/wp\/v2\/comments?post=8652"}],"version-history":[{"count":1,"href":"https:\/\/staging.kfa2.com\/tr\/wp-json\/wp\/v2\/pages\/8652\/revisions"}],"predecessor-version":[{"id":22633,"href":"https:\/\/staging.kfa2.com\/tr\/wp-json\/wp\/v2\/pages\/8652\/revisions\/22633"}],"wp:attachment":[{"href":"https:\/\/staging.kfa2.com\/tr\/wp-json\/wp\/v2\/media?parent=8652"}],"curies":[{"name":"wp","href":"https:\/\/api.w.org\/{rel}","templated":true}]}}