{"id":8749,"date":"2024-12-12T15:48:18","date_gmt":"2024-12-12T07:48:18","guid":{"rendered":"https:\/\/staging.kfa2.com\/?page_id=8749"},"modified":"2025-10-09T20:08:34","modified_gmt":"2025-10-09T12:08:34","slug":"return-policy","status":"publish","type":"page","link":"https:\/\/staging.kfa2.com\/tr\/return-policy\/","title":{"rendered":"\u0130ade Politikas\u0131"},"content":{"rendered":"<div data-elementor-type=\"wp-page\" data-elementor-id=\"8749\" class=\"elementor elementor-8749\" data-elementor-post-type=\"page\">\n\t\t\t\t<div class=\"elementor-element elementor-element-6754b98 light-background e-flex e-con-boxed e-con e-parent\" data-id=\"6754b98\" data-element_type=\"container\" data-e-type=\"container\">\n\t\t\t\t\t<div class=\"e-con-inner\">\n\t\t\t\t<div class=\"elementor-element elementor-element-6db3343 elementor-widget elementor-widget-text-editor\" data-id=\"6db3343\" data-element_type=\"widget\" data-e-type=\"widget\" data-widget_type=\"text-editor.default\">\n\t\t\t\t\t\t\t\t\t<p>En iyi m\u00fc\u015fteri hizmeti ve deste\u011fi sa\u011flama konusundaki de\u011ferli ideolojimize uygun olarak, \u015funlar\u0131 sunmaktan memnuniyet duyuyoruz<br \/>\nM\u00fc\u015fterilerimize uygun \u00fcr\u00fcnler i\u00e7in h\u0131zl\u0131, sorunsuz RMA de\u011fi\u015fimini garanti eden KFA2 Garanti Program\u0131<br \/>\nkusurlu \u00fcr\u00fcnler. KFA2, sekt\u00f6rdeki en iyi s\u0131n\u0131rl\u0131 garantiyi yerine getirmek i\u00e7in \u00e7aba g\u00f6sterdi\u011finden, l\u00fctfen unutmay\u0131n<br \/>\npolitika de\u011fi\u015fiklikleri yapm\u0131\u015f ve yapmaya devam edecektir. Bu belgeyi dikkatlice okudu\u011funuzdan emin olun ve a\u015fa\u011f\u0131dakiler i\u00e7in tekrar kontrol edin<br \/>\ng\u00fcncellemeler.<\/p>\n<p>A) KFA2 taraf\u0131ndan teslim al\u0131nan \u00fcr\u00fcnler orijinal durumda gelmeli, orijinal spesifikasyonlara uygun olarak \u00e7al\u0131\u015fmal\u0131 ve<br \/>\nkoruma kapsam\u0131na al\u0131nacak t\u00fcm orijinal bile\u015fenlerle birlikte.<br \/>\nB) Hasar g\u00f6rmesini \u00f6nlemek i\u00e7in l\u00fctfen kart\u0131 uygun ambalajla (\u00f6rn. balonlu naylon ve antistatik torba) paketleyin<br \/>\nRMA \u00fcr\u00fcn\u00fcn\u00fcn bize nakliyesi s\u0131ras\u0131nda.<br \/>\nC) L\u00fctfen KFA2'ye ait olmayan veya RMA onay\u0131 almam\u0131\u015f hi\u00e7bir \u00fcr\u00fcn\u00fc iade etmeyin. Biz yapaca\u011f\u0131z<br \/>\nreddedilen \u00fcr\u00fcn\u00fc teslim ald\u0131ktan sonra imha edin.<br \/>\nD) \u0130ade edilen kusurlu \u00fcr\u00fcn paket takibini i\u00e7ermelidir. Ek olarak, GALAX RMA iadesini \u00f6nerir<br \/>\nsigortal\u0131 olmak. GALAX kay\u0131p, \u00e7al\u0131nt\u0131, hasarl\u0131 paketlerden, hasarl\u0131 i\u00e7eriklerden sorumlu de\u011fildir. Herhangi bir bariz<br \/>\nNakliye s\u0131ras\u0131nda meydana gelmi\u015f olabilecek hasar belirtileri GALAX taraf\u0131ndan incelenecek ve RMA<br \/>\nreddedildi ve g\u00f6ndericiye iade edildi.<br \/>\nE) GALAX'\u0131n alt bayisine verdi\u011fi RMA Hizmeti s\u0131n\u0131rl\u0131d\u0131r ve \u00fcr\u00fcnlerin durumundan sorumlu olmayaca\u011f\u0131z<br \/>\na\u015fa\u011f\u0131daki durumlarda:<\/p>\n<p>1. Garanti s\u00fcresi sona ermi\u015ftir.<\/p>\n<p>2. Orijinal fan\/so\u011futucu \u00e7\u0131kar\u0131lm\u0131\u015f veya de\u011fi\u015ftirilmi\u015ftir.<\/p>\n<p>3. Kart \u00fczerinde herhangi bir bile\u015fen \u00e7\u0131kar\u0131lm\u0131\u015f \/ de\u011fi\u015ftirilmi\u015f \/ eklenmi\u015ftir.<\/p>\n<p>4. Kartta fiziksel hasar var (a\u015fa\u011f\u0131ya bak\u0131n).<\/p>\n<p>5. RMA \u00fcr\u00fcnleri, yanl\u0131\u015f paketleme sonucunda nakliye s\u0131ras\u0131nda hasar g\u00f6r\u00fcr. Bu durumda, \"\u00dcr\u00fcn D\u0131\u015f\u0131\" olarak de\u011ferlendirilecektir.<br \/>\ngaranti\". Bunu \u00f6nlemek i\u00e7in, m\u00fc\u015fterilerimizden a\u015fa\u011f\u0131daki durumlarda RMA \u00fcr\u00fcnlerini d\u00fczg\u00fcn bir \u015fekilde paketlemeye \u00f6zen g\u00f6stermelerini rica ediyoruz<br \/>\nNakliye.<\/p>\n<p>A\u015fa\u011f\u0131da \"Garanti Kapsam\u0131 D\u0131\u015f\u0131nda\" kabul edilecek \u00fcr\u00fcnlere \u00f6rnekler verilmi\u015ftir:<\/p>\n<p>PCB hasarl\u0131<br \/>\nPCB b\u00fck\u00fclm\u00fc\u015f<br \/>\nPCB \u00e7izik<br \/>\n\u00c7arp\u0131lm\u0131\u015f, b\u00fck\u00fclm\u00fc\u015f veya e\u011frilmi\u015f bile\u015fenler<br \/>\nPCB veya bile\u015fenler yanm\u0131\u015f<br \/>\nPCB oksidasyonu<\/p>\n\t\t\t\t\t\t\t\t<\/div>\n\t\t\t\t\t<\/div>\n\t\t\t\t<\/div>\n\t\t<div class=\"elementor-element elementor-element-29579bf e-con-full e-flex e-con e-parent\" data-id=\"29579bf\" data-element_type=\"container\" data-e-type=\"container\">\n\t\t\t\t<\/div>\n\t\t\t\t<\/div>","protected":false},"excerpt":{"rendered":"","protected":false},"author":249214822,"featured_media":0,"parent":0,"menu_order":0,"comment_status":"closed","ping_status":"closed","template":"elementor_header_footer","meta":{"_acf_changed":false,"footnotes":""},"class_list":["post-8749","page","type-page","status-publish","hentry"],"acf":[],"_links":{"self":[{"href":"https:\/\/staging.kfa2.com\/tr\/wp-json\/wp\/v2\/pages\/8749","targetHints":{"allow":["GET"]}}],"collection":[{"href":"https:\/\/staging.kfa2.com\/tr\/wp-json\/wp\/v2\/pages"}],"about":[{"href":"https:\/\/staging.kfa2.com\/tr\/wp-json\/wp\/v2\/types\/page"}],"author":[{"embeddable":true,"href":"https:\/\/staging.kfa2.com\/tr\/wp-json\/wp\/v2\/users\/249214822"}],"replies":[{"embeddable":true,"href":"https:\/\/staging.kfa2.com\/tr\/wp-json\/wp\/v2\/comments?post=8749"}],"version-history":[{"count":0,"href":"https:\/\/staging.kfa2.com\/tr\/wp-json\/wp\/v2\/pages\/8749\/revisions"}],"wp:attachment":[{"href":"https:\/\/staging.kfa2.com\/tr\/wp-json\/wp\/v2\/media?parent=8749"}],"curies":[{"name":"wp","href":"https:\/\/api.w.org\/{rel}","templated":true}]}}