{"id":8778,"date":"2024-12-12T17:13:54","date_gmt":"2024-12-12T09:13:54","guid":{"rendered":"https:\/\/staging.kfa2.com\/?page_id=8778"},"modified":"2025-10-09T20:10:14","modified_gmt":"2025-10-09T12:10:14","slug":"warranty","status":"publish","type":"page","link":"https:\/\/staging.kfa2.com\/tr\/warranty\/","title":{"rendered":"Garanti"},"content":{"rendered":"<div data-elementor-type=\"wp-page\" data-elementor-id=\"8778\" class=\"elementor elementor-8778\" data-elementor-post-type=\"page\">\n\t\t\t\t<div class=\"elementor-element elementor-element-64635ae light-background e-flex e-con-boxed e-con e-parent\" data-id=\"64635ae\" data-element_type=\"container\" data-e-type=\"container\">\n\t\t\t\t\t<div class=\"e-con-inner\">\n\t\t\t\t<div class=\"elementor-element elementor-element-a6069fd elementor-widget elementor-widget-dyncontel-acf\" data-id=\"a6069fd\" data-element_type=\"widget\" data-e-type=\"widget\" data-settings=\"{&quot;acf_field_list&quot;:&quot;subtitle&quot;,&quot;enabled_visibility&quot;:&quot;yes&quot;,&quot;dce_visibility_selected&quot;:&quot;hide&quot;,&quot;acf_type&quot;:&quot;text&quot;}\" data-widget_type=\"dyncontel-acf.default\">\n\t\t\t\t<div class=\"elementor-widget-container\">\n\t\t\t\t\t<span class=\"dynamic-content-for-elementor-acf\">Grafik Kart\u0131 (Avrupa) S\u0131n\u0131rl\u0131 Garantisi<\/span>\t\t\t\t<\/div>\n\t\t\t\t<\/div>\n\t\t\t\t<div class=\"elementor-element elementor-element-4fc7398 elementor-widget elementor-widget-text-editor\" data-id=\"4fc7398\" data-element_type=\"widget\" data-e-type=\"widget\" data-widget_type=\"text-editor.default\">\n\t\t\t\t\t\t\t\t\t<p>KFA2 Grafik Kart\u0131 Garantisi (Avrupa) S\u0131n\u0131rl\u0131 garanti<\/p>\n<p>KFA2 (Galaxy Microsystems Ltd) (\"KFA2\") i\u015fbu belge ile Grafik Kart\u0131n\u0131 farkl\u0131 b\u00f6lgeler i\u00e7in farkl\u0131 ko\u015fullarla ilk al\u0131c\u0131ya (\"Al\u0131c\u0131\") garanti eder ve burada belirtilen t\u00fcm h\u00fck\u00fcm ve ko\u015fullara tabi olarak devredilemez. Bu garanti, a\u00e7\u0131k art\u0131rmalar, eBay, yetkisiz sat\u0131c\u0131lar, \u00fcr\u00fcnlerin ikinci el sat\u0131n al\u0131nmas\u0131 veya fiziksel olarak de\u011fi\u015ftirilmesi veya tadil edilmesi i\u00e7in ge\u00e7erli de\u011fildir. KFA2'nin bu garanti kapsam\u0131ndaki tek y\u00fck\u00fcml\u00fcl\u00fc\u011f\u00fc, \u00fcr\u00fcn\u00fcn t\u00fcm kusurlu par\u00e7alar\u0131n\u0131 de\u011fi\u015ftirmek veya kendi tercihine ba\u011fl\u0131 olarak \u00fccretsiz olarak onarmakt\u0131r.<\/p>\n<p>KFA2 S\u0131n\u0131rl\u0131 Garanti kapsam\u0131na girmeyenler:<\/p>\n<ul>\n<li>KFA2 talimatlar\u0131na g\u00f6re kurulmam\u0131\u015ft\u0131r;<\/li>\n<li>Kurulum veya bilgisayardan \u00e7\u0131karma s\u0131ras\u0131nda hasar g\u00f6rm\u00fc\u015f;<\/li>\n<li>Yaz\u0131l\u0131m veya donan\u0131m uyumsuzlu\u011fu da dahil olmak \u00fczere yaz\u0131l\u0131m veya donan\u0131mdan zarar g\u00f6rm\u00fc\u015ft\u00fcr;<\/li>\n<li>KFA2 spesifikasyonlar\u0131na uygun olarak normal kullan\u0131m ko\u015fullar\u0131 alt\u0131nda bak\u0131m\u0131 yap\u0131lmam\u0131\u015f ve \u00e7al\u0131\u015ft\u0131r\u0131lmam\u0131\u015ft\u0131r;<\/li>\n<li>KFA2 d\u0131\u015f\u0131nda biri taraf\u0131ndan yap\u0131lan h\u0131z a\u015f\u0131rtma veya modifikasyon nedeniyle hasar g\u00f6rd\u00fc.<\/li>\n<li>Orijinal al\u0131c\u0131 de\u011filsiniz ve sat\u0131n alma tarihini (sat\u0131\u015f fi\u015fi veya fatura), sat\u0131n alma yerini, sat\u0131n alma fiyat\u0131n\u0131, \u00fcr\u00fcn numaras\u0131n\u0131 veya kimli\u011fini ve orijinal ambalaj ve aksesuarlar\u0131 g\u00f6steren sat\u0131n alma kan\u0131t\u0131n\u0131 sa\u011flad\u0131n\u0131z.<\/li>\n<li>Fabrika spesifikasyonlar\u0131 d\u0131\u015f\u0131nda modifiye edilmi\u015f ve\/veya fabrika ko\u015fullar\u0131nda olmayan \u00fcr\u00fcnler.<\/li>\n<li>Seri numaras\u0131 ve\/veya fabrika tan\u0131mlama etiketleri \u00e7\u0131kar\u0131lm\u0131\u015f, yerleri de\u011fi\u015ftirilmi\u015f, tahrif edilmi\u015f, bozulmu\u015f, hasar g\u00f6rm\u00fc\u015f, de\u011fi\u015ftirilmi\u015f veya okunaks\u0131z hale getirilmi\u015f \u00fcr\u00fcnler.<\/li>\n<li>PCB'de (Bask\u0131l\u0131 Devre Kart\u0131) kesik, \u00e7izik, e\u011fri, b\u00fck\u00fclm\u00fc\u015f, \u00e7atlak, ezik veya k\u0131r\u0131k hasarlar\u0131<\/li>\n<li>\u0130hmal, k\u00f6t\u00fcye kullan\u0131m, kazalar, yanl\u0131\u015f kullan\u0131m veya ola\u011fand\u0131\u015f\u0131 fiziksel, elektriksel veya elektromekanik stres (\u00dcr\u00fcnlerin kesintisiz kullan\u0131m\u0131 veya \u00dcr\u00fcnlerin blok zinciri i\u015fleme, kripto para madencili\u011fi veya benzer ama\u00e7larla kullan\u0131m\u0131 dahil) sonucu meydana gelen hasarlar dahil ancak bunlarla s\u0131n\u0131rl\u0131 olmamak \u00fczere \u00dcr\u00fcnlerin bile\u015fenlerinde, donan\u0131m\u0131nda ve\/veya montaj\u0131nda meydana gelen her t\u00fcrl\u00fc hasar<\/li>\n<li>\u00dcr\u00fcn\u00fcn eksik donan\u0131mlar\u0131, bile\u015fenleri ve\/veya montajlar\u0131.<\/li>\n<li>Derin \u00e7izikler, kesikler, \u00e7atlaklar, ezikler, renk de\u011fi\u015fikli\u011fi, ihmal, d\u00fc\u015f\u00fcrme veya \u00dcr\u00fcn\u00fcn yanl\u0131\u015f kullan\u0131m\u0131 nedeniyle makul kullan\u0131m\u0131n d\u0131\u015f\u0131nda kabul edilen kozmetik hasarlar<\/li>\n<li>S\u0131v\u0131ya, s\u0131v\u0131 kal\u0131nt\u0131s\u0131na veya a\u015f\u0131r\u0131 nemli ortamlara maruz kalan \u00fcr\u00fcnler pas, nem, rutubet, leke, korozyon veya bile\u015fenlerde, donan\u0131mda veya elektronik cihazlarda s\u0131v\u0131 d\u00f6k\u00fclmesine neden olur. S\u0131v\u0131 kazas\u0131 veya d\u00f6k\u00fclmesi sonucu yan\u0131klar veya bile\u015fen alevlenmeleri<\/li>\n<li>Do\u011frudan boya kullan\u0131m\u0131, grafik kart\u0131n\u0131n ya\u011fa bat\u0131r\u0131lmas\u0131, \u00dcr\u00fcn\u00fcn herhangi bir par\u00e7as\u0131nda yap\u0131\u015ft\u0131r\u0131c\u0131 veya tutkal kullan\u0131m\u0131, PCB'ye lehim kullan\u0131m\u0131, elektronik ve\/veya bile\u015fen modifikasyonu<\/li>\n<li>Sigara katran\u0131 kal\u0131nt\u0131s\u0131, nem, kum, kir veya a\u015f\u0131r\u0131 d\u00f6k\u00fcnt\u00fcye maruz kalma.<\/li>\n<li>Kaza, bir nesne veya aletle \u00e7arp\u0131\u015fma, a\u015f\u0131r\u0131 g\u00fc\u00e7 kullan\u0131m\u0131, bak\u0131m ihmali, yang\u0131na veya anormal \u0131s\u0131ya maruz kalma, sel, kir, r\u00fczgar f\u0131rt\u0131nas\u0131, y\u0131ld\u0131r\u0131m, deprem, a\u015f\u0131r\u0131 hava ko\u015fullar\u0131 veya di\u011fer do\u011fal afetler, h\u0131rs\u0131zl\u0131k, sigortalar\u0131n atmas\u0131, herhangi bir elektrik kayna\u011f\u0131n\u0131n yanl\u0131\u015f kullan\u0131m\u0131 veya a\u015f\u0131r\u0131 y\u00fcklenmi\u015f elektrik devreleri nedeniyle i\u015flevsiz hale gelen \u00fcr\u00fcnler.<\/li>\n<li>KFA2 taraf\u0131ndan \u00dcr\u00fcnle birlikte kullan\u0131lmak \u00fczere sa\u011flanmayan veya \u00dcr\u00fcn i\u00e7in onaylanmayan aksesuarlar, \u00fcr\u00fcnler, yaz\u0131l\u0131mlar veya ikincil \u00e7evresel ekipmanlarla birlikte veya bunlarla ba\u011flant\u0131l\u0131 olarak 3. taraf bir \u00fcr\u00fcn\u00fcn kullan\u0131lmas\u0131ndan kaynaklanan kusurlar veya hasarlar.<\/li>\n<li>KFA2 taraf\u0131ndan sa\u011flanmayan veya onaylanmayan uygunsuz test, \u00e7al\u0131\u015ft\u0131rma, bak\u0131m, kurulum, servis veya ayarlamadan kaynaklanan kusurlar veya hasarlar.<\/li>\n<li>Orijinal Al\u0131c\u0131n\u0131n nakliye kuryesi ile ta\u015f\u0131n\u0131rken \u00dcr\u00fcnde hasara yol a\u00e7an yetersiz sevkiyat ambalaj\u0131 veya yetersiz ambalaj malzemesi kullan\u0131m\u0131.<\/li>\n<li>\u00c7oklu BIOS se\u00e7ene\u011fine sahip olmayan \u00dcr\u00fcnlerde BIOS veya \u00dcr\u00fcn Yaz\u0131l\u0131m\u0131nda yap\u0131lan yetkisiz de\u011fi\u015fiklikler bu garantinin ge\u00e7ersiz olmas\u0131na neden olabilir.<\/li>\n<li>Amazon, eBay ve di\u011fer \u00e7evrimi\u00e7i a\u00e7\u0131k art\u0131rma ve\/veya pazar yeri web siteleri gibi \u00e7evrimi\u00e7i pazar yerlerini i\u00e7eren ancak bunlarla s\u0131n\u0131rl\u0131 olmayan yetkisiz sat\u0131c\u0131lardan veya bayilerden sat\u0131n al\u0131nan \u00fcr\u00fcnler. Bir sat\u0131c\u0131n\u0131n Yetkili Sat\u0131c\u0131 olup olmad\u0131\u011f\u0131ndan emin de\u011filseniz, l\u00fctfen onay i\u00e7in KFA2 ile ileti\u015fime ge\u00e7in.<\/li>\n<\/ul>\n<p>Garanti, \u00fcr\u00fcn(ler)in \"MADENC\u0130L\u0130K\" (\u00f6rne\u011fin, Kripto Para, Veri Madencili\u011fi, Madencilik \u00c7iftlikleri) dahil ancak bunlarla s\u0131n\u0131rl\u0131 olmamak \u00fczere normal kullan\u0131m amac\u0131 d\u0131\u015f\u0131nda herhangi bir derecede kullan\u0131ld\u0131\u011f\u0131 durumlarda ge\u00e7erli olmayacakt\u0131r.\"<\/p>\n<p>Kripto Para, Veri Madencili\u011fi, Madencilik \u00c7iftlikleri<br \/>\nGaranti, \u00fcr\u00fcn(ler)in normal kullan\u0131m amac\u0131 d\u0131\u015f\u0131nda herhangi bir derecede kullan\u0131ld\u0131\u011f\u0131 durumlarda ge\u00e7erli olmayacakt\u0131r. \u0130hmal, k\u00f6t\u00fcye kullan\u0131m, kazalar, yanl\u0131\u015f kullan\u0131m veya ola\u011fand\u0131\u015f\u0131 fiziksel, elektriksel veya elektromekanik stres (\u00dcr\u00fcnlerin kesintisiz kullan\u0131m\u0131 veya \u00dcr\u00fcnlerin blok zinciri i\u015fleme, kripto para madencili\u011fi veya benzer ama\u00e7larla kullan\u0131m\u0131 dahil) sonucu olu\u015fan hasarlar dahil ancak bunlarla s\u0131n\u0131rl\u0131 olmamak \u00fczere \u00dcr\u00fcnlerin bile\u015fenlerinde, donan\u0131m\u0131nda ve\/veya montaj\u0131nda meydana gelen hasarlar.<\/p>\n<p><b>KFA2 \u00dcR\u00dcNLERI (I) KESINTISIZ KULLANIM VEYA (II) BLOK ZINCIRI I\u015eLEME, KRIPTO PARA MADENCILI\u011eI VEYA BENZER AMA\u00c7LARLA BA\u011eLANTILI OLARAK KULLANIM I\u00c7IN TASARLANMAMI\u015e, \u00dcRETILMEMI\u015e VEYA TASARLANMAMI\u015eTIR.<\/b><\/p>\n<p>\u00dcr\u00fcnde yap\u0131lan herhangi bir de\u011fi\u015fiklik, garanti hizmeti i\u00e7in KFA2'ye geri g\u00f6nderilmeden \u00f6nce tersine \u00e7evrilmelidir. Garanti hizmeti alabilmek i\u00e7in \u00fcr\u00fcn\u00fcn orijinal fabrika ko\u015fullar\u0131nda olmas\u0131 gerekir. Al\u0131c\u0131 taraf\u0131ndan yap\u0131lan herhangi bir modifikasyon veya h\u0131z a\u015f\u0131rtma sonucunda hasar veya kusurun belirlenmesi tamamen KFA2'nin takdirine ba\u011fl\u0131 olacakt\u0131r. Modifikasyon nedeniyle ortaya \u00e7\u0131kan t\u00fcm masraflar Al\u0131c\u0131n\u0131n sorumlulu\u011funda olacakt\u0131r.<\/p>\n<p>\u00dcr\u00fcn garanti kapsam\u0131nda de\u011filse, iade nakliye \u00fccretleri tamamen KFA2'nin takdirine ba\u011fl\u0131 olarak Al\u0131c\u0131n\u0131n sorumlulu\u011funda olabilir.<\/p>\n<p>BU GARANTI\u0307, DI\u0307\u011eER GARANTI\u0307LERI\u0307N A\u00c7IK\u00c7A HARI\u0307\u00c7 TUTULDU\u011eU VE REDDEDI\u0307LDI\u0307\u011eI\u0307 TI\u0307CARI\u0307 ELVERI\u0307\u015eLI\u0307LI\u0307K VEYA BELI\u0307RLI\u0307 BI\u0307R AMACA UYGUNLUK VEYA I\u0307HLALE KAR\u015eI UNVAN GARANTI\u0307LERI\u0307 DAHI\u0307L ANCAK BUNLARLA SINIRLI OLMAMAK \u00dcZERE A\u00c7IK VEYA ZIMNI\u0307 DI\u0307\u011eER GARANTI\u0307LERI\u0307N YERI\u0307NE GE\u00c7ER. KFA2, ALICININ VEYA \u00dc\u00c7\u00dcNC\u00dc \u015eAHSIN MARUZ KALABI\u0307LECE\u011eI\u0307 KAR KAYBINDAN VEYA HERHANGI\u0307 BI\u0307R \u00d6ZEL, ARIZI\u0307, \u00d6RNEK NI\u0307TELI\u0307\u011eI\u0307NDEKI\u0307, DOLAYLI VEYA CEZAI\u0307 ZARARDAN, KFA2 BU T\u00dcR KAYIPLARIN VEYA ZARARLARIN OLASILI\u011eI KONUSUNDA BI\u0307LGI\u0307LENDI\u0307RI\u0307LMI\u0307\u015e OLSA DAHI\u0307 SORUMLU OLMAYACAKTIR. HI\u0307\u00c7BI\u0307R DURUMDA KFA2'NI\u0307N Y\u00dcK\u00dcML\u00dcL\u00dc\u011e\u00dc KUSURLU \u00dcR\u00dcN\u00dcN SATIN ALMA FI\u0307YATINI A\u015eMAYACAKTIR.<\/p>\n<p>Al\u0131c\u0131, KFA2 taraf\u0131ndan sat\u0131lan \u00fcr\u00fcnlerin ba\u015fka \u00fcr\u00fcnlerde veya sistemlerde kullan\u0131ld\u0131\u011f\u0131n\u0131 veya bunlara dahil edildi\u011fini ve bu \u00fcr\u00fcnlerin veya sistemlerin nihai g\u00fcvenli\u011finin tamamen Al\u0131c\u0131n\u0131n sorumlulu\u011funda oldu\u011funu kabul eder. Al\u0131c\u0131, KFA2 \u00fcr\u00fcnlerinin di\u011fer \u00fcr\u00fcn veya sistemlerde kullan\u0131m\u0131na ili\u015fkin t\u00fcm risk ve sorumluluklar\u0131 \u00fcstlenir. Al\u0131c\u0131, kendisinin ve\/veya m\u00fc\u015fterilerinin tek ba\u015f\u0131na sorumlu oldu\u011funu ve KFA2 \u00fcr\u00fcnlerinin bu t\u00fcr hizmetlerle ilgili veya ba\u015fka bir ama\u00e7la kullan\u0131m\u0131n\u0131n hi\u00e7bir \u015fekilde KFA2 taraf\u0131ndan kontrol edilemeyece\u011fini ve Al\u0131c\u0131 veya m\u00fc\u015fterilerinin KFA2 \u00fcr\u00fcnlerinde yer alan, girilen veya KFA2 \u00fcr\u00fcnleriyle ba\u011flant\u0131l\u0131 olarak kullan\u0131lan bilgilerin do\u011frulu\u011funu ve eksiksizli\u011fini do\u011frulamaktan sorumlu oldu\u011funu kabul eder. Al\u0131c\u0131, KFA2 \u00fcr\u00fcnlerinin di\u011fer \u00fcr\u00fcn veya sistemlerde kullan\u0131m\u0131na ili\u015fkin t\u00fcm risk ve sorumlulu\u011fu \u00fcstlenir. Anakartlar ve di\u011fer sistem bile\u015fenleri dahil ancak bunlarla s\u0131n\u0131rl\u0131 olmamak \u00fczere \u00fc\u00e7\u00fcnc\u00fc taraf \u00fcr\u00fcnleri ve\/veya sistemleri bu garanti kapsam\u0131nda de\u011fildir. KFA2, hi\u00e7bir durumda, KFA2 \u00fcr\u00fcnlerinin kullan\u0131m\u0131ndan kaynaklanan herhangi bir dava veya iddia veya talep nedeniyle Al\u0131c\u0131, Al\u0131c\u0131n\u0131n herhangi bir m\u00fc\u015fterisi veya ba\u015fkalar\u0131 taraf\u0131ndan maruz kal\u0131nan herhangi bir zarardan sorumlu olmayacakt\u0131r.<\/p>\n<p>BAZI AVRUPA \u00dcLKELERI\u0307 ARIZI\u0307 VEYA DOLAYLI ZARARLARIN HARI\u0307\u00c7 TUTULMASINA VEYA SINIRLANDIRILMASINA I\u0307ZI\u0307N VERMEMEKTEDI\u0307R, BU NEDENLE BU SINIRLAMALAR SI\u0307ZI\u0307N I\u0307\u00c7I\u0307N GE\u00c7ERLI\u0307 OLMAYABI\u0307LI\u0307R.BU GARANTI\u0307 SI\u0307ZE \u00d6ZEL YASAL HAKLAR VERMEKTEDI\u0307R VE AYRICA \u00dcLKEDEN \u00dcLKEYE DE\u011eI\u0307\u015eEN BA\u015eKA HAKLARINIZ DA OLABI\u0307LI\u0307R. BU GARANTI\u0307, KFA2 TARAFINDAN USUL\u00dcNE UYGUN OLARAK I\u0307MZALANMI\u015e YAZILI BI\u0307R BELGE DI\u015eINDA UZATILAMAZ, DE\u011eI\u0307\u015eTI\u0307RI\u0307LEMEZ VEYA DE\u011eI\u0307\u015eTI\u0307RI\u0307LEMEZ.<\/p>\n<p>Garanti kapsam\u0131, sat\u0131n alma tarihini (sat\u0131\u015f fi\u015fi veya fatura), sat\u0131n alma yerini, sat\u0131n alma fiyat\u0131n\u0131, \u00fcr\u00fcn numaras\u0131n\u0131 veya kimli\u011fini ve orijinal ambalaj ve aksesuarlar\u0131 kan\u0131tlayan sat\u0131n alma belgelerini gerektirir. Garanti s\u00fcresi i\u00e7inde garanti hizmeti almak i\u00e7in yerel bayi \/ distrib\u00fct\u00f6r ile ileti\u015fime ge\u00e7in.<\/p>\n<p>Al\u0131c\u0131, \u00fcr\u00fcn\u00fcn garanti i\u00e7in KFA2'ye nakliyesini \u00f6der. M\u00fc\u015fteri nakliye s\u0131ras\u0131nda kay\u0131p riskini (kay\u0131p veya hasara kar\u015f\u0131 sigorta) \u00fcstlenir ve iade edilen \u00dcr\u00fcnler yaln\u0131zca KFA2'nin m\u00fclkiyetine ge\u00e7er. KFA2, onar\u0131lan veya de\u011fi\u015ftirilen \u00dcr\u00fcnlerin, orijinal \u00fcr\u00fcn\u00fcn garanti s\u00fcresinin geri kalan\u0131 boyunca malzeme veya i\u015f\u00e7ilik a\u00e7\u0131s\u0131ndan kusursuz olaca\u011f\u0131n\u0131 garanti eder.<\/p>\n<p>KFA2, iade edilen herhangi bir \u00fcr\u00fcn\u00fcn kusurlu olup olmad\u0131\u011f\u0131n\u0131 inceleme ve do\u011frulama hakk\u0131n\u0131 sakl\u0131 tutar.<\/p>\n<p>Onar\u0131lan veya de\u011fi\u015ftirilen \u00fcr\u00fcn i\u00e7in al\u0131c\u0131ya iade nakliye \u00fccretleri KFA2 taraf\u0131ndan \u00f6denecektir. Onar\u0131lan veya de\u011fi\u015ftirilen \u00fcr\u00fcnler se\u00e7ilen bir Kurye arac\u0131l\u0131\u011f\u0131yla g\u00f6nderilecektir.<\/p>\n<p>Garanti, yetkili sat\u0131c\u0131lardan sat\u0131n al\u0131nan \u00fcr\u00fcnler i\u00e7in ge\u00e7erlidir<\/p>\n<p>KFA2, bu politikan\u0131n h\u00fck\u00fcm ve ko\u015fullar\u0131n\u0131 \u00f6nceden haber vermeksizin de\u011fi\u015ftirme hakk\u0131n\u0131 sakl\u0131 tutar. G\u00fcncel Garanti politikas\u0131n\u0131 g\u00f6r\u00fcnt\u00fclemek i\u00e7in l\u00fctfen yer imlerine ekleyin ve bu sayfay\u0131 ziyaret edin.<\/p>\n\t\t\t\t\t\t\t\t<\/div>\n\t\t\t\t\t<\/div>\n\t\t\t\t<\/div>\n\t\t<div class=\"elementor-element elementor-element-a6a69aa e-con-full e-flex e-con e-parent\" data-id=\"a6a69aa\" data-element_type=\"container\" data-e-type=\"container\">\n\t\t\t\t<\/div>\n\t\t\t\t<\/div>","protected":false},"excerpt":{"rendered":"<p>Grafik Kart\u0131 (Avrupa) S\u0131n\u0131rl\u0131 Garantisi<\/p>","protected":false},"author":249214822,"featured_media":0,"parent":0,"menu_order":0,"comment_status":"closed","ping_status":"closed","template":"elementor_header_footer","meta":{"_acf_changed":false,"footnotes":""},"class_list":["post-8778","page","type-page","status-publish","hentry"],"acf":[],"_links":{"self":[{"href":"https:\/\/staging.kfa2.com\/tr\/wp-json\/wp\/v2\/pages\/8778","targetHints":{"allow":["GET"]}}],"collection":[{"href":"https:\/\/staging.kfa2.com\/tr\/wp-json\/wp\/v2\/pages"}],"about":[{"href":"https:\/\/staging.kfa2.com\/tr\/wp-json\/wp\/v2\/types\/page"}],"author":[{"embeddable":true,"href":"https:\/\/staging.kfa2.com\/tr\/wp-json\/wp\/v2\/users\/249214822"}],"replies":[{"embeddable":true,"href":"https:\/\/staging.kfa2.com\/tr\/wp-json\/wp\/v2\/comments?post=8778"}],"version-history":[{"count":0,"href":"https:\/\/staging.kfa2.com\/tr\/wp-json\/wp\/v2\/pages\/8778\/revisions"}],"wp:attachment":[{"href":"https:\/\/staging.kfa2.com\/tr\/wp-json\/wp\/v2\/media?parent=8778"}],"curies":[{"name":"wp","href":"https:\/\/api.w.org\/{rel}","templated":true}]}}