{"id":8272,"date":"2024-12-11T14:50:04","date_gmt":"2024-12-11T06:50:04","guid":{"rendered":"https:\/\/staging.kfa2.com\/?post_type=product&#038;p=8272"},"modified":"2024-12-28T21:11:09","modified_gmt":"2024-12-28T13:11:09","slug":"slider-03","status":"publish","type":"product","link":"https:\/\/staging.kfa2.com\/tr\/product\/slider-03\/","title":{"rendered":"Kayd\u0131r\u0131c\u0131-03"},"content":{"rendered":"","protected":false},"excerpt":{"rendered":"","protected":false},"featured_media":8277,"comment_status":"open","ping_status":"closed","template":"","meta":{"_acf_changed":false},"sort-filter":[2249,2275,2263,2267,2257,2235,2243,2239,2279],"product-support":[2612],"product_brand":[],"product_cat":[1922],"product_tag":[],"class_list":{"0":"post-8272","1":"product","2":"type-product","3":"status-publish","4":"has-post-thumbnail","6":"sort-filter-child_mice_color_black","7":"sort-filter-child_mice_weight_above_100g","8":"sort-filter-child_mice_polling_rate_125hz","9":"sort-filter-child_mice_macro_buttons_7","10":"sort-filter-child_mice_dpi_7200","11":"sort-filter-child_mice_form_factor_ambidextrous","12":"sort-filter-child_mice_led_argb","13":"sort-filter-child_mice_connectivity_usb","14":"sort-filter-child_mice_os_support_windows","15":"product-support-peripherals","16":"product_cat-mice","18":"first","19":"instock","20":"shipping-taxable","21":"product-type-simple"},"acf":[],"_links":{"self":[{"href":"https:\/\/staging.kfa2.com\/tr\/wp-json\/wp\/v2\/product\/8272","targetHints":{"allow":["GET"]}}],"collection":[{"href":"https:\/\/staging.kfa2.com\/tr\/wp-json\/wp\/v2\/product"}],"about":[{"href":"https:\/\/staging.kfa2.com\/tr\/wp-json\/wp\/v2\/types\/product"}],"replies":[{"embeddable":true,"href":"https:\/\/staging.kfa2.com\/tr\/wp-json\/wp\/v2\/comments?post=8272"}],"version-history":[{"count":0,"href":"https:\/\/staging.kfa2.com\/tr\/wp-json\/wp\/v2\/product\/8272\/revisions"}],"wp:featuredmedia":[{"embeddable":true,"href":"https:\/\/staging.kfa2.com\/tr\/wp-json\/wp\/v2\/media\/8277"}],"wp:attachment":[{"href":"https:\/\/staging.kfa2.com\/tr\/wp-json\/wp\/v2\/media?parent=8272"}],"wp:term":[{"taxonomy":"sort-filter","embeddable":true,"href":"https:\/\/staging.kfa2.com\/tr\/wp-json\/wp\/v2\/sort-filter?post=8272"},{"taxonomy":"product-support","embeddable":true,"href":"https:\/\/staging.kfa2.com\/tr\/wp-json\/wp\/v2\/product-support?post=8272"},{"taxonomy":"product_brand","embeddable":true,"href":"https:\/\/staging.kfa2.com\/tr\/wp-json\/wp\/v2\/product_brand?post=8272"},{"taxonomy":"product_cat","embeddable":true,"href":"https:\/\/staging.kfa2.com\/tr\/wp-json\/wp\/v2\/product_cat?post=8272"},{"taxonomy":"product_tag","embeddable":true,"href":"https:\/\/staging.kfa2.com\/tr\/wp-json\/wp\/v2\/product_tag?post=8272"}],"curies":[{"name":"wp","href":"https:\/\/api.w.org\/{rel}","templated":true}]}}