{"id":8404,"date":"2024-12-11T15:27:35","date_gmt":"2024-12-11T07:27:35","guid":{"rendered":"https:\/\/staging.kfa2.com\/?post_type=product&#038;p=8404"},"modified":"2025-10-20T12:27:31","modified_gmt":"2025-10-20T04:27:31","slug":"vivance-01","status":"publish","type":"product","link":"https:\/\/staging.kfa2.com\/tr\/product\/vivance-01\/","title":{"rendered":"Vivance-01"},"content":{"rendered":"<div data-elementor-type=\"product-post\" data-elementor-id=\"8404\" class=\"elementor elementor-8404\" data-elementor-post-type=\"product\">\n\t\t\t\t<div data-dce-background-color=\"#000000\" data-dce-background-image-url=\"https:\/\/kfa2.com\/wp-content\/uploads\/2025\/10\/HERO_bg.png\" class=\"elementor-element elementor-element-d680a0d e-flex e-con-boxed e-con e-parent\" data-id=\"d680a0d\" data-element_type=\"container\" data-e-type=\"container\" data-settings=\"{&quot;background_background&quot;:&quot;classic&quot;}\">\n\t\t\t\t\t<div class=\"e-con-inner\">\n\t\t<div data-dce-background-image-url=\"https:\/\/kfa2.com\/wp-content\/uploads\/2024\/12\/HERO.png\" class=\"elementor-element elementor-element-183d05f e-con-full e-flex e-con e-child\" data-id=\"183d05f\" data-element_type=\"container\" data-e-type=\"container\" data-settings=\"{&quot;background_background&quot;:&quot;classic&quot;}\">\n\t\t\t\t<\/div>\n\t\t<div class=\"elementor-element elementor-element-4ea3df0 e-con-full e-flex e-con e-child\" data-id=\"4ea3df0\" data-element_type=\"container\" data-e-type=\"container\">\n\t\t\t\t<div class=\"elementor-element elementor-element-3890ecd elementor-widget__width-initial elementor-widget elementor-widget-heading\" data-id=\"3890ecd\" data-element_type=\"widget\" data-e-type=\"widget\" data-widget_type=\"heading.default\">\n\t\t\t\t\t<h2 class=\"elementor-heading-title elementor-size-default\">BU D\u00dcNYANIN DI\u015eINDA BIR DENEYIM<\/h2>\t\t\t\t<\/div>\n\t\t\t\t<div class=\"elementor-element elementor-element-ae60a7b dce_masking-none elementor-widget elementor-widget-image\" data-id=\"ae60a7b\" data-element_type=\"widget\" data-e-type=\"widget\" data-widget_type=\"image.default\">\n\t\t\t\t\t\t\t\t\t\t\t\t\t\t\t<img fetchpriority=\"high\" decoding=\"async\" width=\"628\" height=\"116\" src=\"https:\/\/staging.kfa2.com\/wp-content\/uploads\/2025\/10\/Vi-logo.png\" class=\"attachment-large size-large wp-image-22470\" alt=\"\" srcset=\"https:\/\/staging.kfa2.com\/wp-content\/uploads\/2025\/10\/Vi-logo.png 628w, https:\/\/staging.kfa2.com\/wp-content\/uploads\/2025\/10\/Vi-logo-500x92.png 500w, https:\/\/staging.kfa2.com\/wp-content\/uploads\/2025\/10\/Vi-logo-18x3.png 18w, https:\/\/staging.kfa2.com\/wp-content\/uploads\/2025\/10\/Vi-logo-600x111.png 600w\" sizes=\"(max-width: 628px) 100vw, 628px\" \/>\t\t\t\t\t\t\t\t\t\t\t\t\t\t\t<\/div>\n\t\t\t\t<\/div>\n\t\t\t\t\t<\/div>\n\t\t\t\t<\/div>\n\t\t<div data-dce-background-color=\"#E6E6E6\" class=\"elementor-element elementor-element-d779f22 e-flex e-con-boxed e-con e-parent\" data-id=\"d779f22\" data-element_type=\"container\" data-e-type=\"container\" data-settings=\"{&quot;background_background&quot;:&quot;classic&quot;}\">\n\t\t\t\t\t<div class=\"e-con-inner\">\n\t\t<div class=\"elementor-element elementor-element-b159f40 e-con-full e-flex e-con e-child\" data-id=\"b159f40\" data-element_type=\"container\" data-e-type=\"container\">\n\t\t\t\t<div data-dce-title-color=\"#331323\" class=\"elementor-element elementor-element-b90eb5b elementor-widget__width-initial elementor-widget elementor-widget-heading\" data-id=\"b90eb5b\" data-element_type=\"widget\" data-e-type=\"widget\" data-widget_type=\"heading.default\">\n\t\t\t\t\t<h2 class=\"elementor-heading-title elementor-size-default\">BA\u015eKA HI\u00c7BIR RENGE BENZEMEZ<\/h2>\t\t\t\t<\/div>\n\t\t\t\t<div data-dce-title-color=\"#333132\" class=\"elementor-element elementor-element-bb870d6 elementor-widget__width-initial elementor-widget-mobile__width-initial elementor-widget elementor-widget-heading\" data-id=\"bb870d6\" data-element_type=\"widget\" data-e-type=\"widget\" data-widget_type=\"heading.default\">\n\t\t\t\t\t<h2 class=\"elementor-heading-title elementor-size-default\"><b>95%<\/b> DCI-P3\n\n<br><b>99%<\/b>  sRGB\n\n<br><b>10 bit<\/b>  Renk Derinli\u011fi\n\n<br><b>HDR<\/b> desteklenen<\/h2>\t\t\t\t<\/div>\n\t\t\t\t<div class=\"elementor-element elementor-element-497fbc9 elementor-widget elementor-widget-text-editor\" data-id=\"497fbc9\" data-element_type=\"widget\" data-e-type=\"widget\" data-widget_type=\"text-editor.default\">\n\t\t\t\t\t\t\t\t\t<p>Standart sRGB monit\u00f6rlerden yakla\u015f\u0131k 25% daha fazla renk alan\u0131n\u0131 kapsayan 95% DCI-P3 ile ola\u011fan\u00fcst\u00fc geni\u015f gam renk kapsam\u0131 elde edin.<\/p>\t\t\t\t\t\t\t\t<\/div>\n\t\t\t\t<\/div>\n\t\t<div data-dce-background-overlay-color=\"#E6E6E6\" data-dce-background-image-url=\"https:\/\/kfa2.com\/wp-content\/uploads\/2024\/12\/COLOR.png\" class=\"elementor-element elementor-element-4567156 e-con-full e-flex e-con e-child\" data-id=\"4567156\" data-element_type=\"container\" data-e-type=\"container\" data-settings=\"{&quot;background_background&quot;:&quot;classic&quot;}\">\n\t\t\t\t<\/div>\n\t\t\t\t\t<\/div>\n\t\t\t\t<\/div>\n\t\t<div data-dce-background-image-url=\"https:\/\/kfa2.com\/wp-content\/uploads\/2025\/10\/RESPONSE_bg.jpg\" class=\"elementor-element elementor-element-9adc500 e-flex e-con-boxed e-con e-parent\" data-id=\"9adc500\" data-element_type=\"container\" data-e-type=\"container\" data-settings=\"{&quot;background_background&quot;:&quot;classic&quot;}\">\n\t\t\t\t\t<div class=\"e-con-inner\">\n\t\t<div data-dce-background-image-url=\"https:\/\/kfa2.com\/wp-content\/uploads\/2024\/12\/vi01-response-k2.png\" class=\"elementor-element elementor-element-b62cac6 e-con-full e-flex e-con e-child\" data-id=\"b62cac6\" data-element_type=\"container\" data-e-type=\"container\" data-settings=\"{&quot;background_background&quot;:&quot;classic&quot;}\">\n\t\t\t\t<\/div>\n\t\t<div class=\"elementor-element elementor-element-c59b4fd e-con-full e-flex e-con e-child\" data-id=\"c59b4fd\" data-element_type=\"container\" data-e-type=\"container\">\n\t\t\t\t<div data-dce-title-color=\"#FFFFFF\" class=\"elementor-element elementor-element-57a28e4 elementor-widget__width-initial elementor-widget elementor-widget-heading\" data-id=\"57a28e4\" data-element_type=\"widget\" data-e-type=\"widget\" data-widget_type=\"heading.default\">\n\t\t\t\t\t<h2 class=\"elementor-heading-title elementor-size-default\">1ms\nYan\u0131t S\u00fcresi<\/h2>\t\t\t\t<\/div>\n\t\t\t\t<div data-dce-text-color=\"#FFFFFF\" class=\"elementor-element elementor-element-bf5e8c5 elementor-widget elementor-widget-text-editor\" data-id=\"bf5e8c5\" data-element_type=\"widget\" data-e-type=\"widget\" data-widget_type=\"text-editor.default\">\n\t\t\t\t\t\t\t\t\t<p>1 ms tepki s\u00fcresi (MPRT) ile bula\u015fma ve hareket bulan\u0131kl\u0131\u011f\u0131 neredeyse yok denecek kadar azd\u0131r.<\/p><p>95% DCI-P3 renk gam\u0131 ve \u015fa\u015f\u0131rt\u0131c\u0131 1000:1 kontrast oran\u0131 sayesinde size \u00fcst\u00fcn renklerle g\u00fczel ve net g\u00f6rseller sunar.\u00a0<\/p>\t\t\t\t\t\t\t\t<\/div>\n\t\t\t\t<\/div>\n\t\t\t\t\t<\/div>\n\t\t\t\t<\/div>\n\t\t<div data-dce-background-image-url=\"https:\/\/kfa2.com\/wp-content\/uploads\/2025\/10\/REFRESH_bg.jpg\" class=\"elementor-element elementor-element-7e45c78 e-flex e-con-boxed e-con e-parent\" data-id=\"7e45c78\" data-element_type=\"container\" data-e-type=\"container\" data-settings=\"{&quot;background_background&quot;:&quot;classic&quot;}\">\n\t\t\t\t\t<div class=\"e-con-inner\">\n\t\t\t\t<div class=\"elementor-element elementor-element-e16f4d3 elementor-widget elementor-widget-heading\" data-id=\"e16f4d3\" data-element_type=\"widget\" data-e-type=\"widget\" data-widget_type=\"heading.default\">\n\t\t\t\t\t<h2 class=\"elementor-heading-title elementor-size-default\">165hz <\/h2>\t\t\t\t<\/div>\n\t\t\t\t<div data-dce-title-color=\"#E6E6F5\" class=\"elementor-element elementor-element-16f7891 elementor-widget elementor-widget-heading\" data-id=\"16f7891\" data-element_type=\"widget\" data-e-type=\"widget\" data-widget_type=\"heading.default\">\n\t\t\t\t\t<h3 class=\"elementor-heading-title elementor-size-default\">yenileme h\u0131z\u0131<\/h3>\t\t\t\t<\/div>\n\t\t\t\t<div class=\"elementor-element elementor-element-3c12e99 elementor-widget-mobile__width-inherit dce_masking-none elementor-widget elementor-widget-image\" data-id=\"3c12e99\" data-element_type=\"widget\" data-e-type=\"widget\" data-widget_type=\"image.default\">\n\t\t\t\t\t\t\t\t\t\t\t\t\t\t\t<img decoding=\"async\" width=\"1897\" height=\"1071\" src=\"https:\/\/staging.kfa2.com\/wp-content\/uploads\/2025\/10\/REFRESH.png\" class=\"attachment-full size-full wp-image-22476\" alt=\"\" srcset=\"https:\/\/staging.kfa2.com\/wp-content\/uploads\/2025\/10\/REFRESH.png 1897w, https:\/\/staging.kfa2.com\/wp-content\/uploads\/2025\/10\/REFRESH-500x282.png 500w, https:\/\/staging.kfa2.com\/wp-content\/uploads\/2025\/10\/REFRESH-1024x578.png 1024w, https:\/\/staging.kfa2.com\/wp-content\/uploads\/2025\/10\/REFRESH-768x434.png 768w, https:\/\/staging.kfa2.com\/wp-content\/uploads\/2025\/10\/REFRESH-1536x867.png 1536w, https:\/\/staging.kfa2.com\/wp-content\/uploads\/2025\/10\/REFRESH-18x10.png 18w, https:\/\/staging.kfa2.com\/wp-content\/uploads\/2025\/10\/REFRESH-600x339.png 600w\" sizes=\"(max-width: 1897px) 100vw, 1897px\" \/>\t\t\t\t\t\t\t\t\t\t\t\t\t\t\t<\/div>\n\t\t\t\t\t<\/div>\n\t\t\t\t<\/div>\n\t\t<div data-dce-background-image-url=\"https:\/\/kfa2.com\/wp-content\/uploads\/2025\/10\/eye-care_bg.jpg\" class=\"elementor-element elementor-element-1fe724e e-flex e-con-boxed e-con e-parent\" data-id=\"1fe724e\" data-element_type=\"container\" data-e-type=\"container\" data-settings=\"{&quot;background_background&quot;:&quot;classic&quot;}\">\n\t\t\t\t\t<div class=\"e-con-inner\">\n\t\t<div class=\"elementor-element elementor-element-072af29 e-con-full e-flex e-con e-child\" data-id=\"072af29\" data-element_type=\"container\" data-e-type=\"container\">\n\t\t\t\t<div class=\"elementor-element elementor-element-63308af dce_masking-none elementor-widget elementor-widget-image\" data-id=\"63308af\" data-element_type=\"widget\" data-e-type=\"widget\" data-widget_type=\"image.default\">\n\t\t\t\t\t\t\t\t\t\t\t\t\t\t\t<img decoding=\"async\" width=\"500\" height=\"354\" src=\"https:\/\/staging.kfa2.com\/wp-content\/uploads\/2025\/10\/eye-care_logo-500x354.png\" class=\"attachment-medium size-medium wp-image-22479\" alt=\"\" srcset=\"https:\/\/staging.kfa2.com\/wp-content\/uploads\/2025\/10\/eye-care_logo-500x354.png 500w, https:\/\/staging.kfa2.com\/wp-content\/uploads\/2025\/10\/eye-care_logo-18x12.png 18w, https:\/\/staging.kfa2.com\/wp-content\/uploads\/2025\/10\/eye-care_logo.png 504w\" sizes=\"(max-width: 500px) 100vw, 500px\" \/>\t\t\t\t\t\t\t\t\t\t\t\t\t\t\t<\/div>\n\t\t\t\t<div class=\"elementor-element elementor-element-4b1dea5 elementor-widget elementor-widget-heading\" data-id=\"4b1dea5\" data-element_type=\"widget\" data-e-type=\"widget\" data-widget_type=\"heading.default\">\n\t\t\t\t\t<h2 class=\"elementor-heading-title elementor-size-default\">D\u00fc\u015f\u00fck Mavi I\u015f\u0131k Modu<\/h2>\t\t\t\t<\/div>\n\t\t\t\t<div data-dce-text-color=\"#FFFFFF\" class=\"elementor-element elementor-element-08f2124 elementor-widget elementor-widget-text-editor\" data-id=\"08f2124\" data-element_type=\"widget\" data-e-type=\"widget\" data-widget_type=\"text-editor.default\">\n\t\t\t\t\t\t\t\t\t<p>Y\u00fcksek enerjili mavi \u0131\u015f\u0131k emisyonlar\u0131n\u0131 azaltmak i\u00e7in dahili d\u00fc\u015f\u00fck mavi \u0131\u015f\u0131k ayarlar\u0131, ekran\u0131n uzun s\u00fcreli kullan\u0131m\u0131ndan sonra sizi g\u00f6z tahri\u015fi, bulan\u0131k g\u00f6rme veya ba\u015f a\u011fr\u0131s\u0131 gibi dijital g\u00f6z yorgunlu\u011fu semptomlar\u0131ndan kurtar\u0131r.\u00a0<\/p>\t\t\t\t\t\t\t\t<\/div>\n\t\t\t\t<\/div>\n\t\t<div data-dce-background-image-url=\"https:\/\/kfa2.com\/wp-content\/uploads\/2024\/12\/eye-care.png\" class=\"elementor-element elementor-element-b954a7f e-con-full e-flex e-con e-child\" data-id=\"b954a7f\" data-element_type=\"container\" data-e-type=\"container\" data-settings=\"{&quot;background_background&quot;:&quot;classic&quot;}\">\n\t\t\t\t<\/div>\n\t\t\t\t\t<\/div>\n\t\t\t\t<\/div>\n\t\t<div data-dce-background-image-url=\"https:\/\/kfa2.com\/wp-content\/uploads\/2025\/10\/Advanced-Flicker-free-Technology_bg.jpg\" class=\"elementor-element elementor-element-6cf397f e-flex e-con-boxed e-con e-parent\" data-id=\"6cf397f\" data-element_type=\"container\" data-e-type=\"container\" data-settings=\"{&quot;background_background&quot;:&quot;classic&quot;}\">\n\t\t\t\t\t<div class=\"e-con-inner\">\n\t\t<div class=\"elementor-element elementor-element-f643576 e-con-full e-flex e-con e-child\" data-id=\"f643576\" data-element_type=\"container\" data-e-type=\"container\">\n\t\t\t\t<div class=\"elementor-element elementor-element-419983b elementor-widget elementor-widget-heading\" data-id=\"419983b\" data-element_type=\"widget\" data-e-type=\"widget\" data-widget_type=\"heading.default\">\n\t\t\t\t\t<h2 class=\"elementor-heading-title elementor-size-default\">Geli\u015fmi\u015f Titre\u015fimsiz Teknoloji<\/h2>\t\t\t\t<\/div>\n\t\t\t\t<div data-dce-text-color=\"#FFFFFF\" class=\"elementor-element elementor-element-18e46b5 elementor-widget elementor-widget-text-editor\" data-id=\"18e46b5\" data-element_type=\"widget\" data-e-type=\"widget\" data-widget_type=\"text-editor.default\">\n\t\t\t\t\t\t\t\t\t<p>Vivance-01 g\u00f6r\u00fc\u015f\u00fcn\u00fcz\u00fc \u00f6nemser. En geli\u015fmi\u015f Flicker-Free Teknolojisini uygulad\u0131\u011f\u0131ndan, s\u0131radan darbe geni\u015fli\u011fi mod\u00fclasyonlu (PWM) monit\u00f6rlerin \u00fcretti\u011fi titre\u015fimler ortadan kald\u0131r\u0131larak g\u00f6z yorgunlu\u011fu, bulan\u0131k g\u00f6rme ve ba\u015f a\u011fr\u0131s\u0131na neden olma olas\u0131l\u0131\u011f\u0131 azalt\u0131l\u0131r.<\/p>\t\t\t\t\t\t\t\t<\/div>\n\t\t\t\t<\/div>\n\t\t<div data-dce-background-image-url=\"https:\/\/kfa2.com\/wp-content\/uploads\/2025\/10\/Advanced-Flicker-free-Technology_bg2.jpg\" class=\"elementor-element elementor-element-c27db73 e-con-full e-flex e-con e-child\" data-id=\"c27db73\" data-element_type=\"container\" data-e-type=\"container\" data-settings=\"{&quot;background_background&quot;:&quot;classic&quot;}\">\n\t\t\t\t<\/div>\n\t\t\t\t\t<\/div>\n\t\t\t\t<\/div>\n\t\t<div data-dce-background-color=\"#0e0c0b\" data-dce-background-overlay-color=\"#000000\" data-dce-background-image-url=\"https:\/\/kfa2.com\/wp-content\/uploads\/2025\/10\/Advanced-Flicker-free-Technology_bg3.jpg\" class=\"elementor-element elementor-element-4ab6f14 e-flex e-con-boxed e-con e-parent\" data-id=\"4ab6f14\" data-element_type=\"container\" data-e-type=\"container\" data-settings=\"{&quot;background_background&quot;:&quot;classic&quot;}\">\n\t\t\t\t\t<div class=\"e-con-inner\">\n\t\t<div class=\"elementor-element elementor-element-33fc10a e-con-full e-flex e-con e-child\" data-id=\"33fc10a\" data-element_type=\"container\" data-e-type=\"container\">\n\t\t\t\t<div class=\"elementor-element elementor-element-71a9ee1 elementor-widget__width-initial elementor-widget elementor-widget-heading\" data-id=\"71a9ee1\" data-element_type=\"widget\" data-e-type=\"widget\" data-widget_type=\"heading.default\">\n\t\t\t\t\t<h2 class=\"elementor-heading-title elementor-size-default\">SINIRSIZ ve CESURCA \u00d6TES\u0130NDE OYUN<\/h2>\t\t\t\t<\/div>\n\t\t\t\t<div data-dce-text-color=\"#FFFFFF\" class=\"elementor-element elementor-element-d139f52 elementor-widget__width-initial elementor-widget-mobile__width-initial elementor-widget elementor-widget-text-editor\" data-id=\"d139f52\" data-element_type=\"widget\" data-e-type=\"widget\" data-widget_type=\"text-editor.default\">\n\t\t\t\t\t\t\t\t\t<p>Vivance-01'in temiz kenarl\u0131ks\u0131z tasar\u0131m\u0131, \u015fa\u015f\u0131rt\u0131c\u0131 derecede kusursuz bir g\u00f6r\u00fcn\u00fcm yaratarak \u00e7oklu monit\u00f6r kurulumunun kapasitesini en \u00fcst d\u00fczeye \u00e7\u0131kar\u0131r.<\/p>\t\t\t\t\t\t\t\t<\/div>\n\t\t\t\t<\/div>\n\t\t<div class=\"elementor-element elementor-element-c4c43ec e-con-full e-flex e-con e-child\" data-id=\"c4c43ec\" data-element_type=\"container\" data-e-type=\"container\" data-settings=\"{&quot;background_background&quot;:&quot;classic&quot;}\">\n\t\t\t\t<\/div>\n\t\t\t\t\t<\/div>\n\t\t\t\t<\/div>\n\t\t<div data-dce-background-color=\"#e3e3e3\" data-dce-background-image-url=\"https:\/\/kfa2.com\/wp-content\/uploads\/2024\/12\/STAND-k2.jpg\" class=\"elementor-element elementor-element-d1f6b9b e-flex e-con-boxed e-con e-parent\" data-id=\"d1f6b9b\" data-element_type=\"container\" data-e-type=\"container\" data-settings=\"{&quot;background_background&quot;:&quot;classic&quot;}\">\n\t\t\t\t\t<div class=\"e-con-inner\">\n\t\t\t\t\t<\/div>\n\t\t\t\t<\/div>\n\t\t<div data-dce-background-image-url=\"https:\/\/kfa2.com\/wp-content\/uploads\/2024\/12\/SETUP.jpg\" class=\"elementor-element elementor-element-f2f9e70 e-flex e-con-boxed e-con e-parent\" data-id=\"f2f9e70\" data-element_type=\"container\" data-e-type=\"container\" data-settings=\"{&quot;background_background&quot;:&quot;classic&quot;}\">\n\t\t\t\t\t<div class=\"e-con-inner\">\n\t\t<div class=\"elementor-element elementor-element-fc31b55 e-con-full e-flex e-con e-child\" data-id=\"fc31b55\" data-element_type=\"container\" data-e-type=\"container\">\n\t\t\t\t<div data-dce-title-color=\"#FFFFFF\" class=\"elementor-element elementor-element-726afef elementor-widget__width-initial elementor-widget elementor-widget-heading\" data-id=\"726afef\" data-element_type=\"widget\" data-e-type=\"widget\" data-widget_type=\"heading.default\">\n\t\t\t\t\t<h2 class=\"elementor-heading-title elementor-size-default\">Nihai\nOyun Deneyimi<\/h2>\t\t\t\t<\/div>\n\t\t\t\t<\/div>\n\t\t\t\t\t<\/div>\n\t\t\t\t<\/div>\n\t\t<div data-dce-background-color=\"#09090d\" data-dce-background-image-url=\"https:\/\/kfa2.com\/wp-content\/uploads\/2024\/12\/PARTNER.jpg\" class=\"elementor-element elementor-element-30e3ac3 e-flex e-con-boxed e-con e-parent\" data-id=\"30e3ac3\" data-element_type=\"container\" data-e-type=\"container\" data-settings=\"{&quot;background_background&quot;:&quot;classic&quot;}\">\n\t\t\t\t\t<div class=\"e-con-inner\">\n\t\t\t\t\t<\/div>\n\t\t\t\t<\/div>\n\t\t\t\t<\/div>","protected":false},"excerpt":{"rendered":"<p>OUT OF THIS WORLD EXPERIENCE COLOR LIKE NO OTHER 95% DCI-P3 99% sRGB 10-bit Color Depth HDR supported Get exceptional wide gamut color coverage with 95% DCI-P3 &#8211; which covers approximately 25% more color space than standard sRGB monitors. 1ms Response Time With a 1ms response time (MPRT), smearing and motion blur are virtually non-existant. [&hellip;]<\/p>\n","protected":false},"featured_media":8449,"comment_status":"open","ping_status":"closed","template":"","meta":{"_acf_changed":false},"sort-filter":[2371,2385,2393,2379,2355,2415,2407,2351,2413,2405,2361,2373,2399],"product-support":[],"product_brand":[],"product_cat":[1962,1970],"product_tag":[],"class_list":{"0":"post-8404","1":"product","2":"type-product","3":"status-publish","4":"has-post-thumbnail","6":"sort-filter-child_monitor_color_space_dci_p3","7":"sort-filter-child_monitor_refresh_rate_165hz","8":"sort-filter-child_monitor_response_time_1ms_mprt","9":"sort-filter-child_monitor_resolution_2560_1440","10":"sort-filter-child_monitor_screen_size_27in","11":"sort-filter-child_monitor_experience_content_creation","12":"sort-filter-child_monitor_io_ports_dp","13":"sort-filter-filter_monitor","14":"sort-filter-child_monitor_experience_gaming","15":"sort-filter-child_monitor_io_ports_hdmi","16":"sort-filter-child_monitor_panel_type_ips","17":"sort-filter-child_monitor_color_space_srgb","18":"sort-filter-child_monitor_g_sync_yes","19":"product_cat-monitor","20":"product_cat-vivance-series","22":"first","23":"instock","24":"shipping-taxable","25":"product-type-simple"},"acf":[],"_links":{"self":[{"href":"https:\/\/staging.kfa2.com\/tr\/wp-json\/wp\/v2\/product\/8404","targetHints":{"allow":["GET"]}}],"collection":[{"href":"https:\/\/staging.kfa2.com\/tr\/wp-json\/wp\/v2\/product"}],"about":[{"href":"https:\/\/staging.kfa2.com\/tr\/wp-json\/wp\/v2\/types\/product"}],"replies":[{"embeddable":true,"href":"https:\/\/staging.kfa2.com\/tr\/wp-json\/wp\/v2\/comments?post=8404"}],"version-history":[{"count":3,"href":"https:\/\/staging.kfa2.com\/tr\/wp-json\/wp\/v2\/product\/8404\/revisions"}],"predecessor-version":[{"id":22518,"href":"https:\/\/staging.kfa2.com\/tr\/wp-json\/wp\/v2\/product\/8404\/revisions\/22518"}],"wp:featuredmedia":[{"embeddable":true,"href":"https:\/\/staging.kfa2.com\/tr\/wp-json\/wp\/v2\/media\/8449"}],"wp:attachment":[{"href":"https:\/\/staging.kfa2.com\/tr\/wp-json\/wp\/v2\/media?parent=8404"}],"wp:term":[{"taxonomy":"sort-filter","embeddable":true,"href":"https:\/\/staging.kfa2.com\/tr\/wp-json\/wp\/v2\/sort-filter?post=8404"},{"taxonomy":"product-support","embeddable":true,"href":"https:\/\/staging.kfa2.com\/tr\/wp-json\/wp\/v2\/product-support?post=8404"},{"taxonomy":"product_brand","embeddable":true,"href":"https:\/\/staging.kfa2.com\/tr\/wp-json\/wp\/v2\/product_brand?post=8404"},{"taxonomy":"product_cat","embeddable":true,"href":"https:\/\/staging.kfa2.com\/tr\/wp-json\/wp\/v2\/product_cat?post=8404"},{"taxonomy":"product_tag","embeddable":true,"href":"https:\/\/staging.kfa2.com\/tr\/wp-json\/wp\/v2\/product_tag?post=8404"}],"curies":[{"name":"wp","href":"https:\/\/api.w.org\/{rel}","templated":true}]}}